{"id":9419,"date":"2021-03-09T23:13:30","date_gmt":"2021-03-09T22:13:30","guid":{"rendered":"https:\/\/projectes.xtec.cat\/qualitatfp\/?page_id=9419"},"modified":"2023-07-15T19:44:25","modified_gmt":"2023-07-15T17:44:25","slug":"xi-jornada-de-qualitat","status":"publish","type":"page","link":"https:\/\/projectes.xtec.cat\/qualitatfp\/projectes\/jornades-de-difusio\/jornada-de-qualitat\/xi-jornada-de-qualitat\/","title":{"rendered":"XI Jornada de qualitat"},"content":{"rendered":"<p>14 de novembre de 2013 -Campus de la UAB- Hotel Campus<\/p>\n<p><a href=\"https:\/\/projectes.xtec.cat\/qualitatfp\/wp-content\/uploads\/usu772\/2021\/03\/programa_xi_jornada_qualitat.pdf\" target=\"_blank\" rel=\"noopener noreferrer\">Programa de la XI Jornada de Qualitat a l&#8217;Ensenyament\u00a0<\/a><\/p>\n<p><strong>08.30 h Inici Jornada<\/strong><\/p>\n<p>&#8211;\u00a0<a href=\"https:\/\/projectes.xtec.cat\/qualitatfp\/wp-content\/uploads\/usu772\/2021\/03\/triptic_jq13.pdf\" target=\"_blank\" rel=\"noopener noreferrer\">Recollida credencials i materials.\u00a0<\/a><\/p>\n<p>09.00 h\u00a0<a href=\"https:\/\/projectes.xtec.cat\/qualitatfp\/wp-content\/uploads\/usu772\/2021\/03\/presentacio_jornada_xi.pdf\" target=\"_blank\" rel=\"noopener noreferrer\">Presentaci\u00f3 i inauguraci\u00f3 de l\u2019XI Jornada de Qualitat a l\u2019Ensenyament.<\/a><\/p>\n<p>Irene Rigau consellera d\u2019Ensenyament de la Generalitat de Catalunya, i Ferran Sancho, rector de la UAB.<\/p>\n<p>09.20 h Lliurament de diplomes als centres del Servei Educatiu de Catalunya que han assolit la certificaci\u00f3 ISO 9001 i els que s\u2019han avaluat d\u2019acord amb el model e2cat en l\u2019\u00faltim curs.<\/p>\n<p>09.30 h\u00a0<a href=\"https:\/\/projectes.xtec.cat\/qualitatfp\/wp-content\/uploads\/usu772\/2021\/03\/pqimc_ja.pdf\" target=\"_blank\" rel=\"noopener noreferrer\">El Projecte de Qualitat i Millora Cont\u00ednua,<\/a>\u00a0Jos\u00e9 Antonio Mart\u00edn, subdirector general de Programes, Formaci\u00f3 i Innovaci\u00f3.<\/p>\n<p>10.00 h Pon\u00e8ncia marc: \u201c<a href=\"https:\/\/projectes.xtec.cat\/qualitatfp\/wp-content\/uploads\/usu772\/2021\/03\/angels_p.pdf\" target=\"_blank\" rel=\"noopener noreferrer\">Els verbs del talent: Con\u00e8ixer, inspirar, transformar<\/a>\u201d, a c\u00e0rrec d\u2019\u00c0ngels Paredes, directora del postgrau de desenvolupament del talent a les organitzacions de la UB, presenta Olga Romero del Projecte de Qualitat i Millora Cont\u00ednua \u2013PQiMC-.<\/p>\n<p><strong>11.00 h Work-caf\u00e8: 25 temes simultanis, organitza Prudenci Ravent\u00f3s del PQiMC<\/strong><\/p>\n<p>11.50 h Pon\u00e8ncia marc:\u00a0<a href=\"https:\/\/projectes.xtec.cat\/qualitatfp\/wp-content\/uploads\/usu772\/2021\/03\/presentacio_xesco_e.pdf\" target=\"_blank\" rel=\"noopener noreferrer\">\u201cL\u2019organitzaci\u00f3 i la gesti\u00f3 d\u2019equips per assolir l\u2019excel\u2022l\u00e8ncia en la gesti\u00f3 i els resultats educatius<\/a>\u201d, Xesco Espar, professor de l\u2019INEFC i director de la Academia de Entrenadores, presenta Olga Romero del PQiMC.<\/p>\n<p>13.00 h Taula rodona \u201cL\u2019ensenyament de qualitat necessita una gesti\u00f3 de qualitat?\u201d modera Pere Escobar, director del programa de Catalunya R\u00e0dio \u201cEl club de la mitjanit\u201d, presenta Victoria Ramos del PQiMC.<\/p>\n<p>&#8211;\u00a0\u00a0\u00a0\u00a0\u00a0\u00a0 Roser Pagan, coordinadora de cicles formatius de l\u2019INS Bonanova de Barcelona.<\/p>\n<p>&#8211;\u00a0\u00a0\u00a0\u00a0\u00a0\u00a0 Jatta Herranen, representant de North Karelia Municipal Education and Training Consortium of Finland.<\/p>\n<p>&#8211;\u00a0\u00a0\u00a0\u00a0\u00a0\u00a0 Jordi Tuset director de l\u2019INS Jaume Huguet de Valls.<\/p>\n<p>&#8211;\u00a0\u00a0\u00a0\u00a0\u00a0\u00a0 Maria Jos\u00e9 Oltra, directora acad\u00e8mica de l\u2019oficina de promoci\u00f3 i avaluaci\u00f3 de la qualitat de la Universitat Jaume I de Castell\u00f3.<\/p>\n<p>&#8211;\u00a0\u00a0\u00a0\u00a0\u00a0\u00a0 Josep Menargues, director de l\u2019Escola Padre Dami\u00e1n de Barcelona.<\/p>\n<p>&#8211;\u00a0\u00a0\u00a0\u00a0\u00a0\u00a0 Juan M. Seco, director del Centro de Formaci\u00f3n Somorrostro del Pa\u00eds Basc.<\/p>\n<p>&#8211;\u00a0\u00a0\u00a0\u00a0\u00a0\u00a0 Jos\u00e9 A. Andr\u00e9s Villena, del PQiMC.<\/p>\n<p>14.15 h Tancament de l\u2019acte a c\u00e0rrec de Melcior Arcarons, director general de Formaci\u00f3 Professional Inicial i Ensenyaments de R\u00e8gim Especial i Joan Mateo, secretari de Pol\u00edtiques Educatives.<\/p>\n<p><strong>14.45 h Final de la Jornada<\/strong><\/p>\n<p><a href=\"https:\/\/projectes.xtec.cat\/qualitatfp\/wp-content\/uploads\/usu772\/2021\/03\/ENQUESTA.pdf\" target=\"_blank\" rel=\"noopener noreferrer\">Enquesta<\/a><\/p>\n<p><a href=\"https:\/\/photos.google.com\/share\/AF1QipOiSzhv30fKsOHmClpaw4AVqEcNmmA3wFBx6vJCaBYqpeGxceIHhc5CpVd75rCKlg?key=NDFfWE1HQW01bENjN0pha1RmajlvcHo4NzFMaVp3\" target=\"_blank\" rel=\"noopener noreferrer\">Fotografies<\/a><\/p>\n<p>Inscripcions<\/p>\n<p>Les bones pr\u00e0ctiques les publicarem al Moodle del PQiMC<\/p>\n","protected":false},"excerpt":{"rendered":"<p>14 de novembre de 2013 -Campus de la UAB- Hotel Campus<br \/>\n<a href=\"https:\/\/projectes.xtec.cat\/qualitatfp\/wp-content\/uploads\/usu772\/2021\/03\/programa_xi_jornada_qualitat.pdf\" target=\"_blank\" rel=\"noopener noreferrer\">Programa de la XI Jornada de Qualitat a l&#8217;Ensenyament\u00a0<\/a><br \/>\n08.30 h Inici Jornada<br \/>\n&#8211;\u00a0<a href=\"https:\/\/projectes.xtec.cat\/qualitatfp\/wp-content\/uploads\/usu772\/2021\/03\/triptic_jq13.pdf\" target=\"_blank\" rel=\"noopener noreferrer\">Recollida credencials i materials.\u00a0<\/a><br \/>\n09.00 h\u00a0<a href=\"https:\/\/projectes.xtec.cat\/qualitatfp\/wp-content\/uploads\/usu772\/2021\/03\/presentacio_jornada_xi.pdf\" target=\"_blank\" rel=\"noopener noreferrer\">Presentaci\u00f3 i inauguraci\u00f3 de l\u2019XI Jornada de Qualitat&hellip;  <a href=\"https:\/\/projectes.xtec.cat\/qualitatfp\/projectes\/jornades-de-difusio\/jornada-de-qualitat\/xi-jornada-de-qualitat\/\" title=\"Read XI Jornada de qualitat\">Llegeix m\u00e9s\u00bb<\/a><\/p>\n","protected":false},"author":1,"featured_media":0,"parent":8565,"menu_order":90,"comment_status":"closed","ping_status":"closed","template":"page-templates\/side-menu.php","meta":{"_bbp_topic_count":0,"_bbp_reply_count":0,"_bbp_total_topic_count":0,"_bbp_total_reply_count":0,"_bbp_voice_count":0,"_bbp_anonymous_reply_count":0,"_bbp_topic_count_hidden":0,"_bbp_reply_count_hidden":0,"_bbp_forum_subforum_count":0,"footnotes":""},"class_list":["post-9419","page","type-page","status-publish","hentry"],"post_mailing_queue_ids":[],"_links":{"self":[{"href":"https:\/\/projectes.xtec.cat\/qualitatfp\/wp-json\/wp\/v2\/pages\/9419","targetHints":{"allow":["GET"]}}],"collection":[{"href":"https:\/\/projectes.xtec.cat\/qualitatfp\/wp-json\/wp\/v2\/pages"}],"about":[{"href":"https:\/\/projectes.xtec.cat\/qualitatfp\/wp-json\/wp\/v2\/types\/page"}],"author":[{"embeddable":true,"href":"https:\/\/projectes.xtec.cat\/qualitatfp\/wp-json\/wp\/v2\/users\/1"}],"replies":[{"embeddable":true,"href":"https:\/\/projectes.xtec.cat\/qualitatfp\/wp-json\/wp\/v2\/comments?post=9419"}],"version-history":[{"count":3,"href":"https:\/\/projectes.xtec.cat\/qualitatfp\/wp-json\/wp\/v2\/pages\/9419\/revisions"}],"predecessor-version":[{"id":9544,"href":"https:\/\/projectes.xtec.cat\/qualitatfp\/wp-json\/wp\/v2\/pages\/9419\/revisions\/9544"}],"up":[{"embeddable":true,"href":"https:\/\/projectes.xtec.cat\/qualitatfp\/wp-json\/wp\/v2\/pages\/8565"}],"wp:attachment":[{"href":"https:\/\/projectes.xtec.cat\/qualitatfp\/wp-json\/wp\/v2\/media?parent=9419"}],"curies":[{"name":"wp","href":"https:\/\/api.w.org\/{rel}","templated":true}]}}