{"id":9432,"date":"2021-03-09T23:20:22","date_gmt":"2021-03-09T22:20:22","guid":{"rendered":"https:\/\/projectes.xtec.cat\/qualitatfp\/?page_id=9432"},"modified":"2022-10-19T13:37:29","modified_gmt":"2022-10-19T11:37:29","slug":"x-jornada-de-qualitat","status":"publish","type":"page","link":"https:\/\/projectes.xtec.cat\/qualitatfp\/projectes\/jornades-de-difusio\/jornada-de-qualitat\/x-jornada-de-qualitat\/","title":{"rendered":"X Jornada de qualitat"},"content":{"rendered":"<p>11 de novembre de 2010 -Campus de la UAB-<\/p>\n<p><a href=\"https:\/\/projectes.xtec.cat\/qualitatfp\/wp-content\/uploads\/usu772\/2021\/03\/Programa_10Jornada.pdf\" target=\"_blank\" rel=\"noopener noreferrer\">Programa X Jornada de Qualitat a l&#8217;Educaci\u00f3<\/a><\/p>\n<p><a href=\"https:\/\/projectes.xtec.cat\/qualitatfp\/wp-content\/uploads\/usu772\/2021\/03\/Programa_Jornada_Bones_Practiques_2011.pdf\" target=\"_blank\" rel=\"noopener noreferrer\">Programa la Jornada de bones pr\u00e0ctiques -Citilab de Cornell\u00e0-<\/a><\/p>\n<p><a href=\"https:\/\/photos.google.com\/share\/AF1QipMYApVzu9FqlPWEtfmJm4V_pUqFKB1olj-JxMQIm41Acg7GN38dhFaOGsbxDg_WkA?key=ZmxrM2I0N3FyeVVFdm80eGtxdlFndUFCS2ZVc3BB\">Fotografies<\/a><\/p>\n<p><em>\u00abLa volta al m\u00f3n de la innovaci\u00f3 en 60 minuts\u00bb<\/em><br \/>\nJosep Maria Ferrer, exdirector d&#8217;Innovaci\u00f3 de la CCRTV i consultor d&#8217;innovaci\u00f3<\/p>\n<ul>\n<li><strong>Pon\u00e8ncies<\/strong>\n<ul>\n<li><strong>Pon\u00e8ncia A: Gesti\u00f3 d&#8217;organitzacions: valors i millora cont\u00ednua<\/strong><em>\u00abEls valors i el lideratge en els centres docents\u00bb<\/em><br \/>\nCarles Rami\u00f3, director de l&#8217;Escola d&#8217;Administraci\u00f3 P\u00fablica de Catalunya<em>\u00abLa gesti\u00f3 de valors a l&#8217;Ajuntament d&#8217;Esplugues\u00bb<\/em><br \/>\nJosep Maria Ferr\u00e9, gerent de l&#8217;Ajuntament d&#8217;Esplugues<em>\u00abGesti\u00f3, valors i medi ambient\u00bb<\/em><br \/>\nCatalina Mu\u00f1oz, directora de l&#8217;Institut Marianao de Sant Boi de Llobregat<\/li>\n<li><strong>Pon\u00e8ncia B: Excel\u00b7l\u00e8ncia i valors en la gesti\u00f3 pedag\u00f2gica<\/strong><em>\u00abIntegraci\u00f3n de los valores del centro en la estrategia, en los procesos educativos y en los grupos de inter\u00e9s\u00bb<\/em><br \/>\nNazaret Ramos, responsable de qualitat de La Salle Berrozpe d&#8217;Andoain, Guip\u00fascoa<em>\u00abGesti\u00f3 de la qualitat a l&#8217;aula: com assegurar el desenvolupament correcte d&#8217;un projecte docent\u00bb<\/em><br \/>\nJordi Hern\u00e1ndez, subdirector de Qualitat de l&#8217;Escola Polit\u00e8cnica Superior (UPC) de Castelldefels<em>\u00abDinamitzaci\u00f3 pedag\u00f2gica a partir dels valors de centre\u00bb<\/em><br \/>\nS\u00edlvia Gen\u00eds, directora de l&#8217;Institut Giola de Llinars del Vall\u00e8s<\/li>\n<\/ul>\n<\/li>\n<li><strong>Taules rodones<\/strong>\n<ul>\n<li><strong>Taula rodona (T1): Els models d&#8217;excel\u00b7l\u00e8ncia educativa<\/strong><em>\u00abAportaci\u00f3 dels models d&#8217;excel\u00b7l\u00e8ncia educativa a la millora dels centres educatius\u00bb<\/em><br \/>\nJoan Ras, president de Qualicat i director t\u00e8cnic d&#8217;Auren<em>\u00abAvaluaci\u00f3 i excel\u00b7l\u00e8ncia\u00bb<\/em><br \/>\nEugeni Garc\u00eda, director del Programa per a la reforma del sistema d&#8217;avaluaci\u00f3 de l&#8217;educaci\u00f3 no universit\u00e0ria a Catalunya del Departament d&#8217;Educaci\u00f3<em>\u00abLa experiencia HOBBIDE: un modelo de gesti\u00f3n, de autoevaluaci\u00f3n y de mejora\u00bb<\/em><br \/>\nNazaret Ramos, responsable de qualitat de La Salle Berrozpe d&#8217;Andoain, Guip\u00fascoa, t\u00e9cnico colaborador de la &#8220;Agencia Vasca para la Evaluaci\u00f3n de la Competencia y la Calidad&#8221;<\/li>\n<li><strong>Taula rodona (T2): Els centres de formaci\u00f3 professional al servei de les persones i de les empreses<\/strong><em>\u00abEls centres de formaci\u00f3 professional, un model obert i flexible orientat als seus grups d&#8217;inter\u00e8s\u00bb<\/em><br \/>\nJoan-Llu\u00eds Espin\u00f3s, subdirector general de Planificaci\u00f3 i Organitzaci\u00f3 de la Formaci\u00f3 Professional del Departament d&#8217;Educaci\u00f3<em>\u00abInformaci\u00f3 i orientaci\u00f3 professional\u00bb<\/em><br \/>\nFrancisco Fern\u00e1ndez, director de l&#8217;Institut Lacet\u00e0nia de Manresa\u00abPrograma Qualifica&#8217;t: Formaci\u00f3 i qualificaci\u00f3\u00bb<br \/>\nFrancesc Roca, director de l&#8217;Institut Comte de Rius de Tarragona<em>\u00abEl suport a les empreses i la transfer\u00e8ncia de coneixement\u00bb<\/em><br \/>\nJos\u00e9 Antonio Mart\u00edn, director de l&#8217;Institut Escola d&#8217;Hoteleria i Turisme de Barcelona<\/li>\n<li><strong>Taula rodona (T3)<\/strong>:<strong>\u00a0Innovaci\u00f3 pedag\u00f2gica<\/strong><em>\u00abGUNEKA, innovando en el aula\u00bb<\/em><br \/>\nPatxi Xabier Ostolaza, t\u00e8cnic de l&#8217;Ag\u00e8ncia Basca per a l&#8217;Avaluaci\u00f3 de la Compet\u00e8ncia i la Qualitat<em>\u00abElectr\u00f2nica sobre rodes: projectes reals a l&#8217;aula amb el suport d&#8217;empreses\u00bb<\/em><br \/>\nSantiago Crivill\u00e9 i Isidoro Ema, docents de l&#8217;Institut Comte de Rius de Tarragona<em>\u00abFormaci\u00f3 a dist\u00e0ncia mitjan\u00e7ant equips did\u00e0ctics remots: Laborem\u00bb<\/em><br \/>\nVicen\u00e7 Guerrero, professor de l&#8217;Institut Palau Ausit de Ripollet i Joan Ropero, assessor t\u00e8cnic docent de la Subdirecci\u00f3 General de Planificaci\u00f3 i Organitzaci\u00f3 de la Formaci\u00f3 Professional del Departament d&#8217;Educaci\u00f3<\/li>\n<li><strong>Taula rodona (T4)<\/strong>:<strong>\u00a0Elaboraci\u00f3 de les cartes de comprom\u00eds<\/strong><em>\u00abCarta de comprom\u00eds\u00bb<\/em><br \/>\n\u00c0ngels Rodr\u00edguez, cap del Servei d&#8217;Atenci\u00f3 Directa del Departament d&#8217;Educaci\u00f3<em>\u00abCarta de serveis i carta de comprom\u00eds en els centres educatius\u00bb<\/em><br \/>\nDolors Franquesa, coordinadora de la Xarxa de Qualitat i Millora Cont\u00ednua Q14 i coordinadora pedag\u00f2gica de l&#8217;Institut Escola del Treball de Barcelona<br \/>\nRafel Juanola, coordinador de la Xarxa de Qualitat i Millora Cont\u00ednua Q17 i coordinador de batxillerat de l&#8217;Institut Josep Brugulat de Banyoles<\/li>\n<\/ul>\n<\/li>\n<\/ul>\n","protected":false},"excerpt":{"rendered":"<p>11 de novembre de 2010 -Campus de la UAB-<br \/>\n<a href=\"https:\/\/projectes.xtec.cat\/qualitatfp\/wp-content\/uploads\/usu772\/2021\/03\/Programa_10Jornada.pdf\" target=\"_blank\" rel=\"noopener noreferrer\">Programa X Jornada de Qualitat a l&#8217;Educaci\u00f3<\/a><br \/>\n<a href=\"https:\/\/projectes.xtec.cat\/qualitatfp\/wp-content\/uploads\/usu772\/2021\/03\/Programa_Jornada_Bones_Practiques_2011.pdf\" target=\"_blank\" rel=\"noopener noreferrer\">Programa la Jornada de bones pr\u00e0ctiques -Citilab de Cornell\u00e0-<\/a><br \/>\n<a href=\"https:\/\/photos.google.com\/share\/AF1QipMYApVzu9FqlPWEtfmJm4V_pUqFKB1olj-JxMQIm41Acg7GN38dhFaOGsbxDg_WkA?key=ZmxrM2I0N3FyeVVFdm80eGtxdlFndUFCS2ZVc3BB\">Fotografies<\/a><br \/>\n\u00abLa volta al m\u00f3n de la innovaci\u00f3 en 60 minuts\u00bb<br \/>\nJosep Maria Ferrer, exdirector d&#8217;Innovaci\u00f3&hellip;  <a href=\"https:\/\/projectes.xtec.cat\/qualitatfp\/projectes\/jornades-de-difusio\/jornada-de-qualitat\/x-jornada-de-qualitat\/\" title=\"Read X Jornada de qualitat\">Llegeix m\u00e9s\u00bb<\/a><\/p>\n","protected":false},"author":1,"featured_media":0,"parent":8565,"menu_order":100,"comment_status":"closed","ping_status":"closed","template":"page-templates\/side-menu.php","meta":{"_bbp_topic_count":0,"_bbp_reply_count":0,"_bbp_total_topic_count":0,"_bbp_total_reply_count":0,"_bbp_voice_count":0,"_bbp_anonymous_reply_count":0,"_bbp_topic_count_hidden":0,"_bbp_reply_count_hidden":0,"_bbp_forum_subforum_count":0,"footnotes":""},"class_list":["post-9432","page","type-page","status-publish","hentry"],"post_mailing_queue_ids":[],"_links":{"self":[{"href":"https:\/\/projectes.xtec.cat\/qualitatfp\/wp-json\/wp\/v2\/pages\/9432","targetHints":{"allow":["GET"]}}],"collection":[{"href":"https:\/\/projectes.xtec.cat\/qualitatfp\/wp-json\/wp\/v2\/pages"}],"about":[{"href":"https:\/\/projectes.xtec.cat\/qualitatfp\/wp-json\/wp\/v2\/types\/page"}],"author":[{"embeddable":true,"href":"https:\/\/projectes.xtec.cat\/qualitatfp\/wp-json\/wp\/v2\/users\/1"}],"replies":[{"embeddable":true,"href":"https:\/\/projectes.xtec.cat\/qualitatfp\/wp-json\/wp\/v2\/comments?post=9432"}],"version-history":[{"count":3,"href":"https:\/\/projectes.xtec.cat\/qualitatfp\/wp-json\/wp\/v2\/pages\/9432\/revisions"}],"predecessor-version":[{"id":10113,"href":"https:\/\/projectes.xtec.cat\/qualitatfp\/wp-json\/wp\/v2\/pages\/9432\/revisions\/10113"}],"up":[{"embeddable":true,"href":"https:\/\/projectes.xtec.cat\/qualitatfp\/wp-json\/wp\/v2\/pages\/8565"}],"wp:attachment":[{"href":"https:\/\/projectes.xtec.cat\/qualitatfp\/wp-json\/wp\/v2\/media?parent=9432"}],"curies":[{"name":"wp","href":"https:\/\/api.w.org\/{rel}","templated":true}]}}