{"id":9442,"date":"2021-03-09T23:23:26","date_gmt":"2021-03-09T22:23:26","guid":{"rendered":"https:\/\/projectes.xtec.cat\/qualitatfp\/?page_id=9442"},"modified":"2022-10-19T13:37:21","modified_gmt":"2022-10-19T11:37:21","slug":"ix-jornada-de-qualitat","status":"publish","type":"page","link":"https:\/\/projectes.xtec.cat\/qualitatfp\/projectes\/jornades-de-difusio\/jornada-de-qualitat\/ix-jornada-de-qualitat\/","title":{"rendered":"IX Jornada de qualitat"},"content":{"rendered":"<p>12 de novembre de 2009 (Campus de la UAB)<\/p>\n<p><a href=\"https:\/\/projectes.xtec.cat\/qualitatfp\/wp-content\/uploads\/usu772\/2021\/03\/Programa_9Jornada.pdf\" target=\"_blank\" rel=\"noopener noreferrer\">Programa de la Jornada<\/a><\/p>\n<ul>\n<li><strong>Pon\u00e8ncia marc<\/strong><br \/>\n<em>&#8220;Donde duermen los sue\u00f1os (innovaci\u00f3n &amp; emprendimiento: una prioridad estrat\u00e8gica)&#8221;<\/em><br \/>\nJos\u00e9 Luis Montero, soci director d&#8217;Y.Innovaci\u00f3n i conseller estrat\u00e8gic de la WMA (Autoritat Metropolitana de Washington)<\/li>\n<li><strong>Pon\u00e8ncies<\/strong>\n<ul>\n<li><strong>Pon\u00e8ncia A: Equips humans i millora cont\u00ednua<br \/>\n<\/strong><em>&#8220;Gesti\u00f3 de processos i an\u00e0lisi de dades&#8221;<\/em><br \/>\nEnric Brull, director d&#8217;OASI de la Diputaci\u00f3 de Tarragona<em>&#8220;La gesti\u00f3 dels equips humans a les organitzacions&#8221;<\/em><br \/>\nAlicia Pomares, s\u00f2cia directora d&#8217;Humannova<em>&#8220;La gesti\u00f3 de la qualitat als centres educatius de formaci\u00f3 professional d&#8217;Esc\u00f2cia&#8221;<\/em><br \/>\nRick Hollstein, Quality Audit Coordinator de l&#8217;Aberdeen College (Esc\u00f2cia)<\/li>\n<li><strong>Pon\u00e8ncia B: Excel\u00b7l\u00e8ncia en la gesti\u00f3 pedag\u00f2gica<br \/>\n<\/strong><em>&#8220;Compet\u00e8ncies a ESO i Batxillerat&#8221;<\/em><br \/>\n\u00c0ngel Domingo, sotsdirector general d&#8217;Ordenaci\u00f3 Curricular i Serveis Educatius<em>&#8220;La nova formaci\u00f3 professional: curr\u00edculum orientat a l&#8217;avaluaci\u00f3 per compet\u00e8ncies&#8221;<\/em><br \/>\nCaterina Casado, cap del Servei d&#8217;Organitzaci\u00f3 del Curr\u00edculum de la Formaci\u00f3 Professional Inicial<em>&#8220;Concreci\u00f3 curricular de centre a la formaci\u00f3 professional (LOE)&#8221;<\/em><br \/>\nAnabel Rodr\u00edguez, cap d&#8217;estudis d&#8217;FP, i Mari Carmen Brito, cap del departament d&#8217;inform\u00e0tica de l&#8217;IES Esteve Terradas i Illa (Cornell\u00e0 de Llobregat)<\/li>\n<\/ul>\n<\/li>\n<li><strong>Taules Rodones<\/strong>\n<ul>\n<li><strong>Taula 1: El model d&#8217;excel\u00b7l\u00e8ncia educativa e2cat<br \/>\n<\/strong><em>&#8220;El model d&#8217;excel\u00b7l\u00e8ncia educativa e2cat&#8221;<\/em><br \/>\nJoan Ras, president de Qualicat, director t\u00e8cnic d&#8217;Auren i assessor del Projecte de Qualitat i Millora Cont\u00ednua<em>&#8220;Aportacions de l&#8217;avaluaci\u00f3 e2cat per al centre educatiu&#8221;<\/em><br \/>\nJ.A. Andr\u00e9s Villena, sotsdirector i Antoni Morales, director de l&#8217;IES Esteve Terradas i Illa (Cornell\u00e0 de Llobregat)<em>&#8220;L&#8217;avaluaci\u00f3 e2cat a l&#8217;IES Comte de Rius&#8221;<\/em><br \/>\nFrancesc Roca, director, i Eduard Marc\u00e8n, coordinador de qualitat de l&#8217;IES Comte de Rius (Tarragona)<\/p>\n<p><em>&#8220;Integraci\u00f3 dels resultats de l&#8217;avaluaci\u00f3 e2cat en el sistema de gesti\u00f3 del centre&#8221;<\/em><br \/>\nJordi Tuset, director, i Josep M. Soler, coordinador de qualitat de l&#8217;IES Jaume Huguet (Valls)<\/li>\n<li><strong>Taula 2: Innovaci\u00f3 i transfer\u00e8ncia tecnol\u00f2gica entre centres de formaci\u00f3 professional i empreses<br \/>\n<\/strong><em>&#8220;Models d&#8217;innovaci\u00f3; proc\u00e9s i producte, educaci\u00f3 i empresa&#8221;<\/em><br \/>\nJaume Caban\u00ed, director d&#8217;innovaci\u00f3 de la Fundaci\u00f3 Eduard Soler<em>&#8220;Primers projectes d&#8217;innovaci\u00f3 al Bages&#8221;<\/em><br \/>\nFrancisco Fern\u00e1ndez, sotsdirector d&#8217;FP de l&#8217;IES Lacet\u00e0nia (Manresa)<em>&#8220;L&#8217;FP que innova&#8221;<\/em><br \/>\nTom\u00e0s Segundo, sotsdirector d&#8217;FP, i Dani Bernard, cap de departament de mec\u00e0nica de l&#8217;IES La Garrotxa (Olot)<\/p>\n<p><em>&#8220;Hospital virtual&#8221; 1 &#8211; 2 &#8211; 3<\/em><br \/>\nMarta Sorribas, coordinador de projectes d&#8217;innovaci\u00f3 de l&#8217;escola Bonanova (Barcelona)<\/li>\n<li><strong>Taula 3: Qualitat a l&#8217;aula<br \/>\n<\/strong><em>&#8220;Llums i ombres del treball per compet\u00e8ncies a l&#8217;ESO en un centre certificat ISO&#8221;<\/em><br \/>\nCharo Tom\u00e0s, directora, i N\u00faria Gres, coordinadora pedag\u00f2gica de l&#8217;IES de Badia del Vall\u00e8s (Badia del Vall\u00e8s)<em>&#8220;Presa de decisions educatives basades en indicadors&#8221;<\/em><br \/>\nFrancesc Solans, coordinador de qualitat de la Fundaci\u00f3 Cultural Privada Nostra Senyora del Carme (Balaguer)<em>&#8220;Peer Review: una eina per a la millora de la qualitat&#8221;<\/em><br \/>\nRick Hollstein, Quality Audit Coordinator de l&#8217;Aberdeen College (Esc\u00f2cia)<\/li>\n<li><strong>Taula 4: La gesti\u00f3 de la innovaci\u00f3 estrat\u00e8gica<br \/>\n<\/strong><em>&#8220;La gesti\u00f3n de la innovaci\u00f3n y el emprendimiento: l\u00ednies generales de intervenci\u00f3n educativa&#8221;<\/em><br \/>\nJos\u00e9 Lu\u00eds Montero, soci director d&#8217;Y.Innovaci\u00f3n i conseller estrat\u00e8gic de la WMA (Autoritat Metropolitana de Washington)<\/li>\n<li><strong>Taula 5: Metodologies alternatives de formaci\u00f3 al servei de les persones<br \/>\n<\/strong><em>&#8220;Formaci\u00f3 en alternan\u00e7a&#8221;<\/em><br \/>\nAlbert Pahisa, cap del departament d&#8217;electricitat de l&#8217;IES Badia del Vall\u00e8s (Badia del Vall\u00e8s)<em>&#8220;Formaci\u00f3 semipresencial&#8221;<\/em><br \/>\nMiquel Cort\u00e9s, sotsdirector de formaci\u00f3 professional de l&#8217;IES Nicolau Cop\u00e8rnic (Terrassa)<em>&#8220;Formaci\u00f3 professional integrada&#8221;<\/em><br \/>\nRamon Bover, coordinador del Projecte d&#8217;integraci\u00f3 de la formaci\u00f3 professional a Girona<\/p>\n<p><em>&#8220;Formaci\u00f3 oberta&#8221;<\/em><br \/>\nJordi Blanch, coordinador d&#8217;ensenyaments a dist\u00e0ncia (DGEPAE)<\/li>\n<\/ul>\n<\/li>\n<\/ul>\n","protected":false},"excerpt":{"rendered":"<p>12 de novembre de 2009 (Campus de la UAB)<br \/>\n<a href=\"https:\/\/projectes.xtec.cat\/qualitatfp\/wp-content\/uploads\/usu772\/2021\/03\/Programa_9Jornada.pdf\" target=\"_blank\" rel=\"noopener noreferrer\">Programa de la Jornada<\/a><\/p>\n<ul>\n<li>Pon\u00e8ncia marc<br \/>\n&#8220;Donde duermen los sue\u00f1os (innovaci\u00f3n &amp; emprendimiento: una prioridad estrat\u00e8gica)&#8221;<br \/>\nJos\u00e9 Luis Montero, soci director d&#8217;Y.Innovaci\u00f3n i conseller estrat\u00e8gic de la WMA (Autoritat Metropolitana de Washington)<\/li>\n<li>Pon\u00e8ncies\n<ul>\n<li>Pon\u00e8ncia A: Equips humans i&hellip;  <a href=\"https:\/\/projectes.xtec.cat\/qualitatfp\/projectes\/jornades-de-difusio\/jornada-de-qualitat\/ix-jornada-de-qualitat\/\" title=\"Read IX Jornada de qualitat\">Llegeix m\u00e9s\u00bb<\/a><br \/>\n","protected":false},"author":1,"featured_media":0,"parent":8565,"menu_order":110,"comment_status":"closed","ping_status":"closed","template":"page-templates\/side-menu.php","meta":{"_bbp_topic_count":0,"_bbp_reply_count":0,"_bbp_total_topic_count":0,"_bbp_total_reply_count":0,"_bbp_voice_count":0,"_bbp_anonymous_reply_count":0,"_bbp_topic_count_hidden":0,"_bbp_reply_count_hidden":0,"_bbp_forum_subforum_count":0,"footnotes":""},"class_list":["post-9442","page","type-page","status-publish","hentry"],"post_mailing_queue_ids":[],"_links":{"self":[{"href":"https:\/\/projectes.xtec.cat\/qualitatfp\/wp-json\/wp\/v2\/pages\/9442","targetHints":{"allow":["GET"]}}],"collection":[{"href":"https:\/\/projectes.xtec.cat\/qualitatfp\/wp-json\/wp\/v2\/pages"}],"about":[{"href":"https:\/\/projectes.xtec.cat\/qualitatfp\/wp-json\/wp\/v2\/types\/page"}],"author":[{"embeddable":true,"href":"https:\/\/projectes.xtec.cat\/qualitatfp\/wp-json\/wp\/v2\/users\/1"}],"replies":[{"embeddable":true,"href":"https:\/\/projectes.xtec.cat\/qualitatfp\/wp-json\/wp\/v2\/comments?post=9442"}],"version-history":[{"count":3,"href":"https:\/\/projectes.xtec.cat\/qualitatfp\/wp-json\/wp\/v2\/pages\/9442\/revisions"}],"predecessor-version":[{"id":10112,"href":"https:\/\/projectes.xtec.cat\/qualitatfp\/wp-json\/wp\/v2\/pages\/9442\/revisions\/10112"}],"up":[{"embeddable":true,"href":"https:\/\/projectes.xtec.cat\/qualitatfp\/wp-json\/wp\/v2\/pages\/8565"}],"wp:attachment":[{"href":"https:\/\/projectes.xtec.cat\/qualitatfp\/wp-json\/wp\/v2\/media?parent=9442"}],"curies":[{"name":"wp","href":"https:\/\/api.w.org\/{rel}","templated":true}]}}