{"id":9448,"date":"2021-03-09T23:26:35","date_gmt":"2021-03-09T22:26:35","guid":{"rendered":"https:\/\/projectes.xtec.cat\/qualitatfp\/?page_id=9448"},"modified":"2022-10-19T13:37:09","modified_gmt":"2022-10-19T11:37:09","slug":"viii-jornada-de-qualitat","status":"publish","type":"page","link":"https:\/\/projectes.xtec.cat\/qualitatfp\/projectes\/jornades-de-difusio\/jornada-de-qualitat\/viii-jornada-de-qualitat\/","title":{"rendered":"VIII Jornada de qualitat"},"content":{"rendered":"<p>4 de desembre de 2008<br \/>\n(Campus de la UAB.\u00a0Hotel Serhs Campus i\u00a0Escola Universit\u00e0ria de Turisme)<\/p>\n<p><strong><a href=\"https:\/\/projectes.xtec.cat\/qualitatfp\/wp-content\/uploads\/usu772\/2021\/03\/programa_8_jornada_qualitat_educacio.pdf\" target=\"_blank\" rel=\"noopener noreferrer\">Programa de la Jornada<\/a><\/strong><\/p>\n<ul>\n<li><strong>Pon\u00e8ncia marc<br \/>\nOrganitzacions 2.0: coneixement en xarxa<br \/>\nSr. Gen\u00eds Roca, consultor estrat\u00e8gic especialitzat en el desenvolupament de xarxes socials a les organitzacions i soci director de RocaSalvatella<br \/>\n<\/strong><\/li>\n<li><strong>Pon\u00e8ncies<\/strong>\n<ul>\n<li><strong>Pon\u00e8ncia A: De la qualitat a l&#8217;excel\u00b7l\u00e8ncia<br \/>\n<\/strong><em>Excel\u00b7l\u00e8ncia a l&#8217;educaci\u00f3<\/em><br \/>\nSr. Joan Ras, president de Qualicat, consultor d&#8217;Auren i assessor del Projecte de qualitat i millora cont\u00ednua<em>L&#8217;excel\u00b7l\u00e8ncia al servei de les persones: el sector sanitari<\/em><br \/>\nSr. Jaume Duran, gerent del Consorci Sanitari de Mollet i de la Fundaci\u00f3 Privada Hospital de Mollet i impulsor de la implantaci\u00f3 del model EFQM a la xarxa sanit\u00e0ria p\u00fablica<em>El proc\u00e9s de millora de la gesti\u00f3 de la formaci\u00f3 professional del Pa\u00eds Basc<\/em><br \/>\nSr. Kike Intxausti, coordinador de l&#8217;\u00c0rea de la Qualitat de l&#8217;Ag\u00e8ncia Basca per a l&#8217;Avaluaci\u00f3 de la Compet\u00e8ncia i la Qualitat de la Formaci\u00f3 Professional del Govern Basc<\/li>\n<li><strong>Pon\u00e8ncia B: Qualitat a la gesti\u00f3 pedag\u00f2gica<br \/>\n<\/strong><em>Excel\u00b7l\u00e8ncia educativa a l&#8217;aula<\/em><br \/>\nSra. Isabel Orba\u00f1anos, directora del col\u00b7legi Urkide de Vit\u00f2ria, &#8220;Q&#8221; d&#8217;or del Govern Basc (2003) i Premi Europeu (2004) a l&#8217;excel\u00b7l\u00e8ncia de la gesti\u00f3<em>L&#8217;excel\u00b7l\u00e8ncia a la formaci\u00f3 professional<\/em><br \/>\nSra. Maria \u00c0ngels Chavarr\u00eda, directora de l&#8217;IESM Bonanova de Barcelona, Premi a la Innovaci\u00f3 Organitzativa (CIDEM), Premi Marta Mata i EFQM 400+<em>Qualitat a l&#8217;aula: Nous continguts per a nous objectius de formaci\u00f3. Les compet\u00e8ncies<\/em><br \/>\nSra. Merc\u00e8 Izquierdo, catedr\u00e0tica del Departament de Did\u00e0ctica de les Matem\u00e0tiques i de les Ci\u00e8ncies Experimentals de la Universitat Aut\u00f2noma de Barcelona<br \/>\nSra. Ant\u00f2nia Via, professora de l&#8217;IESM Narc\u00eds Monturiol i col\u00b7laboradora del PQiMC<\/li>\n<\/ul>\n<\/li>\n<li><strong>Taules rodones<\/strong>\n<ul>\n<li><strong>Taula rodona 1. Qu\u00e8 aporta la norma ISO 9001:2000 a la gesti\u00f3 de la qualitat educativa dels centres docents<br \/>\n<\/strong><em>De la gesti\u00f3 de la satisfacci\u00f3 dels grups d&#8217;inter\u00e8s a la millora<\/em><br \/>\nSr. Xavier Batlle, coordinador de Qualitat i secretari general del Centre d&#8217;Estudis Joan XXIII de l&#8217;Hospitalet<em>La promoci\u00f3 del centre<\/em><br \/>\nSr. Jordi Tuset, director de l&#8217;IES Jaume Huguet de Valls<em>La gesti\u00f3 d&#8217;un centre educatiu basada en processos<\/em><br \/>\nSr. Albert Bayot, director de l&#8217;IES Josep Brugulat de Banyoles<\/li>\n<li><strong>Taula rodona 2. Els indicadors: eina per a la millora dels centres educatius<br \/>\n<\/strong><em>Indicadors i estrat\u00e8gia<\/em><br \/>\nSr. Kike Intxausti, coordinador de l&#8217;\u00c0rea de la Qualitat de l&#8217;Ag\u00e8ncia Basca per a l&#8217;Avaluaci\u00f3 de la Compet\u00e8ncia i la Qualitat de la Formaci\u00f3 Professional del Govern Basc<em>Els indicadors i el cicle de la millora cont\u00ednua<\/em><br \/>\nSr. Salvador Pallar\u00e8s, cap d&#8217;Avaluaci\u00f3 i Seguiment de la Inspecci\u00f3 Educativa<em>Indicadors per a la gesti\u00f3 del centre<\/em><br \/>\nSr. Alberto Sorribas, coordinador de Qualitat de l&#8217;IESM Bonanova de Barcelona<\/li>\n<li><strong>Taula rodona 3. Qualitat a l&#8217;aula. Experi\u00e8ncies d&#8217;equips de millora pedag\u00f2gica<\/strong><br \/>\n<em>Qualitat a l&#8217;acci\u00f3 tutorial<\/em><br \/>\nSra. Boni Garc\u00eda, directora de l&#8217;IES Cal\u00b7l\u00edpolis<em>Qualitat a l&#8217;aula: la contribuci\u00f3 dels departaments<\/em><br \/>\nSr. Enric Vall\u00e8s, subdirector de formaci\u00f3 professional de l&#8217;Escola del Treball de Barcelona<em>Elaboraci\u00f3 d&#8217;un format de programaci\u00f3 d&#8217;aula per compet\u00e8ncies<\/em><br \/>\nSra. Olga Quesada, coordinadora pedag\u00f2gica de l&#8217;IES-SEP Esteve Terradas de Barcelona<\/li>\n<li><strong>Taula rodona 4. Les tecnologies per a l&#8217;aprenentatge i el coneixement (TAC) al servei de la qualitat dels centres educatius<\/strong><br \/>\n<em>Gesti\u00f3 informatitzada dels processos d&#8217;un centre educatiu<\/em><br \/>\nSra. Elisabet Marill, directora gerent<br \/>\nSra. Marta P\u00e9rez, controladora de qualitat de Qualiteasy Internet Solutions<em>Moodle i la doc\u00e8ncia de qualitat<\/em><br \/>\nSr. Joan Queralt, cap d&#8217;estudis del graduat en educaci\u00f3 secund\u00e0ria de l&#8217;IOC i &#8220;moodler&#8221;<em>Les TAC com a instrument de millora<\/em><br \/>\nSr. Joaquim Bosch, director de l&#8217;IES Narc\u00eds Xifra de Girona<\/li>\n<li><strong>Taula rodona 5. Pla de formaci\u00f3 de centre<br \/>\n<\/strong><em>De la gesti\u00f3 de les compet\u00e8ncies de l&#8217;equip hum\u00e0 al pla de formaci\u00f3 del centre<\/em><br \/>\nSr. Andoni I\u00f1igo, subdirector del col\u00b7legi Urkide de Vit\u00f2ria<em>Gesti\u00f3 del pla de formaci\u00f3 de l&#8217;equip hum\u00e0<\/em><br \/>\nSra. L\u00eddia Flotats, subdirectora i coordinadora pedag\u00f2gica de l&#8217;IESM Bonanova de Barcelona<em>La formaci\u00f3 del professorat a trav\u00e9s del pla de formaci\u00f3 de centre<\/em><br \/>\nSr. Jordi Calvet, Servei de Coordinaci\u00f3 dels Serveis Educatius del Departament d&#8217;Educaci\u00f3<br \/>\nSr. Josep M. Ala\u00f1\u00e0, responsable de la Formaci\u00f3 Permanent del Professorat de Formaci\u00f3 Professional del Departament d&#8217;Educaci\u00f3<\/li>\n<li><strong>Taula rodona 6. Les cartes de serveis als centres educatius<br \/>\n<\/strong><em>Cartes de serveis i codi de bona conducta administrativa<\/em><br \/>\nSra. Ruth Cort\u00e9s, responsable d&#8217;Organitzaci\u00f3 del S\u00edndic de Greuges<em>Disseny i implantaci\u00f3 de la carta de serveis de batxillerat<\/em><br \/>\nSra. Dolors Franquesa, coordinadora pedag\u00f2gica de l&#8217;Escola del Treball de Barcelona<em>Per qu\u00e8 una carta de serveis en un centre educatiu?<\/em><br \/>\nSr. Rafel Juanola, cap d&#8217;estudis de l&#8217;IES Josep Brugulat de Banyoles<\/li>\n<li><strong>Taula rodona 7. Una formaci\u00f3 professional basada en les aliances amb les empreses<br \/>\n<\/strong><em>La relaci\u00f3 amb les empreses com a instrument de millora<\/em><br \/>\nSr. Nicolau Galdeano, inspector d&#8217;Educaci\u00f3<em>Un acord amb les empreses de vehicles industrials<\/em><br \/>\nSr. Emili Grau, director de l&#8217;IES-SEP La Caparrella de Lleida<em>Qu\u00e8 aporta la formaci\u00f3 en alternan\u00e7a a l&#8217;empresa?<\/em><br \/>\nSr. Ramon Carulla, coordinador de l&#8217;\u00c0rea de Relacions amb les Persones del grup Ros Roca<\/li>\n<\/ul>\n<\/li>\n<\/ul>\n","protected":false},"excerpt":{"rendered":"<p>4 de desembre de 2008<br \/>\n(Campus de la UAB.\u00a0Hotel Serhs Campus i\u00a0Escola Universit\u00e0ria de Turisme)<br \/>\n<a href=\"https:\/\/projectes.xtec.cat\/qualitatfp\/wp-content\/uploads\/usu772\/2021\/03\/programa_8_jornada_qualitat_educacio.pdf\" target=\"_blank\" rel=\"noopener noreferrer\">Programa de la Jornada<\/a><\/p>\n<ul>\n<li>Pon\u00e8ncia marc<br \/>\nOrganitzacions 2.0: coneixement en xarxa<br \/>\nSr. Gen\u00eds Roca, consultor estrat\u00e8gic especialitzat en el desenvolupament de xarxes socials a les organitzacions i soci director de RocaSalvatella\n<\/li>\n<li>Pon\u00e8ncies\n<ul>\n<li>Pon\u00e8ncia&hellip;  <a href=\"https:\/\/projectes.xtec.cat\/qualitatfp\/projectes\/jornades-de-difusio\/jornada-de-qualitat\/viii-jornada-de-qualitat\/\" title=\"Read VIII Jornada de qualitat\">Llegeix m\u00e9s\u00bb<\/a><br \/>\n","protected":false},"author":1,"featured_media":0,"parent":8565,"menu_order":120,"comment_status":"closed","ping_status":"closed","template":"page-templates\/side-menu.php","meta":{"_bbp_topic_count":0,"_bbp_reply_count":0,"_bbp_total_topic_count":0,"_bbp_total_reply_count":0,"_bbp_voice_count":0,"_bbp_anonymous_reply_count":0,"_bbp_topic_count_hidden":0,"_bbp_reply_count_hidden":0,"_bbp_forum_subforum_count":0,"footnotes":""},"class_list":["post-9448","page","type-page","status-publish","hentry"],"post_mailing_queue_ids":[],"_links":{"self":[{"href":"https:\/\/projectes.xtec.cat\/qualitatfp\/wp-json\/wp\/v2\/pages\/9448","targetHints":{"allow":["GET"]}}],"collection":[{"href":"https:\/\/projectes.xtec.cat\/qualitatfp\/wp-json\/wp\/v2\/pages"}],"about":[{"href":"https:\/\/projectes.xtec.cat\/qualitatfp\/wp-json\/wp\/v2\/types\/page"}],"author":[{"embeddable":true,"href":"https:\/\/projectes.xtec.cat\/qualitatfp\/wp-json\/wp\/v2\/users\/1"}],"replies":[{"embeddable":true,"href":"https:\/\/projectes.xtec.cat\/qualitatfp\/wp-json\/wp\/v2\/comments?post=9448"}],"version-history":[{"count":3,"href":"https:\/\/projectes.xtec.cat\/qualitatfp\/wp-json\/wp\/v2\/pages\/9448\/revisions"}],"predecessor-version":[{"id":10111,"href":"https:\/\/projectes.xtec.cat\/qualitatfp\/wp-json\/wp\/v2\/pages\/9448\/revisions\/10111"}],"up":[{"embeddable":true,"href":"https:\/\/projectes.xtec.cat\/qualitatfp\/wp-json\/wp\/v2\/pages\/8565"}],"wp:attachment":[{"href":"https:\/\/projectes.xtec.cat\/qualitatfp\/wp-json\/wp\/v2\/media?parent=9448"}],"curies":[{"name":"wp","href":"https:\/\/api.w.org\/{rel}","templated":true}]}}