{"id":9454,"date":"2021-03-09T23:29:09","date_gmt":"2021-03-09T22:29:09","guid":{"rendered":"https:\/\/projectes.xtec.cat\/qualitatfp\/?page_id=9454"},"modified":"2022-10-19T13:36:58","modified_gmt":"2022-10-19T11:36:58","slug":"vii-jornada-de-qualitat","status":"publish","type":"page","link":"https:\/\/projectes.xtec.cat\/qualitatfp\/projectes\/jornades-de-difusio\/jornada-de-qualitat\/vii-jornada-de-qualitat\/","title":{"rendered":"VII Jornada de qualitat"},"content":{"rendered":"<p>29 de novembre de 2007<br \/>\n(Campus de la UAB.\u00a0Hotel Serhs Campus i\u00a0Escola Universit\u00e0ria de Turisme)<\/p>\n<p><strong><a href=\"https:\/\/projectes.xtec.cat\/qualitatfp\/wp-content\/uploads\/usu772\/2021\/03\/1Programa_Jornada.pdf\" target=\"_blank\" rel=\"noopener noreferrer\">Programa<\/a><br \/>\n<\/strong><\/p>\n<ul>\n<li><strong><strong>8.30 h Lliurament de la documentaci\u00f3<\/strong><\/strong>&nbsp;<\/li>\n<li><strong>9.00 h Inauguraci\u00f3 de la VII Jornada<\/strong><br \/>\nBenvinguda: Sr. Llu\u00eds Ferrer, rector de la Universitat Aut\u00f2noma de BarcelonaPresentaci\u00f3 de la Jornada: Sr. Ernest Maragall, conseller del Departament d\u2019Educaci\u00f3\u00a0de la Generalitat de Catalunya<\/li>\n<li><strong>9.30 h Pon\u00e8ncia marc<\/strong><em>El rol del professorat avui. Com poden ajudar les metodologies de la qualitat i la millora\u00a0cont\u00ednua en la gesti\u00f3 de l\u2019aula?<\/em><br \/>\nSra. Irene Balaguer, presidenta de Rosa Sensat<\/p>\n<p><em>El lideratge en els centres educatius basat en els models d\u2019excel\u00b7l\u00e8ncia. Qui exerceix\u00a0el lideratge en un centre educatiu?<\/em><br \/>\nSr. Josep Salvatella, consultor d\u2019empreses i institucions de serveis, col\u00b7laborador docent\u00a0a ESADE i exdirector de Planificaci\u00f3 i Qualitat de la Universitat Oberta de Catalunya<\/p>\n<p>Moderador: Sr. Joan-Llu\u00eds Espin\u00f3s, subdirector general de Planificaci\u00f3 i Organitzaci\u00f3\u00a0de la Formaci\u00f3 Professional<\/li>\n<li><strong><strong>11.00 h Pausa i caf\u00e8<\/strong><\/strong>&nbsp;<\/li>\n<li><strong><strong>11.30 h Pon\u00e8ncies paral\u00b7leles<\/strong><\/strong>&nbsp;\n<p>Pon\u00e8ncia A:\u00a0<em>Sistemes de qualitat a Europa**<\/em><em>La qualitat i la millora cont\u00ednua a \u00c0ustria. The European Peer Review Project<br \/>\n<\/em>Sr. J\u00fcrgen Horschinegg, Coordinator of Quality Development and Quality Assurance<br \/>\n(Ministry for Education Science and Culture-\u00c0ustria)<\/p>\n<p><em>La gesti\u00f3 de la innovaci\u00f3 en un centre de formaci\u00f3 professional del Pa\u00eds Basc<\/em><br \/>\nSr. Imanol Iturria, responsable del projecte d\u2019innovaci\u00f3 educativa i cap d\u2019estudis del Instituto M\u00e1quina-Herramienta (Pa\u00eds Basc)<\/p>\n<p><em>La gesti\u00f3 de la qualitat en un centre austr\u00edac: The HTBLA experience<br \/>\n<\/em>Sr. Franz Reithuber, Director H\u00f6here Technische Bundeslehranstalt Steyr (HTBLA) (\u00c0ustria)<\/p>\n<p>Moderador: Sr. Rafael Gisbert, subdirector general de Gesti\u00f3 de Centres Educatius<\/p>\n<p>Pon\u00e8ncia B:\u00a0<em>Qualitat a la gesti\u00f3 pedag\u00f2gica<\/em><\/p>\n<p>Qualitat a l\u2019aula: eines per a la seva gesti\u00f3<br \/>\nSr. Antoni Zabala, director de l\u2019Institut de Recursos i Investigaci\u00f3 per a la Formaci\u00f3<br \/>\nSr. Federico Malpica, coordinador de l\u2019experi\u00e8ncia<\/p>\n<p><em>Qualitat a l\u2019aula: treball per compet\u00e8ncies en la gesti\u00f3 de l\u2019aula<br \/>\n<\/em>Sra. Neus Sanmart\u00ed, directora de l\u2019ICE-UAB, catedr\u00e0tica del Departament de Did\u00e0ctica de la Matem\u00e0tica i de les Ci\u00e8ncies Experimentals (UAB)<\/p>\n<p><em>Qualitat a l\u2019aula: l\u2019auditoria pedag\u00f2gica, una experi\u00e8ncia europea a l\u2019IES Quercus<br \/>\n<\/em>Sra. Anna Torruella, directora de l\u2019IES Quercus<\/p>\n<p>Moderador: Sr. Juan Lorenzo Ram\u00edrez, subdirector general d\u2019Ordenaci\u00f3 Curricular i Programes Educatius<\/li>\n<li><strong><strong>13.30 h Fi de la sessi\u00f3 del mat\u00ed<\/strong><\/strong>&nbsp;<\/li>\n<li><strong><strong>14.00 h Dinar de treball<\/strong><\/strong>&nbsp;<\/li>\n<li><strong>15.30 h Tallers d\u2019intercanvi d\u2019experi\u00e8ncies i transfer\u00e8ncia de bones pr\u00e0ctiques<\/strong><\/li>\n<\/ul>\n","protected":false},"excerpt":{"rendered":"<p>29 de novembre de 2007<br \/>\n(Campus de la UAB.\u00a0Hotel Serhs Campus i\u00a0Escola Universit\u00e0ria de Turisme)<br \/>\n<a href=\"https:\/\/projectes.xtec.cat\/qualitatfp\/wp-content\/uploads\/usu772\/2021\/03\/1Programa_Jornada.pdf\" target=\"_blank\" rel=\"noopener noreferrer\">Programa<\/a><\/p>\n<ul>\n<li>8.30 h Lliurament de la documentaci\u00f3&nbsp;<\/li>\n<li>9.00 h Inauguraci\u00f3 de la VII Jornada<br \/>\nBenvinguda: Sr. Llu\u00eds Ferrer, rector de la Universitat Aut\u00f2noma de BarcelonaPresentaci\u00f3 de la Jornada: Sr. Ernest Maragall,&hellip;  <a href=\"https:\/\/projectes.xtec.cat\/qualitatfp\/projectes\/jornades-de-difusio\/jornada-de-qualitat\/vii-jornada-de-qualitat\/\" title=\"Read VII Jornada de qualitat\">Llegeix m\u00e9s\u00bb<\/a><\/p>\n","protected":false},"author":1,"featured_media":0,"parent":8565,"menu_order":130,"comment_status":"closed","ping_status":"closed","template":"page-templates\/side-menu.php","meta":{"_bbp_topic_count":0,"_bbp_reply_count":0,"_bbp_total_topic_count":0,"_bbp_total_reply_count":0,"_bbp_voice_count":0,"_bbp_anonymous_reply_count":0,"_bbp_topic_count_hidden":0,"_bbp_reply_count_hidden":0,"_bbp_forum_subforum_count":0,"footnotes":""},"class_list":["post-9454","page","type-page","status-publish","hentry"],"post_mailing_queue_ids":[],"_links":{"self":[{"href":"https:\/\/projectes.xtec.cat\/qualitatfp\/wp-json\/wp\/v2\/pages\/9454","targetHints":{"allow":["GET"]}}],"collection":[{"href":"https:\/\/projectes.xtec.cat\/qualitatfp\/wp-json\/wp\/v2\/pages"}],"about":[{"href":"https:\/\/projectes.xtec.cat\/qualitatfp\/wp-json\/wp\/v2\/types\/page"}],"author":[{"embeddable":true,"href":"https:\/\/projectes.xtec.cat\/qualitatfp\/wp-json\/wp\/v2\/users\/1"}],"replies":[{"embeddable":true,"href":"https:\/\/projectes.xtec.cat\/qualitatfp\/wp-json\/wp\/v2\/comments?post=9454"}],"version-history":[{"count":3,"href":"https:\/\/projectes.xtec.cat\/qualitatfp\/wp-json\/wp\/v2\/pages\/9454\/revisions"}],"predecessor-version":[{"id":10110,"href":"https:\/\/projectes.xtec.cat\/qualitatfp\/wp-json\/wp\/v2\/pages\/9454\/revisions\/10110"}],"up":[{"embeddable":true,"href":"https:\/\/projectes.xtec.cat\/qualitatfp\/wp-json\/wp\/v2\/pages\/8565"}],"wp:attachment":[{"href":"https:\/\/projectes.xtec.cat\/qualitatfp\/wp-json\/wp\/v2\/media?parent=9454"}],"curies":[{"name":"wp","href":"https:\/\/api.w.org\/{rel}","templated":true}]}}