{"id":9459,"date":"2021-03-09T23:34:56","date_gmt":"2021-03-09T22:34:56","guid":{"rendered":"https:\/\/projectes.xtec.cat\/qualitatfp\/?page_id=9459"},"modified":"2022-10-19T13:35:51","modified_gmt":"2022-10-19T11:35:51","slug":"vi-jornada-de-qualitat","status":"publish","type":"page","link":"https:\/\/projectes.xtec.cat\/qualitatfp\/projectes\/jornades-de-difusio\/jornada-de-qualitat\/vi-jornada-de-qualitat\/","title":{"rendered":"VI Jornada de qualitat"},"content":{"rendered":"<p>16 de novembre de 2006 a Sabadell<\/p>\n<p><a href=\"https:\/\/projectes.xtec.cat\/qualitatfp\/wp-content\/uploads\/usu772\/2021\/03\/programa_jornada_VI.pdf\" target=\"_blank\" rel=\"noopener noreferrer\">Programa de la Jornada<\/a><\/p>\n<ul>\n<li><strong>8.30 Lliurament de la documentaci\u00f3<br \/>\n<\/strong><\/li>\n<li><strong>9.20 Inici de la jornada<\/strong><br \/>\nBenvinguda a c\u00e0rrec del Sr. Tom\u00e1s Maeso Hern\u00e1ndez, director de l\u2019IES-SEP Castellarnau.Salutaci\u00f3 a c\u00e0rrec del Sr. Antoni Maria Brunet i Berch, President de la Cambra Oficial de Comer\u00e7 i Ind\u00fastria de SabadellPresentaci\u00f3 a c\u00e0rrec de Il\u00b7lustr\u00edssim Sr. Manuel Bustos Garrido, Alcalde de SabadellInauguraci\u00f3 de la jornada, a c\u00e0rrec de l\u2019Honorable Sr. Joan Manuel del Pozo i \u00c0lvarez, Conseller d\u2019Educaci\u00f3 i Universitats<\/li>\n<li><strong><strong>10.00 Intervenci\u00f3 teatral<\/strong><\/strong><\/li>\n<\/ul>\n<ul>\n<li><strong>10.15 Confer\u00e8ncia marc<\/strong><br \/>\nDe la intu\u00efci\u00f3 a la fonamentaci\u00f3 pedag\u00f2gica: El model de qualitat a l\u2019aula, una eina necess\u00e0ria i possible.<br \/>\nSr. Antoni Zabala Vidiella. Director de l\u2019Institut de Recursos i Investigaci\u00f3 per a la Formaci\u00f3.<\/li>\n<\/ul>\n<ul>\n<li><strong><strong>11.00 Pausa caf\u00e8<\/strong><\/strong><\/li>\n<\/ul>\n<ul>\n<li><strong>11.30 Pon\u00e8ncies simult\u00e0nies<\/strong>Pon\u00e8ncia A:\u00a0<em>Sistemes de Qualitat: La situaci\u00f3 a la UE, Su\u00e8cia i Pa\u00eds Basc (*).<\/em>\u201cThe Swedish quality assurance system. The experience in a integrated upper secondary school\u201d<br \/>\nMr. Stefan Skimutis<br \/>\nDirector of Education, Swedish National Agency for Education<br \/>\nMr. Ola Johansson<br \/>\nRektor (Principal)<br \/>\nKarlstad Hammar\u00f6<br \/>\nGymnasium<em>\u201cEl cam\u00ed d\u2019un Institut basc cap a l\u2019excel\u00b7l\u00e8ncia europea\u201d<\/em><br \/>\nSr. Patxi VaquerizoDirector de l\u2019Institut IEFPS Usurbil (Pa\u00eds Basc)<\/p>\n<p><em>\u201cIntroduction to the CQAF (Common Quality Assurance Framework) model\u201d<\/em><\/p>\n<p>Pon\u00e8ncia B:\u00a0<em>Qualitat a l\u2019Aula.<\/em><\/p>\n<p><em>\u201cQualitat s\u00ed, dins de l\u2019aula tamb\u00e9\u201d<\/em><br \/>\nSr. Miguel Valero Garcia<br \/>\nDirector de l\u2019Escola Polit\u00e8cnica Superior de Castelldefels (Universitat Polit\u00e8cnica de Catalunya)<\/p>\n<p><em>\u201cAtenci\u00f3 a la diversitat a l\u2019Aula: aprenentatge cooperatiu\u201d<br \/>\n<\/em>Sra. Olga Quesada Baiges<br \/>\nCoordinadora Pedag\u00f2gica de l\u2019 IES-SEP Esteve Terradas i Illa<\/p>\n<p><em>\u201cABP (Aprenentatge Basat en Problemes) com a metodologia aplicable a la Formaci\u00f3 Professional\u201c<br \/>\n<\/em>Sra. Elena L\u00f3pez Mart\u00ednez<br \/>\nCoordinadora del Cicle de Cures Auxiliars d\u2019Infermeria<br \/>\nEscola Bonanova<\/li>\n<li><strong><strong>13.30 Fi de la sessi\u00f3 del mat\u00ed<\/strong><\/strong><\/li>\n<\/ul>\n<ul>\n<li><strong><strong>14.00 Dinar de treball<\/strong><\/strong><\/li>\n<\/ul>\n<ul>\n<li><strong>15.30 Tallers simultanis d\u2019intercanvi d\u2019experi\u00e8ncies i bones pr\u00e0ctiques<\/strong><\/li>\n<\/ul>\n","protected":false},"excerpt":{"rendered":"<p>16 de novembre de 2006 a Sabadell<br \/>\n<a href=\"https:\/\/projectes.xtec.cat\/qualitatfp\/wp-content\/uploads\/usu772\/2021\/03\/programa_jornada_VI.pdf\" target=\"_blank\" rel=\"noopener noreferrer\">Programa de la Jornada<\/a><\/p>\n<ul>\n<li>8.30 Lliurament de la documentaci\u00f3\n<\/li>\n<li>9.20 Inici de la jornada<br \/>\nBenvinguda a c\u00e0rrec del Sr. Tom\u00e1s Maeso Hern\u00e1ndez, director de l\u2019IES-SEP Castellarnau.Salutaci\u00f3 a c\u00e0rrec del Sr. Antoni Maria Brunet i Berch, President de la&hellip;  <a href=\"https:\/\/projectes.xtec.cat\/qualitatfp\/projectes\/jornades-de-difusio\/jornada-de-qualitat\/vi-jornada-de-qualitat\/\" title=\"Read VI Jornada de qualitat\">Llegeix m\u00e9s\u00bb<\/a><\/p>\n","protected":false},"author":1,"featured_media":0,"parent":8565,"menu_order":140,"comment_status":"closed","ping_status":"closed","template":"page-templates\/side-menu.php","meta":{"_bbp_topic_count":0,"_bbp_reply_count":0,"_bbp_total_topic_count":0,"_bbp_total_reply_count":0,"_bbp_voice_count":0,"_bbp_anonymous_reply_count":0,"_bbp_topic_count_hidden":0,"_bbp_reply_count_hidden":0,"_bbp_forum_subforum_count":0,"footnotes":""},"class_list":["post-9459","page","type-page","status-publish","hentry"],"post_mailing_queue_ids":[],"_links":{"self":[{"href":"https:\/\/projectes.xtec.cat\/qualitatfp\/wp-json\/wp\/v2\/pages\/9459","targetHints":{"allow":["GET"]}}],"collection":[{"href":"https:\/\/projectes.xtec.cat\/qualitatfp\/wp-json\/wp\/v2\/pages"}],"about":[{"href":"https:\/\/projectes.xtec.cat\/qualitatfp\/wp-json\/wp\/v2\/types\/page"}],"author":[{"embeddable":true,"href":"https:\/\/projectes.xtec.cat\/qualitatfp\/wp-json\/wp\/v2\/users\/1"}],"replies":[{"embeddable":true,"href":"https:\/\/projectes.xtec.cat\/qualitatfp\/wp-json\/wp\/v2\/comments?post=9459"}],"version-history":[{"count":3,"href":"https:\/\/projectes.xtec.cat\/qualitatfp\/wp-json\/wp\/v2\/pages\/9459\/revisions"}],"predecessor-version":[{"id":10109,"href":"https:\/\/projectes.xtec.cat\/qualitatfp\/wp-json\/wp\/v2\/pages\/9459\/revisions\/10109"}],"up":[{"embeddable":true,"href":"https:\/\/projectes.xtec.cat\/qualitatfp\/wp-json\/wp\/v2\/pages\/8565"}],"wp:attachment":[{"href":"https:\/\/projectes.xtec.cat\/qualitatfp\/wp-json\/wp\/v2\/media?parent=9459"}],"curies":[{"name":"wp","href":"https:\/\/api.w.org\/{rel}","templated":true}]}}