{"id":9465,"date":"2021-03-09T23:40:31","date_gmt":"2021-03-09T22:40:31","guid":{"rendered":"https:\/\/projectes.xtec.cat\/qualitatfp\/?page_id=9465"},"modified":"2022-10-19T13:35:41","modified_gmt":"2022-10-19T11:35:41","slug":"v-jornada-de-qualitat","status":"publish","type":"page","link":"https:\/\/projectes.xtec.cat\/qualitatfp\/projectes\/jornades-de-difusio\/jornada-de-qualitat\/v-jornada-de-qualitat\/","title":{"rendered":"V Jornada de qualitat"},"content":{"rendered":"<p>1 de desembre de 2005 &#8211; Centre Cultural la Merc\u00e8 de Girona<\/p>\n<p><a href=\"https:\/\/projectes.xtec.cat\/qualitatfp\/wp-content\/uploads\/usu772\/2021\/03\/Programa_girona.pdf\" target=\"_blank\" rel=\"noopener noreferrer\">Programa de la Jornada<br \/>\n<\/a><\/p>\n<ul>\n<li><strong>8.30 Lliurament de la documentaci\u00f3<\/strong><\/li>\n<\/ul>\n<div>\n<ul>\n<li>Obertura de la mostra de projectes i treballs de centres<br \/>\nEstands de centres certificats on mostren els seus treballs, projectes i aspectes singulars de la seva organitzaci\u00f3.<\/li>\n<\/ul>\n<ul>\n<li><strong>9.15 Inici de la jornada<br \/>\n<\/strong>Benvinguda, a c\u00e0rrec del Sr. Joan Manel Barcel\u00f3, director de l\u2019IES Narc\u00eds Xifra.<br \/>\nPresentaci\u00f3 a c\u00e0rrec de Il\u00b7lustr\u00edssima Sra. Anna Pagans i Gruartmoner, Alcaldessa de Girona.<br \/>\nInauguraci\u00f3 de la jornada, a c\u00e0rrec del Sr. Joaquim Bosch i Codol\u00e0, director dels Serveis Territorials del Departament d\u2019Educaci\u00f3 a Girona.<\/li>\n<\/ul>\n<ul>\n<li><strong>9.45 Confer\u00e8ncia marc<br \/>\n<\/strong>Qu\u00e8 aporta la qualitat a un centre educatiu?<br \/>\nSr. Albert Bayot. Director de l\u2019IES Josep Brugulat.<\/li>\n<\/ul>\n<ul>\n<li><strong>10.15 Pon\u00e8ncia<br \/>\n<\/strong>ISO 9001, de cam\u00ed cap a l\u2019excel\u00b7l\u00e8ncia.<br \/>\nSr. Joan Ras.<br \/>\nConsultor educatiu. Director de l\u2019\u00c0rea de Sistemes de Qualitat d\u2019Auren.<\/li>\n<\/ul>\n<ul>\n<li><strong>Intervenci\u00f3 musical<\/strong><\/li>\n<\/ul>\n<div><img decoding=\"async\" src=\"http:\/\/xtec.gencat.cat\/web\/.content\/alfresco\/d\/d\/workspace\/SpacesStore\/0089\/dadccfe7-31ff-4ecf-a851-64deb754bd52\/musica.jpg\" alt=\"\" \/><a href=\"https:\/\/projectes.xtec.cat\/qualitatfp\/v-jornada-de-qualitat\/attachment\/musica-2\/\" rel=\"attachment wp-att-9547\"><img loading=\"lazy\" decoding=\"async\" class=\"size-full wp-image-9547 aligncenter\" src=\"https:\/\/projectes.xtec.cat\/qualitatfp\/wp-content\/uploads\/usu772\/2021\/03\/musica.jpg\" alt=\"\" width=\"400\" height=\"300\" srcset=\"https:\/\/projectes.xtec.cat\/qualitatfp\/wp-content\/uploads\/usu772\/2021\/03\/musica.jpg 400w, https:\/\/projectes.xtec.cat\/qualitatfp\/wp-content\/uploads\/usu772\/2021\/03\/musica-300x225.jpg 300w, https:\/\/projectes.xtec.cat\/qualitatfp\/wp-content\/uploads\/usu772\/2021\/03\/musica-200x150.jpg 200w\" sizes=\"auto, (max-width: 400px) 100vw, 400px\" \/><\/a><\/div>\n<div><\/div>\n<ul>\n<li><strong><strong>11.00 Pausa caf\u00e8<\/strong><\/strong><\/li>\n<\/ul>\n<ul>\n<li><strong>11.30 Pon\u00e8ncies simult\u00e0nies<br \/>\n<\/strong><strong><br \/>\nPon\u00e8ncia A:\u00a0<\/strong><em>Sistemes de Qualitat: La situaci\u00f3 a la UE, Finl\u00e0ndia i Gal\u00edcia (*).<\/em><em>\u201cL\u2019assegurament de la Qualitat a Europa: Present i Futur\u201d<br \/>\n\u201cQuality assurance in Europe: The Present and The Futur\u201d<\/em><br \/>\nMrs. Fernanda Oliveira Reis<br \/>\nPrincipal Administrator, European Comission, Directorate General for Education and Culture, Directorate B Vocational Training<em>\u201cLa Qualitat i l\u2019autoavaluaci\u00f3 en els centres educatius de Finl\u00e0ndia\u201d<br \/>\n<\/em><em>\u201cQuality and self-evaluation of schools in Finland\u201d<br \/>\n<\/em>Mrs. Pirjo K\u00e4nn\u00f6<br \/>\nRehtori (Principal)<br \/>\nEtu-T\u00f6\u00f6l\u00f6n lukio (Helsinki)<em>\u201cLa situaci\u00f3 de la Qualitat a Gal\u00edcia\u201d<br \/>\n<\/em>Sr. Eduardo Garc\u00eda Mosconi<br \/>\nResponsable de Calidad en la Direcci\u00f3n Xeral de Formaci\u00f3n Profesional e Ensinanzas Especiais, Conseller\u00eda de Educaci\u00f3n e Ordenaci\u00f3n Universitaria<br \/>\nSr. Jos\u00e9 Antonio Ventoso Mari\u00f1o<br \/>\nDirector del IES Coroso de Ribeira (A Coru\u00f1a)Modera i presenta Sr.Josep Camps Responsable de Qualitat de l\u2019IES-SEP Vidal i Barraquer i Coordinador de la xarxa Q2<br \/>\n<strong><br \/>\nPon\u00e8ncia B:\u00a0<\/strong><em>Els processos d\u2019innovaci\u00f3 i millora en un sistema de Qualitat.<br \/>\n<\/em><br \/>\n<em>\u201cLa innovaci\u00f3 i la millora en educaci\u00f3\u201d<br \/>\n<\/em>Sr. Joan Teixid\u00f3 i Saballs<br \/>\nProfessor titular de Pedagogia<br \/>\nUniversitat de Girona<\/p>\n<p><em>\u201cGesti\u00f3 de la innovaci\u00f3 del projecte de tres lleng\u00fces (catal\u00e0 \u2013 castell\u00e0 \u2013 angl\u00e8s)\u201d<br \/>\n<\/em>Sr. Esteve Mas\u00f3<br \/>\nProfessor de Llengua<br \/>\nIES Brugulat<\/p>\n<p><em>\u201cGesti\u00f3 de la innovaci\u00f3 en la utilitzaci\u00f3 de les TIC en cr\u00e8dits de Formaci\u00f3 Professional\u201d<br \/>\n<\/em>Sr. Miquel Miranda.Professor d\u2019Electricitat-Electr\u00f2nica<br \/>\nSr. Francesc Delis. Professor d\u2019Electricitat-Electr\u00f2nica<br \/>\nIES-SEP Lacet\u00e0nia<\/p>\n<p><em>\u201cGesti\u00f3 de la innovaci\u00f3 en l\u2019aula d\u2019acollida\u201d<br \/>\n<\/em>Sra. Maria Josepa Altadill.Coordinadora LIC<br \/>\nSra. Carme Castell\u00e0 i Velasco.Tutora Aula d\u2019Acollida<br \/>\nIES-SEP de l\u2019Ebre<\/p>\n<p>Modera i presenta Sr. Manuel P\u00e9rez Gerent del Programa de Qualitat del CIDEM<\/li>\n<li><strong>13.30 Fi de la sessi\u00f3 del mat\u00ed<\/strong><\/li>\n<\/ul>\n<\/div>\n<p style=\"text-align: center;\"><a href=\"https:\/\/projectes.xtec.cat\/qualitatfp\/v-jornada-de-qualitat\/attachment\/jornadagirona\/\" rel=\"attachment wp-att-9548\"><img loading=\"lazy\" decoding=\"async\" class=\"alignnone size-full wp-image-9548\" src=\"https:\/\/projectes.xtec.cat\/qualitatfp\/wp-content\/uploads\/usu772\/2021\/03\/jornadagirona.jpg\" alt=\"\" width=\"400\" height=\"300\" srcset=\"https:\/\/projectes.xtec.cat\/qualitatfp\/wp-content\/uploads\/usu772\/2021\/03\/jornadagirona.jpg 400w, https:\/\/projectes.xtec.cat\/qualitatfp\/wp-content\/uploads\/usu772\/2021\/03\/jornadagirona-300x225.jpg 300w, https:\/\/projectes.xtec.cat\/qualitatfp\/wp-content\/uploads\/usu772\/2021\/03\/jornadagirona-200x150.jpg 200w\" sizes=\"auto, (max-width: 400px) 100vw, 400px\" \/><\/a><\/p>\n<ul>\n<li><strong>15.30 Tallers\u00a0<\/strong><strong>\u00a0simultanis d\u2019intercanvi d\u2019experi\u00e8ncies<\/strong><\/li>\n<\/ul>\n","protected":false},"excerpt":{"rendered":"<p>1 de desembre de 2005 &#8211; Centre Cultural la Merc\u00e8 de Girona<br \/>\n<a href=\"https:\/\/projectes.xtec.cat\/qualitatfp\/wp-content\/uploads\/usu772\/2021\/03\/Programa_girona.pdf\" target=\"_blank\" rel=\"noopener noreferrer\">Programa de la Jornada<br \/>\n<\/a><\/p>\n<ul>\n<li>8.30 Lliurament de la documentaci\u00f3<\/li>\n<\/ul>\n<ul>\n<li>Obertura de la mostra de projectes i treballs de centres<br \/>\nEstands de centres certificats on mostren els seus treballs, projectes i aspectes singulars de&hellip;  <a href=\"https:\/\/projectes.xtec.cat\/qualitatfp\/projectes\/jornades-de-difusio\/jornada-de-qualitat\/v-jornada-de-qualitat\/\" title=\"Read V Jornada de qualitat\">Llegeix m\u00e9s\u00bb<\/a><\/p>\n","protected":false},"author":1,"featured_media":0,"parent":8565,"menu_order":150,"comment_status":"closed","ping_status":"closed","template":"page-templates\/side-menu.php","meta":{"_bbp_topic_count":0,"_bbp_reply_count":0,"_bbp_total_topic_count":0,"_bbp_total_reply_count":0,"_bbp_voice_count":0,"_bbp_anonymous_reply_count":0,"_bbp_topic_count_hidden":0,"_bbp_reply_count_hidden":0,"_bbp_forum_subforum_count":0,"footnotes":""},"class_list":["post-9465","page","type-page","status-publish","hentry"],"post_mailing_queue_ids":[],"_links":{"self":[{"href":"https:\/\/projectes.xtec.cat\/qualitatfp\/wp-json\/wp\/v2\/pages\/9465","targetHints":{"allow":["GET"]}}],"collection":[{"href":"https:\/\/projectes.xtec.cat\/qualitatfp\/wp-json\/wp\/v2\/pages"}],"about":[{"href":"https:\/\/projectes.xtec.cat\/qualitatfp\/wp-json\/wp\/v2\/types\/page"}],"author":[{"embeddable":true,"href":"https:\/\/projectes.xtec.cat\/qualitatfp\/wp-json\/wp\/v2\/users\/1"}],"replies":[{"embeddable":true,"href":"https:\/\/projectes.xtec.cat\/qualitatfp\/wp-json\/wp\/v2\/comments?post=9465"}],"version-history":[{"count":3,"href":"https:\/\/projectes.xtec.cat\/qualitatfp\/wp-json\/wp\/v2\/pages\/9465\/revisions"}],"predecessor-version":[{"id":10108,"href":"https:\/\/projectes.xtec.cat\/qualitatfp\/wp-json\/wp\/v2\/pages\/9465\/revisions\/10108"}],"up":[{"embeddable":true,"href":"https:\/\/projectes.xtec.cat\/qualitatfp\/wp-json\/wp\/v2\/pages\/8565"}],"wp:attachment":[{"href":"https:\/\/projectes.xtec.cat\/qualitatfp\/wp-json\/wp\/v2\/media?parent=9465"}],"curies":[{"name":"wp","href":"https:\/\/api.w.org\/{rel}","templated":true}]}}