{"id":9473,"date":"2021-03-09T23:44:15","date_gmt":"2021-03-09T22:44:15","guid":{"rendered":"https:\/\/projectes.xtec.cat\/qualitatfp\/?page_id=9473"},"modified":"2022-10-19T13:35:33","modified_gmt":"2022-10-19T11:35:33","slug":"iv-jornada-de-qualitat","status":"publish","type":"page","link":"https:\/\/projectes.xtec.cat\/qualitatfp\/projectes\/jornades-de-difusio\/jornada-de-qualitat\/iv-jornada-de-qualitat\/","title":{"rendered":"IV Jornada de qualitat"},"content":{"rendered":"<p>Barcelona, 18 de novembre de 2004.\u00a0IES-SEP Mare de D\u00e9u de la Merc\u00e8<\/p>\n<p><a href=\"https:\/\/projectes.xtec.cat\/qualitatfp\/wp-content\/uploads\/usu772\/2021\/03\/4-jornada-qualitat.pdf\" target=\"_blank\" rel=\"noopener noreferrer\">Programa de la jornada<\/a><\/p>\n<ul>\n<li><strong style=\"font-family: inherit; font-size: 1em;\">9.00 Lliurament de la documentaci\u00f3<\/strong><\/li>\n<\/ul>\n<ul>\n<li><strong>9.30 Inici de la jornada<\/strong><br \/>\nSalutaci\u00f3 i benvinguda, a c\u00e0rrec del Sr. Manuel Ramos, director de l\u2019IESSEP Mare de D\u00e9u de la Merc\u00e8 de Barcelona.<br \/>\nPresentaci\u00f3 i inauguraci\u00f3 de la jornada, a c\u00e0rrec de I&#8217;Honorable Consellera\u00a0d\u2019Educaci\u00f3 Sra. Marta Cid.<\/li>\n<li><strong>9.45 Confer\u00e8ncia:<\/strong><br \/>\n<em>LA MILLORA CONT\u00cdNUA I LA PLANIFICACI\u00d3 ESTRAT\u00c8GICA.<br \/>\n<\/em>Presentaci\u00f3 del cas MIM a\u00a0c\u00e0rrec del Sr. Joan Cortadellas, director t\u00e8cnic de la C\u00e0tedra UNESCO de\u00a0la Direcci\u00f3 Universit\u00e0ria de la UPC.<\/li>\n<li><strong><strong>11.00 Pausa caf\u00e8<\/strong><\/strong>&nbsp;<\/li>\n<li><strong>11.30 Pon\u00e8ncies simult\u00e0nies<\/strong>Pon\u00e8ncia A:\u00a0<em>LA QUALITAT A L\u2019ENSENYAMENT DINS D\u2019EUROPA<br \/>\n<\/em>Una visi\u00f3 dels diferents sistemes de gesti\u00f3 de centres educatius de\u00a0Dinamarca, Andalusia, Pa\u00eds Basc i Europa en general.<br \/>\nSr. Philip Pedersen, inspector general del Ministeri d\u2019Educaci\u00f3 de\u00a0Dinamarca i expert del Technical Working Group sobre Quality Assurance in\u00a0VET (CEDEFOP) (*). Presentar\u00e0 el sistema dan\u00e8s i una visi\u00f3 general de les tend\u00e8ncies de la\u00a0qualitat en l\u2019ensenyament a Europa.<br \/>\nSr. Juan Antonio Tagua G\u00f3mez, coordinador del \u00c1rea de Investigaci\u00f3n y\u00a0Calidad del Instituto Andaluz de las Calificaciones Profesionales de la\u00a0Direcci\u00f3n General de FP y Educaci\u00f3n Permanente de Andaluc\u00eda.<br \/>\nPresentar\u00e0 el sistema andal\u00fas de Qualitat a l\u2019ensenyament.<br \/>\nSr. Jos\u00e9 Antonio Romero, inspector coordinador de la Formaci\u00f3n\u00a0Profesional del Pa\u00eds Vasco.Actuar\u00e0 de moderador i presentar\u00e0 les noves orientacions sobre l&#8217;aplicaci\u00f3\u00a0de la Qualitat en els centres de FP i el projecte per a la resta de centres.\u00a0Presidir\u00e0 la taula i presentar\u00e0 els conferenciants el Sr. Joan-Llu\u00eds Espin\u00f3s\u00a0Espin\u00f3s, subdirector general de Planificaci\u00f3 i Organitzaci\u00f3 de la Formaci\u00f3\u00a0Professional del Departament d\u2019Educaci\u00f3 de la Generalitat de Catalunya.<\/p>\n<p>Pon\u00e8ncia B:\u00a0<em>L\u2019ACOLLIDA<br \/>\n<\/em>La gesti\u00f3 de la integraci\u00f3 i de la incorporaci\u00f3 de l\u2019alumnat a l\u2019institut.\u00a0Adequaci\u00f3 del proc\u00e9s d\u2019acollida a les noves necessitats dels centres.<br \/>\nSra. Olga Quesada, coordinadora pedag\u00f2gica i Sra. Sabina Esteve, tutora\u00a0de l&#8217;aula d&#8217;Acollida de l\u2019IES-SEP Esteve Terradas i Illa, de Cornell\u00e0.<br \/>\nPresentaran el projecte d\u2019aula d\u2019acollida del centre.<br \/>\nSr. Josep Masdeu, director de l&#8217;IES Llobregat i Jordi P\u00e0mies, cap d&#8217;estudis\u00a0de l&#8217;IES Llobregat, de l\u2019Hospitalet de Llobregat.<br \/>\nPresentaran, el Barri Educa, un projecte educatiu que potencia la integraci\u00f3\u00a0del centre amb el seu entorn m\u00e9s proper.<br \/>\nSr. Albert Bramon, director de l&#8217;IES-SEP La Garrotxa, d\u2019Olot.<br \/>\nPresentar\u00e0 la gesti\u00f3 i la planificaci\u00f3 de l\u2019acollida en el centre.<br \/>\nSr. Albert Bayot, director de l\u2019IES Josep Brugulat, de Banyoles.<br \/>\nActuar\u00e0 de moderador i emmarcar\u00e0 la pon\u00e8ncia.13.30<\/li>\n<li><strong><strong>Fi de la sessi\u00f3 del mat\u00ed<\/strong><\/strong>&nbsp;<\/li>\n<li><strong><strong>14.00 Dinar de treball en el mateix centre<\/strong><\/strong>&nbsp;<\/li>\n<li><strong>15.30 Tallers d\u2019intercanvi d\u2019experi\u00e8ncies<\/strong><\/li>\n<\/ul>\n","protected":false},"excerpt":{"rendered":"<p>Barcelona, 18 de novembre de 2004.\u00a0IES-SEP Mare de D\u00e9u de la Merc\u00e8<br \/>\n<a href=\"https:\/\/projectes.xtec.cat\/qualitatfp\/wp-content\/uploads\/usu772\/2021\/03\/4-jornada-qualitat.pdf\" target=\"_blank\" rel=\"noopener noreferrer\">Programa de la jornada<\/a><\/p>\n<ul>\n<li>9.00 Lliurament de la documentaci\u00f3<\/li>\n<\/ul>\n<ul>\n<li>9.30 Inici de la jornada<br \/>\nSalutaci\u00f3 i benvinguda, a c\u00e0rrec del Sr. Manuel Ramos, director de l\u2019IESSEP Mare de D\u00e9u de la Merc\u00e8 de&hellip;  <a href=\"https:\/\/projectes.xtec.cat\/qualitatfp\/projectes\/jornades-de-difusio\/jornada-de-qualitat\/iv-jornada-de-qualitat\/\" title=\"Read IV Jornada de qualitat\">Llegeix m\u00e9s\u00bb<\/a><\/p>\n","protected":false},"author":1,"featured_media":0,"parent":8565,"menu_order":160,"comment_status":"closed","ping_status":"closed","template":"page-templates\/side-menu.php","meta":{"_bbp_topic_count":0,"_bbp_reply_count":0,"_bbp_total_topic_count":0,"_bbp_total_reply_count":0,"_bbp_voice_count":0,"_bbp_anonymous_reply_count":0,"_bbp_topic_count_hidden":0,"_bbp_reply_count_hidden":0,"_bbp_forum_subforum_count":0,"footnotes":""},"class_list":["post-9473","page","type-page","status-publish","hentry"],"post_mailing_queue_ids":[],"_links":{"self":[{"href":"https:\/\/projectes.xtec.cat\/qualitatfp\/wp-json\/wp\/v2\/pages\/9473","targetHints":{"allow":["GET"]}}],"collection":[{"href":"https:\/\/projectes.xtec.cat\/qualitatfp\/wp-json\/wp\/v2\/pages"}],"about":[{"href":"https:\/\/projectes.xtec.cat\/qualitatfp\/wp-json\/wp\/v2\/types\/page"}],"author":[{"embeddable":true,"href":"https:\/\/projectes.xtec.cat\/qualitatfp\/wp-json\/wp\/v2\/users\/1"}],"replies":[{"embeddable":true,"href":"https:\/\/projectes.xtec.cat\/qualitatfp\/wp-json\/wp\/v2\/comments?post=9473"}],"version-history":[{"count":3,"href":"https:\/\/projectes.xtec.cat\/qualitatfp\/wp-json\/wp\/v2\/pages\/9473\/revisions"}],"predecessor-version":[{"id":10107,"href":"https:\/\/projectes.xtec.cat\/qualitatfp\/wp-json\/wp\/v2\/pages\/9473\/revisions\/10107"}],"up":[{"embeddable":true,"href":"https:\/\/projectes.xtec.cat\/qualitatfp\/wp-json\/wp\/v2\/pages\/8565"}],"wp:attachment":[{"href":"https:\/\/projectes.xtec.cat\/qualitatfp\/wp-json\/wp\/v2\/media?parent=9473"}],"curies":[{"name":"wp","href":"https:\/\/api.w.org\/{rel}","templated":true}]}}