{"id":9479,"date":"2021-03-09T23:49:39","date_gmt":"2021-03-09T22:49:39","guid":{"rendered":"https:\/\/projectes.xtec.cat\/qualitatfp\/?page_id=9479"},"modified":"2022-10-19T13:35:12","modified_gmt":"2022-10-19T11:35:12","slug":"iii-jornada-de-qualitat","status":"publish","type":"page","link":"https:\/\/projectes.xtec.cat\/qualitatfp\/projectes\/jornades-de-difusio\/jornada-de-qualitat\/iii-jornada-de-qualitat\/","title":{"rendered":"III Jornada de qualitat"},"content":{"rendered":"<p>L&#8217;INS Comte de Rius de Tarragona acull la tercera Jornada de Qualitat a l&#8217;Ensenyament<\/p>\n<p><strong><a href=\"https:\/\/projectes.xtec.cat\/qualitatfp\/wp-content\/uploads\/usu772\/2021\/03\/JQcomte-de-rius.pdf\" target=\"_blank\" rel=\"noopener noreferrer\">Programa de la jornada<\/a><\/strong><\/p>\n<p>El Departament d\u2019Ensenyament organitza per tercer any consecutiu la Jornada de Qualitat a\u00a0l\u2019Ensenyament i intercanvi d\u2019experi\u00e8ncies. Enguany aquesta Jornada, que t\u00e9 car\u00e0cter itinerant, es\u00a0far\u00e0 dem\u00e0 dijous 13 de novembre, a l\u2019IES-SEP Comte de Rius de Tarragona. Aquesta jornada\u00a0s\u2019emmarca dins del projecte de Qualitat i Millora cont\u00ednua impulsat per la Direcci\u00f3 General de\u00a0Formaci\u00f3 Professional del Departament d\u2019Ensenyament de la Generalitat de Catalunya.<\/p>\n<p>La Jornada\u00a0de Qualitat a l\u2019Ensenyament \u00e9s una acci\u00f3 adre\u00e7ada a donar a con\u00e8ixer als membres de la\u00a0comunitat educativa el marc teorico-pr\u00e0ctic de la gesti\u00f3 de la qualitat que s\u2019est\u00e0 portant a terme\u00a0en diversos instituts p\u00fablics de Catalunya, tot compartint experi\u00e8ncies de millora experimentades\u00a0per aquests.<\/p>\n<p>L\u2019acte d\u2019inauguraci\u00f3 de la jornada es far\u00e0 a dos quarts de 10 del mat\u00ed i anir\u00e0 a c\u00e0rrec\u00a0 de la directora general de Formaci\u00f3 Professional del Departament d\u2019Ensenyament, Maria Rosa \u00a0Fortuny, de l\u2019alcalde de Tarragona, Joan Miquel Nadal i del director de l\u2019IES-SEP Comte de Rius de\u00a0Tarragona, Antoni Barrufet. Tot seguit el catedr\u00e0tic d\u2019Enginyeria Qu\u00edmica de la UPC i director\u00a0acad\u00e8mic de la Fundaci\u00f3 Universit\u00e0ria Polit\u00e8cnica, Joaquim Oliv\u00e9 Duran, parlar\u00e0 sobre La\u00a0planificaci\u00f3 i la gesti\u00f3 estrat\u00e8gica en un centre educatiu en el decurs de la confer\u00e8ncia\u00a0inaugural.Seguidament, s\u2019obriran simult\u00e0niament les seg\u00fcents quatre pon\u00e8ncies :<\/p>\n<ul>\n<li><strong>Pon\u00e8ncia A:<\/strong>\u00a0Gesti\u00f3 de la qualitat en un centre educatiu, on intervindr\u00e0 la directora de l\u2019IES Quercus, Anna\u00a0Torruella, i el director de l\u2019IES Donapea de Navarra. La moderar\u00e0 Salvador Soler, inspector\u00a0d\u2019Ensenyament.<\/li>\n<li><strong>Pon\u00e8ncia B:<\/strong>\u00a0Programaci\u00f3, desenvolupament i millora del proc\u00e9s educatiu, on\u00a0 intervindr\u00e0 el coordinador de qualitat de l\u2019IES-SEP Lacet\u00e0nia, Francesc Fern\u00e1ndez, i la directora de\u00a0l\u2019IES Escola Bonanova, Maria \u00c0ngels Chavarria. La moderar\u00e0 el director de l\u2019IES Montsi\u00e0, Dom\u00e8nec\u00a0Noguera.<\/li>\n<li><strong>Pon\u00e8ncia C:<\/strong>\u00a0Sistemes d\u2019informaci\u00f3 i comunicaci\u00f3 com a eines de suport a la gesti\u00f3, on\u00a0intervindr\u00e0 el subdirector d\u2019FP i coordinador de qualitat de l\u2019IES-SEP Esteve Terrades, J.A. Andr\u00e9s\u00a0Villena, el coordinador inform\u00e0tic de l\u2019IES-SEP La Garrotxa, Antoni Bach, el coordinador de qualitat\u00a0de l\u2019IES-SEP La Garrotxa, Xavier Verdaguer, el coordinador de qualitat de l\u2019IES-SEP F.Vidal i\u00a0Barraquer, Josep Camps i el director de l\u2019IES Narc\u00eds Xifra, Joaquim Bosch. La moderar\u00e0 el director\u00a0de l\u2019IES-SEP de l\u2019Ebre, \u00c0ngel Aznar.<\/li>\n<li><strong>Pon\u00e8ncia D:<\/strong>\u00a0Models d\u2019organitzaci\u00f3 funcional d\u2019un centre\u00a0educatiu: l\u2019organitzaci\u00f3 del temps, la comunicaci\u00f3 horitzontal i vertical, la presa de decisions, on\u00a0 intervindr\u00e0 el director de l\u2019IES-SEP Lacet\u00e0nia, Francesc Vila i el director de l\u2019IES-SEP La Garrotxa,\u00a0Josep Guix. La moderar\u00e0 el director de l\u2019IES-SEP Guind\u00e0vols, Jes\u00fas Castillo.<\/li>\n<\/ul>\n<p>A la tarda es portaran\u00a0a terme simult\u00e0niament els seg\u00fcents vuit tallers: Disseny, revisi\u00f3 i millora del PCC; Gesti\u00f3 de la\u00a0satisfacci\u00f3 dels grups d\u2019inter\u00e8s d\u2019un institut (alumnat, fam\u00edlies, empreses, etc); Elaboraci\u00f3 i\u00a0desplegament del pla estrat\u00e8gic de centre; Organitzaci\u00f3 de la gesti\u00f3 de la qualitat; Gesti\u00f3 de les\u00a0empreses col\u00b7laboradores i seguiment de la FCT; Desenvolupament del sistema de qualitat.\u00a0Auditories internes i externes; Acollida, seguiment, orientaci\u00f3 i avaluaci\u00f3 de l\u2019alumnat i Relacions\u00a0externes. Col\u00b7laboracions i aliances amb altres institucions.I finalment, es far\u00e0 l\u2019acte de cloenda de\u00a0la jornada i el lliurament de certificats als assistents.Barcelona, 12 de novembre de 2003.<\/p>\n","protected":false},"excerpt":{"rendered":"<p>L&#8217;INS Comte de Rius de Tarragona acull la tercera Jornada de Qualitat a l&#8217;Ensenyament<br \/>\n<a href=\"https:\/\/projectes.xtec.cat\/qualitatfp\/wp-content\/uploads\/usu772\/2021\/03\/JQcomte-de-rius.pdf\" target=\"_blank\" rel=\"noopener noreferrer\">Programa de la jornada<\/a><br \/>\nEl Departament d\u2019Ensenyament organitza per tercer any consecutiu la Jornada de Qualitat a\u00a0l\u2019Ensenyament i intercanvi d\u2019experi\u00e8ncies. Enguany aquesta Jornada, que t\u00e9 car\u00e0cter itinerant, es\u00a0far\u00e0 dem\u00e0&hellip;  <a href=\"https:\/\/projectes.xtec.cat\/qualitatfp\/projectes\/jornades-de-difusio\/jornada-de-qualitat\/iii-jornada-de-qualitat\/\" title=\"Read III Jornada de qualitat\">Llegeix m\u00e9s\u00bb<\/a><\/p>\n","protected":false},"author":1,"featured_media":0,"parent":8565,"menu_order":170,"comment_status":"closed","ping_status":"closed","template":"page-templates\/side-menu.php","meta":{"_bbp_topic_count":0,"_bbp_reply_count":0,"_bbp_total_topic_count":0,"_bbp_total_reply_count":0,"_bbp_voice_count":0,"_bbp_anonymous_reply_count":0,"_bbp_topic_count_hidden":0,"_bbp_reply_count_hidden":0,"_bbp_forum_subforum_count":0,"footnotes":""},"class_list":["post-9479","page","type-page","status-publish","hentry"],"post_mailing_queue_ids":[],"_links":{"self":[{"href":"https:\/\/projectes.xtec.cat\/qualitatfp\/wp-json\/wp\/v2\/pages\/9479","targetHints":{"allow":["GET"]}}],"collection":[{"href":"https:\/\/projectes.xtec.cat\/qualitatfp\/wp-json\/wp\/v2\/pages"}],"about":[{"href":"https:\/\/projectes.xtec.cat\/qualitatfp\/wp-json\/wp\/v2\/types\/page"}],"author":[{"embeddable":true,"href":"https:\/\/projectes.xtec.cat\/qualitatfp\/wp-json\/wp\/v2\/users\/1"}],"replies":[{"embeddable":true,"href":"https:\/\/projectes.xtec.cat\/qualitatfp\/wp-json\/wp\/v2\/comments?post=9479"}],"version-history":[{"count":2,"href":"https:\/\/projectes.xtec.cat\/qualitatfp\/wp-json\/wp\/v2\/pages\/9479\/revisions"}],"predecessor-version":[{"id":9550,"href":"https:\/\/projectes.xtec.cat\/qualitatfp\/wp-json\/wp\/v2\/pages\/9479\/revisions\/9550"}],"up":[{"embeddable":true,"href":"https:\/\/projectes.xtec.cat\/qualitatfp\/wp-json\/wp\/v2\/pages\/8565"}],"wp:attachment":[{"href":"https:\/\/projectes.xtec.cat\/qualitatfp\/wp-json\/wp\/v2\/media?parent=9479"}],"curies":[{"name":"wp","href":"https:\/\/api.w.org\/{rel}","templated":true}]}}