{"id":9484,"date":"2021-03-09T23:54:17","date_gmt":"2021-03-09T22:54:17","guid":{"rendered":"https:\/\/projectes.xtec.cat\/qualitatfp\/?page_id=9484"},"modified":"2022-10-19T13:35:01","modified_gmt":"2022-10-19T11:35:01","slug":"ii-jornada-de-qualitat","status":"publish","type":"page","link":"https:\/\/projectes.xtec.cat\/qualitatfp\/projectes\/jornades-de-difusio\/jornada-de-qualitat\/ii-jornada-de-qualitat\/","title":{"rendered":"II Jornada de qualitat"},"content":{"rendered":"<p>7 de novembre de 2002, IES-SEP La Garrotxa<\/p>\n<p><a href=\"https:\/\/projectes.xtec.cat\/qualitatfp\/wp-content\/uploads\/usu772\/2021\/03\/olot_II_jornada.pdf\" target=\"_blank\" rel=\"noopener noreferrer\">Programa de la Jornada<\/a><\/p>\n<p><strong>9.30h<\/strong>. Lliurament d ela documentaci\u00f3.<\/p>\n<p><strong>09.45h<\/strong>. Inici de la Jornada.<\/p>\n<p>Salutaci\u00f3 de benvinguda a c\u00e0rrec del Sr. Josep M. Guix, director de l&#8217;IES-SEP la Garrotxa.<\/p>\n<p>Inauguraci\u00f3 de la Jornada a c\u00e0rrec de la Sra. Maria Rosa Fortuny, directora general de Formaci\u00f3 Professional.<\/p>\n","protected":false},"excerpt":{"rendered":"<p>7 de novembre de 2002, IES-SEP La Garrotxa<br \/>\n<a href=\"https:\/\/projectes.xtec.cat\/qualitatfp\/wp-content\/uploads\/usu772\/2021\/03\/olot_II_jornada.pdf\" target=\"_blank\" rel=\"noopener noreferrer\">Programa de la Jornada<\/a><br \/>\n9.30h. Lliurament d ela documentaci\u00f3.<br \/>\n09.45h. Inici de la Jornada.<br \/>\nSalutaci\u00f3 de benvinguda a c\u00e0rrec del Sr. Josep M. Guix, director de l&#8217;IES-SEP la Garrotxa.<br \/>\nInauguraci\u00f3 de la Jornada a c\u00e0rrec de la Sra.&hellip;  <a href=\"https:\/\/projectes.xtec.cat\/qualitatfp\/projectes\/jornades-de-difusio\/jornada-de-qualitat\/ii-jornada-de-qualitat\/\" title=\"Read II Jornada de qualitat\">Llegeix m\u00e9s\u00bb<\/a><\/p>\n","protected":false},"author":1,"featured_media":0,"parent":8565,"menu_order":180,"comment_status":"closed","ping_status":"closed","template":"page-templates\/side-menu.php","meta":{"_bbp_topic_count":0,"_bbp_reply_count":0,"_bbp_total_topic_count":0,"_bbp_total_reply_count":0,"_bbp_voice_count":0,"_bbp_anonymous_reply_count":0,"_bbp_topic_count_hidden":0,"_bbp_reply_count_hidden":0,"_bbp_forum_subforum_count":0,"footnotes":""},"class_list":["post-9484","page","type-page","status-publish","hentry"],"post_mailing_queue_ids":[],"_links":{"self":[{"href":"https:\/\/projectes.xtec.cat\/qualitatfp\/wp-json\/wp\/v2\/pages\/9484","targetHints":{"allow":["GET"]}}],"collection":[{"href":"https:\/\/projectes.xtec.cat\/qualitatfp\/wp-json\/wp\/v2\/pages"}],"about":[{"href":"https:\/\/projectes.xtec.cat\/qualitatfp\/wp-json\/wp\/v2\/types\/page"}],"author":[{"embeddable":true,"href":"https:\/\/projectes.xtec.cat\/qualitatfp\/wp-json\/wp\/v2\/users\/1"}],"replies":[{"embeddable":true,"href":"https:\/\/projectes.xtec.cat\/qualitatfp\/wp-json\/wp\/v2\/comments?post=9484"}],"version-history":[{"count":1,"href":"https:\/\/projectes.xtec.cat\/qualitatfp\/wp-json\/wp\/v2\/pages\/9484\/revisions"}],"predecessor-version":[{"id":9486,"href":"https:\/\/projectes.xtec.cat\/qualitatfp\/wp-json\/wp\/v2\/pages\/9484\/revisions\/9486"}],"up":[{"embeddable":true,"href":"https:\/\/projectes.xtec.cat\/qualitatfp\/wp-json\/wp\/v2\/pages\/8565"}],"wp:attachment":[{"href":"https:\/\/projectes.xtec.cat\/qualitatfp\/wp-json\/wp\/v2\/media?parent=9484"}],"curies":[{"name":"wp","href":"https:\/\/api.w.org\/{rel}","templated":true}]}}