{"id":9494,"date":"2021-03-10T00:02:36","date_gmt":"2021-03-09T23:02:36","guid":{"rendered":"https:\/\/projectes.xtec.cat\/qualitatfp\/?page_id=9494"},"modified":"2021-03-10T00:02:36","modified_gmt":"2021-03-09T23:02:36","slug":"altres-activitats","status":"publish","type":"page","link":"https:\/\/projectes.xtec.cat\/qualitatfp\/altres-activitats\/","title":{"rendered":"Altres activitats"},"content":{"rendered":"<p><strong><a href=\"https:\/\/projectes.xtec.cat\/qualitatfp\/wp-content\/uploads\/usu772\/2021\/03\/2014_jornada_cloenda_programa_def.pdf\" target=\"_blank\" rel=\"noopener noreferrer\">Jornada de Cloenda i transfer\u00e8ncia de Bones Pr\u00e0ctiques del curs 2013\/14:<\/a><\/strong><\/p>\n<p>19 de juny de 2014, al Centre d&#8217;Alt Rendiment de Sant Cugat -CAR-<\/p>\n<p>PROGRAMA DE LA JORNADA<\/p>\n<p><strong>09:15 h<\/strong>\u00a0Inauguraci\u00f3 de la Jornada. A c\u00e0rrec del Sr. Joan Fontser\u00e8, director del CAR de Sant Cugat.<\/p>\n<p><strong>09:30 h<\/strong>\u00a0Inici de la Jornada. Benvinguda a c\u00e0rrec del senyor Jos\u00e9 Antonio Martin, subdirector general de<\/p>\n<p>Programes, Formaci\u00f3 i Innovaci\u00f3.<\/p>\n<p>&#8211; Valoraci\u00f3 de treball realitzat en les Xarxes durant el curs 2013-14: Vict\u00f2ria Ramos, Olga Romero,<\/p>\n<p>Prudenci Ravent\u00f2s i Andr\u00e9s Villena, coordinadors del Projecte; Marta Rodr\u00edguez i Joan Martos,<\/p>\n<p>directora i coordinador de qualitat de l\u2019Institut La Serreta, i Gl\u00f2ria Montoy directora de l\u2019Institut Carles<\/p>\n<p>Vallbona, representants de centres de les Xarxes Qs i Es.<\/p>\n<p>&#8211; La gesti\u00f3 per processos i el Projecte de QiMC: Andr\u00e9s Villena.<\/p>\n<p><strong>10: 45 h Pausa-caf\u00e8\u00a0<\/strong><\/p>\n<p><strong>11:15 h<\/strong>\u00a0Taula rodona de presentaci\u00f3 de bones pr\u00e0ctiques sobre la gesti\u00f3 de la qualitat i la tutoria:<\/p>\n<p>&#8211; Vict\u00f2ria Ismael, Cap d\u2019Estudis de l\u2019INS Pere Martell: el seguiment i registre del PAT de l\u2019FP.<\/p>\n<p>&#8211; Francesc C\u00f3rdoba, Orientador ECA Santa Coloma de Farners: l\u2019acompanyament de l\u2019alumnat<\/p>\n<p>d\u2019FCT.<\/p>\n<p>&#8211; Elena L\u00f3pez, Coordinadora d\u2019FP de l\u2019INS Bonanova: el PAT d\u2019FP i el desenvolupament de les<\/p>\n<p>compet\u00e8ncies socials als cicles formatius de la Fam\u00edlia de Sanitat.<\/p>\n<p><strong>12:00 h<\/strong>\u00a0Balan\u00e7 resultats auditories externes del curs 2013\/14 i propostes nou curs, a c\u00e0rrec de Carla<\/p>\n<p>Debat, auditora en cap d\u2019APPLUS.<\/p>\n<p><strong>12:15 h\u00a0<\/strong>Balan\u00e7 del curs i nous objectius per al 2014\/15, a c\u00e0rrec del senyor Ferran Castrillo, cap del Servei<\/p>\n<p>de Programes i Projectes de Foment dels Ensenyaments Professionals.<\/p>\n<p><strong>12:45 h\u00a0<\/strong>Classe final de curs: \u201cLa motivaci\u00f3 com a ingredient d\u2019excel\u00b7l\u00e8ncia\u201d, a c\u00e0rrec de Pep Mar\u00ed, cap de<\/p>\n<p>departament de psicologia de l\u2019esport (CAR de Sant Cugat).<\/p>\n<p><strong>13:30 h<\/strong>\u00a0Tancament de la Jornada, a c\u00e0rrec del senyor Melcior Arcarons i Rua, director general de la<\/p>\n<p>Formaci\u00f3 Professional Inicial i Ensenyaments de R\u00e8gim Especial.<\/p>\n<p><strong>ACTIVITATS OPCIONALS\u00a0<\/strong><\/p>\n<p>De 14.00 a 15.30h. Dinar al CAR<\/p>\n<p>De 16.00 a 17.00h. Visita guiada al Sincrotr\u00f3 Alba<\/p>\n<div><\/div>\n<hr \/>\n<p><strong><a href=\"https:\/\/projectes.xtec.cat\/qualitatfp\/wp-content\/uploads\/usu772\/2021\/03\/programa_jornada_cloenda_pqimc_2013.pdf\" target=\"_blank\" rel=\"noopener noreferrer\">Jornada de Cloenda i transfer\u00e8ncia de Bones Pr\u00e0ctiques del curs 2012\/13:<\/a><\/strong><\/p>\n<p>13 de juny de 2013, al Centre d&#8217;Alt Rendiment de Sant Cugat -CAR-<\/p>\n<p>10.30h. Presentaci\u00f3 de la Jornada<\/p>\n<p>&#8230;<\/p>\n<p>14.30h. Final de la Jornada<\/p>\n<p>Dinar al CAR<\/p>\n<p>16.30h. Visita guiada a les instal\u00b7lacions del CAR<\/p>\n<p>17.30h. Fi de l&#8217;activitat<\/p>\n<p><strong>Activitats anys anteriors:<\/strong><\/p>\n<p><img decoding=\"async\" src=\"http:\/\/xtec.gencat.cat\/web\/.content\/alfresco\/d\/d\/workspace\/SpacesStore\/0030\/eccf4d29-df1f-4a17-8aae-2dcadb363c2a\/jbp.jpg\" alt=\"jbp_girona_2009\" align=\"left\" \/><\/p>\n","protected":false},"excerpt":{"rendered":"<p><a href=\"https:\/\/projectes.xtec.cat\/qualitatfp\/wp-content\/uploads\/usu772\/2021\/03\/2014_jornada_cloenda_programa_def.pdf\" target=\"_blank\" rel=\"noopener noreferrer\">Jornada de Cloenda i transfer\u00e8ncia de Bones Pr\u00e0ctiques del curs 2013\/14:<\/a><br \/>\n19 de juny de 2014, al Centre d&#8217;Alt Rendiment de Sant Cugat -CAR-<br \/>\nPROGRAMA DE LA JORNADA<br \/>\n09:15 h\u00a0Inauguraci\u00f3 de la Jornada. A c\u00e0rrec del Sr. Joan Fontser\u00e8, director del CAR de Sant&hellip;  <a href=\"https:\/\/projectes.xtec.cat\/qualitatfp\/altres-activitats\/\" title=\"Read Altres activitats\">Llegeix m\u00e9s\u00bb<\/a><\/p>\n","protected":false},"author":1,"featured_media":0,"parent":0,"menu_order":0,"comment_status":"closed","ping_status":"closed","template":"","meta":{"_bbp_topic_count":0,"_bbp_reply_count":0,"_bbp_total_topic_count":0,"_bbp_total_reply_count":0,"_bbp_voice_count":0,"_bbp_anonymous_reply_count":0,"_bbp_topic_count_hidden":0,"_bbp_reply_count_hidden":0,"_bbp_forum_subforum_count":0,"footnotes":""},"class_list":["post-9494","page","type-page","status-publish","hentry"],"post_mailing_queue_ids":[],"_links":{"self":[{"href":"https:\/\/projectes.xtec.cat\/qualitatfp\/wp-json\/wp\/v2\/pages\/9494","targetHints":{"allow":["GET"]}}],"collection":[{"href":"https:\/\/projectes.xtec.cat\/qualitatfp\/wp-json\/wp\/v2\/pages"}],"about":[{"href":"https:\/\/projectes.xtec.cat\/qualitatfp\/wp-json\/wp\/v2\/types\/page"}],"author":[{"embeddable":true,"href":"https:\/\/projectes.xtec.cat\/qualitatfp\/wp-json\/wp\/v2\/users\/1"}],"replies":[{"embeddable":true,"href":"https:\/\/projectes.xtec.cat\/qualitatfp\/wp-json\/wp\/v2\/comments?post=9494"}],"version-history":[{"count":1,"href":"https:\/\/projectes.xtec.cat\/qualitatfp\/wp-json\/wp\/v2\/pages\/9494\/revisions"}],"predecessor-version":[{"id":9497,"href":"https:\/\/projectes.xtec.cat\/qualitatfp\/wp-json\/wp\/v2\/pages\/9494\/revisions\/9497"}],"wp:attachment":[{"href":"https:\/\/projectes.xtec.cat\/qualitatfp\/wp-json\/wp\/v2\/media?parent=9494"}],"curies":[{"name":"wp","href":"https:\/\/api.w.org\/{rel}","templated":true}]}}