{"id":9851,"date":"2021-06-11T10:05:22","date_gmt":"2021-06-11T08:05:22","guid":{"rendered":"https:\/\/projectes.xtec.cat\/qualitatfp\/?page_id=9851"},"modified":"2026-02-02T10:08:18","modified_gmt":"2026-02-02T09:08:18","slug":"cursos-a-mida-de-gestio-de-la-qualitat","status":"publish","type":"page","link":"https:\/\/projectes.xtec.cat\/qualitatfp\/cursos-a-mida-de-gestio-de-la-qualitat\/","title":{"rendered":"Formaci\u00f3"},"content":{"rendered":"<p>Aqu\u00ed podeu trobar els enlla\u00e7os per poder realitzar la inscripci\u00f3 a les diferents formacions que us hem preparat durant el curs 2025-2026. Les formacions previstes s\u00f3n les seg\u00fcents:<\/p>\n<div><\/div>\n<div><\/div>\n<div>\n<table style=\"border-collapse: collapse; width: 98.0108%; height: 48px;\">\n<tbody>\n<tr style=\"height: 24px;\">\n<td style=\"width: 9.09091%; height: 48px;\">0002250600<\/td>\n<td style=\"width: 93.6841%; height: 48px;\"><a href=\"https:\/\/aplicacions.gestioeducativa.gencat.cat\/ords\/pls\/soloas\/pk_for_mod_ins.p_for_detall_activitat?p_header=Llista%20d%27activitats%5epk_for_mod_ins.p_for_cons_activitats?p_any=2025-2026%26p_totes=N%26p_inici=41%26p_excloure_crp_rec=T&amp;p_codi=0002250600&amp;p_curs=2025-2026&amp;p_excloure_crp_rec=T\"><span style=\"font-weight: 400;\"><span style=\"text-decoration: underline;\"><strong><span style=\"color: #2f5d5d;\"><span style=\"font-family: arial, helvetica, geneva; font-size: small;\"><b>Introducci\u00f3 a la gesti\u00f3 de la qualitat i millora cont\u00ednua<\/b><\/span><\/span><\/strong><\/span><\/span><\/a><br \/>\n<span style=\"font-family: arial, helvetica, geneva; font-size: small;\">Del 10\/3\/2026 al 14\/4\/2026 (\u00a030 hores &#8211; 2 sessions\u00a0)\u00a0de 15:30h a 17:30h Curs a dist\u00e0ncia<\/span><\/td>\n<td style=\"width: 0.966184%; height: 48px;\"><\/td>\n<\/tr>\n<\/tbody>\n<\/table>\n<\/div>\n<div>\n<table style=\"border-collapse: collapse; width: 98.0108%; height: 24px;\">\n<tbody>\n<tr style=\"height: 24px;\">\n<td style=\"width: 9.09091%; height: 48px;\">0002390600<\/td>\n<td style=\"width: 93.6841%;\"><a href=\"https:\/\/aplicacions.gestioeducativa.gencat.cat\/ords\/pls\/soloas\/pk_for_mod_ins.p_for_detall_activitat?p_header=Llista%20d%27activitats%5Epk_for_mod_ins.p_for_cons_activitats?p_entitat=0600%26p_any=2025-2026%26p_totes=N%26p_inici=41%26p_excloure_crp_rec=T&amp;p_codi=0002390600&amp;p_curs=2025-2026&amp;p_excloure_crp_rec=T\"><span style=\"font-weight: 400;\"><span style=\"text-decoration: underline;\"><strong><span style=\"color: #2f5d5d;\"><span style=\"font-family: arial, helvetica, geneva; font-size: small;\"><b>Auditories internes ISO 9001 en centres educatius<\/b><\/span><\/span><\/strong><\/span><\/span><\/a><br \/>\n<span style=\"font-family: arial, helvetica, geneva; font-size: small;\"> Del 11\/3\/2026 al 20\/5\/2026 ( 60 hores &#8211; 1 sessions ) de 15:30h a 18:30h<br \/>\nINS Hospital del Mar FP Sanit\u00e0ria<br \/>\npg. de Circumval\u00b7laci\u00f3, 8 ( Barcelona ) Curs a dist\u00e0ncia<\/span><\/td>\n<td style=\"width: 0.966184%;\"><\/td>\n<\/tr>\n<\/tbody>\n<\/table>\n<\/div>\n<div>\n<table style=\"border-collapse: collapse; width: 98.0108%; height: 24px;\">\n<tbody>\n<tr style=\"height: 24px;\">\n<td style=\"width: 9.09091%; height: 48px;\">0002240600<\/td>\n<td style=\"width: 93.6841%;\"><a href=\"https:\/\/aplicacions.gestioeducativa.gencat.cat\/ords\/pls\/soloas\/pk_for_mod_ins.p_for_detall_activitat?p_header=Llista%20d%27activitats%5epk_for_mod_ins.p_for_cons_activitats?p_any=2025-2026%26p_totes=N%26p_inici=31%26p_excloure_crp_rec=T&amp;p_codi=0002240600&amp;p_curs=2025-2026&amp;p_excloure_crp_rec=T\"><span style=\"font-weight: 400;\"><span style=\"text-decoration: underline;\"><strong><span style=\"color: #2f5d5d;\"><span style=\"font-family: arial, helvetica, geneva; font-size: small;\"><b>Auditories internes als centres educatius. Integraci\u00f3 de sistemes 45001 i 14001<\/b><\/span><\/span><\/strong><\/span><\/span><\/a><br \/>\n<span style=\"font-family: arial, helvetica, geneva; font-size: small;\">Del 2\/3\/2026 al 30\/3\/2026 ( 20 hores &#8211; 5 sessions ) de 15:00h a 18:00h Curs a dist\u00e0ncia<\/span><\/td>\n<td style=\"width: 0.966184%;\"><\/td>\n<\/tr>\n<\/tbody>\n<\/table>\n<\/div>\n","protected":false},"excerpt":{"rendered":"<p>Aqu\u00ed podeu trobar els enlla\u00e7os per poder realitzar la inscripci\u00f3 a les diferents formacions que us hem preparat durant el curs 2025-2026. Les formacions previstes s\u00f3n les seg\u00fcents:<\/p>\n<p>0002250600<br \/>\n<a href=\"https:\/\/aplicacions.gestioeducativa.gencat.cat\/ords\/pls\/soloas\/pk_for_mod_ins.p_for_detall_activitat?p_header=Llista%20d%27activitats%5epk_for_mod_ins.p_for_cons_activitats?p_any=2025-2026%26p_totes=N%26p_inici=41%26p_excloure_crp_rec=T&amp;p_codi=0002250600&amp;p_curs=2025-2026&amp;p_excloure_crp_rec=T\">Introducci\u00f3 a la gesti\u00f3 de la qualitat i millora cont\u00ednua<\/a><br \/>\nDel 10\/3\/2026 al 14\/4\/2026 (\u00a030 hores &#8211; 2&hellip;  <a href=\"https:\/\/projectes.xtec.cat\/qualitatfp\/cursos-a-mida-de-gestio-de-la-qualitat\/\" title=\"Read Formaci\u00f3\">Llegeix m\u00e9s\u00bb<\/a><\/p>\n","protected":false},"author":1,"featured_media":0,"parent":0,"menu_order":0,"comment_status":"closed","ping_status":"closed","template":"","meta":{"_bbp_topic_count":0,"_bbp_reply_count":0,"_bbp_total_topic_count":0,"_bbp_total_reply_count":0,"_bbp_voice_count":0,"_bbp_anonymous_reply_count":0,"_bbp_topic_count_hidden":0,"_bbp_reply_count_hidden":0,"_bbp_forum_subforum_count":0,"footnotes":""},"class_list":["post-9851","page","type-page","status-publish","hentry"],"post_mailing_queue_ids":[],"_links":{"self":[{"href":"https:\/\/projectes.xtec.cat\/qualitatfp\/wp-json\/wp\/v2\/pages\/9851","targetHints":{"allow":["GET"]}}],"collection":[{"href":"https:\/\/projectes.xtec.cat\/qualitatfp\/wp-json\/wp\/v2\/pages"}],"about":[{"href":"https:\/\/projectes.xtec.cat\/qualitatfp\/wp-json\/wp\/v2\/types\/page"}],"author":[{"embeddable":true,"href":"https:\/\/projectes.xtec.cat\/qualitatfp\/wp-json\/wp\/v2\/users\/1"}],"replies":[{"embeddable":true,"href":"https:\/\/projectes.xtec.cat\/qualitatfp\/wp-json\/wp\/v2\/comments?post=9851"}],"version-history":[{"count":6,"href":"https:\/\/projectes.xtec.cat\/qualitatfp\/wp-json\/wp\/v2\/pages\/9851\/revisions"}],"predecessor-version":[{"id":13861,"href":"https:\/\/projectes.xtec.cat\/qualitatfp\/wp-json\/wp\/v2\/pages\/9851\/revisions\/13861"}],"wp:attachment":[{"href":"https:\/\/projectes.xtec.cat\/qualitatfp\/wp-json\/wp\/v2\/media?parent=9851"}],"curies":[{"name":"wp","href":"https:\/\/api.w.org\/{rel}","templated":true}]}}