{"id":8313,"date":"2025-06-04T13:45:16","date_gmt":"2025-06-04T11:45:16","guid":{"rendered":"https:\/\/projectes.xtec.cat\/recerca\/?page_id=8313"},"modified":"2026-01-14T13:47:46","modified_gmt":"2026-01-14T12:47:46","slug":"funcions","status":"publish","type":"page","link":"https:\/\/projectes.xtec.cat\/recerca\/funcions\/","title":{"rendered":"Funcions del Servei de Recerca i Innovaci\u00f3 Educativa"},"content":{"rendered":"\n<p>Corresponen al Servei de Recerca i Innovaci\u00f3 Educativa les funcions seg\u00fcents:<\/p>\n\n\n\n<ul class=\"wp-block-list\">\n<li>a) Coordinar actuacions de millora i formaci\u00f3 permanent conjuntament amb altres unitats, organismes i universitats, i executar-ne el seguiment.<\/li>\n\n\n\n<li>b) Implementar plans d&#8217;assessorament i acompanyament als centres, gestionar-los i controlar-ne l&#8217;execuci\u00f3.<\/li>\n\n\n\n<li>c) Identificar, fer seguiment, promoure i transferir projectes i pr\u00e0ctiques educatives de refer\u00e8ncia.<\/li>\n\n\n\n<li>d) Proposar i coordinar programes de millora per a centres i aprenentatges de l&#8217;alumnat.<\/li>\n\n\n\n<li>e) Aplicar criteris de creaci\u00f3 de centres de refer\u00e8ncia i gestionar recursos per desplegar-los.<\/li>\n\n\n\n<li>f) Coordinar el desenvolupament del Marc de la innovaci\u00f3 educativa de Catalunya.<\/li>\n\n\n\n<li>g) Donar suport a la planificaci\u00f3, el seguiment i l&#8217;avaluaci\u00f3 de programes de millora educativa.<\/li>\n\n\n\n<li>h) Promoure un ecosistema d&#8217;innovaci\u00f3 educativa a trav\u00e9s de convenis, acords i col\u00b7laboracions institucionals.<\/li>\n\n\n\n<li>i) Impulsar iniciatives innovadores de docents i centres i establir-ne sistemes de reconeixement.<\/li>\n\n\n\n<li>j) Dissenyar i desenvolupar plans de recerca en mat\u00e8ries priorit\u00e0ries amb universitats i entitats.<\/li>\n\n\n\n<li>k) Establir xarxes i contactes d&#8217;intercanvi amb organismes internacionals de refer\u00e8ncia.<\/li>\n\n\n\n<li>l) Formular propostes d&#8217;avaluaci\u00f3 de l&#8217;impacte de projectes, per millorar efici\u00e8ncia, equitat i retiment de comptes.<\/li>\n\n\n\n<li>m) Mesurar la innovaci\u00f3 i instaurar una cultura de l&#8217;avaluaci\u00f3 amb presa de decisions basada en l&#8217;evid\u00e8ncia.<\/li>\n\n\n\n<li>n) Identificar innovacions en els diversos \u00e0mbits del sistema educatiu i construir m\u00e8triques per analitzar-ne els impactes.<\/li>\n\n\n\n<li>o) Elaborar informes tem\u00e0tics i traslladar-ne aplicacions al camp educatiu.<\/li>\n\n\n\n<li>p) Difondre resultats de recerques i proposar plans de millora per a la seva aplicaci\u00f3.<\/li>\n\n\n\n<li>q) Formular mesures de transfer\u00e8ncia en doc\u00e8ncia, organitzaci\u00f3 i lideratge.<\/li>\n\n\n\n<li>r) Fomentar projectes de recerca orientats a obtenir evid\u00e8ncies per millorar el sistema, en col\u00b7laboraci\u00f3 entre administracions, universitats, empreses i entitats.<\/li>\n\n\n\n<li>s) Col\u00b7laborar en sistemes d&#8217;informaci\u00f3 per facilitar l&#8217;acc\u00e9s a dades per a la recerca.<\/li>\n\n\n\n<li>t) Gestionar la recopilaci\u00f3 dels indicadors, controlar la coher\u00e8ncia de les dades i desenvolupar el contingut de la mem\u00f2ria anual, d&#8217;acord amb les directrius de la Subdirecci\u00f3 General.<\/li>\n\n\n\n<li>u) Qualsevol altra funci\u00f3 que li sigui encomanada en relaci\u00f3 amb les anteriors.<\/li>\n<\/ul>\n\n\n\n<p><\/p>\n\n\n\n<p>Font: <a href=\"https:\/\/dogc.gencat.cat\/ca\/document-del-dogc\/?documentId=1033176\">https:\/\/dogc.gencat.cat\/ca\/document-del-dogc\/?documentId=1033176<\/a><\/p>\n","protected":false},"excerpt":{"rendered":"<p>Corresponen al Servei de Recerca i Innovaci\u00f3 Educativa les funcions seg\u00fcents: Font: https:\/\/dogc.gencat.cat\/ca\/document-del-dogc\/?documentId=1033176<\/p>\n","protected":false},"author":1,"featured_media":0,"parent":0,"menu_order":0,"comment_status":"closed","ping_status":"closed","template":"","meta":{"site-sidebar-layout":"default","site-content-layout":"","ast-site-content-layout":"default","site-content-style":"default","site-sidebar-style":"default","ast-global-header-display":"","ast-banner-title-visibility":"","ast-main-header-display":"","ast-hfb-above-header-display":"","ast-hfb-below-header-display":"","ast-hfb-mobile-header-display":"","site-post-title":"","ast-breadcrumbs-content":"","ast-featured-img":"","footer-sml-layout":"","theme-transparent-header-meta":"","adv-header-id-meta":"","stick-header-meta":"","header-above-stick-meta":"","header-main-stick-meta":"","header-below-stick-meta":"","astra-migrate-meta-layouts":"set","ast-page-background-enabled":"default","ast-page-background-meta":{"desktop":{"background-color":"var(--ast-global-color-4)","background-image":"","background-repeat":"repeat","background-position":"center center","background-size":"auto","background-attachment":"scroll","background-type":"","background-media":"","overlay-type":"","overlay-color":"","overlay-opacity":"","overlay-gradient":""},"tablet":{"background-color":"","background-image":"","background-repeat":"repeat","background-position":"center center","background-size":"auto","background-attachment":"scroll","background-type":"","background-media":"","overlay-type":"","overlay-color":"","overlay-opacity":"","overlay-gradient":""},"mobile":{"background-color":"","background-image":"","background-repeat":"repeat","background-position":"center center","background-size":"auto","background-attachment":"scroll","background-type":"","background-media":"","overlay-type":"","overlay-color":"","overlay-opacity":"","overlay-gradient":""}},"ast-content-background-meta":{"desktop":{"background-color":"var(--ast-global-color-5)","background-image":"","background-repeat":"repeat","background-position":"center center","background-size":"auto","background-attachment":"scroll","background-type":"","background-media":"","overlay-type":"","overlay-color":"","overlay-opacity":"","overlay-gradient":""},"tablet":{"background-color":"var(--ast-global-color-5)","background-image":"","background-repeat":"repeat","background-position":"center center","background-size":"auto","background-attachment":"scroll","background-type":"","background-media":"","overlay-type":"","overlay-color":"","overlay-opacity":"","overlay-gradient":""},"mobile":{"background-color":"var(--ast-global-color-5)","background-image":"","background-repeat":"repeat","background-position":"center center","background-size":"auto","background-attachment":"scroll","background-type":"","background-media":"","overlay-type":"","overlay-color":"","overlay-opacity":"","overlay-gradient":""}},"footnotes":""},"class_list":["post-8313","page","type-page","status-publish","hentry"],"post_mailing_queue_ids":[],"_links":{"self":[{"href":"https:\/\/projectes.xtec.cat\/recerca\/wp-json\/wp\/v2\/pages\/8313","targetHints":{"allow":["GET"]}}],"collection":[{"href":"https:\/\/projectes.xtec.cat\/recerca\/wp-json\/wp\/v2\/pages"}],"about":[{"href":"https:\/\/projectes.xtec.cat\/recerca\/wp-json\/wp\/v2\/types\/page"}],"author":[{"embeddable":true,"href":"https:\/\/projectes.xtec.cat\/recerca\/wp-json\/wp\/v2\/users\/1"}],"replies":[{"embeddable":true,"href":"https:\/\/projectes.xtec.cat\/recerca\/wp-json\/wp\/v2\/comments?post=8313"}],"version-history":[{"count":6,"href":"https:\/\/projectes.xtec.cat\/recerca\/wp-json\/wp\/v2\/pages\/8313\/revisions"}],"predecessor-version":[{"id":11734,"href":"https:\/\/projectes.xtec.cat\/recerca\/wp-json\/wp\/v2\/pages\/8313\/revisions\/11734"}],"wp:attachment":[{"href":"https:\/\/projectes.xtec.cat\/recerca\/wp-json\/wp\/v2\/media?parent=8313"}],"curies":[{"name":"wp","href":"https:\/\/api.w.org\/{rel}","templated":true}]}}