{"id":8462,"date":"2025-03-24T10:22:52","date_gmt":"2025-03-24T09:22:52","guid":{"rendered":"https:\/\/projectes.xtec.cat\/recerca\/?page_id=8462"},"modified":"2025-06-17T09:15:04","modified_gmt":"2025-06-17T07:15:04","slug":"erasmus-redu","status":"publish","type":"page","link":"https:\/\/projectes.xtec.cat\/recerca\/erasmus-redu\/","title":{"rendered":"Projecte Erasmus+ REDU"},"content":{"rendered":"\n<h2 class=\"wp-block-heading has-ast-global-color-0-color has-text-color has-link-color wp-elements-bfcf7765d9d8d0acbd1f9b5ccd02b1c5\" style=\"font-size:27px\">Internacionalitzaci\u00f3 i transfer\u00e8ncia d&#8217;evid\u00e8ncies educatives<\/h2>\n\n\n\n<div class=\"wp-block-columns is-layout-flex wp-container-core-columns-is-layout-1 wp-block-columns-is-layout-flex\" style=\"padding-right:0;padding-left:0\">\n<div class=\"wp-block-column is-layout-flow wp-block-column-is-layout-flow\">\n<p>El <strong>REDU (Recerca Educativa)<\/strong> \u00e9s l\u2019equip impulsat pel Servei de Recerca Educativa vinculat al <strong>consorci CETE+<\/strong>. La seva missi\u00f3 \u00e9s acompanyar els centres educatius que volen incorporar la recerca educativa com a eina clau per millorar \u00e0rees que consideren priorit\u00e0ries dels seus projectes educatius. <\/p>\n\n\n\n<p>\u00c9s una aposta ferma per la <strong>internacionalitzaci\u00f3<\/strong> i el <strong>treball en xarxa<\/strong> entre docents i escoles per transformar l\u2019educaci\u00f3 i afrontar amb \u00e8xit els reptes educatius del segle XXI.<\/p>\n<\/div>\n\n\n\n<div class=\"wp-block-column is-layout-flow wp-block-column-is-layout-flow\">\n<p>El Programa Erasmus del Consorci Europeu per a la Transformaci\u00f3 Educativa (CETE+) \u00e9s un<strong> projecte de set anys (2021-2027) <\/strong>en el marc del nou programa Erasmus+, gr\u00e0cies a l\u2019acreditaci\u00f3 en l\u2019\u00e0mbit de l\u2019educaci\u00f3 escolar aconseguida pel Departament d\u2019Educaci\u00f3 i Formaci\u00f3 Professional.<\/p>\n\n\n\n<figure class=\"wp-block-image alignright size-large is-resized\"><a href=\"https:\/\/projectes.xtec.cat\/recerca\/wp-content\/uploads\/usu2090\/2025\/05\/Logos-Erasmus-i-Cete-junts-alta-transparent-2.png\"><img loading=\"lazy\" decoding=\"async\" width=\"1024\" height=\"307\" src=\"https:\/\/projectes.xtec.cat\/recerca\/wp-content\/uploads\/usu2090\/2025\/05\/Logos-Erasmus-i-Cete-junts-alta-transparent-2-1024x307.png\" alt=\"\" class=\"wp-image-9367\" style=\"width:304px;height:auto\" srcset=\"https:\/\/projectes.xtec.cat\/recerca\/wp-content\/uploads\/usu2090\/2025\/05\/Logos-Erasmus-i-Cete-junts-alta-transparent-2-1024x307.png 1024w, https:\/\/projectes.xtec.cat\/recerca\/wp-content\/uploads\/usu2090\/2025\/05\/Logos-Erasmus-i-Cete-junts-alta-transparent-2-300x90.png 300w, https:\/\/projectes.xtec.cat\/recerca\/wp-content\/uploads\/usu2090\/2025\/05\/Logos-Erasmus-i-Cete-junts-alta-transparent-2-768x230.png 768w, https:\/\/projectes.xtec.cat\/recerca\/wp-content\/uploads\/usu2090\/2025\/05\/Logos-Erasmus-i-Cete-junts-alta-transparent-2-1536x461.png 1536w, https:\/\/projectes.xtec.cat\/recerca\/wp-content\/uploads\/usu2090\/2025\/05\/Logos-Erasmus-i-Cete-junts-alta-transparent-2-2048x614.png 2048w\" sizes=\"auto, (max-width: 1024px) 100vw, 1024px\" \/><\/a><\/figure>\n<\/div>\n<\/div>\n\n\n\n<h2 class=\"wp-block-heading\" style=\"font-size:30px\"><strong>Objectius&nbsp;<\/strong><\/h2>\n\n\n\n<p>Els objectius principals del programa REDU s\u00f3n:<\/p>\n\n\n\n<ul class=\"wp-block-list\">\n<li>Acompanyar els centres en<strong> processos de recerca educativa<\/strong> vinculats a mobilitats internacionals.<\/li>\n\n\n\n<li>Fomentar una <strong>cultura de recerca<\/strong> educativa col\u00b7laborativa i contextualitzada.<\/li>\n\n\n\n<li>Promoure el <strong>treball en xarxa<\/strong> i la <strong>transfer\u00e8ncia<\/strong> de coneixement entre centres.<\/li>\n\n\n\n<li>Facilitar l\u2019<strong>acc\u00e9s a recursos<\/strong>, assessorament i espais de <strong>reflexi\u00f3.<\/strong><\/li>\n<\/ul>\n\n\n\n<div class=\"wp-block-group alignwide is-layout-constrained wp-container-core-group-is-layout-1 wp-block-group-is-layout-constrained\" style=\"padding-right:0;padding-left:0\">\n<h2 class=\"wp-block-heading alignwide\" style=\"font-size:30px\">Recursos<\/h2>\n\n\n\n<div class=\"wp-block-columns alignwide is-layout-flex wp-container-core-columns-is-layout-2 wp-block-columns-is-layout-flex\" style=\"padding-right:0;padding-left:0\">\n<div class=\"wp-block-column box-link has-border-color is-layout-flow wp-block-column-is-layout-flow\" style=\"border-color:#abb8c3;border-width:1px;border-radius:5px;padding-top:var(--wp--preset--spacing--40);padding-right:var(--wp--preset--spacing--40);padding-bottom:var(--wp--preset--spacing--40);padding-left:var(--wp--preset--spacing--40)\">\n<div class=\"wp-block-getwid-icon-box getwid-animation has-text-center\" data-animation=\"zoomBig\"><div class=\"wp-block-getwid-icon-box__icon-container has-layout-stacked is-position-top\"><a href=\"https:\/\/projectes.xtec.cat\/recerca\/erasmus-redu\/historia\/\" target=\"_blank\" rel=\"noreferrer noopener\" class=\"wp-block-getwid-icon-box__icon-wrapper has-text-color has-ast-global-color-0-color\"><i class=\"fas fa-history\"><\/i><\/a><\/div><div class=\"wp-block-getwid-icon-box__content\">\n<h3 class=\"wp-block-heading has-medium-font-size\">Hist\u00f2ric de mobilitats<\/h3>\n<\/div><\/div>\n<\/div>\n\n\n\n<div class=\"wp-block-column box-link has-border-color is-layout-flow wp-block-column-is-layout-flow\" style=\"border-color:#abb8c3;border-width:1px;border-radius:5px;padding-top:var(--wp--preset--spacing--40);padding-right:var(--wp--preset--spacing--40);padding-bottom:var(--wp--preset--spacing--40);padding-left:var(--wp--preset--spacing--40)\">\n<div class=\"wp-block-getwid-icon-box getwid-animation has-text-center\" data-animation=\"zoomBig\"><div class=\"wp-block-getwid-icon-box__icon-container has-layout-stacked is-position-top\"><a href=\"https:\/\/projectes.xtec.cat\/recerca\/erasmus-redu\/tematiques\/\" target=\"_blank\" rel=\"noreferrer noopener\" class=\"wp-block-getwid-icon-box__icon-wrapper has-text-color has-ast-global-color-0-color\"><i class=\"fas fa-bookmark\"><\/i><\/a><\/div><div class=\"wp-block-getwid-icon-box__content\">\n<h3 class=\"wp-block-heading has-medium-font-size\">Tem\u00e0tiques i \u00e0rees d&#8217;inter\u00e8s<\/h3>\n<\/div><\/div>\n<\/div>\n\n\n\n<div class=\"wp-block-column box-link has-border-color has-cyan-bluish-gray-border-color is-layout-flow wp-block-column-is-layout-flow\" style=\"border-width:1px;border-radius:5px;padding-top:var(--wp--preset--spacing--40);padding-right:var(--wp--preset--spacing--40);padding-bottom:var(--wp--preset--spacing--40);padding-left:var(--wp--preset--spacing--40)\">\n<div class=\"wp-block-getwid-icon-box getwid-animation has-text-center\" data-animation=\"zoomBig\"><div class=\"wp-block-getwid-icon-box__icon-container has-layout-stacked is-position-top\"><a href=\"https:\/\/projectes.xtec.cat\/recerca\/erasmus-redu\/mapa-de-les-mobilitats\/\" target=\"_blank\" rel=\"noreferrer noopener\" class=\"wp-block-getwid-icon-box__icon-wrapper has-text-color has-ast-global-color-0-color\"><i class=\"fas fa-map\"><\/i><\/a><\/div><div class=\"wp-block-getwid-icon-box__content\">\n<h3 class=\"wp-block-heading has-medium-font-size\">Mapa de les mobilitats<\/h3>\n<\/div><\/div>\n<\/div>\n\n\n\n<div class=\"wp-block-column box-link has-border-color is-layout-flow wp-block-column-is-layout-flow\" style=\"border-color:#abb8c3;border-width:1px;border-radius:5px;padding-top:var(--wp--preset--spacing--40);padding-right:var(--wp--preset--spacing--40);padding-bottom:var(--wp--preset--spacing--40);padding-left:var(--wp--preset--spacing--40)\">\n<div class=\"wp-block-getwid-icon-box getwid-animation has-text-center\" data-animation=\"zoomBig\"><div class=\"wp-block-getwid-icon-box__icon-container has-layout-stacked is-position-top\"><a href=\"https:\/\/projectes.xtec.cat\/recerca\/erasmus-redu\/\" target=\"_blank\" rel=\"noreferrer noopener\" class=\"wp-block-getwid-icon-box__icon-wrapper has-text-color has-ast-global-color-0-color\"><i class=\"fas fa-book\"><\/i><\/a><\/div><div class=\"wp-block-getwid-icon-box__content\">\n<h3 class=\"wp-block-heading has-medium-font-size\">Not\u00edcies REDU<\/h3>\n<\/div><\/div>\n<\/div>\n<\/div>\n\n\n\n<div class=\"wp-block-columns alignwide is-layout-flex wp-container-core-columns-is-layout-3 wp-block-columns-is-layout-flex\" style=\"padding-right:0;padding-left:0\">\n<div class=\"wp-block-column box-link has-border-color is-layout-flow wp-block-column-is-layout-flow\" style=\"border-color:#abb8c3;border-width:1px;border-radius:5px;padding-top:var(--wp--preset--spacing--40);padding-right:var(--wp--preset--spacing--40);padding-bottom:var(--wp--preset--spacing--40);padding-left:var(--wp--preset--spacing--40)\">\n<div class=\"wp-block-getwid-icon-box getwid-animation has-text-center\" data-animation=\"zoomBig\"><div class=\"wp-block-getwid-icon-box__icon-container has-layout-stacked is-position-top\"><a href=\"https:\/\/projectes.xtec.cat\/recerca\/erasmus-redu\/uneix-te-a-redu\/\" target=\"_blank\" rel=\"noreferrer noopener\" class=\"wp-block-getwid-icon-box__icon-wrapper has-text-color has-ast-global-color-0-color\"><i class=\"fas fa-user-plus\"><\/i><\/a><\/div><div class=\"wp-block-getwid-icon-box__content\">\n<h3 class=\"wp-block-heading has-medium-font-size\">Uneix-te al projecte REDU<\/h3>\n<\/div><\/div>\n<\/div>\n\n\n\n<div class=\"wp-block-column box-link has-border-color is-layout-flow wp-block-column-is-layout-flow\" style=\"border-color:#abb8c3;border-width:1px;border-radius:5px;padding-top:var(--wp--preset--spacing--40);padding-right:var(--wp--preset--spacing--40);padding-bottom:var(--wp--preset--spacing--40);padding-left:var(--wp--preset--spacing--40)\">\n<div class=\"wp-block-getwid-icon-box getwid-animation has-text-center\" data-animation=\"zoomBig\"><div class=\"wp-block-getwid-icon-box__icon-container has-layout-stacked is-position-top\"><a href=\"https:\/\/projectes.xtec.cat\/cete\/\" target=\"_blank\" rel=\"noreferrer noopener\" class=\"wp-block-getwid-icon-box__icon-wrapper has-text-color has-ast-global-color-0-color\"><i class=\"fas fa-globe\"><\/i><\/a><\/div><div class=\"wp-block-getwid-icon-box__content\">\n<h3 class=\"wp-block-heading has-medium-font-size\">Web CETE +<\/h3>\n<\/div><\/div>\n<\/div>\n\n\n\n<div class=\"wp-block-column box-link has-border-color is-layout-flow wp-block-column-is-layout-flow\" style=\"border-color:#abb8c3;border-width:1px;border-radius:5px;padding-top:var(--wp--preset--spacing--40);padding-right:var(--wp--preset--spacing--40);padding-bottom:var(--wp--preset--spacing--40);padding-left:var(--wp--preset--spacing--40)\">\n<div class=\"wp-block-getwid-icon-box getwid-animation has-text-center\" data-animation=\"zoomBig\"><div class=\"wp-block-getwid-icon-box__icon-container has-layout-stacked is-position-top\"><a href=\"https:\/\/school-education.ec.europa.eu\/en\/etwinning\" target=\"_blank\" rel=\"noreferrer noopener\" class=\"wp-block-getwid-icon-box__icon-wrapper has-text-color has-ast-global-color-0-color\"><i class=\"fas fa-globe\"><\/i><\/a><\/div><div class=\"wp-block-getwid-icon-box__content\">\n<h3 class=\"wp-block-heading has-medium-font-size\">Web eTwinning+<\/h3>\n<\/div><\/div>\n<\/div>\n\n\n\n<div class=\"wp-block-column box-link has-border-color is-layout-flow wp-block-column-is-layout-flow\" style=\"border-color:#abb8c3;border-width:1px;border-radius:5px;padding-top:var(--wp--preset--spacing--40);padding-right:var(--wp--preset--spacing--40);padding-bottom:var(--wp--preset--spacing--40);padding-left:var(--wp--preset--spacing--40)\">\n<div class=\"wp-block-getwid-icon-box getwid-animation has-text-center\" data-animation=\"zoomBig\"><div class=\"wp-block-getwid-icon-box__icon-container has-layout-stacked is-position-top\"><a href=\"https:\/\/erasmus-plus.ec.europa.eu\/es\" target=\"_blank\" rel=\"noreferrer noopener\" class=\"wp-block-getwid-icon-box__icon-wrapper has-text-color has-ast-global-color-0-color\"><i class=\"fas fa-globe\"><\/i><\/a><\/div><div class=\"wp-block-getwid-icon-box__content\">\n<h3 class=\"wp-block-heading has-medium-font-size\">Web Erasmus+<\/h3>\n<\/div><\/div>\n<\/div>\n<\/div>\n<\/div>\n\n\n\n<div style=\"height:100px\" aria-hidden=\"true\" class=\"wp-block-spacer\"><\/div>\n\n\n\n<h2 class=\"wp-block-heading\" style=\"font-size:30px\">Not\u00edcies REDU<\/h2>\n\n\n\n        <div class=\"wp-block-getwid-post-carousel custom-post-type-post has-slides-gap-small is-carousel has-arrows-inside has-dots-outside\">\n            <div data-slider-option=\"{&quot;sliderSlidesToShowDesktop&quot;:&quot;2&quot;,&quot;getwid_slidesToShowLaptop&quot;:&quot;1&quot;,&quot;getwid_slidesToShowTablet&quot;:&quot;1&quot;,&quot;getwid_slidesToShowMobile&quot;:&quot;1&quot;,&quot;getwid_autoplay_speed&quot;:6000,&quot;getwid_animation_speed&quot;:800,&quot;getwid_slidesToScroll&quot;:&quot;1&quot;,&quot;getwid_autoplay&quot;:false,&quot;getwid_pause_on_hover&quot;:false,&quot;getwid_infinite&quot;:true,&quot;getwid_center_mode&quot;:false,&quot;getwid_arrows&quot;:&quot;inside&quot;,&quot;getwid_dots&quot;:&quot;outside&quot;}\" class=\"wp-block-getwid-post-carousel__wrapper\">\n                \t\t\t\t\t\t\t<div class=\"wp-block-getwid-post-carousel__slide\">\n\t\t\t\t\t\t\t\t\n<div class=\"wp-block-getwid-post-carousel__post\">\n            <div class=\"wp-block-getwid-post-carousel__post-thumbnail\">\n            <a href=\"https:\/\/projectes.xtec.cat\/recerca\/general\/lequip-redu-del-cete-fa-la-reunio-de-cloenda-del-curs-2024-2025\/\"><img loading=\"lazy\" decoding=\"async\" width=\"669\" height=\"472\" src=\"https:\/\/projectes.xtec.cat\/recerca\/wp-content\/uploads\/usu2090\/2025\/06\/REDU-connecta-e1749635223177.jpg\" class=\"attachment-post-thumbnail size-post-thumbnail wp-post-image\" alt=\"\" srcset=\"https:\/\/projectes.xtec.cat\/recerca\/wp-content\/uploads\/usu2090\/2025\/06\/REDU-connecta-e1749635223177.jpg 669w, https:\/\/projectes.xtec.cat\/recerca\/wp-content\/uploads\/usu2090\/2025\/06\/REDU-connecta-e1749635223177-300x212.jpg 300w\" sizes=\"auto, (max-width: 669px) 100vw, 669px\" \/><\/a>\n        <\/div>\n        <div class=\"wp-block-getwid-post-carousel__post-content-wrapper\">\n        <div class=\"wp-block-getwid-post-carousel__post-header\">\n            <h3 class=\"wp-block-getwid-post-carousel__post-title\"><a href=\"https:\/\/projectes.xtec.cat\/recerca\/general\/lequip-redu-del-cete-fa-la-reunio-de-cloenda-del-curs-2024-2025\/\">Cloenda de l\u2019equip REDU del curs 2024-2025<\/a><\/h3>        <\/div>\n        <div class=\"wp-block-getwid-post-carousel__post-excerpt\"><p>L\u2019 equip REDU fa la cloenda del curs i inicia la planificaci\u00f3 de les mobilitats del curs vinent. El passat [&hellip;]<\/p>\n<\/div>\n    <\/div>\n<\/div>\n\n\t\t\t\t\t\t\t<\/div>\n\t\t\t\t\t\t\t\t\t\t\t\t\t<div class=\"wp-block-getwid-post-carousel__slide\">\n\t\t\t\t\t\t\t\t\n<div class=\"wp-block-getwid-post-carousel__post\">\n            <div class=\"wp-block-getwid-post-carousel__post-thumbnail\">\n            <a href=\"https:\/\/projectes.xtec.cat\/recerca\/general\/els-centres-redu-comparteixen-aprenentatges-internacionals-en-una-jornada-de-transferencia-inspiradora\/\"><img loading=\"lazy\" decoding=\"async\" width=\"2560\" height=\"1707\" src=\"https:\/\/projectes.xtec.cat\/recerca\/wp-content\/uploads\/usu2090\/2025\/05\/pexels-nurseryart-346885-1-scaled.jpg\" class=\"attachment-post-thumbnail size-post-thumbnail wp-post-image\" alt=\"\" srcset=\"https:\/\/projectes.xtec.cat\/recerca\/wp-content\/uploads\/usu2090\/2025\/05\/pexels-nurseryart-346885-1-scaled.jpg 2560w, https:\/\/projectes.xtec.cat\/recerca\/wp-content\/uploads\/usu2090\/2025\/05\/pexels-nurseryart-346885-1-300x200.jpg 300w, https:\/\/projectes.xtec.cat\/recerca\/wp-content\/uploads\/usu2090\/2025\/05\/pexels-nurseryart-346885-1-1024x683.jpg 1024w, https:\/\/projectes.xtec.cat\/recerca\/wp-content\/uploads\/usu2090\/2025\/05\/pexels-nurseryart-346885-1-768x512.jpg 768w, https:\/\/projectes.xtec.cat\/recerca\/wp-content\/uploads\/usu2090\/2025\/05\/pexels-nurseryart-346885-1-1536x1024.jpg 1536w, https:\/\/projectes.xtec.cat\/recerca\/wp-content\/uploads\/usu2090\/2025\/05\/pexels-nurseryart-346885-1-2048x1365.jpg 2048w\" sizes=\"auto, (max-width: 2560px) 100vw, 2560px\" \/><\/a>\n        <\/div>\n        <div class=\"wp-block-getwid-post-carousel__post-content-wrapper\">\n        <div class=\"wp-block-getwid-post-carousel__post-header\">\n            <h3 class=\"wp-block-getwid-post-carousel__post-title\"><a href=\"https:\/\/projectes.xtec.cat\/recerca\/general\/els-centres-redu-comparteixen-aprenentatges-internacionals-en-una-jornada-de-transferencia-inspiradora\/\">Jornada de transfer\u00e8ncia de l&#8217;equip REDU<\/a><\/h3>        <\/div>\n        <div class=\"wp-block-getwid-post-carousel__post-excerpt\"><p>Els centres REDU comparteixen aprenentatges internacionals amb tot l&#8217;equip en una jornada de transfer\u00e8ncia inspiradora. El passat 30 d\u2019abril vam [&hellip;]<\/p>\n<\/div>\n    <\/div>\n<\/div>\n\n\t\t\t\t\t\t\t<\/div>\n\t\t\t\t\t\t\t\t\t\t\t\t\t<div class=\"wp-block-getwid-post-carousel__slide\">\n\t\t\t\t\t\t\t\t\n<div class=\"wp-block-getwid-post-carousel__post\">\n            <div class=\"wp-block-getwid-post-carousel__post-thumbnail\">\n            <a href=\"https:\/\/projectes.xtec.cat\/recerca\/general\/lequip-redu-participa-en-la-jornada-de-transferencia-del-cete\/\"><img loading=\"lazy\" decoding=\"async\" width=\"2560\" height=\"1707\" src=\"https:\/\/projectes.xtec.cat\/recerca\/wp-content\/uploads\/usu2090\/2025\/06\/pexels-lara-jameson-8828640-scaled.jpg\" class=\"attachment-post-thumbnail size-post-thumbnail wp-post-image\" alt=\"\" srcset=\"https:\/\/projectes.xtec.cat\/recerca\/wp-content\/uploads\/usu2090\/2025\/06\/pexels-lara-jameson-8828640-scaled.jpg 2560w, https:\/\/projectes.xtec.cat\/recerca\/wp-content\/uploads\/usu2090\/2025\/06\/pexels-lara-jameson-8828640-300x200.jpg 300w, https:\/\/projectes.xtec.cat\/recerca\/wp-content\/uploads\/usu2090\/2025\/06\/pexels-lara-jameson-8828640-1024x683.jpg 1024w, https:\/\/projectes.xtec.cat\/recerca\/wp-content\/uploads\/usu2090\/2025\/06\/pexels-lara-jameson-8828640-768x512.jpg 768w, https:\/\/projectes.xtec.cat\/recerca\/wp-content\/uploads\/usu2090\/2025\/06\/pexels-lara-jameson-8828640-1536x1024.jpg 1536w, https:\/\/projectes.xtec.cat\/recerca\/wp-content\/uploads\/usu2090\/2025\/06\/pexels-lara-jameson-8828640-2048x1365.jpg 2048w\" sizes=\"auto, (max-width: 2560px) 100vw, 2560px\" \/><\/a>\n        <\/div>\n        <div class=\"wp-block-getwid-post-carousel__post-content-wrapper\">\n        <div class=\"wp-block-getwid-post-carousel__post-header\">\n            <h3 class=\"wp-block-getwid-post-carousel__post-title\"><a href=\"https:\/\/projectes.xtec.cat\/recerca\/general\/lequip-redu-participa-en-la-jornada-de-transferencia-del-cete\/\">L\u2019equip REDU participa en la jornada de transfer\u00e8ncia del CETE+<\/a><\/h3>        <\/div>\n        <div class=\"wp-block-getwid-post-carousel__post-excerpt\"><p>El passat 15 de maig de 2025 es va celebrar, a la seu de la Barcelona School of Management \u2013 [&hellip;]<\/p>\n<\/div>\n    <\/div>\n<\/div>\n\n\t\t\t\t\t\t\t<\/div>\n\t\t\t\t\t\t            <\/div>\n        <\/div>\n        ","protected":false},"excerpt":{"rendered":"<p>Internacionalitzaci\u00f3 i transfer\u00e8ncia d&#8217;evid\u00e8ncies educatives El REDU (Recerca Educativa) \u00e9s l\u2019equip impulsat pel Servei de Recerca Educativa vinculat al consorci [&hellip;]<\/p>\n","protected":false},"author":2,"featured_media":9098,"parent":0,"menu_order":0,"comment_status":"closed","ping_status":"close","template":"","meta":{"site-sidebar-layout":"default","site-content-layout":"","ast-site-content-layout":"default","site-content-style":"default","site-sidebar-style":"default","ast-global-header-display":"","ast-banner-title-visibility":"","ast-main-header-display":"","ast-hfb-above-header-display":"","ast-hfb-below-header-display":"","ast-hfb-mobile-header-display":"","site-post-title":"disabled","ast-breadcrumbs-content":"","ast-featured-img":"","footer-sml-layout":"","theme-transparent-header-meta":"","adv-header-id-meta":"","stick-header-meta":"","header-above-stick-meta":"","header-main-stick-meta":"","header-below-stick-meta":"","astra-migrate-meta-layouts":"set","ast-page-background-enabled":"default","ast-page-background-meta":{"desktop":{"background-color":"var(--ast-global-color-4)","background-image":"","background-repeat":"repeat","background-position":"center center","background-size":"auto","background-attachment":"scroll","background-type":"","background-media":"","overlay-type":"","overlay-color":"","overlay-opacity":"","overlay-gradient":""},"tablet":{"background-color":"","background-image":"","background-repeat":"repeat","background-position":"center center","background-size":"auto","background-attachment":"scroll","background-type":"","background-media":"","overlay-type":"","overlay-color":"","overlay-opacity":"","overlay-gradient":""},"mobile":{"background-color":"","background-image":"","background-repeat":"repeat","background-position":"center center","background-size":"auto","background-attachment":"scroll","background-type":"","background-media":"","overlay-type":"","overlay-color":"","overlay-opacity":"","overlay-gradient":""}},"ast-content-background-meta":{"desktop":{"background-color":"var(--ast-global-color-5)","background-image":"","background-repeat":"repeat","background-position":"center center","background-size":"auto","background-attachment":"scroll","background-type":"","background-media":"","overlay-type":"","overlay-color":"","overlay-opacity":"","overlay-gradient":""},"tablet":{"background-color":"var(--ast-global-color-5)","background-image":"","background-repeat":"repeat","background-position":"center center","background-size":"auto","background-attachment":"scroll","background-type":"","background-media":"","overlay-type":"","overlay-color":"","overlay-opacity":"","overlay-gradient":""},"mobile":{"background-color":"var(--ast-global-color-5)","background-image":"","background-repeat":"repeat","background-position":"center center","background-size":"auto","background-attachment":"scroll","background-type":"","background-media":"","overlay-type":"","overlay-color":"","overlay-opacity":"","overlay-gradient":""}},"footnotes":""},"class_list":["post-8462","page","type-page","status-publish","has-post-thumbnail","hentry"],"post_mailing_queue_ids":[],"_links":{"self":[{"href":"https:\/\/projectes.xtec.cat\/recerca\/wp-json\/wp\/v2\/pages\/8462","targetHints":{"allow":["GET"]}}],"collection":[{"href":"https:\/\/projectes.xtec.cat\/recerca\/wp-json\/wp\/v2\/pages"}],"about":[{"href":"https:\/\/projectes.xtec.cat\/recerca\/wp-json\/wp\/v2\/types\/page"}],"author":[{"embeddable":true,"href":"https:\/\/projectes.xtec.cat\/recerca\/wp-json\/wp\/v2\/users\/2"}],"replies":[{"embeddable":true,"href":"https:\/\/projectes.xtec.cat\/recerca\/wp-json\/wp\/v2\/comments?post=8462"}],"version-history":[{"count":6,"href":"https:\/\/projectes.xtec.cat\/recerca\/wp-json\/wp\/v2\/pages\/8462\/revisions"}],"predecessor-version":[{"id":10797,"href":"https:\/\/projectes.xtec.cat\/recerca\/wp-json\/wp\/v2\/pages\/8462\/revisions\/10797"}],"wp:featuredmedia":[{"embeddable":true,"href":"https:\/\/projectes.xtec.cat\/recerca\/wp-json\/wp\/v2\/media\/9098"}],"wp:attachment":[{"href":"https:\/\/projectes.xtec.cat\/recerca\/wp-json\/wp\/v2\/media?parent=8462"}],"curies":[{"name":"wp","href":"https:\/\/api.w.org\/{rel}","templated":true}]}}