{"id":8613,"date":"2025-04-30T09:51:36","date_gmt":"2025-04-30T07:51:36","guid":{"rendered":"https:\/\/projectes.xtec.cat\/recerca\/?page_id=8613"},"modified":"2025-06-11T16:15:53","modified_gmt":"2025-06-11T14:15:53","slug":"nova-convocatoria-recercaula","status":"publish","type":"page","link":"https:\/\/projectes.xtec.cat\/recerca\/recercaula\/nova-convocatoria-recercaula\/","title":{"rendered":"Nova convocatoria RecercAULA"},"content":{"rendered":"\n<p>Fins el <strong>20 de juny de 2025<\/strong> el vostre centre podr\u00e0 participar en la nova convocat\u00f2ria del programa \u201cAprenentatge entre iguals: RecercAULA\u201d, amb la Convocat\u00f2ria Unificada de Programes d\u2019Innovaci\u00f3 del Departament d\u2019Educaci\u00f3 i Formaci\u00f3 Professional.<\/p>\n\n\n\n<p>Per fer-ho:<\/p>\n\n\n\n<ol class=\"wp-block-list\">\n<li>Consulteu la <strong><a href=\"https:\/\/espai.educacio.gencat.cat\/Centres\/Innovacio-pedagogica\/Programes\/RecercAULA\/Pagines\/default.aspx\" data-type=\"link\" data-id=\"https:\/\/espai.educacio.gencat.cat\/Centres\/Innovacio-pedagogica\/Programes\/RecercAULA\/Pagines\/default.aspx\">normativa de la nova convocat\u00f2ria.<\/a><\/strong><\/li>\n\n\n\n<li>Designeu un equip investigador format per entre <strong>3 i 5 docents,<\/strong> m\u00e9s un membre de l&#8217;equip directiu.&nbsp;<\/li>\n\n\n\n<li>Desenvolupeu el vostre <a href=\"https:\/\/documents.espai.educacio.gencat.cat\/FormularisModels\/InnovacioPedagogica\/A1211.pdf\" target=\"_blank\" rel=\"noreferrer noopener\">avantprojecte<\/a> i incloeu-hi:\n<ul class=\"wp-block-list\">\n<li>Els elements clau del vostre <strong>Projecte educatiu de centre.<\/strong><\/li>\n\n\n\n<li>Una <strong>diagnosi <\/strong>de les necessitats que justifiquin la vostra recerca.<\/li>\n\n\n\n<li>Una proposta de <strong>tem\u00e0tica<\/strong> o tem\u00e0tiques de la vostra recerca.<\/li>\n\n\n\n<li>L\u2019estrat\u00e8gia o <strong>estrat\u00e8gies docents d\u2019alt impacte <\/strong>que poden estar vinculades a la recerca.<\/li>\n<\/ul>\n<\/li>\n\n\n\n<li>Presenteu la documentaci\u00f3 necess\u00e0ria per eValisa dintre del termini de la convocat\u00f2ria: <a href=\"https:\/\/documents.espai.educacio.gencat.cat\/FormularisModels\/InnovacioPedagogica\/A1210.pdf\" target=\"_blank\" rel=\"noreferrer noopener\">sol\u00b7licitud<\/a>, carta, <a href=\"https:\/\/documents.espai.educacio.gencat.cat\/FormularisModels\/InnovacioPedagogica\/A1214.pdf\" target=\"_blank\" rel=\"noreferrer noopener\">comprom\u00eds<\/a>, <a href=\"https:\/\/documents.espai.educacio.gencat.cat\/FormularisModels\/InnovacioPedagogica\/A1211.pdf\" target=\"_blank\" rel=\"noreferrer noopener\">avantprojecte<\/a>. Receptora: Montserrat Tortosa Moreno (docent). Visualitzadores: Ana S\u00e1nchez Escobar i Mariona Albareda Sambola.<\/li>\n<\/ol>\n\n\n\n<p>Recordeu que la participaci\u00f3 del centre en el Programa \u201cAprenentatge entre iguals: RecercAULA\u201d suposa l&#8217;acceptaci\u00f3 dels <strong>compromisos seg\u00fcents <\/strong>per part del centre educatiu:<\/p>\n\n\n\n<ul class=\"wp-block-list\">\n<li>Participar en les activitats <strong>formatives <\/strong>del programa. Per poder certificar els docents hauran d\u2019assistir al<strong> 80% de les sessions<\/strong> s\u00edncrones cada any.<\/li>\n\n\n\n<li>Reflectir la participaci\u00f3 en el programa en la programaci\u00f3 general anual i la mem\u00f2ria anual de centre.&nbsp;<\/li>\n\n\n\n<li>Cada centre elaborar\u00e0 un portafolis que s\u2019anir\u00e0 completant durant els tres anys del programa i que contindr\u00e0 la informaci\u00f3 demanada en la mem\u00f2ria.&nbsp;<\/li>\n\n\n\n<li style=\"margin-top:0;margin-bottom:0\">Per donar a con\u00e8ixer les recerques que es duen a terme es fa en diferents formats: el primer curs en format p\u00f2ster, el segon curs en format v\u00eddeo curt i el tercer curs com article acad\u00e8mic.&nbsp;<\/li>\n\n\n\n<li>Elaborar una mem\u00f2ria de seguiment i avaluaci\u00f3 en finalitzar el projecte, d&#8217;acord amb les orientacions disponibles.&nbsp;<\/li>\n\n\n\n<li>Redactar un article acad\u00e8mic per centre un cop finalitzat el projecte.<\/li>\n<\/ul>\n\n\n\n<figure class=\"wp-block-gallery has-nested-images columns-default is-cropped has-border-color has-ast-global-color-3-border-color wp-block-gallery-1 is-layout-flex wp-block-gallery-is-layout-flex\" style=\"border-width:51px\">\n<figure class=\"wp-block-image size-large\"><a href=\"https:\/\/projectes.xtec.cat\/recerca\/wp-content\/uploads\/usu2090\/2025\/05\/WhatsApp-Image-2025-05-30-at-11.21.53.jpeg\"><img loading=\"lazy\" decoding=\"async\" width=\"1024\" height=\"768\" data-id=\"9236\" src=\"https:\/\/projectes.xtec.cat\/recerca\/wp-content\/uploads\/usu2090\/2025\/05\/WhatsApp-Image-2025-05-30-at-11.21.53-1024x768.jpeg\" alt=\"\" class=\"wp-image-9236\" srcset=\"https:\/\/projectes.xtec.cat\/recerca\/wp-content\/uploads\/usu2090\/2025\/05\/WhatsApp-Image-2025-05-30-at-11.21.53-1024x768.jpeg 1024w, https:\/\/projectes.xtec.cat\/recerca\/wp-content\/uploads\/usu2090\/2025\/05\/WhatsApp-Image-2025-05-30-at-11.21.53-300x225.jpeg 300w, https:\/\/projectes.xtec.cat\/recerca\/wp-content\/uploads\/usu2090\/2025\/05\/WhatsApp-Image-2025-05-30-at-11.21.53-768x576.jpeg 768w, https:\/\/projectes.xtec.cat\/recerca\/wp-content\/uploads\/usu2090\/2025\/05\/WhatsApp-Image-2025-05-30-at-11.21.53-1536x1152.jpeg 1536w, https:\/\/projectes.xtec.cat\/recerca\/wp-content\/uploads\/usu2090\/2025\/05\/WhatsApp-Image-2025-05-30-at-11.21.53.jpeg 1600w\" sizes=\"auto, (max-width: 1024px) 100vw, 1024px\" \/><\/a><\/figure>\n\n\n\n<figure class=\"wp-block-image size-large\"><a href=\"https:\/\/projectes.xtec.cat\/recerca\/wp-content\/uploads\/usu2090\/2025\/05\/WhatsApp-Image-2025-05-30-at-11.21.53-1.jpeg\"><img loading=\"lazy\" decoding=\"async\" width=\"1024\" height=\"768\" data-id=\"9235\" src=\"https:\/\/projectes.xtec.cat\/recerca\/wp-content\/uploads\/usu2090\/2025\/05\/WhatsApp-Image-2025-05-30-at-11.21.53-1-1024x768.jpeg\" alt=\"\" class=\"wp-image-9235\" srcset=\"https:\/\/projectes.xtec.cat\/recerca\/wp-content\/uploads\/usu2090\/2025\/05\/WhatsApp-Image-2025-05-30-at-11.21.53-1-1024x768.jpeg 1024w, https:\/\/projectes.xtec.cat\/recerca\/wp-content\/uploads\/usu2090\/2025\/05\/WhatsApp-Image-2025-05-30-at-11.21.53-1-300x225.jpeg 300w, https:\/\/projectes.xtec.cat\/recerca\/wp-content\/uploads\/usu2090\/2025\/05\/WhatsApp-Image-2025-05-30-at-11.21.53-1-768x576.jpeg 768w, https:\/\/projectes.xtec.cat\/recerca\/wp-content\/uploads\/usu2090\/2025\/05\/WhatsApp-Image-2025-05-30-at-11.21.53-1-1536x1152.jpeg 1536w, https:\/\/projectes.xtec.cat\/recerca\/wp-content\/uploads\/usu2090\/2025\/05\/WhatsApp-Image-2025-05-30-at-11.21.53-1.jpeg 1600w\" sizes=\"auto, (max-width: 1024px) 100vw, 1024px\" \/><\/a><\/figure>\n\n\n\n<figure class=\"wp-block-image size-large\"><a href=\"https:\/\/projectes.xtec.cat\/recerca\/wp-content\/uploads\/usu2090\/2025\/05\/WhatsApp-Image-2025-05-30-at-11.21.53-2.jpeg\"><img loading=\"lazy\" decoding=\"async\" width=\"1024\" height=\"768\" data-id=\"9234\" src=\"https:\/\/projectes.xtec.cat\/recerca\/wp-content\/uploads\/usu2090\/2025\/05\/WhatsApp-Image-2025-05-30-at-11.21.53-2-1024x768.jpeg\" alt=\"\" class=\"wp-image-9234\" srcset=\"https:\/\/projectes.xtec.cat\/recerca\/wp-content\/uploads\/usu2090\/2025\/05\/WhatsApp-Image-2025-05-30-at-11.21.53-2-1024x768.jpeg 1024w, https:\/\/projectes.xtec.cat\/recerca\/wp-content\/uploads\/usu2090\/2025\/05\/WhatsApp-Image-2025-05-30-at-11.21.53-2-300x225.jpeg 300w, https:\/\/projectes.xtec.cat\/recerca\/wp-content\/uploads\/usu2090\/2025\/05\/WhatsApp-Image-2025-05-30-at-11.21.53-2-768x576.jpeg 768w, https:\/\/projectes.xtec.cat\/recerca\/wp-content\/uploads\/usu2090\/2025\/05\/WhatsApp-Image-2025-05-30-at-11.21.53-2-1536x1152.jpeg 1536w, https:\/\/projectes.xtec.cat\/recerca\/wp-content\/uploads\/usu2090\/2025\/05\/WhatsApp-Image-2025-05-30-at-11.21.53-2.jpeg 1600w\" sizes=\"auto, (max-width: 1024px) 100vw, 1024px\" \/><\/a><\/figure>\n\n\n\n<figure class=\"wp-block-image size-large\"><a href=\"https:\/\/projectes.xtec.cat\/recerca\/wp-content\/uploads\/usu2090\/2025\/05\/WhatsApp-Image-2025-05-30-at-11.21.53-3.jpeg\"><img loading=\"lazy\" decoding=\"async\" width=\"1024\" height=\"768\" data-id=\"9233\" src=\"https:\/\/projectes.xtec.cat\/recerca\/wp-content\/uploads\/usu2090\/2025\/05\/WhatsApp-Image-2025-05-30-at-11.21.53-3-1024x768.jpeg\" alt=\"\" class=\"wp-image-9233\" srcset=\"https:\/\/projectes.xtec.cat\/recerca\/wp-content\/uploads\/usu2090\/2025\/05\/WhatsApp-Image-2025-05-30-at-11.21.53-3-1024x768.jpeg 1024w, https:\/\/projectes.xtec.cat\/recerca\/wp-content\/uploads\/usu2090\/2025\/05\/WhatsApp-Image-2025-05-30-at-11.21.53-3-300x225.jpeg 300w, https:\/\/projectes.xtec.cat\/recerca\/wp-content\/uploads\/usu2090\/2025\/05\/WhatsApp-Image-2025-05-30-at-11.21.53-3-768x576.jpeg 768w, https:\/\/projectes.xtec.cat\/recerca\/wp-content\/uploads\/usu2090\/2025\/05\/WhatsApp-Image-2025-05-30-at-11.21.53-3-1536x1152.jpeg 1536w, https:\/\/projectes.xtec.cat\/recerca\/wp-content\/uploads\/usu2090\/2025\/05\/WhatsApp-Image-2025-05-30-at-11.21.53-3.jpeg 1600w\" sizes=\"auto, (max-width: 1024px) 100vw, 1024px\" \/><\/a><\/figure>\n\n\n\n<figure class=\"wp-block-image size-large\"><a href=\"https:\/\/projectes.xtec.cat\/recerca\/wp-content\/uploads\/usu2090\/2025\/05\/WhatsApp-Image-2025-05-30-at-11.21.53-4.jpeg\"><img loading=\"lazy\" decoding=\"async\" width=\"1024\" height=\"768\" data-id=\"9232\" src=\"https:\/\/projectes.xtec.cat\/recerca\/wp-content\/uploads\/usu2090\/2025\/05\/WhatsApp-Image-2025-05-30-at-11.21.53-4-1024x768.jpeg\" alt=\"\" class=\"wp-image-9232\" srcset=\"https:\/\/projectes.xtec.cat\/recerca\/wp-content\/uploads\/usu2090\/2025\/05\/WhatsApp-Image-2025-05-30-at-11.21.53-4-1024x768.jpeg 1024w, https:\/\/projectes.xtec.cat\/recerca\/wp-content\/uploads\/usu2090\/2025\/05\/WhatsApp-Image-2025-05-30-at-11.21.53-4-300x225.jpeg 300w, https:\/\/projectes.xtec.cat\/recerca\/wp-content\/uploads\/usu2090\/2025\/05\/WhatsApp-Image-2025-05-30-at-11.21.53-4-768x576.jpeg 768w, https:\/\/projectes.xtec.cat\/recerca\/wp-content\/uploads\/usu2090\/2025\/05\/WhatsApp-Image-2025-05-30-at-11.21.53-4-1536x1152.jpeg 1536w, https:\/\/projectes.xtec.cat\/recerca\/wp-content\/uploads\/usu2090\/2025\/05\/WhatsApp-Image-2025-05-30-at-11.21.53-4.jpeg 1600w\" sizes=\"auto, (max-width: 1024px) 100vw, 1024px\" \/><\/a><\/figure>\n\n\n\n<figure class=\"wp-block-image size-large\"><a href=\"https:\/\/projectes.xtec.cat\/recerca\/wp-content\/uploads\/usu2090\/2025\/05\/WhatsApp-Image-2025-05-30-at-11.21.53-5.jpeg\"><img loading=\"lazy\" decoding=\"async\" width=\"1024\" height=\"768\" data-id=\"9231\" src=\"https:\/\/projectes.xtec.cat\/recerca\/wp-content\/uploads\/usu2090\/2025\/05\/WhatsApp-Image-2025-05-30-at-11.21.53-5-1024x768.jpeg\" alt=\"\" class=\"wp-image-9231\" srcset=\"https:\/\/projectes.xtec.cat\/recerca\/wp-content\/uploads\/usu2090\/2025\/05\/WhatsApp-Image-2025-05-30-at-11.21.53-5-1024x768.jpeg 1024w, https:\/\/projectes.xtec.cat\/recerca\/wp-content\/uploads\/usu2090\/2025\/05\/WhatsApp-Image-2025-05-30-at-11.21.53-5-300x225.jpeg 300w, https:\/\/projectes.xtec.cat\/recerca\/wp-content\/uploads\/usu2090\/2025\/05\/WhatsApp-Image-2025-05-30-at-11.21.53-5-768x576.jpeg 768w, https:\/\/projectes.xtec.cat\/recerca\/wp-content\/uploads\/usu2090\/2025\/05\/WhatsApp-Image-2025-05-30-at-11.21.53-5-1536x1152.jpeg 1536w, https:\/\/projectes.xtec.cat\/recerca\/wp-content\/uploads\/usu2090\/2025\/05\/WhatsApp-Image-2025-05-30-at-11.21.53-5.jpeg 1600w\" sizes=\"auto, (max-width: 1024px) 100vw, 1024px\" \/><\/a><\/figure>\n<\/figure>\n","protected":false},"excerpt":{"rendered":"<p>Fins el 20 de juny de 2025 el vostre centre podr\u00e0 participar en la nova convocat\u00f2ria del programa \u201cAprenentatge entre [&hellip;]<\/p>\n","protected":false},"author":2,"featured_media":9170,"parent":8451,"menu_order":1,"comment_status":"closed","ping_status":"close","template":"","meta":{"site-sidebar-layout":"default","site-content-layout":"","ast-site-content-layout":"default","site-content-style":"default","site-sidebar-style":"default","ast-global-header-display":"","ast-banner-title-visibility":"","ast-main-header-display":"","ast-hfb-above-header-display":"","ast-hfb-below-header-display":"","ast-hfb-mobile-header-display":"","site-post-title":"","ast-breadcrumbs-content":"","ast-featured-img":"","footer-sml-layout":"","theme-transparent-header-meta":"","adv-header-id-meta":"","stick-header-meta":"","header-above-stick-meta":"","header-main-stick-meta":"","header-below-stick-meta":"","astra-migrate-meta-layouts":"set","ast-page-background-enabled":"default","ast-page-background-meta":{"desktop":{"background-color":"var(--ast-global-color-4)","background-image":"","background-repeat":"repeat","background-position":"center center","background-size":"auto","background-attachment":"scroll","background-type":"","background-media":"","overlay-type":"","overlay-color":"","overlay-opacity":"","overlay-gradient":""},"tablet":{"background-color":"","background-image":"","background-repeat":"repeat","background-position":"center center","background-size":"auto","background-attachment":"scroll","background-type":"","background-media":"","overlay-type":"","overlay-color":"","overlay-opacity":"","overlay-gradient":""},"mobile":{"background-color":"","background-image":"","background-repeat":"repeat","background-position":"center center","background-size":"auto","background-attachment":"scroll","background-type":"","background-media":"","overlay-type":"","overlay-color":"","overlay-opacity":"","overlay-gradient":""}},"ast-content-background-meta":{"desktop":{"background-color":"var(--ast-global-color-5)","background-image":"","background-repeat":"repeat","background-position":"center center","background-size":"auto","background-attachment":"scroll","background-type":"","background-media":"","overlay-type":"","overlay-color":"","overlay-opacity":"","overlay-gradient":""},"tablet":{"background-color":"var(--ast-global-color-5)","background-image":"","background-repeat":"repeat","background-position":"center center","background-size":"auto","background-attachment":"scroll","background-type":"","background-media":"","overlay-type":"","overlay-color":"","overlay-opacity":"","overlay-gradient":""},"mobile":{"background-color":"var(--ast-global-color-5)","background-image":"","background-repeat":"repeat","background-position":"center center","background-size":"auto","background-attachment":"scroll","background-type":"","background-media":"","overlay-type":"","overlay-color":"","overlay-opacity":"","overlay-gradient":""}},"footnotes":""},"class_list":["post-8613","page","type-page","status-publish","has-post-thumbnail","hentry"],"post_mailing_queue_ids":[],"_links":{"self":[{"href":"https:\/\/projectes.xtec.cat\/recerca\/wp-json\/wp\/v2\/pages\/8613","targetHints":{"allow":["GET"]}}],"collection":[{"href":"https:\/\/projectes.xtec.cat\/recerca\/wp-json\/wp\/v2\/pages"}],"about":[{"href":"https:\/\/projectes.xtec.cat\/recerca\/wp-json\/wp\/v2\/types\/page"}],"author":[{"embeddable":true,"href":"https:\/\/projectes.xtec.cat\/recerca\/wp-json\/wp\/v2\/users\/2"}],"replies":[{"embeddable":true,"href":"https:\/\/projectes.xtec.cat\/recerca\/wp-json\/wp\/v2\/comments?post=8613"}],"version-history":[{"count":6,"href":"https:\/\/projectes.xtec.cat\/recerca\/wp-json\/wp\/v2\/pages\/8613\/revisions"}],"predecessor-version":[{"id":10498,"href":"https:\/\/projectes.xtec.cat\/recerca\/wp-json\/wp\/v2\/pages\/8613\/revisions\/10498"}],"up":[{"embeddable":true,"href":"https:\/\/projectes.xtec.cat\/recerca\/wp-json\/wp\/v2\/pages\/8451"}],"wp:featuredmedia":[{"embeddable":true,"href":"https:\/\/projectes.xtec.cat\/recerca\/wp-json\/wp\/v2\/media\/9170"}],"wp:attachment":[{"href":"https:\/\/projectes.xtec.cat\/recerca\/wp-json\/wp\/v2\/media?parent=8613"}],"curies":[{"name":"wp","href":"https:\/\/api.w.org\/{rel}","templated":true}]}}