{"id":8623,"date":"2025-04-30T10:09:25","date_gmt":"2025-04-30T08:09:25","guid":{"rendered":"https:\/\/projectes.xtec.cat\/recerca\/?page_id=8623"},"modified":"2025-08-27T13:29:18","modified_gmt":"2025-08-27T11:29:18","slug":"plataformes-recercaula","status":"publish","type":"page","link":"https:\/\/projectes.xtec.cat\/recerca\/recercaula\/plataformes-recercaula\/","title":{"rendered":"Xarxa RecercAULA"},"content":{"rendered":"\n<p>El juny del 2024 es crea la <a href=\"https:\/\/innovacio.xtec.gencat.cat\/programa\/3023\" target=\"_blank\" rel=\"noreferrer noopener\">xarxa de centres RecercAULA<\/a>, com a llavor d\u2019una <strong>futura xarxa sostenible de centres<\/strong> i <strong>docents<\/strong> interessats en recerca educativa.<\/p>\n\n\n\n<h3 class=\"wp-block-heading has-ast-global-color-0-color has-text-color has-link-color wp-elements-75b256363b1fc724244ca63c8973b4f7\">Objectius<\/h3>\n\n\n\n<ul style=\"border-width:16px\" class=\"wp-block-list has-border-color has-ast-global-color-3-border-color\">\n<li>Promoure l\u2019aprenentatge entre iguals en la <strong>generaci\u00f3 d\u2019evid\u00e8ncies<\/strong> obtingudes mitjan\u00e7ant <strong>recerca acci\u00f3 col\u00b7laborativa<\/strong> per a la millora dels resultats educatius.<\/li>\n\n\n\n<li>Contribuir a<strong> enfortir les comunitats d\u2019aprenentatge professional<\/strong> dins de cada centre i entre centres per fer-les sostenibles tant quan els centres participen en els tres cursos del programa com quan l\u2019acaben.<\/li>\n\n\n\n<li>Generar evid\u00e8ncies que contribueixin a la <strong>presa de decisions <\/strong>en pol\u00edtiques educatives durant el programa i que continu\u00efn despr\u00e9s.<\/li>\n<\/ul>\n\n\n\n<h3 class=\"wp-block-heading has-ast-global-color-0-color has-text-color has-link-color wp-elements-e9f083b8cb803029d4a0091dcc1f8374\">Comunicaci\u00f3<\/h3>\n\n\n\n<p>A cadascun dels <strong>tres anys<\/strong> que els centres s\u00f3n al programa RecercAULA es fan <strong>trobades de xarxa presencials i virtuals s\u00edncrones.<\/strong> Les trobades presencials tenen lloc a principi i final de cada curs, i durant el curs se\u2019n fa una pels centres que s\u00f3n al segon i tercer any.<\/p>\n\n\n\n<p>La comunicaci\u00f3 en l\u00ednia de la xarxa professional d\u2019aprenentatge RecercAULA t\u00e9 lloc a&nbsp; <strong>l\u2019espai NUS.<\/strong><\/p>\n\n\n\n<h3 class=\"wp-block-heading has-ast-global-color-0-color has-text-color has-link-color wp-elements-edf5c0ba31c269c807b93cda076e0e91\">Espai NUS<\/h3>\n\n\n\n<p>L\u2019espai Nus \u00e9s una<strong> comunitat <\/strong>on els docents i altres agents educatius poden <strong>compartir experi\u00e8ncies i reflexions<\/strong> sobre la pr\u00e0ctica docent a Catalunya. Es pot accedir a l\u2019espai RecercAULA en aquest <a href=\"https:\/\/comunitat.edigital.cat\/c\/recerca-educativa\/245\" target=\"_blank\" rel=\"noreferrer noopener\">enlla\u00e7<\/a>.<\/p>\n\n\n\n<figure class=\"wp-block-gallery has-nested-images columns-default is-cropped has-border-color has-ast-global-color-3-border-color wp-block-gallery-1 is-layout-flex wp-block-gallery-is-layout-flex\" style=\"border-width:44px\">\n<figure class=\"wp-block-image size-large\"><a href=\"https:\/\/projectes.xtec.cat\/recerca\/wp-content\/uploads\/usu2090\/2025\/05\/IMG_3623.jpg\"><img loading=\"lazy\" decoding=\"async\" width=\"1024\" height=\"768\" data-id=\"9283\" src=\"https:\/\/projectes.xtec.cat\/recerca\/wp-content\/uploads\/usu2090\/2025\/05\/IMG_3623-1024x768.jpg\" alt=\"\" class=\"wp-image-9283\" srcset=\"https:\/\/projectes.xtec.cat\/recerca\/wp-content\/uploads\/usu2090\/2025\/05\/IMG_3623-1024x768.jpg 1024w, https:\/\/projectes.xtec.cat\/recerca\/wp-content\/uploads\/usu2090\/2025\/05\/IMG_3623-300x225.jpg 300w, https:\/\/projectes.xtec.cat\/recerca\/wp-content\/uploads\/usu2090\/2025\/05\/IMG_3623-768x576.jpg 768w, https:\/\/projectes.xtec.cat\/recerca\/wp-content\/uploads\/usu2090\/2025\/05\/IMG_3623-1536x1152.jpg 1536w, https:\/\/projectes.xtec.cat\/recerca\/wp-content\/uploads\/usu2090\/2025\/05\/IMG_3623.jpg 2016w\" sizes=\"auto, (max-width: 1024px) 100vw, 1024px\" \/><\/a><\/figure>\n\n\n\n<figure class=\"wp-block-image size-large\"><a href=\"https:\/\/projectes.xtec.cat\/recerca\/wp-content\/uploads\/usu2090\/2025\/06\/REA2.23-Jornada-RecercAULA-31.jpeg\"><img loading=\"lazy\" decoding=\"async\" width=\"1024\" height=\"768\" data-id=\"11156\" src=\"https:\/\/projectes.xtec.cat\/recerca\/wp-content\/uploads\/usu2090\/2025\/06\/REA2.23-Jornada-RecercAULA-31-1024x768.jpeg\" alt=\"\" class=\"wp-image-11156\" srcset=\"https:\/\/projectes.xtec.cat\/recerca\/wp-content\/uploads\/usu2090\/2025\/06\/REA2.23-Jornada-RecercAULA-31-1024x768.jpeg 1024w, https:\/\/projectes.xtec.cat\/recerca\/wp-content\/uploads\/usu2090\/2025\/06\/REA2.23-Jornada-RecercAULA-31-300x225.jpeg 300w, https:\/\/projectes.xtec.cat\/recerca\/wp-content\/uploads\/usu2090\/2025\/06\/REA2.23-Jornada-RecercAULA-31-768x576.jpeg 768w, https:\/\/projectes.xtec.cat\/recerca\/wp-content\/uploads\/usu2090\/2025\/06\/REA2.23-Jornada-RecercAULA-31-1536x1152.jpeg 1536w, https:\/\/projectes.xtec.cat\/recerca\/wp-content\/uploads\/usu2090\/2025\/06\/REA2.23-Jornada-RecercAULA-31.jpeg 1600w\" sizes=\"auto, (max-width: 1024px) 100vw, 1024px\" \/><\/a><\/figure>\n\n\n\n<figure class=\"wp-block-image size-large\"><a href=\"https:\/\/projectes.xtec.cat\/recerca\/wp-content\/uploads\/usu2090\/2025\/06\/REA2.23-Jornada-RecercAULA-37.jpeg\"><img loading=\"lazy\" decoding=\"async\" width=\"1024\" height=\"768\" data-id=\"11162\" src=\"https:\/\/projectes.xtec.cat\/recerca\/wp-content\/uploads\/usu2090\/2025\/06\/REA2.23-Jornada-RecercAULA-37-1024x768.jpeg\" alt=\"\" class=\"wp-image-11162\" srcset=\"https:\/\/projectes.xtec.cat\/recerca\/wp-content\/uploads\/usu2090\/2025\/06\/REA2.23-Jornada-RecercAULA-37-1024x768.jpeg 1024w, https:\/\/projectes.xtec.cat\/recerca\/wp-content\/uploads\/usu2090\/2025\/06\/REA2.23-Jornada-RecercAULA-37-300x225.jpeg 300w, https:\/\/projectes.xtec.cat\/recerca\/wp-content\/uploads\/usu2090\/2025\/06\/REA2.23-Jornada-RecercAULA-37-768x576.jpeg 768w, https:\/\/projectes.xtec.cat\/recerca\/wp-content\/uploads\/usu2090\/2025\/06\/REA2.23-Jornada-RecercAULA-37-1536x1152.jpeg 1536w, https:\/\/projectes.xtec.cat\/recerca\/wp-content\/uploads\/usu2090\/2025\/06\/REA2.23-Jornada-RecercAULA-37.jpeg 1600w\" sizes=\"auto, (max-width: 1024px) 100vw, 1024px\" \/><\/a><\/figure>\n\n\n\n<figure class=\"wp-block-image size-large\"><a href=\"https:\/\/projectes.xtec.cat\/recerca\/wp-content\/uploads\/usu2090\/2025\/05\/IMG_3670-scaled.jpg\"><img loading=\"lazy\" decoding=\"async\" width=\"1024\" height=\"576\" data-id=\"9265\" src=\"https:\/\/projectes.xtec.cat\/recerca\/wp-content\/uploads\/usu2090\/2025\/05\/IMG_3670-1024x576.jpg\" alt=\"\" class=\"wp-image-9265\" srcset=\"https:\/\/projectes.xtec.cat\/recerca\/wp-content\/uploads\/usu2090\/2025\/05\/IMG_3670-1024x576.jpg 1024w, https:\/\/projectes.xtec.cat\/recerca\/wp-content\/uploads\/usu2090\/2025\/05\/IMG_3670-300x169.jpg 300w, https:\/\/projectes.xtec.cat\/recerca\/wp-content\/uploads\/usu2090\/2025\/05\/IMG_3670-768x432.jpg 768w, https:\/\/projectes.xtec.cat\/recerca\/wp-content\/uploads\/usu2090\/2025\/05\/IMG_3670-1536x864.jpg 1536w, https:\/\/projectes.xtec.cat\/recerca\/wp-content\/uploads\/usu2090\/2025\/05\/IMG_3670-2048x1152.jpg 2048w\" sizes=\"auto, (max-width: 1024px) 100vw, 1024px\" \/><\/a><\/figure>\n\n\n\n<figure class=\"wp-block-image size-large\"><a href=\"https:\/\/projectes.xtec.cat\/recerca\/wp-content\/uploads\/usu2090\/2025\/06\/REA2.23-Jornada-RecercAULA-22.jpeg\"><img loading=\"lazy\" decoding=\"async\" width=\"1024\" height=\"768\" data-id=\"11147\" src=\"https:\/\/projectes.xtec.cat\/recerca\/wp-content\/uploads\/usu2090\/2025\/06\/REA2.23-Jornada-RecercAULA-22-1024x768.jpeg\" alt=\"\" class=\"wp-image-11147\" srcset=\"https:\/\/projectes.xtec.cat\/recerca\/wp-content\/uploads\/usu2090\/2025\/06\/REA2.23-Jornada-RecercAULA-22-1024x768.jpeg 1024w, https:\/\/projectes.xtec.cat\/recerca\/wp-content\/uploads\/usu2090\/2025\/06\/REA2.23-Jornada-RecercAULA-22-300x225.jpeg 300w, https:\/\/projectes.xtec.cat\/recerca\/wp-content\/uploads\/usu2090\/2025\/06\/REA2.23-Jornada-RecercAULA-22-768x576.jpeg 768w, https:\/\/projectes.xtec.cat\/recerca\/wp-content\/uploads\/usu2090\/2025\/06\/REA2.23-Jornada-RecercAULA-22-1536x1152.jpeg 1536w, https:\/\/projectes.xtec.cat\/recerca\/wp-content\/uploads\/usu2090\/2025\/06\/REA2.23-Jornada-RecercAULA-22.jpeg 1600w\" sizes=\"auto, (max-width: 1024px) 100vw, 1024px\" \/><\/a><\/figure>\n\n\n\n<figure class=\"wp-block-image size-large\"><a href=\"https:\/\/projectes.xtec.cat\/recerca\/wp-content\/uploads\/usu2090\/2025\/05\/IMG_3669-rotated.jpg\"><img loading=\"lazy\" decoding=\"async\" width=\"768\" height=\"1024\" data-id=\"9266\" src=\"https:\/\/projectes.xtec.cat\/recerca\/wp-content\/uploads\/usu2090\/2025\/05\/IMG_3669-768x1024.jpg\" alt=\"\" class=\"wp-image-9266\" srcset=\"https:\/\/projectes.xtec.cat\/recerca\/wp-content\/uploads\/usu2090\/2025\/05\/IMG_3669-768x1024.jpg 768w, https:\/\/projectes.xtec.cat\/recerca\/wp-content\/uploads\/usu2090\/2025\/05\/IMG_3669-225x300.jpg 225w, https:\/\/projectes.xtec.cat\/recerca\/wp-content\/uploads\/usu2090\/2025\/05\/IMG_3669-1152x1536.jpg 1152w, https:\/\/projectes.xtec.cat\/recerca\/wp-content\/uploads\/usu2090\/2025\/05\/IMG_3669-rotated.jpg 1512w\" sizes=\"auto, (max-width: 768px) 100vw, 768px\" \/><\/a><\/figure>\n<\/figure>\n\n\n\n<p><\/p>\n","protected":false},"excerpt":{"rendered":"<p>El juny del 2024 es crea la xarxa de centres RecercAULA, com a llavor d\u2019una futura xarxa sostenible de centres [&hellip;]<\/p>\n","protected":false},"author":2,"featured_media":9235,"parent":8451,"menu_order":4,"comment_status":"closed","ping_status":"close","template":"","meta":{"site-sidebar-layout":"default","site-content-layout":"","ast-site-content-layout":"default","site-content-style":"default","site-sidebar-style":"default","ast-global-header-display":"","ast-banner-title-visibility":"","ast-main-header-display":"","ast-hfb-above-header-display":"","ast-hfb-below-header-display":"","ast-hfb-mobile-header-display":"","site-post-title":"","ast-breadcrumbs-content":"","ast-featured-img":"","footer-sml-layout":"","theme-transparent-header-meta":"","adv-header-id-meta":"","stick-header-meta":"","header-above-stick-meta":"","header-main-stick-meta":"","header-below-stick-meta":"","astra-migrate-meta-layouts":"set","ast-page-background-enabled":"default","ast-page-background-meta":{"desktop":{"background-color":"var(--ast-global-color-4)","background-image":"","background-repeat":"repeat","background-position":"center center","background-size":"auto","background-attachment":"scroll","background-type":"","background-media":"","overlay-type":"","overlay-color":"","overlay-opacity":"","overlay-gradient":""},"tablet":{"background-color":"","background-image":"","background-repeat":"repeat","background-position":"center center","background-size":"auto","background-attachment":"scroll","background-type":"","background-media":"","overlay-type":"","overlay-color":"","overlay-opacity":"","overlay-gradient":""},"mobile":{"background-color":"","background-image":"","background-repeat":"repeat","background-position":"center center","background-size":"auto","background-attachment":"scroll","background-type":"","background-media":"","overlay-type":"","overlay-color":"","overlay-opacity":"","overlay-gradient":""}},"ast-content-background-meta":{"desktop":{"background-color":"var(--ast-global-color-5)","background-image":"","background-repeat":"repeat","background-position":"center center","background-size":"auto","background-attachment":"scroll","background-type":"","background-media":"","overlay-type":"","overlay-color":"","overlay-opacity":"","overlay-gradient":""},"tablet":{"background-color":"var(--ast-global-color-5)","background-image":"","background-repeat":"repeat","background-position":"center center","background-size":"auto","background-attachment":"scroll","background-type":"","background-media":"","overlay-type":"","overlay-color":"","overlay-opacity":"","overlay-gradient":""},"mobile":{"background-color":"var(--ast-global-color-5)","background-image":"","background-repeat":"repeat","background-position":"center center","background-size":"auto","background-attachment":"scroll","background-type":"","background-media":"","overlay-type":"","overlay-color":"","overlay-opacity":"","overlay-gradient":""}},"footnotes":""},"class_list":["post-8623","page","type-page","status-publish","has-post-thumbnail","hentry"],"post_mailing_queue_ids":[],"_links":{"self":[{"href":"https:\/\/projectes.xtec.cat\/recerca\/wp-json\/wp\/v2\/pages\/8623","targetHints":{"allow":["GET"]}}],"collection":[{"href":"https:\/\/projectes.xtec.cat\/recerca\/wp-json\/wp\/v2\/pages"}],"about":[{"href":"https:\/\/projectes.xtec.cat\/recerca\/wp-json\/wp\/v2\/types\/page"}],"author":[{"embeddable":true,"href":"https:\/\/projectes.xtec.cat\/recerca\/wp-json\/wp\/v2\/users\/2"}],"replies":[{"embeddable":true,"href":"https:\/\/projectes.xtec.cat\/recerca\/wp-json\/wp\/v2\/comments?post=8623"}],"version-history":[{"count":6,"href":"https:\/\/projectes.xtec.cat\/recerca\/wp-json\/wp\/v2\/pages\/8623\/revisions"}],"predecessor-version":[{"id":11308,"href":"https:\/\/projectes.xtec.cat\/recerca\/wp-json\/wp\/v2\/pages\/8623\/revisions\/11308"}],"up":[{"embeddable":true,"href":"https:\/\/projectes.xtec.cat\/recerca\/wp-json\/wp\/v2\/pages\/8451"}],"wp:featuredmedia":[{"embeddable":true,"href":"https:\/\/projectes.xtec.cat\/recerca\/wp-json\/wp\/v2\/media\/9235"}],"wp:attachment":[{"href":"https:\/\/projectes.xtec.cat\/recerca\/wp-json\/wp\/v2\/media?parent=8623"}],"curies":[{"name":"wp","href":"https:\/\/api.w.org\/{rel}","templated":true}]}}