{"id":8681,"date":"2025-05-05T10:01:52","date_gmt":"2025-05-05T08:01:52","guid":{"rendered":"https:\/\/projectes.xtec.cat\/recerca\/?page_id=8681"},"modified":"2025-06-15T21:13:30","modified_gmt":"2025-06-15T19:13:30","slug":"uneix-te-a-redu","status":"publish","type":"page","link":"https:\/\/projectes.xtec.cat\/recerca\/erasmus-redu\/uneix-te-a-redu\/","title":{"rendered":"Uneix-te a l&#8217;equip REDU"},"content":{"rendered":"\n<p>Des del Servei de Recerca Educativa busquem centres compromesos amb <strong>la millora cont\u00ednua<\/strong>, <strong>que vulguin participar activament en processos de recerca, transfer\u00e8ncia i internacionalitzaci\u00f3 educativa<\/strong>, esdevenint referents en la generaci\u00f3 i \u00fas d\u2019evid\u00e8ncies del coneixement educatiu.<\/p>\n\n\n\n<p>Formar part de l\u2019equip REDU implica disposar d\u2019un <strong>acompanyament personalitzat<\/strong> per identificar les necessitats priorit\u00e0ries del centre i definir objectius estrat\u00e8gics alineats amb els resultats de la recerca i les estrat\u00e8gies docents d\u2019alt impacte (HITS). Els centres reben <strong>assessorament <\/strong>per dissenyar i implementar projectes de millora basats en evid\u00e8ncies, tot enfortint la cultura de la recerca educativa dins la comunitat docent.<\/p>\n\n\n\n<p>A m\u00e9s, el projecte REDU est\u00e0 vinculat a un <strong>projecte Erasmus+<\/strong>, que ofereix <strong>finan\u00e7ament anual per a dues mobilitats de job shadowing a centres europeus de refer\u00e8ncia<\/strong>. Aquestes estades permeten observar pr\u00e0ctiques docents innovadores, ampliar la mirada sobre sistemes educatius internacionals i establir vincles amb xarxes com <strong>Erasmus+ i eTwinning<\/strong>, afavorint la internacionalitzaci\u00f3 i el treball col\u00b7laboratiu en xarxa dels centres educatius participants.<\/p>\n\n\n\n<h3 class=\"wp-block-heading\">Perfil dels centres participants<\/h3>\n\n\n\n<p>Per fer la selecci\u00f3 dels centres participants, es valoraran els seg\u00fcents criteris dels centres:<\/p>\n\n\n\n<ul class=\"wp-block-list\">\n<li>Tinguin inter\u00e8s <strong>per la recerca educativa i per la doc\u00e8ncia informada en dades i evid\u00e8ncies cient\u00edfiques<\/strong>.<\/li>\n\n\n\n<li>Estiguin <strong>compromesos amb l\u2019alumnat i el seu entorn social i educatiu<\/strong>.<br>Comptin amb <strong>equips docents amb voluntat de desenvolupament professional continu<\/strong>.<\/li>\n\n\n\n<li>Apostin pel <strong>lideratge distribu\u00eft i col\u00b7laboratiu<\/strong> dins de la comunitat educativa.<\/li>\n\n\n\n<li>Siguin proactius en la <strong>creaci\u00f3 i avaluaci\u00f3 de materials i recursos educatius de qualitat<\/strong>.<\/li>\n\n\n\n<li>Estiguin disposats a <strong>pilotar innovacions metodol\u00f2giques basades en evid\u00e8ncies<\/strong>.<\/li>\n<\/ul>\n\n\n\n<p>Estiguin situats en contextos amb <strong>alta diversitat educativa<\/strong>, entesa com una oportunitat de millora i d\u2019innovaci\u00f3 pedag\u00f2gica.<\/p>\n\n\n\n<p>Si vols que t&#8217;informem sobre properes convocat\u00f2ries per formar part de l&#8217;equip REDU escriu-nos a: <a href=\"mailto:recerca@xtec.cat\" target=\"_blank\" rel=\"noreferrer noopener\">recerca@xtec.cat<\/a>.<\/p>\n","protected":false},"excerpt":{"rendered":"<p>Des del Servei de Recerca Educativa busquem centres compromesos amb la millora cont\u00ednua, que vulguin participar activament en processos de [&hellip;]<\/p>\n","protected":false},"author":2,"featured_media":10639,"parent":8462,"menu_order":3,"comment_status":"closed","ping_status":"close","template":"","meta":{"site-sidebar-layout":"default","site-content-layout":"","ast-site-content-layout":"default","site-content-style":"default","site-sidebar-style":"default","ast-global-header-display":"","ast-banner-title-visibility":"","ast-main-header-display":"","ast-hfb-above-header-display":"","ast-hfb-below-header-display":"","ast-hfb-mobile-header-display":"","site-post-title":"","ast-breadcrumbs-content":"","ast-featured-img":"","footer-sml-layout":"","theme-transparent-header-meta":"","adv-header-id-meta":"","stick-header-meta":"","header-above-stick-meta":"","header-main-stick-meta":"","header-below-stick-meta":"","astra-migrate-meta-layouts":"set","ast-page-background-enabled":"default","ast-page-background-meta":{"desktop":{"background-color":"var(--ast-global-color-4)","background-image":"","background-repeat":"repeat","background-position":"center center","background-size":"auto","background-attachment":"scroll","background-type":"","background-media":"","overlay-type":"","overlay-color":"","overlay-opacity":"","overlay-gradient":""},"tablet":{"background-color":"","background-image":"","background-repeat":"repeat","background-position":"center center","background-size":"auto","background-attachment":"scroll","background-type":"","background-media":"","overlay-type":"","overlay-color":"","overlay-opacity":"","overlay-gradient":""},"mobile":{"background-color":"","background-image":"","background-repeat":"repeat","background-position":"center center","background-size":"auto","background-attachment":"scroll","background-type":"","background-media":"","overlay-type":"","overlay-color":"","overlay-opacity":"","overlay-gradient":""}},"ast-content-background-meta":{"desktop":{"background-color":"var(--ast-global-color-5)","background-image":"","background-repeat":"repeat","background-position":"center center","background-size":"auto","background-attachment":"scroll","background-type":"","background-media":"","overlay-type":"","overlay-color":"","overlay-opacity":"","overlay-gradient":""},"tablet":{"background-color":"var(--ast-global-color-5)","background-image":"","background-repeat":"repeat","background-position":"center center","background-size":"auto","background-attachment":"scroll","background-type":"","background-media":"","overlay-type":"","overlay-color":"","overlay-opacity":"","overlay-gradient":""},"mobile":{"background-color":"var(--ast-global-color-5)","background-image":"","background-repeat":"repeat","background-position":"center center","background-size":"auto","background-attachment":"scroll","background-type":"","background-media":"","overlay-type":"","overlay-color":"","overlay-opacity":"","overlay-gradient":""}},"footnotes":""},"class_list":["post-8681","page","type-page","status-publish","has-post-thumbnail","hentry"],"post_mailing_queue_ids":[],"_links":{"self":[{"href":"https:\/\/projectes.xtec.cat\/recerca\/wp-json\/wp\/v2\/pages\/8681","targetHints":{"allow":["GET"]}}],"collection":[{"href":"https:\/\/projectes.xtec.cat\/recerca\/wp-json\/wp\/v2\/pages"}],"about":[{"href":"https:\/\/projectes.xtec.cat\/recerca\/wp-json\/wp\/v2\/types\/page"}],"author":[{"embeddable":true,"href":"https:\/\/projectes.xtec.cat\/recerca\/wp-json\/wp\/v2\/users\/2"}],"replies":[{"embeddable":true,"href":"https:\/\/projectes.xtec.cat\/recerca\/wp-json\/wp\/v2\/comments?post=8681"}],"version-history":[{"count":4,"href":"https:\/\/projectes.xtec.cat\/recerca\/wp-json\/wp\/v2\/pages\/8681\/revisions"}],"predecessor-version":[{"id":10641,"href":"https:\/\/projectes.xtec.cat\/recerca\/wp-json\/wp\/v2\/pages\/8681\/revisions\/10641"}],"up":[{"embeddable":true,"href":"https:\/\/projectes.xtec.cat\/recerca\/wp-json\/wp\/v2\/pages\/8462"}],"wp:featuredmedia":[{"embeddable":true,"href":"https:\/\/projectes.xtec.cat\/recerca\/wp-json\/wp\/v2\/media\/10639"}],"wp:attachment":[{"href":"https:\/\/projectes.xtec.cat\/recerca\/wp-json\/wp\/v2\/media?parent=8681"}],"curies":[{"name":"wp","href":"https:\/\/api.w.org\/{rel}","templated":true}]}}