{"id":8940,"date":"2025-05-28T16:41:50","date_gmt":"2025-05-28T14:41:50","guid":{"rendered":"https:\/\/projectes.xtec.cat\/recerca\/?page_id=8940"},"modified":"2025-06-27T10:30:35","modified_gmt":"2025-06-27T08:30:35","slug":"citacions-bibliografiques","status":"publish","type":"page","link":"https:\/\/projectes.xtec.cat\/recerca\/citacions-bibliografiques\/","title":{"rendered":"Citacions bibliogr\u00e0fiques"},"content":{"rendered":"\n<p>\u00c9s imprescindible citar les fonts d\u2019on hem tret la informaci\u00f3 que fem servir. Per\u00f2 abans cal que entenguem la difer\u00e8ncia entre una citaci\u00f3, una refer\u00e8ncia bibliografia, i el llistat complet de refer\u00e8ncies o bibliografia.&nbsp;<\/p>\n\n\n\n<ul class=\"wp-block-list\">\n<li><strong>Cita<\/strong>: \u00c9s la menci\u00f3 breu dins del text d\u2019una font espec\u00edfica utilitzada, en qu\u00e8 s\u2019indica l\u2019autoria i l\u2019any, per donar suport a una afirmaci\u00f3 o idea. Per exemple: (Autor, Any).<\/li>\n\n\n\n<li><strong>Refer\u00e8ncia bibliogr\u00e0fica<\/strong>: \u00c9s el detall complet d\u2019una font citada, que inclou tots els elements necessaris (autor, t\u00edtol, any, editorial, etc.) per identificar-la i localitzar-la. Es presenta al final del treball en un format estandarditzat.&nbsp;<\/li>\n<\/ul>\n\n\n\n<p><strong>Llistat de refer\u00e8ncies o bibliografia<\/strong>: \u00c9s el conjunt de totes les refer\u00e8ncies organitzades al final del treball. Les refer\u00e8ncies inclouen \u00fanicament les fonts citades al text, mentre que la bibliografia pot incloure fonts addicionals consultades per aprofundir en el tema.<\/p>\n\n\n\n<div style=\"width: 100%;\"><div style=\"position: relative; padding-bottom: 56.25%; padding-top: 0; height: 0;\"><iframe loading=\"lazy\" title=\"4.1. Conceptes b\u00e0sics_Part 1\" frameborder=\"0\" width=\"1200px\" height=\"675px\" style=\"position: absolute; top: 0; left: 0; width: 100%; height: 100%;\" src=\"https:\/\/view.genially.com\/62b2d62b183b120018f346be\" type=\"text\/html\" allowscriptaccess=\"always\" allowfullscreen=\"true\" scrolling=\"yes\" allownetworking=\"all\"><\/iframe> <\/div> <\/div>\n\n\n\n<p class=\"has-text-align-center has-small-font-size\">Font: <a href=\"https:\/\/view.genially.com\/62b2d62b183b120018f346be\">Servei de Biblioteques de la UAB, 2024.<\/a><\/p>\n\n\n\n<div class=\"wp-block-group is-layout-constrained wp-container-core-group-is-layout-1 wp-block-group-is-layout-constrained\" style=\"padding-right:0;padding-left:0\">\n<h2 class=\"wp-block-heading\">Com fer refer\u00e8ncies, a l\u2019estil APA?<\/h2>\n\n\n\n<div class=\"wp-block-columns is-layout-flex wp-container-core-columns-is-layout-1 wp-block-columns-is-layout-flex\" style=\"padding-right:0;padding-left:0\">\n<div class=\"wp-block-column is-layout-flow wp-block-column-is-layout-flow\">\n<p>Referenciar correctament \u00e9s essencial per evitar el plagi, donar credibilitat al treball i garantir la tra\u00e7abilitat de les fonts. Hi ha diferents models de refer\u00e8ncies bibliogr\u00e0fiques; sovint dins les ci\u00e8ncies de l\u2019educaci\u00f3 utilitzem l\u2019estil de l\u2019APA (<em>American Psychological Association<\/em>).<\/p>\n\n\n\n<p>En <a href=\"https:\/\/drive.google.com\/file\/d\/1zVsMaSvPyDSdNkIZtr8mc2aYrVMmoXZF\/view?usp=sharing\" target=\"_blank\" rel=\"noreferrer noopener nofollow\">aquesta taula<\/a> pots consultar l\u2019estructura de refer\u00e8ncies bibliogr\u00e0fiques d\u2019aquest model.&nbsp;<\/p>\n\n\n\n<p>Per fer refer\u00e8ncies de manera r\u00e0pida, hi ha eines senzilles com <em>Cite This For Me<\/em>, que poden ser \u00fatils puntualment. Consulta la secci\u00f3 sobre aplicacions d\u2019intel\u00b7lig\u00e8ncia artificial on trobar\u00e0s altres eines que poden ajudar-te en la teva recerca.<\/p>\n<\/div>\n\n\n\n<div class=\"wp-block-column is-layout-flow wp-block-column-is-layout-flow\">\n<p>Trobar\u00e0s m\u00e9s informaci\u00f3 sobre com citar i com fer refer\u00e8ncies bibliogr\u00e0fiques als seg\u00fcents enlla\u00e7os:&nbsp;<\/p>\n\n\n\n<ul class=\"wp-block-list\">\n<li><a href=\"https:\/\/biblioteca.uoc.edu:8080\/ca\/plana\/Estil-APA\/\">Biblioteca UOC<\/a><\/li>\n\n\n\n<li><a href=\"https:\/\/guiesbibtic.upf.edu\/models-citacio\/APA\">Guies BibTIC UPF<\/a><\/li>\n\n\n\n<li><a href=\"https:\/\/biblioteca.udg.edu\/ca\/com-citar-documents\/estil-apa\">Biblioteca UdG<\/a><\/li>\n\n\n\n<li><a href=\"https:\/\/crai.ub.edu\/serveis-i-recursos\/assessorament-referencies-bibliografiques\/estil-apa\">CRAI UB<\/a><\/li>\n\n\n\n<li><a href=\"https:\/\/www.uab.cat\/ca\/biblioteques\/ccr\/citacions-bibliografia\">Biblioteques UAB<\/a><\/li>\n\n\n\n<li><a href=\"https:\/\/apastyle.apa.org\/blog\">APA<\/a><\/li>\n<\/ul>\n<\/div>\n<\/div>\n<\/div>\n\n\n\n<div class=\"wp-block-group is-layout-constrained wp-container-core-group-is-layout-2 wp-block-group-is-layout-constrained\" style=\"padding-right:0;padding-left:0\">\n<h2 class=\"wp-block-heading\">Gestors bibliogr\u00e0fics<\/h2>\n\n\n\n<p>Els gestors bibliogr\u00e0fics serveixen per <strong>organitzar, emmagatzemar i citar de manera eficient les fonts d\u2019informaci\u00f3<\/strong> que s&#8217;utilitzen en un treball acad\u00e8mic o de recerca. Abans d\u2019iniciar la cerca documental, \u00e9s recomanable comptar amb un gestor de refer\u00e8ncies bibliogr\u00e0fiques, com <a href=\"https:\/\/www.zotero.org\/\">Zotero<\/a> o <a href=\"https:\/\/www.mendeley.com\/search\/\">Mendeley<\/a>, per organitzar i gestionar les fonts de manera eficient. <\/p>\n\n\n\n<div class=\"wp-block-columns alignwide is-layout-flex wp-container-core-columns-is-layout-2 wp-block-columns-is-layout-flex\" style=\"padding-right:0;padding-left:0\">\n<div class=\"wp-block-column is-layout-flow wp-block-column-is-layout-flow\">\n<h3 class=\"wp-block-heading\">Aquests programes permeten:<\/h3>\n\n\n\n<ul class=\"wp-block-list\">\n<li><strong>Guardar i organitza<\/strong>r refer\u00e8ncies\n<ul class=\"wp-block-list\">\n<li>Permeten desar articles, llibres, p\u00e0gines web i altres fonts d&#8217;informaci\u00f3 de manera estructurada. Es poden agrupar per temes, projectes o paraules clau.<\/li>\n<\/ul>\n<\/li>\n\n\n\n<li><strong>Generar cites i bibliografies <\/strong>autom\u00e0ticament\n<ul class=\"wp-block-list\">\n<li>Faciliten la creaci\u00f3 de cites i refer\u00e8ncies en diferents estils (APA, MLA, Chicago, etc.) amb un sol clic, estalviant temps i evitant errors.<\/li>\n<\/ul>\n<\/li>\n\n\n\n<li><strong>Inserir cites <\/strong>dins de documents\n<ul class=\"wp-block-list\">\n<li>S&#8217;integren amb processadors de text com Microsoft Word o Google Docs, i aix\u00f2 permet inserir cites directament mentre s&#8217;escriu.<\/li>\n<\/ul>\n<\/li>\n\n\n\n<li><strong>Compartir i col\u00b7laborar<\/strong>\n<ul class=\"wp-block-list\">\n<li>Permeten treballar col\u00b7laborativament amb altres investigadors o docents compartint carpetes de refer\u00e8ncies.<\/li>\n<\/ul>\n<\/li>\n\n\n\n<li>Estalviar<strong> temps<\/strong> i millorar el<strong> rigor<\/strong>\n<ul class=\"wp-block-list\">\n<li>Automatitzen processos que sovint s\u00f3n laboriosos, millorant l\u2019efici\u00e8ncia i la precisi\u00f3 a l\u2019hora de citar fonts i elaborar bibliografies.<\/li>\n<\/ul>\n<\/li>\n<\/ul>\n<\/div>\n\n\n\n<div class=\"wp-block-column is-layout-flow wp-block-column-is-layout-flow\">\n<h3 class=\"wp-block-heading\"><strong>Exemples de gestors bibliogr\u00e0fics:<\/strong><\/h3>\n\n\n\n<ul class=\"wp-block-list\">\n<li><strong>Zotero<\/strong> (gratu\u00eft i molt intu\u00eftiu)<\/li>\n\n\n\n<li><strong>Mendeley<\/strong> (amb funcions de xarxa social acad\u00e8mica)<\/li>\n\n\n\n<li><strong>EndNote<\/strong> (m\u00e9s utilitzat en entorns universitaris professionals)<br><\/li>\n<\/ul>\n\n\n\n<p>Els <strong>gestors bibliogr\u00e0fics <\/strong>s\u00f3n una eina clau per fer recerca educativa basada en evid\u00e8ncies amb qualitat i efici\u00e8ncia. A m\u00e9s, els gestors de refer\u00e8ncies faciliten l\u2019acc\u00e9s a la biblioteca personal des de qualsevol dispositiu amb connexi\u00f3 a Internet.<\/p>\n\n\n\n<p>La Universitat Aut\u00f2noma de Barcelona (UAB) proporciona <strong>tutorials <\/strong>i <strong>guies d\u2019\u00fas<\/strong> per fer servir els gestors:<\/p>\n\n\n\n<ul class=\"wp-block-list\">\n<li><a href=\"https:\/\/youtu.be\/5Uc4e6ULzI4\">Guia d\u2019\u00fas de Mendeley<\/a>&nbsp;<\/li>\n\n\n\n<li><a href=\"https:\/\/webs.uab.cat\/esid\/book\/manual-de-formacio-sobre-zotero\/\">Guia d\u2019\u00fas de Zotero&nbsp;<\/a><\/li>\n<\/ul>\n<\/div>\n<\/div>\n<\/div>\n","protected":false},"excerpt":{"rendered":"<p>\u00c9s imprescindible citar les fonts d\u2019on hem tret la informaci\u00f3 que fem servir. Per\u00f2 abans cal que entenguem la difer\u00e8ncia [&hellip;]<\/p>\n","protected":false},"author":10,"featured_media":10612,"parent":0,"menu_order":0,"comment_status":"closed","ping_status":"close","template":"","meta":{"site-sidebar-layout":"default","site-content-layout":"","ast-site-content-layout":"default","site-content-style":"default","site-sidebar-style":"default","ast-global-header-display":"","ast-banner-title-visibility":"","ast-main-header-display":"","ast-hfb-above-header-display":"","ast-hfb-below-header-display":"","ast-hfb-mobile-header-display":"","site-post-title":"","ast-breadcrumbs-content":"","ast-featured-img":"","footer-sml-layout":"","theme-transparent-header-meta":"","adv-header-id-meta":"","stick-header-meta":"","header-above-stick-meta":"","header-main-stick-meta":"","header-below-stick-meta":"","astra-migrate-meta-layouts":"set","ast-page-background-enabled":"default","ast-page-background-meta":{"desktop":{"background-color":"var(--ast-global-color-4)","background-image":"","background-repeat":"repeat","background-position":"center center","background-size":"auto","background-attachment":"scroll","background-type":"","background-media":"","overlay-type":"","overlay-color":"","overlay-opacity":"","overlay-gradient":""},"tablet":{"background-color":"","background-image":"","background-repeat":"repeat","background-position":"center center","background-size":"auto","background-attachment":"scroll","background-type":"","background-media":"","overlay-type":"","overlay-color":"","overlay-opacity":"","overlay-gradient":""},"mobile":{"background-color":"","background-image":"","background-repeat":"repeat","background-position":"center center","background-size":"auto","background-attachment":"scroll","background-type":"","background-media":"","overlay-type":"","overlay-color":"","overlay-opacity":"","overlay-gradient":""}},"ast-content-background-meta":{"desktop":{"background-color":"var(--ast-global-color-5)","background-image":"","background-repeat":"repeat","background-position":"center center","background-size":"auto","background-attachment":"scroll","background-type":"","background-media":"","overlay-type":"","overlay-color":"","overlay-opacity":"","overlay-gradient":""},"tablet":{"background-color":"var(--ast-global-color-5)","background-image":"","background-repeat":"repeat","background-position":"center center","background-size":"auto","background-attachment":"scroll","background-type":"","background-media":"","overlay-type":"","overlay-color":"","overlay-opacity":"","overlay-gradient":""},"mobile":{"background-color":"var(--ast-global-color-5)","background-image":"","background-repeat":"repeat","background-position":"center center","background-size":"auto","background-attachment":"scroll","background-type":"","background-media":"","overlay-type":"","overlay-color":"","overlay-opacity":"","overlay-gradient":""}},"footnotes":""},"class_list":["post-8940","page","type-page","status-publish","has-post-thumbnail","hentry"],"post_mailing_queue_ids":[],"_links":{"self":[{"href":"https:\/\/projectes.xtec.cat\/recerca\/wp-json\/wp\/v2\/pages\/8940","targetHints":{"allow":["GET"]}}],"collection":[{"href":"https:\/\/projectes.xtec.cat\/recerca\/wp-json\/wp\/v2\/pages"}],"about":[{"href":"https:\/\/projectes.xtec.cat\/recerca\/wp-json\/wp\/v2\/types\/page"}],"author":[{"embeddable":true,"href":"https:\/\/projectes.xtec.cat\/recerca\/wp-json\/wp\/v2\/users\/10"}],"replies":[{"embeddable":true,"href":"https:\/\/projectes.xtec.cat\/recerca\/wp-json\/wp\/v2\/comments?post=8940"}],"version-history":[{"count":6,"href":"https:\/\/projectes.xtec.cat\/recerca\/wp-json\/wp\/v2\/pages\/8940\/revisions"}],"predecessor-version":[{"id":9443,"href":"https:\/\/projectes.xtec.cat\/recerca\/wp-json\/wp\/v2\/pages\/8940\/revisions\/9443"}],"wp:featuredmedia":[{"embeddable":true,"href":"https:\/\/projectes.xtec.cat\/recerca\/wp-json\/wp\/v2\/media\/10612"}],"wp:attachment":[{"href":"https:\/\/projectes.xtec.cat\/recerca\/wp-json\/wp\/v2\/media?parent=8940"}],"curies":[{"name":"wp","href":"https:\/\/api.w.org\/{rel}","templated":true}]}}