{"id":8956,"date":"2025-05-28T17:00:44","date_gmt":"2025-05-28T15:00:44","guid":{"rendered":"https:\/\/projectes.xtec.cat\/recerca\/?page_id=8956"},"modified":"2025-06-07T19:11:05","modified_gmt":"2025-06-07T17:11:05","slug":"treballs-de-recerca-batxillerat","status":"publish","type":"page","link":"https:\/\/projectes.xtec.cat\/recerca\/treballs-de-recerca-batxillerat\/","title":{"rendered":"Treballs de recerca batxillerat"},"content":{"rendered":"\n<p>El Treball de Recerca (TdR) \u00e9s una part fonamental del <strong>curr\u00edculum de batxillerat a Catalunya<\/strong>, tal com s\u2019estableix al <em>Decret 171\/2022, de 20 de setembre, d&#8217;ordenaci\u00f3 dels ensenyaments de batxillerat<\/em>. Aquest treball t\u00e9 com a objectiu principal<strong> fomentar l\u2019autonomia, l\u2019esperit cr\u00edtic i les habilitats de recerca<\/strong> de l\u2019alumnat, a trav\u00e9s de la realitzaci\u00f3 d\u2019un projecte individual, guiat pel professorat, en qu\u00e8 l\u2019estudiant investiga una tem\u00e0tica d\u2019inter\u00e8s personal vinculada a qualsevol \u00e0mbit del coneixement.<\/p>\n\n\n\n<p>El Treball de Recerca \u00e9s una activitat obligat\u00f2ria per a tot l\u2019alumnat de batxillerat a Catalunya, i es concep com una iniciaci\u00f3 a la recerca.&nbsp;<\/p>\n\n\n\n<div class=\"wp-block-columns is-layout-flex wp-container-core-columns-is-layout-1 wp-block-columns-is-layout-flex\" style=\"padding-top:0;padding-right:0;padding-bottom:0;padding-left:0\">\n<div class=\"wp-block-column is-layout-flow wp-block-column-is-layout-flow\">\n<p>Consulta les <strong>guies <\/strong>que ofereixen orientacions clares per dur a terme una bona recerca:\u00a0<\/p>\n\n\n\n<ul class=\"wp-block-list\">\n<li><a href=\"https:\/\/educacio.gencat.cat\/.content\/home\/departament\/publicacions\/guies-estudis\/btx-treball-recerca.pdf\" target=\"_blank\" rel=\"noreferrer noopener\">Com fer un treball de recerca<\/a><\/li>\n\n\n\n<li><a href=\"https:\/\/diposit.ub.edu\/dspace\/bitstream\/2445\/114030\/8\/Guia%20practica%20per%20fer%20un%20bon%20TR%20BTX%2020%20consells_2aEdicio_2021.pdf\" target=\"_blank\" rel=\"noreferrer noopener\">Guia pr\u00e0ctica (UB)<\/a><\/li>\n\n\n\n<li><a href=\"https:\/\/www.edubcn.cat\/rcs_gene\/extra\/05_recerca\/recursos\/220122_recursos_tutoritzacio_treball_recerca.pdf\" target=\"_blank\" rel=\"noreferrer noopener\">Recursos per acompanyar el treball de recerca<\/a><\/li>\n<\/ul>\n<\/div>\n\n\n\n<div class=\"wp-block-column is-layout-flow wp-block-column-is-layout-flow\">\n<p>En aquestes guies hi trobareu:&nbsp;<\/p>\n\n\n\n<ol class=\"wp-block-list\">\n<li><strong>Consells<\/strong> per seleccionar un <strong>tema<\/strong> adequat, formular <strong>preguntes<\/strong> de recerca clares i definir <strong>objectius<\/strong> concrets.<\/li>\n\n\n\n<li>Com escollir el <strong>tipus de recerca<\/strong> (experimental, te\u00f2rica, aplicada, etc.) i les t\u00e8cniques i procediments m\u00e9s adequats.<\/li>\n\n\n\n<li><strong>Orientacions<\/strong> per accedir a<strong> fonts d&#8217;informaci\u00f3 fiables<\/strong>, fer-ne un buidatge eficient i evitar el plagi mitjan\u00e7ant una correcta citaci\u00f3.<\/li>\n<\/ol>\n<\/div>\n<\/div>\n\n\n\n<div class=\"wp-block-columns alignwide is-layout-flex wp-container-core-columns-is-layout-2 wp-block-columns-is-layout-flex\" style=\"padding-right:0;padding-left:0\">\n<div class=\"wp-block-column is-layout-flow wp-container-core-column-is-layout-3 wp-block-column-is-layout-flow\" style=\"border-style:none;border-width:0px;padding-top:var(--wp--preset--spacing--20);padding-right:var(--wp--preset--spacing--20);padding-bottom:var(--wp--preset--spacing--20);padding-left:var(--wp--preset--spacing--20);box-shadow:none\">\n<p>Trobareu m\u00e9s informaci\u00f3 sobre el treball de recerca a l&#8217;espai de Curr\u00edculum al seg\u00fcent <a href=\"https:\/\/xtec.gencat.cat\/ca\/curriculum\/batxillerat\/treballrecerca\" target=\"_blank\" rel=\"noreferrer noopener\">enlla\u00e7<\/a>.<\/p>\n<\/div>\n<\/div>\n","protected":false},"excerpt":{"rendered":"<p>El Treball de Recerca (TdR) \u00e9s una part fonamental del curr\u00edculum de batxillerat a Catalunya, tal com s\u2019estableix al Decret [&hellip;]<\/p>\n","protected":false},"author":10,"featured_media":10363,"parent":0,"menu_order":0,"comment_status":"closed","ping_status":"close","template":"","meta":{"site-sidebar-layout":"default","site-content-layout":"","ast-site-content-layout":"default","site-content-style":"default","site-sidebar-style":"default","ast-global-header-display":"","ast-banner-title-visibility":"","ast-main-header-display":"","ast-hfb-above-header-display":"","ast-hfb-below-header-display":"","ast-hfb-mobile-header-display":"","site-post-title":"","ast-breadcrumbs-content":"","ast-featured-img":"","footer-sml-layout":"","theme-transparent-header-meta":"","adv-header-id-meta":"","stick-header-meta":"","header-above-stick-meta":"","header-main-stick-meta":"","header-below-stick-meta":"","astra-migrate-meta-layouts":"set","ast-page-background-enabled":"default","ast-page-background-meta":{"desktop":{"background-color":"var(--ast-global-color-4)","background-image":"","background-repeat":"repeat","background-position":"center center","background-size":"auto","background-attachment":"scroll","background-type":"","background-media":"","overlay-type":"","overlay-color":"","overlay-opacity":"","overlay-gradient":""},"tablet":{"background-color":"","background-image":"","background-repeat":"repeat","background-position":"center center","background-size":"auto","background-attachment":"scroll","background-type":"","background-media":"","overlay-type":"","overlay-color":"","overlay-opacity":"","overlay-gradient":""},"mobile":{"background-color":"","background-image":"","background-repeat":"repeat","background-position":"center center","background-size":"auto","background-attachment":"scroll","background-type":"","background-media":"","overlay-type":"","overlay-color":"","overlay-opacity":"","overlay-gradient":""}},"ast-content-background-meta":{"desktop":{"background-color":"var(--ast-global-color-5)","background-image":"","background-repeat":"repeat","background-position":"center center","background-size":"auto","background-attachment":"scroll","background-type":"","background-media":"","overlay-type":"","overlay-color":"","overlay-opacity":"","overlay-gradient":""},"tablet":{"background-color":"var(--ast-global-color-5)","background-image":"","background-repeat":"repeat","background-position":"center center","background-size":"auto","background-attachment":"scroll","background-type":"","background-media":"","overlay-type":"","overlay-color":"","overlay-opacity":"","overlay-gradient":""},"mobile":{"background-color":"var(--ast-global-color-5)","background-image":"","background-repeat":"repeat","background-position":"center center","background-size":"auto","background-attachment":"scroll","background-type":"","background-media":"","overlay-type":"","overlay-color":"","overlay-opacity":"","overlay-gradient":""}},"footnotes":""},"class_list":["post-8956","page","type-page","status-publish","has-post-thumbnail","hentry"],"post_mailing_queue_ids":[],"_links":{"self":[{"href":"https:\/\/projectes.xtec.cat\/recerca\/wp-json\/wp\/v2\/pages\/8956","targetHints":{"allow":["GET"]}}],"collection":[{"href":"https:\/\/projectes.xtec.cat\/recerca\/wp-json\/wp\/v2\/pages"}],"about":[{"href":"https:\/\/projectes.xtec.cat\/recerca\/wp-json\/wp\/v2\/types\/page"}],"author":[{"embeddable":true,"href":"https:\/\/projectes.xtec.cat\/recerca\/wp-json\/wp\/v2\/users\/10"}],"replies":[{"embeddable":true,"href":"https:\/\/projectes.xtec.cat\/recerca\/wp-json\/wp\/v2\/comments?post=8956"}],"version-history":[{"count":6,"href":"https:\/\/projectes.xtec.cat\/recerca\/wp-json\/wp\/v2\/pages\/8956\/revisions"}],"predecessor-version":[{"id":10377,"href":"https:\/\/projectes.xtec.cat\/recerca\/wp-json\/wp\/v2\/pages\/8956\/revisions\/10377"}],"wp:featuredmedia":[{"embeddable":true,"href":"https:\/\/projectes.xtec.cat\/recerca\/wp-json\/wp\/v2\/media\/10363"}],"wp:attachment":[{"href":"https:\/\/projectes.xtec.cat\/recerca\/wp-json\/wp\/v2\/media?parent=8956"}],"curies":[{"name":"wp","href":"https:\/\/api.w.org\/{rel}","templated":true}]}}