{"id":9003,"date":"2025-05-29T08:54:58","date_gmt":"2025-05-29T06:54:58","guid":{"rendered":"https:\/\/projectes.xtec.cat\/recerca\/?page_id=9003"},"modified":"2025-05-31T13:01:57","modified_gmt":"2025-05-31T11:01:57","slug":"tematiques","status":"publish","type":"page","link":"https:\/\/projectes.xtec.cat\/recerca\/erasmus-redu\/tematiques\/","title":{"rendered":"Tem\u00e0tiques i \u00e0mbits d&#8217;inter\u00e8s de les mobilitats"},"content":{"rendered":"\n<p>Les tem\u00e0tiques que cada centre decideix treballar a partir de les evid\u00e8ncies de recerca disponibles, s\u00f3n molt diverses.&nbsp;<\/p>\n\n\n\n<p>Fins ara, s\u2019han explorat diferents \u00e0rees d&#8217;inter\u00e8s des d\u2019una mirada centrada en l\u2019<strong>aplicaci\u00f3 d\u2019evid\u00e8ncies i metodologies contrastades<\/strong> amb l\u2019objectiu d\u2019enfortir el vincle entre la pr\u00e0ctica educativa i la recerca. Tot i aix\u00f2, cada centre pot decidir la seva l\u00ednia de treball en funci\u00f3 de les seves <strong>necessitats i interessos,<\/strong> sempre que es <strong>fonamenti i es pugui vincular amb la recerca educativa.<\/strong><\/p>\n\n\n\n<figure class=\"wp-block-image aligncenter size-full is-resized has-custom-border\"><a href=\"https:\/\/projectes.xtec.cat\/recerca\/wp-content\/uploads\/usu2090\/2025\/05\/Infografies-Nodes-SRE-format-estret-12.svg\"><img decoding=\"async\" src=\"https:\/\/projectes.xtec.cat\/recerca\/wp-content\/uploads\/usu2090\/2025\/05\/Infografies-Nodes-SRE-format-estret-12.svg\" alt=\"\" class=\"has-border-color has-ast-global-color-3-border-color wp-image-9445\" style=\"border-width:30px;width:1016px;height:auto\"\/><\/a><\/figure>\n","protected":false},"excerpt":{"rendered":"<p>Les tem\u00e0tiques que cada centre decideix treballar a partir de les evid\u00e8ncies de recerca disponibles, s\u00f3n molt diverses.&nbsp; Fins ara, [&hellip;]<\/p>\n","protected":false},"author":2,"featured_media":9121,"parent":8462,"menu_order":0,"comment_status":"closed","ping_status":"close","template":"","meta":{"site-sidebar-layout":"default","site-content-layout":"","ast-site-content-layout":"default","site-content-style":"default","site-sidebar-style":"default","ast-global-header-display":"","ast-banner-title-visibility":"","ast-main-header-display":"","ast-hfb-above-header-display":"","ast-hfb-below-header-display":"","ast-hfb-mobile-header-display":"","site-post-title":"","ast-breadcrumbs-content":"","ast-featured-img":"","footer-sml-layout":"","theme-transparent-header-meta":"","adv-header-id-meta":"","stick-header-meta":"","header-above-stick-meta":"","header-main-stick-meta":"","header-below-stick-meta":"","astra-migrate-meta-layouts":"set","ast-page-background-enabled":"default","ast-page-background-meta":{"desktop":{"background-color":"var(--ast-global-color-4)","background-image":"","background-repeat":"repeat","background-position":"center center","background-size":"auto","background-attachment":"scroll","background-type":"","background-media":"","overlay-type":"","overlay-color":"","overlay-opacity":"","overlay-gradient":""},"tablet":{"background-color":"","background-image":"","background-repeat":"repeat","background-position":"center center","background-size":"auto","background-attachment":"scroll","background-type":"","background-media":"","overlay-type":"","overlay-color":"","overlay-opacity":"","overlay-gradient":""},"mobile":{"background-color":"","background-image":"","background-repeat":"repeat","background-position":"center center","background-size":"auto","background-attachment":"scroll","background-type":"","background-media":"","overlay-type":"","overlay-color":"","overlay-opacity":"","overlay-gradient":""}},"ast-content-background-meta":{"desktop":{"background-color":"var(--ast-global-color-5)","background-image":"","background-repeat":"repeat","background-position":"center center","background-size":"auto","background-attachment":"scroll","background-type":"","background-media":"","overlay-type":"","overlay-color":"","overlay-opacity":"","overlay-gradient":""},"tablet":{"background-color":"var(--ast-global-color-5)","background-image":"","background-repeat":"repeat","background-position":"center center","background-size":"auto","background-attachment":"scroll","background-type":"","background-media":"","overlay-type":"","overlay-color":"","overlay-opacity":"","overlay-gradient":""},"mobile":{"background-color":"var(--ast-global-color-5)","background-image":"","background-repeat":"repeat","background-position":"center center","background-size":"auto","background-attachment":"scroll","background-type":"","background-media":"","overlay-type":"","overlay-color":"","overlay-opacity":"","overlay-gradient":""}},"footnotes":""},"class_list":["post-9003","page","type-page","status-publish","has-post-thumbnail","hentry"],"post_mailing_queue_ids":[],"_links":{"self":[{"href":"https:\/\/projectes.xtec.cat\/recerca\/wp-json\/wp\/v2\/pages\/9003","targetHints":{"allow":["GET"]}}],"collection":[{"href":"https:\/\/projectes.xtec.cat\/recerca\/wp-json\/wp\/v2\/pages"}],"about":[{"href":"https:\/\/projectes.xtec.cat\/recerca\/wp-json\/wp\/v2\/types\/page"}],"author":[{"embeddable":true,"href":"https:\/\/projectes.xtec.cat\/recerca\/wp-json\/wp\/v2\/users\/2"}],"replies":[{"embeddable":true,"href":"https:\/\/projectes.xtec.cat\/recerca\/wp-json\/wp\/v2\/comments?post=9003"}],"version-history":[{"count":3,"href":"https:\/\/projectes.xtec.cat\/recerca\/wp-json\/wp\/v2\/pages\/9003\/revisions"}],"predecessor-version":[{"id":9447,"href":"https:\/\/projectes.xtec.cat\/recerca\/wp-json\/wp\/v2\/pages\/9003\/revisions\/9447"}],"up":[{"embeddable":true,"href":"https:\/\/projectes.xtec.cat\/recerca\/wp-json\/wp\/v2\/pages\/8462"}],"wp:featuredmedia":[{"embeddable":true,"href":"https:\/\/projectes.xtec.cat\/recerca\/wp-json\/wp\/v2\/media\/9121"}],"wp:attachment":[{"href":"https:\/\/projectes.xtec.cat\/recerca\/wp-json\/wp\/v2\/media?parent=9003"}],"curies":[{"name":"wp","href":"https:\/\/api.w.org\/{rel}","templated":true}]}}