{"id":9032,"date":"2025-05-29T09:56:19","date_gmt":"2025-05-29T07:56:19","guid":{"rendered":"https:\/\/projectes.xtec.cat\/recerca\/?page_id=9032"},"modified":"2025-07-01T14:26:49","modified_gmt":"2025-07-01T12:26:49","slug":"pla-de-recerca-educativa","status":"publish","type":"page","link":"https:\/\/projectes.xtec.cat\/recerca\/grup-investigador\/pla-de-recerca-educativa\/","title":{"rendered":"Pla de Recerca Educativa de Catalunya"},"content":{"rendered":"\n<h2 class=\"wp-block-heading has-ast-global-color-0-color has-text-color has-link-color wp-elements-66a1d556048f0f064fbb551c1c38e66a\" style=\"font-size:27px\"><strong>Antecedents al Pla de Recerca Educativa<\/strong><\/h2>\n\n\n\n<p>Durant els anys 2023 i 2024, el Servei de Recerca Educativa ha coordinat l<strong>&#8216;elaboraci\u00f3 del Pla de Recerca Educativa de Catalunya<\/strong>, amb l&#8217;objectiu de convertir-lo en un<strong> instrument estrat\u00e8gic<\/strong> per a la millora de la qualitat del sistema educatiu. Aquest pla s&#8217;ha desenvolupat a partir d&#8217;una diagnosi exhaustiva de l&#8217;estat de la recerca educativa al pa\u00eds i de la <strong>participaci\u00f3 de tots els agents educatius: <\/strong>docents, acad\u00e8mia i representants de l\u2019administraci\u00f3.<\/p>\n\n\n\n<p>Una fita destacada d\u2019aquest proc\u00e9s va ser la <strong>celebraci\u00f3 de la I Convenci\u00f3 de Recerca Educativa, celebrada<\/strong> el 15 de novembre de 2023 a les instal\u00b7lacions de l&#8217;INEFC. L\u2019acte va acollir m\u00e9s de<strong> 150 persones dels \u00e0mbits de la recerca i l&#8217;educaci\u00f3<\/strong> per debatre i consensuar les mesures necess\u00e0ries per impulsar la transfer\u00e8ncia de la recerca educativa. Aquesta trobada va permetre tancar la diagnosi i definir les l\u00ednies de treball, establint les bases per a la seva implementaci\u00f3. Els mesos seg\u00fcents a la Convenci\u00f3, es van engegar <strong>4 grups de treball<\/strong> per concretar les accions i mesures concretes del Pla de Recerca.&nbsp;&nbsp;<\/p>\n\n\n\n<p>El Pla s&#8217;estructura en <strong>quatre l\u00ednies de treball <\/strong>principals:<\/p>\n\n\n\n<ol class=\"wp-block-list\">\n<li><strong>Treball amb dades<\/strong>: Millorar l&#8217;accessibilitat i la qualitat de les dades per facilitar la recerca en educaci\u00f3.<\/li>\n\n\n\n<li><strong>Foment de la recerca educativa<\/strong>: Millorar el finan\u00e7ament i fomentar la recerca educativa.<\/li>\n\n\n\n<li><strong>Transfer\u00e8ncia de la recerca<\/strong>: Facilitar la incorporaci\u00f3 de les evid\u00e8ncies cient\u00edfiques a la pr\u00e0ctica docent i a les pol\u00edtiques educatives.<\/li>\n\n\n\n<li><strong>Avaluaci\u00f3 de pol\u00edtiques i programes educatius<\/strong>: Establir mecanismes sistem\u00e0tics, peri\u00f2dics i rigorosos per avaluar les pol\u00edtiques i programes educatius.<\/li>\n<\/ol>\n\n\n\n<figure class=\"wp-block-image aligncenter size-full is-resized\"><a href=\"https:\/\/projectes.xtec.cat\/recerca\/wp-content\/uploads\/usu2090\/2025\/05\/Infografies-Nodes-SRE-format-estret-18.svg\"><img decoding=\"async\" src=\"https:\/\/projectes.xtec.cat\/recerca\/wp-content\/uploads\/usu2090\/2025\/05\/Infografies-Nodes-SRE-format-estret-18.svg\" alt=\"\" class=\"wp-image-9482\" style=\"width:830px;height:auto\"\/><\/a><\/figure>\n\n\n\n<p>El Pla de Recerca Educativa representa una <strong>oportunitat \u00fanica per enfortir la connexi\u00f3 entre la recerca, la pr\u00e0ctica educativa i les pol\u00edtiques p\u00fabliques<\/strong>, amb l&#8217;objectiu de millorar les oportunitats d&#8217;aprenentatge de tot l&#8217;alumnat i garantir la qualitat del sistema educatiu a Catalunya.<\/p>\n\n\n\n<figure class=\"wp-block-image size-full is-resized has-custom-border\"><a href=\"https:\/\/projectes.xtec.cat\/recerca\/wp-content\/uploads\/usu2090\/2025\/05\/Infografies-Nodes-SRE-format-ample-12.svg\"><img decoding=\"async\" src=\"https:\/\/projectes.xtec.cat\/recerca\/wp-content\/uploads\/usu2090\/2025\/05\/Infografies-Nodes-SRE-format-ample-12.svg\" alt=\"\" class=\"has-border-color has-white-border-color wp-image-9480\" style=\"border-width:22px;width:1060px;height:auto\"\/><\/a><\/figure>\n\n\n\n<hr class=\"wp-block-separator has-alpha-channel-opacity\"\/>\n\n\n\n<div class=\"wp-block-group is-layout-constrained wp-block-group-is-layout-constrained\">\n<h2 class=\"wp-block-heading\">Not\u00edcies Pla de recerca educativa<\/h2>\n\n\n\n        <div class=\"wp-block-getwid-post-carousel custom-post-type-post has-slides-gap-small is-carousel has-arrows-inside has-dots-outside\">\n            <div data-slider-option=\"{&quot;sliderSlidesToShowDesktop&quot;:&quot;3&quot;,&quot;getwid_slidesToShowLaptop&quot;:&quot;1&quot;,&quot;getwid_slidesToShowTablet&quot;:&quot;1&quot;,&quot;getwid_slidesToShowMobile&quot;:&quot;1&quot;,&quot;getwid_autoplay_speed&quot;:6000,&quot;getwid_animation_speed&quot;:800,&quot;getwid_slidesToScroll&quot;:&quot;1&quot;,&quot;getwid_autoplay&quot;:false,&quot;getwid_pause_on_hover&quot;:false,&quot;getwid_infinite&quot;:true,&quot;getwid_center_mode&quot;:false,&quot;getwid_arrows&quot;:&quot;inside&quot;,&quot;getwid_dots&quot;:&quot;outside&quot;}\" class=\"wp-block-getwid-post-carousel__wrapper\">\n                <p>No s&#039;ha trobat res.<\/p>            <\/div>\n        <\/div>\n        <\/div>\n\n\n\n<p><\/p>\n","protected":false},"excerpt":{"rendered":"<p>Antecedents al Pla de Recerca Educativa Durant els anys 2023 i 2024, el Servei de Recerca Educativa ha coordinat l&#8216;elaboraci\u00f3 [&hellip;]<\/p>\n","protected":false},"author":2,"featured_media":9160,"parent":8575,"menu_order":0,"comment_status":"closed","ping_status":"close","template":"","meta":{"site-sidebar-layout":"default","site-content-layout":"","ast-site-content-layout":"default","site-content-style":"default","site-sidebar-style":"default","ast-global-header-display":"","ast-banner-title-visibility":"","ast-main-header-display":"","ast-hfb-above-header-display":"","ast-hfb-below-header-display":"","ast-hfb-mobile-header-display":"","site-post-title":"","ast-breadcrumbs-content":"","ast-featured-img":"","footer-sml-layout":"","theme-transparent-header-meta":"","adv-header-id-meta":"","stick-header-meta":"","header-above-stick-meta":"","header-main-stick-meta":"","header-below-stick-meta":"","astra-migrate-meta-layouts":"set","ast-page-background-enabled":"default","ast-page-background-meta":{"desktop":{"background-color":"var(--ast-global-color-4)","background-image":"","background-repeat":"repeat","background-position":"center center","background-size":"auto","background-attachment":"scroll","background-type":"","background-media":"","overlay-type":"","overlay-color":"","overlay-opacity":"","overlay-gradient":""},"tablet":{"background-color":"","background-image":"","background-repeat":"repeat","background-position":"center center","background-size":"auto","background-attachment":"scroll","background-type":"","background-media":"","overlay-type":"","overlay-color":"","overlay-opacity":"","overlay-gradient":""},"mobile":{"background-color":"","background-image":"","background-repeat":"repeat","background-position":"center center","background-size":"auto","background-attachment":"scroll","background-type":"","background-media":"","overlay-type":"","overlay-color":"","overlay-opacity":"","overlay-gradient":""}},"ast-content-background-meta":{"desktop":{"background-color":"var(--ast-global-color-5)","background-image":"","background-repeat":"repeat","background-position":"center center","background-size":"auto","background-attachment":"scroll","background-type":"","background-media":"","overlay-type":"","overlay-color":"","overlay-opacity":"","overlay-gradient":""},"tablet":{"background-color":"var(--ast-global-color-5)","background-image":"","background-repeat":"repeat","background-position":"center center","background-size":"auto","background-attachment":"scroll","background-type":"","background-media":"","overlay-type":"","overlay-color":"","overlay-opacity":"","overlay-gradient":""},"mobile":{"background-color":"var(--ast-global-color-5)","background-image":"","background-repeat":"repeat","background-position":"center center","background-size":"auto","background-attachment":"scroll","background-type":"","background-media":"","overlay-type":"","overlay-color":"","overlay-opacity":"","overlay-gradient":""}},"footnotes":""},"class_list":["post-9032","page","type-page","status-publish","has-post-thumbnail","hentry"],"post_mailing_queue_ids":[],"_links":{"self":[{"href":"https:\/\/projectes.xtec.cat\/recerca\/wp-json\/wp\/v2\/pages\/9032","targetHints":{"allow":["GET"]}}],"collection":[{"href":"https:\/\/projectes.xtec.cat\/recerca\/wp-json\/wp\/v2\/pages"}],"about":[{"href":"https:\/\/projectes.xtec.cat\/recerca\/wp-json\/wp\/v2\/types\/page"}],"author":[{"embeddable":true,"href":"https:\/\/projectes.xtec.cat\/recerca\/wp-json\/wp\/v2\/users\/2"}],"replies":[{"embeddable":true,"href":"https:\/\/projectes.xtec.cat\/recerca\/wp-json\/wp\/v2\/comments?post=9032"}],"version-history":[{"count":6,"href":"https:\/\/projectes.xtec.cat\/recerca\/wp-json\/wp\/v2\/pages\/9032\/revisions"}],"predecessor-version":[{"id":11199,"href":"https:\/\/projectes.xtec.cat\/recerca\/wp-json\/wp\/v2\/pages\/9032\/revisions\/11199"}],"up":[{"embeddable":true,"href":"https:\/\/projectes.xtec.cat\/recerca\/wp-json\/wp\/v2\/pages\/8575"}],"wp:featuredmedia":[{"embeddable":true,"href":"https:\/\/projectes.xtec.cat\/recerca\/wp-json\/wp\/v2\/media\/9160"}],"wp:attachment":[{"href":"https:\/\/projectes.xtec.cat\/recerca\/wp-json\/wp\/v2\/media?parent=9032"}],"curies":[{"name":"wp","href":"https:\/\/api.w.org\/{rel}","templated":true}]}}