{"id":9583,"date":"2025-06-02T15:25:55","date_gmt":"2025-06-02T13:25:55","guid":{"rendered":"https:\/\/projectes.xtec.cat\/recerca\/?page_id=9583"},"modified":"2025-06-13T12:01:48","modified_gmt":"2025-06-13T10:01:48","slug":"preguntes-de-recerca","status":"publish","type":"page","link":"https:\/\/projectes.xtec.cat\/recerca\/cerques-bibliografiques\/preguntes-de-recerca\/","title":{"rendered":"Preguntes de recerca"},"content":{"rendered":"\n<p>No totes les preguntes que sorgeixen en la pr\u00e0ctica docent s\u00f3n de recerca, per\u00f2 si es formulen correctament poden esdevenir el punt de partida d\u2019un estudi. El proc\u00e9s comen\u00e7a amb la identificaci\u00f3 d\u2019un tema d\u2019inter\u00e8s, sovint vinculat a l\u2019experi\u00e8ncia a l\u2019aula, i es concreta mitjan\u00e7ant preguntes espec\u00edfiques i investigables.<\/p>\n\n\n\n<p>Un bon problema de recerca ha de ser clar, rellevant i tenir un impacte potencial en la millora de la pr\u00e0ctica docent. Per formular-lo, cal definir qu\u00e8 s\u2019estudiar\u00e0, quines preguntes es volen respondre i en quin context. La revisi\u00f3 de la literatura cient\u00edfica \u00e9s essencial des del principi per afinar el problema de recerca i assegurar-ne el rigor.<\/p>\n\n\n\n<p>Per elaborar una bona pregunta de recerca has de tenir en compte:<\/p>\n\n\n\n<ul class=\"wp-block-list\">\n<li>No ha de ser ni massa f\u00e0cil ni massa dif\u00edcil de respondre.<\/li>\n\n\n\n<li>Ha d\u2019evitar judicis de valor.<\/li>\n\n\n\n<li>Els termes han de ser concrets i clars.<\/li>\n\n\n\n<li>Ha d\u2019aportar un valor pr\u00e0ctic i estar vinculada a l\u2019experi\u00e8ncia docent.<\/li>\n\n\n\n<li>Cal tenir en compte la recerca pr\u00e8via sobre el tema.<\/li>\n<\/ul>\n\n\n\n<p>Aquest proc\u00e9s no nom\u00e9s condueix a una investigaci\u00f3 rigorosa, sin\u00f3 que fomenta una actitud cr\u00edtica i reflexiva en la pr\u00e0ctica educativa.<\/p>\n\n\n\n<h3 class=\"wp-block-heading\">Exemples de preguntes de recerca<\/h3>\n\n\n\n<figure class=\"wp-block-table is-style-stripes\"><table class=\"has-fixed-layout\"><thead><tr><th><strong>Tema de recerca<\/strong><\/th><th><strong>Pregunta de recerca<\/strong><\/th><\/tr><\/thead><tbody><tr><td>L&#8217;\u00fas de les xarxes socials<\/td><td>Quins s\u00f3n els perills i beneficis de permetre l&#8217;\u00fas de les xarxes socials en la socialitzaci\u00f3 dins l\u2019aula per part de l\u2019alumnat?<\/td><\/tr><tr><td>Impacte de les tecnologies m\u00f2bils en el rendiment dels estudiants<\/td><td>Com afecta l&#8217;\u00fas continuat de tel\u00e8fons m\u00f2bils en la concentraci\u00f3 i el rendiment acad\u00e8mic dels i les estudiants?<\/td><\/tr><tr><td>Educaci\u00f3 per a l\u2019autonomia<\/td><td>Quin impacte t\u00e9 la permissivitat versus el control estructurat en l&#8217;autonomia i la responsabilitat dels estudiants a l&#8217;aula?<\/td><\/tr><tr><td>Estrat\u00e8gies per gestionar l&#8217;estr\u00e8s i la salut mental dels docents<\/td><td>Quines estrat\u00e8gies poden implementar els docents per gestionar l&#8217;estr\u00e8s i evitar l&#8217;esgotament professional en el seu dia a dia?<\/td><\/tr><tr><td>Intel\u00b7lig\u00e8ncia artificial i educaci\u00f3<\/td><td>Quines estrat\u00e8gies de la intel\u00b7lig\u00e8ncia artificial es poden integrar en l\u2019ensenyament i aprenentatge dins del centre?<\/td><\/tr><\/tbody><\/table><\/figure>\n\n\n\n<p><a href=\"https:\/\/drive.google.com\/file\/d\/1QbxtcBx0ERjhKHlfX4sug-0o26gddM0y\/view?usp=sharing\" target=\"_blank\" rel=\"noreferrer noopener\">Descarrega\u2019t la infografia<\/a> amb els consells per construir una pregunta de recerca.<\/p>\n\n\n\n<p><\/p>\n","protected":false},"excerpt":{"rendered":"<p>No totes les preguntes que sorgeixen en la pr\u00e0ctica docent s\u00f3n de recerca, per\u00f2 si es formulen correctament poden esdevenir [&hellip;]<\/p>\n","protected":false},"author":2,"featured_media":9124,"parent":8936,"menu_order":0,"comment_status":"closed","ping_status":"close","template":"","meta":{"site-sidebar-layout":"default","site-content-layout":"","ast-site-content-layout":"default","site-content-style":"default","site-sidebar-style":"default","ast-global-header-display":"","ast-banner-title-visibility":"","ast-main-header-display":"","ast-hfb-above-header-display":"","ast-hfb-below-header-display":"","ast-hfb-mobile-header-display":"","site-post-title":"","ast-breadcrumbs-content":"","ast-featured-img":"","footer-sml-layout":"","theme-transparent-header-meta":"","adv-header-id-meta":"","stick-header-meta":"","header-above-stick-meta":"","header-main-stick-meta":"","header-below-stick-meta":"","astra-migrate-meta-layouts":"set","ast-page-background-enabled":"default","ast-page-background-meta":{"desktop":{"background-color":"var(--ast-global-color-4)","background-image":"","background-repeat":"repeat","background-position":"center center","background-size":"auto","background-attachment":"scroll","background-type":"","background-media":"","overlay-type":"","overlay-color":"","overlay-opacity":"","overlay-gradient":""},"tablet":{"background-color":"","background-image":"","background-repeat":"repeat","background-position":"center center","background-size":"auto","background-attachment":"scroll","background-type":"","background-media":"","overlay-type":"","overlay-color":"","overlay-opacity":"","overlay-gradient":""},"mobile":{"background-color":"","background-image":"","background-repeat":"repeat","background-position":"center center","background-size":"auto","background-attachment":"scroll","background-type":"","background-media":"","overlay-type":"","overlay-color":"","overlay-opacity":"","overlay-gradient":""}},"ast-content-background-meta":{"desktop":{"background-color":"var(--ast-global-color-5)","background-image":"","background-repeat":"repeat","background-position":"center center","background-size":"auto","background-attachment":"scroll","background-type":"","background-media":"","overlay-type":"","overlay-color":"","overlay-opacity":"","overlay-gradient":""},"tablet":{"background-color":"var(--ast-global-color-5)","background-image":"","background-repeat":"repeat","background-position":"center center","background-size":"auto","background-attachment":"scroll","background-type":"","background-media":"","overlay-type":"","overlay-color":"","overlay-opacity":"","overlay-gradient":""},"mobile":{"background-color":"var(--ast-global-color-5)","background-image":"","background-repeat":"repeat","background-position":"center center","background-size":"auto","background-attachment":"scroll","background-type":"","background-media":"","overlay-type":"","overlay-color":"","overlay-opacity":"","overlay-gradient":""}},"footnotes":""},"class_list":["post-9583","page","type-page","status-publish","has-post-thumbnail","hentry"],"post_mailing_queue_ids":[],"_links":{"self":[{"href":"https:\/\/projectes.xtec.cat\/recerca\/wp-json\/wp\/v2\/pages\/9583","targetHints":{"allow":["GET"]}}],"collection":[{"href":"https:\/\/projectes.xtec.cat\/recerca\/wp-json\/wp\/v2\/pages"}],"about":[{"href":"https:\/\/projectes.xtec.cat\/recerca\/wp-json\/wp\/v2\/types\/page"}],"author":[{"embeddable":true,"href":"https:\/\/projectes.xtec.cat\/recerca\/wp-json\/wp\/v2\/users\/2"}],"replies":[{"embeddable":true,"href":"https:\/\/projectes.xtec.cat\/recerca\/wp-json\/wp\/v2\/comments?post=9583"}],"version-history":[{"count":2,"href":"https:\/\/projectes.xtec.cat\/recerca\/wp-json\/wp\/v2\/pages\/9583\/revisions"}],"predecessor-version":[{"id":9585,"href":"https:\/\/projectes.xtec.cat\/recerca\/wp-json\/wp\/v2\/pages\/9583\/revisions\/9585"}],"up":[{"embeddable":true,"href":"https:\/\/projectes.xtec.cat\/recerca\/wp-json\/wp\/v2\/pages\/8936"}],"wp:featuredmedia":[{"embeddable":true,"href":"https:\/\/projectes.xtec.cat\/recerca\/wp-json\/wp\/v2\/media\/9124"}],"wp:attachment":[{"href":"https:\/\/projectes.xtec.cat\/recerca\/wp-json\/wp\/v2\/media?parent=9583"}],"curies":[{"name":"wp","href":"https:\/\/api.w.org\/{rel}","templated":true}]}}