{"id":9630,"date":"2025-06-03T12:12:19","date_gmt":"2025-06-03T10:12:19","guid":{"rendered":"https:\/\/projectes.xtec.cat\/recerca\/?page_id=9630"},"modified":"2025-06-16T14:50:44","modified_gmt":"2025-06-16T12:50:44","slug":"acces-a-dades-i-a-centres-educatius","status":"publish","type":"page","link":"https:\/\/projectes.xtec.cat\/recerca\/grup-investigador\/acces-a-dades-i-a-centres-educatius\/","title":{"rendered":"Acc\u00e9s a dades i a centres educatius"},"content":{"rendered":"\n<p>El Departament d&#8217;Educaci\u00f3 i Formaci\u00f3 Professional ha establert unes normes per regular com es pot accedir als centres educatius p\u00fablics per fer <strong>estudis cient\u00edfics o estad\u00edstics, com ara enquestes o observacions.<\/strong><\/p>\n\n\n\n<p>Amb aquest objectiu, s\u2019ha publicat la <a href=\"https:\/\/documents.espai.educacio.gencat.cat\/IPCNormativa\/DisposicionsInternes\/Instruccio_2-2024_acces_centres_finalitats_cientifiques.pdf\" target=\"_blank\" rel=\"noreferrer noopener\">Instrucci\u00f3 2\/2024<\/a>, que explica les<strong> condicions i el procediment<\/strong> que han de seguir les persones o entitats que vulguin fer recerca dins dels centres. Aquesta nova norma actualitza el proc\u00e9s que ja s\u2019aplicava des del 2020.<\/p>\n\n\n\n<p>Per demanar perm\u00eds d\u2019acc\u00e9s, cal omplir un <a href=\"https:\/\/ovt.gencat.cat\/gsitgf\/AppJava\/traint\/renderitzar.do?reqCode=inicial&amp;set-locale=ca_ES&amp;idServei=EDUESTSOLC\" target=\"_blank\" rel=\"noreferrer noopener\">formulari<\/a> i complir els <strong>requisits establerts a la Instrucci\u00f3.<\/strong> Nom\u00e9s es donar\u00e0 autoritzaci\u00f3 a aquelles persones que facin activitats amb una finalitat cient\u00edfica o estad\u00edstica i que hagin rebut l\u2019aprovaci\u00f3 del Departament d&#8217;Educaci\u00f3 i Formaci\u00f3 Professional.<\/p>\n\n\n\n<p>A l\u2019hora d\u2019autoritzar l\u2019acc\u00e9s, es tindran en compte principis \u00e8tics com el respecte a les persones, la just\u00edcia, la transpar\u00e8ncia, la protecci\u00f3 de dades personals i la responsabilitat en la recerca.<\/p>\n\n\n\n<p>Trobareu m\u00e9s informaci\u00f3 en aquest <a href=\"https:\/\/educacio.gencat.cat\/ca\/arees-actuacio\/centres-serveis-educatius\/centres\/acces-centres-finalitats-cientifiques\/index.html\" target=\"_blank\" rel=\"noreferrer noopener\">enlla\u00e7.<\/a><\/p>\n\n\n\n<h4 class=\"wp-block-heading has-ast-global-color-0-color has-text-color has-link-color wp-elements-3cf02a9509a3e93fe8904dc3fa49b6a8\"><strong>Qu\u00e8 \u00e9s el directori de centres?<\/strong><\/h4>\n\n\n\n<p>El directori de centres \u00e9s la relaci\u00f3 de<strong> centres educatius amb ensenyaments autoritzats<\/strong>, i cont\u00e9 la informaci\u00f3 de localitzaci\u00f3 i contacte dels centres.<\/p>\n\n\n\n<p>Les fonts de la informaci\u00f3 del directori s\u00f3n el Registre de Centres Docents, que gestiona la Direcci\u00f3 General de Centres P\u00fablics, i els sistemes d&#8217;informaci\u00f3 del Departament d&#8217;Educaci\u00f3 i Formaci\u00f3 Professional.<\/p>\n\n\n\n<p>El directori<strong> s&#8217;actualitza<\/strong> els mesos d&#8217;octubre i gener. Trobareu el directori dels centres educatius de Catalunya i m\u00e9s informaci\u00f3 en aquest <a href=\"https:\/\/educacio.gencat.cat\/ca\/serveis-tramits\/directoris-centres\/index.html\" target=\"_blank\" rel=\"noreferrer noopener\">enlla\u00e7.<\/a><\/p>\n\n\n\n<div class=\"wp-block-group alignwide is-layout-constrained wp-container-core-group-is-layout-1 wp-block-group-is-layout-constrained\" style=\"padding-right:0;padding-left:0\">\n<div class=\"wp-block-columns alignwide is-layout-flex wp-container-core-columns-is-layout-1 wp-block-columns-is-layout-flex\" style=\"padding-right:0;padding-bottom:var(--wp--preset--spacing--50);padding-left:0\">\n<div class=\"wp-block-column box-link has-border-color is-layout-flow wp-block-column-is-layout-flow\" style=\"border-color:#abb8c3;border-width:1px;border-radius:5px;padding-top:var(--wp--preset--spacing--40);padding-right:var(--wp--preset--spacing--40);padding-bottom:var(--wp--preset--spacing--40);padding-left:var(--wp--preset--spacing--40)\">\n<div class=\"wp-block-getwid-icon-box getwid-animation has-text-center\" data-animation=\"zoomBig\"><div class=\"wp-block-getwid-icon-box__icon-container has-layout-stacked is-position-top\"><a href=\"https:\/\/projectes.xtec.cat\/recerca\/grup-investigador\/acces-a-dades-i-a-centres-educatius\/acces-a-dades\/\" class=\"wp-block-getwid-icon-box__icon-wrapper has-text-color has-ast-global-color-0-color\"><i class=\"fas fa-poll\"><\/i><\/a><\/div><div class=\"wp-block-getwid-icon-box__content\">\n<h3 class=\"wp-block-heading has-medium-font-size\">Acc\u00e9s a dades<\/h3>\n<\/div><\/div>\n<\/div>\n\n\n\n<div class=\"wp-block-column box-link has-border-color is-layout-flow wp-block-column-is-layout-flow\" style=\"border-color:#abb8c3;border-width:1px;border-radius:5px;padding-top:var(--wp--preset--spacing--40);padding-right:var(--wp--preset--spacing--40);padding-bottom:var(--wp--preset--spacing--40);padding-left:var(--wp--preset--spacing--40)\">\n<div class=\"wp-block-getwid-icon-box getwid-animation has-text-center\" data-animation=\"zoomBig\"><div class=\"wp-block-getwid-icon-box__icon-container has-layout-stacked is-position-top\"><a href=\"https:\/\/projectes.xtec.cat\/recerca\/grup-investigador\/acces-a-dades-i-a-centres-educatius\/proteccio-de-dades\/\" class=\"wp-block-getwid-icon-box__icon-wrapper has-text-color has-ast-global-color-0-color\"><i class=\"fas fa-key\"><\/i><\/a><\/div><div class=\"wp-block-getwid-icon-box__content\">\n<h3 class=\"wp-block-heading has-medium-font-size\">Protecci\u00f3 de dades<\/h3>\n<\/div><\/div>\n<\/div>\n\n\n\n<div class=\"wp-block-column box-link has-border-color is-layout-flow wp-block-column-is-layout-flow\" style=\"border-color:#abb8c3;border-width:1px;border-radius:5px;padding-top:var(--wp--preset--spacing--40);padding-right:var(--wp--preset--spacing--40);padding-bottom:var(--wp--preset--spacing--40);padding-left:var(--wp--preset--spacing--40)\">\n<div class=\"wp-block-getwid-icon-box getwid-animation has-text-center\" data-animation=\"zoomBig\"><div class=\"wp-block-getwid-icon-box__icon-container has-layout-stacked is-position-top\"><a href=\"https:\/\/projectes.xtec.cat\/recerca\/participa-en-la-recerca\/\" class=\"wp-block-getwid-icon-box__icon-wrapper has-text-color has-ast-global-color-0-color\"><i class=\"fas fa-user-graduate\"><\/i><\/a><\/div><div class=\"wp-block-getwid-icon-box__content\">\n<h3 class=\"wp-block-heading has-medium-font-size\">Col\u00b7labora <br>en la recerca<\/h3>\n<\/div><\/div>\n<\/div>\n\n\n\n<div class=\"wp-block-column box-link has-border-color has-cyan-bluish-gray-border-color is-layout-flow wp-block-column-is-layout-flow\" style=\"border-width:1px;border-radius:5px;padding-top:var(--wp--preset--spacing--40);padding-right:var(--wp--preset--spacing--40);padding-bottom:var(--wp--preset--spacing--40);padding-left:var(--wp--preset--spacing--40)\">\n<div class=\"wp-block-getwid-icon-box getwid-animation has-text-center\" data-animation=\"zoomBig\"><div class=\"wp-block-getwid-icon-box__icon-container has-layout-stacked is-position-top\"><a href=\"https:\/\/projectes.xtec.cat\/recerca\/posans-al-dia\/\" class=\"wp-block-getwid-icon-box__icon-wrapper has-text-color has-ast-global-color-0-color\"><i class=\"fas fa-chalkboard-teacher\"><\/i><\/a><\/div><div class=\"wp-block-getwid-icon-box__content\">\n<h3 class=\"wp-block-heading has-medium-font-size\">Posa&#8217;ns al dia.<br>Formulari not\u00edcies<\/h3>\n<\/div><\/div>\n<\/div>\n\n\n\n<div class=\"wp-block-column box-link has-border-color is-layout-flow wp-block-column-is-layout-flow\" style=\"border-color:#abb8c3;border-width:1px;border-radius:5px;padding-top:var(--wp--preset--spacing--40);padding-right:var(--wp--preset--spacing--40);padding-bottom:var(--wp--preset--spacing--40);padding-left:var(--wp--preset--spacing--40)\">\n<div class=\"wp-block-getwid-icon-box getwid-animation has-text-center\" data-animation=\"zoomBig\"><div class=\"wp-block-getwid-icon-box__icon-container has-layout-stacked is-position-top\"><a href=\"https:\/\/projectes.xtec.cat\/recerca\/mapa-de-la-recerca-educativa\/\" class=\"wp-block-getwid-icon-box__icon-wrapper has-text-color has-ast-global-color-0-color\"><i class=\"fas fa-map\"><\/i><\/a><\/div><div class=\"wp-block-getwid-icon-box__content\">\n<h3 class=\"wp-block-heading has-medium-font-size\">Mapa de la recerca educativa<\/h3>\n<\/div><\/div>\n<\/div>\n<\/div>\n<\/div>\n\n\n\n<p><\/p>\n","protected":false},"excerpt":{"rendered":"<p>El Departament d&#8217;Educaci\u00f3 i Formaci\u00f3 Professional ha establert unes normes per regular com es pot accedir als centres educatius p\u00fablics [&hellip;]<\/p>\n","protected":false},"author":2,"featured_media":9133,"parent":8575,"menu_order":0,"comment_status":"closed","ping_status":"close","template":"","meta":{"site-sidebar-layout":"default","site-content-layout":"","ast-site-content-layout":"default","site-content-style":"default","site-sidebar-style":"default","ast-global-header-display":"","ast-banner-title-visibility":"","ast-main-header-display":"","ast-hfb-above-header-display":"","ast-hfb-below-header-display":"","ast-hfb-mobile-header-display":"","site-post-title":"","ast-breadcrumbs-content":"","ast-featured-img":"","footer-sml-layout":"","theme-transparent-header-meta":"","adv-header-id-meta":"","stick-header-meta":"","header-above-stick-meta":"","header-main-stick-meta":"","header-below-stick-meta":"","astra-migrate-meta-layouts":"set","ast-page-background-enabled":"default","ast-page-background-meta":{"desktop":{"background-color":"var(--ast-global-color-4)","background-image":"","background-repeat":"repeat","background-position":"center center","background-size":"auto","background-attachment":"scroll","background-type":"","background-media":"","overlay-type":"","overlay-color":"","overlay-opacity":"","overlay-gradient":""},"tablet":{"background-color":"","background-image":"","background-repeat":"repeat","background-position":"center center","background-size":"auto","background-attachment":"scroll","background-type":"","background-media":"","overlay-type":"","overlay-color":"","overlay-opacity":"","overlay-gradient":""},"mobile":{"background-color":"","background-image":"","background-repeat":"repeat","background-position":"center center","background-size":"auto","background-attachment":"scroll","background-type":"","background-media":"","overlay-type":"","overlay-color":"","overlay-opacity":"","overlay-gradient":""}},"ast-content-background-meta":{"desktop":{"background-color":"var(--ast-global-color-5)","background-image":"","background-repeat":"repeat","background-position":"center center","background-size":"auto","background-attachment":"scroll","background-type":"","background-media":"","overlay-type":"","overlay-color":"","overlay-opacity":"","overlay-gradient":""},"tablet":{"background-color":"var(--ast-global-color-5)","background-image":"","background-repeat":"repeat","background-position":"center center","background-size":"auto","background-attachment":"scroll","background-type":"","background-media":"","overlay-type":"","overlay-color":"","overlay-opacity":"","overlay-gradient":""},"mobile":{"background-color":"var(--ast-global-color-5)","background-image":"","background-repeat":"repeat","background-position":"center center","background-size":"auto","background-attachment":"scroll","background-type":"","background-media":"","overlay-type":"","overlay-color":"","overlay-opacity":"","overlay-gradient":""}},"footnotes":""},"class_list":["post-9630","page","type-page","status-publish","has-post-thumbnail","hentry"],"post_mailing_queue_ids":[],"_links":{"self":[{"href":"https:\/\/projectes.xtec.cat\/recerca\/wp-json\/wp\/v2\/pages\/9630","targetHints":{"allow":["GET"]}}],"collection":[{"href":"https:\/\/projectes.xtec.cat\/recerca\/wp-json\/wp\/v2\/pages"}],"about":[{"href":"https:\/\/projectes.xtec.cat\/recerca\/wp-json\/wp\/v2\/types\/page"}],"author":[{"embeddable":true,"href":"https:\/\/projectes.xtec.cat\/recerca\/wp-json\/wp\/v2\/users\/2"}],"replies":[{"embeddable":true,"href":"https:\/\/projectes.xtec.cat\/recerca\/wp-json\/wp\/v2\/comments?post=9630"}],"version-history":[{"count":6,"href":"https:\/\/projectes.xtec.cat\/recerca\/wp-json\/wp\/v2\/pages\/9630\/revisions"}],"predecessor-version":[{"id":10731,"href":"https:\/\/projectes.xtec.cat\/recerca\/wp-json\/wp\/v2\/pages\/9630\/revisions\/10731"}],"up":[{"embeddable":true,"href":"https:\/\/projectes.xtec.cat\/recerca\/wp-json\/wp\/v2\/pages\/8575"}],"wp:featuredmedia":[{"embeddable":true,"href":"https:\/\/projectes.xtec.cat\/recerca\/wp-json\/wp\/v2\/media\/9133"}],"wp:attachment":[{"href":"https:\/\/projectes.xtec.cat\/recerca\/wp-json\/wp\/v2\/media?parent=9630"}],"curies":[{"name":"wp","href":"https:\/\/api.w.org\/{rel}","templated":true}]}}