{"id":9645,"date":"2025-06-03T12:24:17","date_gmt":"2025-06-03T10:24:17","guid":{"rendered":"https:\/\/projectes.xtec.cat\/recerca\/?page_id=9645"},"modified":"2025-06-07T18:55:36","modified_gmt":"2025-06-07T16:55:36","slug":"centres-educatius","status":"publish","type":"page","link":"https:\/\/projectes.xtec.cat\/recerca\/grup-investigador\/acces-a-dades-i-a-centres-educatius\/centres-educatius\/","title":{"rendered":"Centres educatius"},"content":{"rendered":"\n<h3 class=\"wp-block-heading\">Troba centres educatius per a la teva recerca<\/h3>\n\n\n\n<p>Des del Servei de Recerca Educativa volem refor\u00e7ar els vincles entre els grups d\u2019investigaci\u00f3 universitaris i els centres educatius. Per aix\u00f2 posem a la teva disposici\u00f3 aquesta secci\u00f3, un espai perqu\u00e8 puguis publicar el teu anunci i trobar centres educatius interessats a col\u00b7laborar en el teu projecte d\u2019investigaci\u00f3 educativa.<\/p>\n\n\n\n<p>Si formes part d\u2019un grup de recerca i busques:<\/p>\n\n\n\n<ul class=\"wp-block-list\">\n<li>centres on implementar i avaluar noves metodologies d\u2019ensenyament-aprenentatge,<\/li>\n\n\n\n<li>docents disposats a participar en estudis o recollides de dades,<\/li>\n\n\n\n<li>escoles per validar instruments, recursos o intervencions educatives,<\/li>\n\n\n\n<li>o aliances per codissenyar recerques aplicades a l\u2019aula&#8230;<\/li>\n<\/ul>\n\n\n\n<p>Aquest \u00e9s el teu espai. Omple aquest <a href=\"https:\/\/forms.gle\/8zdFs5T5z36udqe3A\" target=\"_blank\" rel=\"noreferrer noopener\">formulari<\/a>&nbsp; i publicarem el teu anunci.<\/p>\n\n\n\n<div class=\"wp-block-group alignwide is-layout-constrained wp-container-core-group-is-layout-1 wp-block-group-is-layout-constrained\" style=\"padding-right:0;padding-left:0\">\n<div class=\"wp-block-columns alignwide is-layout-flex wp-container-core-columns-is-layout-1 wp-block-columns-is-layout-flex\" style=\"padding-right:0;padding-bottom:var(--wp--preset--spacing--50);padding-left:0\">\n<div class=\"wp-block-column is-layout-flow wp-block-column-is-layout-flow\" style=\"border-style:none;border-width:0px;border-radius:5px;padding-top:var(--wp--preset--spacing--40);padding-right:var(--wp--preset--spacing--40);padding-bottom:var(--wp--preset--spacing--40);padding-left:var(--wp--preset--spacing--40)\"><\/div>\n\n\n\n<div class=\"wp-block-column has-border-color has-cyan-bluish-gray-border-color is-layout-flow wp-block-column-is-layout-flow\" style=\"border-width:1px;border-radius:5px;padding-top:var(--wp--preset--spacing--40);padding-right:var(--wp--preset--spacing--40);padding-bottom:var(--wp--preset--spacing--40);padding-left:var(--wp--preset--spacing--40)\">\n<div class=\"wp-block-getwid-icon-box getwid-animation has-text-center\" data-animation=\"zoomBig\"><div class=\"wp-block-getwid-icon-box__icon-container has-layout-stacked is-position-top\"><a href=\"https:\/\/projectes.xtec.cat\/recerca\/posans-al-dia\/\" class=\"wp-block-getwid-icon-box__icon-wrapper has-text-color has-ast-global-color-0-color\"><i class=\"fas fa-chalkboard-teacher\"><\/i><\/a><\/div><div class=\"wp-block-getwid-icon-box__content\">\n<h3 class=\"wp-block-heading has-medium-font-size\">Posa&#8217;ns al dia.<br>Formulari not\u00edcies<\/h3>\n<\/div><\/div>\n<\/div>\n\n\n\n<div class=\"wp-block-column has-border-color is-layout-flow wp-block-column-is-layout-flow\" style=\"border-color:#abb8c3;border-width:1px;border-radius:5px;padding-top:var(--wp--preset--spacing--40);padding-right:var(--wp--preset--spacing--40);padding-bottom:var(--wp--preset--spacing--40);padding-left:var(--wp--preset--spacing--40)\">\n<div class=\"wp-block-getwid-icon-box getwid-animation has-text-center\" data-animation=\"zoomBig\"><div class=\"wp-block-getwid-icon-box__icon-container has-layout-stacked is-position-top\"><a href=\"https:\/\/projectes.xtec.cat\/recerca\/mapa-de-la-recerca-educativa\/\" class=\"wp-block-getwid-icon-box__icon-wrapper has-text-color has-ast-global-color-0-color\"><i class=\"fas fa-map\"><\/i><\/a><\/div><div class=\"wp-block-getwid-icon-box__content\">\n<h3 class=\"wp-block-heading has-medium-font-size\">Mapa de la recerca educativa<\/h3>\n<\/div><\/div>\n<\/div>\n\n\n\n<div class=\"wp-block-column is-layout-flow wp-block-column-is-layout-flow\" style=\"border-style:none;border-width:0px;border-radius:5px;padding-top:var(--wp--preset--spacing--40);padding-right:var(--wp--preset--spacing--40);padding-bottom:var(--wp--preset--spacing--40);padding-left:var(--wp--preset--spacing--40)\"><\/div>\n<\/div>\n<\/div>\n","protected":false},"excerpt":{"rendered":"<p>Troba centres educatius per a la teva recerca Des del Servei de Recerca Educativa volem refor\u00e7ar els vincles entre els [&hellip;]<\/p>\n","protected":false},"author":2,"featured_media":9168,"parent":9630,"menu_order":0,"comment_status":"closed","ping_status":"close","template":"","meta":{"site-sidebar-layout":"default","site-content-layout":"","ast-site-content-layout":"default","site-content-style":"default","site-sidebar-style":"default","ast-global-header-display":"","ast-banner-title-visibility":"","ast-main-header-display":"","ast-hfb-above-header-display":"","ast-hfb-below-header-display":"","ast-hfb-mobile-header-display":"","site-post-title":"","ast-breadcrumbs-content":"","ast-featured-img":"","footer-sml-layout":"","theme-transparent-header-meta":"","adv-header-id-meta":"","stick-header-meta":"","header-above-stick-meta":"","header-main-stick-meta":"","header-below-stick-meta":"","astra-migrate-meta-layouts":"set","ast-page-background-enabled":"default","ast-page-background-meta":{"desktop":{"background-color":"var(--ast-global-color-4)","background-image":"","background-repeat":"repeat","background-position":"center center","background-size":"auto","background-attachment":"scroll","background-type":"","background-media":"","overlay-type":"","overlay-color":"","overlay-opacity":"","overlay-gradient":""},"tablet":{"background-color":"","background-image":"","background-repeat":"repeat","background-position":"center center","background-size":"auto","background-attachment":"scroll","background-type":"","background-media":"","overlay-type":"","overlay-color":"","overlay-opacity":"","overlay-gradient":""},"mobile":{"background-color":"","background-image":"","background-repeat":"repeat","background-position":"center center","background-size":"auto","background-attachment":"scroll","background-type":"","background-media":"","overlay-type":"","overlay-color":"","overlay-opacity":"","overlay-gradient":""}},"ast-content-background-meta":{"desktop":{"background-color":"var(--ast-global-color-5)","background-image":"","background-repeat":"repeat","background-position":"center center","background-size":"auto","background-attachment":"scroll","background-type":"","background-media":"","overlay-type":"","overlay-color":"","overlay-opacity":"","overlay-gradient":""},"tablet":{"background-color":"var(--ast-global-color-5)","background-image":"","background-repeat":"repeat","background-position":"center center","background-size":"auto","background-attachment":"scroll","background-type":"","background-media":"","overlay-type":"","overlay-color":"","overlay-opacity":"","overlay-gradient":""},"mobile":{"background-color":"var(--ast-global-color-5)","background-image":"","background-repeat":"repeat","background-position":"center center","background-size":"auto","background-attachment":"scroll","background-type":"","background-media":"","overlay-type":"","overlay-color":"","overlay-opacity":"","overlay-gradient":""}},"footnotes":""},"class_list":["post-9645","page","type-page","status-publish","has-post-thumbnail","hentry"],"post_mailing_queue_ids":[],"_links":{"self":[{"href":"https:\/\/projectes.xtec.cat\/recerca\/wp-json\/wp\/v2\/pages\/9645","targetHints":{"allow":["GET"]}}],"collection":[{"href":"https:\/\/projectes.xtec.cat\/recerca\/wp-json\/wp\/v2\/pages"}],"about":[{"href":"https:\/\/projectes.xtec.cat\/recerca\/wp-json\/wp\/v2\/types\/page"}],"author":[{"embeddable":true,"href":"https:\/\/projectes.xtec.cat\/recerca\/wp-json\/wp\/v2\/users\/2"}],"replies":[{"embeddable":true,"href":"https:\/\/projectes.xtec.cat\/recerca\/wp-json\/wp\/v2\/comments?post=9645"}],"version-history":[{"count":4,"href":"https:\/\/projectes.xtec.cat\/recerca\/wp-json\/wp\/v2\/pages\/9645\/revisions"}],"predecessor-version":[{"id":9678,"href":"https:\/\/projectes.xtec.cat\/recerca\/wp-json\/wp\/v2\/pages\/9645\/revisions\/9678"}],"up":[{"embeddable":true,"href":"https:\/\/projectes.xtec.cat\/recerca\/wp-json\/wp\/v2\/pages\/9630"}],"wp:featuredmedia":[{"embeddable":true,"href":"https:\/\/projectes.xtec.cat\/recerca\/wp-json\/wp\/v2\/media\/9168"}],"wp:attachment":[{"href":"https:\/\/projectes.xtec.cat\/recerca\/wp-json\/wp\/v2\/media?parent=9645"}],"curies":[{"name":"wp","href":"https:\/\/api.w.org\/{rel}","templated":true}]}}