{"id":9653,"date":"2025-06-03T12:37:40","date_gmt":"2025-06-03T10:37:40","guid":{"rendered":"https:\/\/projectes.xtec.cat\/recerca\/?page_id=9653"},"modified":"2025-06-06T15:21:39","modified_gmt":"2025-06-06T13:21:39","slug":"projectes-educatius","status":"publish","type":"page","link":"https:\/\/projectes.xtec.cat\/recerca\/grup-investigador\/projectes-educatius\/","title":{"rendered":"Projectes educatius del Servei de Recerca Educativa"},"content":{"rendered":"\n<p>Des del Servei de Recerca Educativa impulsem iniciatives que connecten la investigaci\u00f3 educativa amb la pr\u00e0ctica docent per <strong>millorar els processos d\u2019ensenyament i aprenentatge<\/strong> als centres. Actualment, desenvolupem els projectes seg\u00fcents:<\/p>\n\n\n\n<div class=\"wp-block-group is-layout-constrained wp-container-core-group-is-layout-1 wp-block-group-is-layout-constrained\" style=\"padding-top:var(--wp--preset--spacing--60);padding-right:0;padding-bottom:var(--wp--preset--spacing--60);padding-left:0\">\n<h3 class=\"wp-block-heading has-ast-global-color-0-color has-text-color has-link-color wp-elements-5eae778578d1188bd9bac16afac1549c\">RecercAula<\/h3>\n\n\n\n<div class=\"wp-block-media-text is-stacked-on-mobile\" style=\"grid-template-columns:15% auto\"><figure class=\"wp-block-media-text__media\"><img decoding=\"async\" src=\"https:\/\/projectes.xtec.cat\/recerca\/wp-content\/uploads\/usu2090\/2025\/06\/Infografies-Seccions-Nodes-Investigadors-7.svg\" alt=\"\" class=\"wp-image-10300 size-full\"\/><\/figure><div class=\"wp-block-media-text__content\">\n<p>Programa d\u2019innovaci\u00f3 pedag\u00f2gica (2023-2026) que promou la <strong>recerca acci\u00f3 i l\u2019aprenentatge entre iguals als centres educatius<\/strong>. T\u00e9 com a objectiu afavorir la millora dels resultats educatius i generar evid\u00e8ncies \u00fatils per a la presa de decisions pedag\u00f2giques. Els centres participants constitueixen comunitats professionals d\u2019aprenentatge i treballen en xarxa amb l\u2019acompanyament d\u2019assessors en recerca.<\/p>\n\n\n\n<div class=\"wp-block-columns is-layout-flex wp-container-core-columns-is-layout-1 wp-block-columns-is-layout-flex\" style=\"margin-top:0;margin-bottom:0;padding-top:0;padding-right:0;padding-bottom:0;padding-left:0\">\n<div class=\"wp-block-column is-vertically-aligned-center is-layout-flow wp-block-column-is-layout-flow\" style=\"flex-basis:60px\">\n<div class=\"wp-block-getwid-icon\"><div class=\"wp-block-getwid-icon__wrapper\"><i class=\"fas fa-info-circle\"><\/i><\/div><\/div>\n<\/div>\n\n\n\n<div class=\"wp-block-column is-vertically-aligned-center is-layout-flow wp-block-column-is-layout-flow\" style=\"flex-basis:66.66%\">\n<p class=\"has-text-align-left\">Trobar\u00e0s m\u00e9s informaci\u00f3 en aquest <a href=\"https:\/\/projectes.xtec.cat\/recerca\/recercaula\/\" data-type=\"link\" data-id=\"https:\/\/projectes.xtec.cat\/recerca\/recercaula\/\">enlla\u00e7<\/a>.<\/p>\n<\/div>\n<\/div>\n<\/div><\/div>\n\n\n\n<p><\/p>\n<\/div>\n\n\n\n<div class=\"wp-block-group is-layout-constrained wp-container-core-group-is-layout-2 wp-block-group-is-layout-constrained\" style=\"padding-top:var(--wp--preset--spacing--50);padding-right:0;padding-bottom:var(--wp--preset--spacing--50);padding-left:0\">\n<h3 class=\"wp-block-heading has-ast-global-color-0-color has-text-color has-link-color wp-elements-009ef02bd65ab2221fd9437cff256b9f\">Formaci\u00f3<\/h3>\n\n\n\n<div class=\"wp-block-media-text is-stacked-on-mobile\" style=\"grid-template-columns:15% auto\"><figure class=\"wp-block-media-text__media\"><img decoding=\"async\" src=\"https:\/\/projectes.xtec.cat\/recerca\/wp-content\/uploads\/usu2090\/2025\/06\/Infografies-Seccions-Nodes-Investigadors-6.svg\" alt=\"\" class=\"wp-image-10301 size-full\"\/><\/figure><div class=\"wp-block-media-text__content\">\n<p>Oferim dos cursos perqu\u00e8 el docent integri la recerca educativa en la seva pr\u00e0ctica educativa: El curs b\u00e0sic <strong><em>Introducci\u00f3 a la recerca educativa<\/em> (30 h)<\/strong>, que introdueix el concepte de recerca educativa i el paper que t\u00e9 en la pr\u00e0ctica docent, i el curs <strong><em>Disseny de millores educatives informades en l\u2019evid\u00e8ncia<\/em> (45 h)<\/strong>, que introdueix els conceptes de millora educativa i de doc\u00e8ncia informada en l\u2019evid\u00e8ncia.<\/p>\n\n\n\n<div class=\"wp-block-columns is-layout-flex wp-container-core-columns-is-layout-2 wp-block-columns-is-layout-flex\" style=\"margin-top:0;margin-bottom:0;padding-top:0;padding-right:0;padding-bottom:0;padding-left:0\">\n<div class=\"wp-block-column is-vertically-aligned-center is-layout-flow wp-block-column-is-layout-flow\" style=\"flex-basis:60px\">\n<div class=\"wp-block-getwid-icon\"><div class=\"wp-block-getwid-icon__wrapper\"><i class=\"fas fa-info-circle\"><\/i><\/div><\/div>\n<\/div>\n\n\n\n<div class=\"wp-block-column is-vertically-aligned-center is-layout-flow wp-block-column-is-layout-flow\" style=\"flex-basis:66.66%\">\n<p>Trobar\u00e0s m\u00e9s informaci\u00f3 en aquest <a href=\"https:\/\/projectes.xtec.cat\/recerca\/formacio\/\" data-type=\"link\" data-id=\"https:\/\/projectes.xtec.cat\/recerca\/recercaula\/\">enlla\u00e7<\/a>.<\/p>\n<\/div>\n<\/div>\n<\/div><\/div>\n\n\n\n<p><\/p>\n<\/div>\n\n\n\n<div class=\"wp-block-group is-layout-constrained wp-container-core-group-is-layout-3 wp-block-group-is-layout-constrained\" style=\"padding-top:var(--wp--preset--spacing--50);padding-right:0;padding-bottom:var(--wp--preset--spacing--50);padding-left:0\">\n<h3 class=\"wp-block-heading has-ast-global-color-0-color has-text-color has-link-color wp-elements-8d0e8f7c0c19de0eb9c713b4690f0e5a\">Recerca de prop<\/h3>\n\n\n\n<div class=\"wp-block-media-text is-stacked-on-mobile\" style=\"grid-template-columns:16% auto\"><figure class=\"wp-block-media-text__media\"><img decoding=\"async\" src=\"https:\/\/projectes.xtec.cat\/recerca\/wp-content\/uploads\/usu2090\/2025\/06\/Infografies-Seccions-Nodes-Investigadors-5.svg\" alt=\"\" class=\"wp-image-10302 size-full\"\/><\/figure><div class=\"wp-block-media-text__content\">\n<p><em>Recerca educativa de prop<\/em> \u00e9s una iniciativa del Servei de Recerca Educativa que t\u00e9 com a objectiu <strong>apropar la recerca educativa a la comunitat docent<\/strong>. Ho fa mitjan\u00e7ant la difusi\u00f3 de petites p\u00edndoles informatives en diversos formats: articles, p\u00f2dcasts i seminaris en l\u00ednia. Aquestes p\u00edndoles, elaborades per experts en recerca educativa, presenten de manera breu, clara i pr\u00e0ctica els resultats m\u00e9s rellevants de la recerca educativa sobre tem\u00e0tiques d&#8217;inter\u00e8s per a la comunitat docent.<\/p>\n\n\n\n<div class=\"wp-block-columns is-layout-flex wp-container-core-columns-is-layout-3 wp-block-columns-is-layout-flex\" style=\"margin-top:0;margin-bottom:0;padding-top:0;padding-right:0;padding-bottom:0;padding-left:0\">\n<div class=\"wp-block-column is-vertically-aligned-center is-layout-flow wp-block-column-is-layout-flow\" style=\"flex-basis:60px\">\n<div class=\"wp-block-getwid-icon\"><div class=\"wp-block-getwid-icon__wrapper\"><i class=\"fas fa-info-circle\"><\/i><\/div><\/div>\n<\/div>\n\n\n\n<div class=\"wp-block-column is-vertically-aligned-center is-layout-flow wp-block-column-is-layout-flow\" style=\"flex-basis:66.66%\">\n<p>Trobar\u00e0s m\u00e9s informaci\u00f3 en aquest <a href=\"https:\/\/projectes.xtec.cat\/recerca\/recerca-educativa-de-prop\/\" data-type=\"link\" data-id=\"https:\/\/projectes.xtec.cat\/recerca\/recercaula\/\">enlla\u00e7<\/a>.<\/p>\n<\/div>\n<\/div>\n<\/div><\/div>\n\n\n\n<p><\/p>\n<\/div>\n\n\n\n<div class=\"wp-block-group is-layout-constrained wp-container-core-group-is-layout-4 wp-block-group-is-layout-constrained\" style=\"padding-top:var(--wp--preset--spacing--60);padding-right:0;padding-bottom:var(--wp--preset--spacing--60);padding-left:0\">\n<h3 class=\"wp-block-heading has-ast-global-color-0-color has-text-color has-link-color wp-elements-e0d08057d180ee1c640d098f19be1b5b\">Erasmus REDU<\/h3>\n\n\n\n<div class=\"wp-block-media-text is-stacked-on-mobile\" style=\"grid-template-columns:16% auto\"><figure class=\"wp-block-media-text__media\"><img decoding=\"async\" src=\"https:\/\/projectes.xtec.cat\/recerca\/wp-content\/uploads\/usu2090\/2025\/06\/Infografies-Seccions-Nodes-Investigadors-4.svg\" alt=\"\" class=\"wp-image-10303 size-full\"\/><\/figure><div class=\"wp-block-media-text__content\">\n<p><strong>Projecte internacional<\/strong> vinculat al consorci CETE+ (2021-2027) dins el programa <strong>Erasmus+<\/strong>. Acompanya centres educatius que volen integrar la recerca educativa com a eina de transformaci\u00f3, mitjan\u00e7ant mobilitats internacionals, treball en xarxa i assessorament personalitzat.<\/p>\n\n\n\n<div class=\"wp-block-columns is-layout-flex wp-container-core-columns-is-layout-4 wp-block-columns-is-layout-flex\" style=\"margin-top:0;margin-bottom:0;padding-top:0;padding-right:0;padding-bottom:0;padding-left:0\">\n<div class=\"wp-block-column is-vertically-aligned-center is-layout-flow wp-block-column-is-layout-flow\" style=\"flex-basis:60px\">\n<div class=\"wp-block-getwid-icon\"><div class=\"wp-block-getwid-icon__wrapper\"><i class=\"fas fa-info-circle\"><\/i><\/div><\/div>\n<\/div>\n\n\n\n<div class=\"wp-block-column is-vertically-aligned-center is-layout-flow wp-block-column-is-layout-flow\" style=\"flex-basis:66.66%\">\n<p>Trobar\u00e0s m\u00e9s informaci\u00f3 en aquest <a href=\"https:\/\/projectes.xtec.cat\/recerca\/erasmus-redu\/\" data-type=\"link\" data-id=\"https:\/\/projectes.xtec.cat\/recerca\/recercaula\/\">enlla\u00e7<\/a>.<\/p>\n<\/div>\n<\/div>\n<\/div><\/div>\n<\/div>\n\n\n\n<p><\/p>\n","protected":false},"excerpt":{"rendered":"<p>Des del Servei de Recerca Educativa impulsem iniciatives que connecten la investigaci\u00f3 educativa amb la pr\u00e0ctica docent per millorar els [&hellip;]<\/p>\n","protected":false},"author":2,"featured_media":9147,"parent":8575,"menu_order":0,"comment_status":"closed","ping_status":"close","template":"","meta":{"site-sidebar-layout":"default","site-content-layout":"","ast-site-content-layout":"default","site-content-style":"default","site-sidebar-style":"default","ast-global-header-display":"","ast-banner-title-visibility":"","ast-main-header-display":"","ast-hfb-above-header-display":"","ast-hfb-below-header-display":"","ast-hfb-mobile-header-display":"","site-post-title":"","ast-breadcrumbs-content":"","ast-featured-img":"","footer-sml-layout":"","theme-transparent-header-meta":"","adv-header-id-meta":"","stick-header-meta":"","header-above-stick-meta":"","header-main-stick-meta":"","header-below-stick-meta":"","astra-migrate-meta-layouts":"set","ast-page-background-enabled":"default","ast-page-background-meta":{"desktop":{"background-color":"var(--ast-global-color-4)","background-image":"","background-repeat":"repeat","background-position":"center center","background-size":"auto","background-attachment":"scroll","background-type":"","background-media":"","overlay-type":"","overlay-color":"","overlay-opacity":"","overlay-gradient":""},"tablet":{"background-color":"","background-image":"","background-repeat":"repeat","background-position":"center center","background-size":"auto","background-attachment":"scroll","background-type":"","background-media":"","overlay-type":"","overlay-color":"","overlay-opacity":"","overlay-gradient":""},"mobile":{"background-color":"","background-image":"","background-repeat":"repeat","background-position":"center center","background-size":"auto","background-attachment":"scroll","background-type":"","background-media":"","overlay-type":"","overlay-color":"","overlay-opacity":"","overlay-gradient":""}},"ast-content-background-meta":{"desktop":{"background-color":"var(--ast-global-color-5)","background-image":"","background-repeat":"repeat","background-position":"center center","background-size":"auto","background-attachment":"scroll","background-type":"","background-media":"","overlay-type":"","overlay-color":"","overlay-opacity":"","overlay-gradient":""},"tablet":{"background-color":"var(--ast-global-color-5)","background-image":"","background-repeat":"repeat","background-position":"center center","background-size":"auto","background-attachment":"scroll","background-type":"","background-media":"","overlay-type":"","overlay-color":"","overlay-opacity":"","overlay-gradient":""},"mobile":{"background-color":"var(--ast-global-color-5)","background-image":"","background-repeat":"repeat","background-position":"center center","background-size":"auto","background-attachment":"scroll","background-type":"","background-media":"","overlay-type":"","overlay-color":"","overlay-opacity":"","overlay-gradient":""}},"footnotes":""},"class_list":["post-9653","page","type-page","status-publish","has-post-thumbnail","hentry"],"post_mailing_queue_ids":[],"_links":{"self":[{"href":"https:\/\/projectes.xtec.cat\/recerca\/wp-json\/wp\/v2\/pages\/9653","targetHints":{"allow":["GET"]}}],"collection":[{"href":"https:\/\/projectes.xtec.cat\/recerca\/wp-json\/wp\/v2\/pages"}],"about":[{"href":"https:\/\/projectes.xtec.cat\/recerca\/wp-json\/wp\/v2\/types\/page"}],"author":[{"embeddable":true,"href":"https:\/\/projectes.xtec.cat\/recerca\/wp-json\/wp\/v2\/users\/2"}],"replies":[{"embeddable":true,"href":"https:\/\/projectes.xtec.cat\/recerca\/wp-json\/wp\/v2\/comments?post=9653"}],"version-history":[{"count":6,"href":"https:\/\/projectes.xtec.cat\/recerca\/wp-json\/wp\/v2\/pages\/9653\/revisions"}],"predecessor-version":[{"id":10309,"href":"https:\/\/projectes.xtec.cat\/recerca\/wp-json\/wp\/v2\/pages\/9653\/revisions\/10309"}],"up":[{"embeddable":true,"href":"https:\/\/projectes.xtec.cat\/recerca\/wp-json\/wp\/v2\/pages\/8575"}],"wp:featuredmedia":[{"embeddable":true,"href":"https:\/\/projectes.xtec.cat\/recerca\/wp-json\/wp\/v2\/media\/9147"}],"wp:attachment":[{"href":"https:\/\/projectes.xtec.cat\/recerca\/wp-json\/wp\/v2\/media?parent=9653"}],"curies":[{"name":"wp","href":"https:\/\/api.w.org\/{rel}","templated":true}]}}