{"id":9672,"date":"2025-06-03T16:03:59","date_gmt":"2025-06-03T14:03:59","guid":{"rendered":"https:\/\/projectes.xtec.cat\/recerca\/?page_id=9672"},"modified":"2025-06-16T14:20:49","modified_gmt":"2025-06-16T12:20:49","slug":"posans-al-dia","status":"publish","type":"page","link":"https:\/\/projectes.xtec.cat\/recerca\/posans-al-dia\/","title":{"rendered":"Posa\u2019ns al dia"},"content":{"rendered":"\n<h1 class=\"wp-block-heading has-ast-global-color-0-color has-text-color has-link-color has-large-font-size wp-elements-1387949b3684c4b21bd055d199d3dfe6\">Formulari de not\u00edcies<\/h1>\n\n\n\n<p>Ets un grup investigador i vols difondre una&nbsp;<strong>not\u00edcia<\/strong>? <br>Si tens previst un esdeveniment o vols compartir una not\u00edcia amb la comunitat educativa, omple el formulari seg\u00fcent i en farem difusi\u00f3.<br>Creiem en el valor de la difusi\u00f3 i la transfer\u00e8ncia de coneixement i volem donar visibilitat als esdeveniments en mat\u00e8ria de recerca educativa.<\/p>\n\n\n<style id=\"wpforms-css-vars-root\">\n\t\t\t\t:root {\n\t\t\t\t\t--wpforms-field-border-radius: 3px;\n--wpforms-field-border-style: solid;\n--wpforms-field-border-size: 1px;\n--wpforms-field-background-color: #ffffff;\n--wpforms-field-border-color: rgba( 0, 0, 0, 0.25 );\n--wpforms-field-border-color-spare: rgba( 0, 0, 0, 0.25 );\n--wpforms-field-text-color: rgba( 0, 0, 0, 0.7 );\n--wpforms-field-menu-color: #ffffff;\n--wpforms-label-color: rgba( 0, 0, 0, 0.85 );\n--wpforms-label-sublabel-color: rgba( 0, 0, 0, 0.55 );\n--wpforms-label-error-color: #d63637;\n--wpforms-button-border-radius: 3px;\n--wpforms-button-border-style: none;\n--wpforms-button-border-size: 1px;\n--wpforms-button-background-color: #066aab;\n--wpforms-button-border-color: #066aab;\n--wpforms-button-text-color: #ffffff;\n--wpforms-page-break-color: #066aab;\n--wpforms-background-image: none;\n--wpforms-background-position: center center;\n--wpforms-background-repeat: no-repeat;\n--wpforms-background-size: cover;\n--wpforms-background-width: 100px;\n--wpforms-background-height: 100px;\n--wpforms-background-color: rgba( 0, 0, 0, 0 );\n--wpforms-background-url: none;\n--wpforms-container-padding: 0px;\n--wpforms-container-border-style: none;\n--wpforms-container-border-width: 1px;\n--wpforms-container-border-color: #000000;\n--wpforms-container-border-radius: 3px;\n--wpforms-field-size-input-height: 43px;\n--wpforms-field-size-input-spacing: 15px;\n--wpforms-field-size-font-size: 16px;\n--wpforms-field-size-line-height: 19px;\n--wpforms-field-size-padding-h: 14px;\n--wpforms-field-size-checkbox-size: 16px;\n--wpforms-field-size-sublabel-spacing: 5px;\n--wpforms-field-size-icon-size: 1;\n--wpforms-label-size-font-size: 16px;\n--wpforms-label-size-line-height: 19px;\n--wpforms-label-size-sublabel-font-size: 14px;\n--wpforms-label-size-sublabel-line-height: 17px;\n--wpforms-button-size-font-size: 17px;\n--wpforms-button-size-height: 41px;\n--wpforms-button-size-padding-h: 15px;\n--wpforms-button-size-margin-top: 10px;\n--wpforms-container-shadow-size-box-shadow: none;\n\n\t\t\t\t}\n\t\t\t<\/style><style id=\"wpforms-css-vars-10422-block-ff0092f5-4878-42f5-8696-0341c742904e\">\n\t\t\t\t#wpforms-10422.wpforms-block-ff0092f5-4878-42f5-8696-0341c742904e {\n\t\t\t\t\t--wpforms-field-border-radius: 1px;\n--wpforms-field-size-input-height: 43px;\n--wpforms-field-size-input-spacing: 15px;\n--wpforms-field-size-font-size: 16px;\n--wpforms-field-size-line-height: 19px;\n--wpforms-field-size-padding-h: 14px;\n--wpforms-field-size-checkbox-size: 16px;\n--wpforms-field-size-sublabel-spacing: 5px;\n--wpforms-field-size-icon-size: 1;\n--wpforms-label-size-font-size: 16px;\n--wpforms-label-size-line-height: 19px;\n--wpforms-label-size-sublabel-font-size: 14px;\n--wpforms-label-size-sublabel-line-height: 17px;\n--wpforms-button-size-font-size: 17px;\n--wpforms-button-size-height: 41px;\n--wpforms-button-size-padding-h: 15px;\n--wpforms-button-size-margin-top: 10px;\n\n\t\t\t\t}\n\t\t\t<\/style><div class=\"wpforms-container wpforms-container-full wpforms-block wpforms-block-ff0092f5-4878-42f5-8696-0341c742904e wpforms-render-modern\" id=\"wpforms-10422\"><form id=\"wpforms-form-10422\" class=\"wpforms-validate wpforms-form wpforms-ajax-form\" data-formid=\"10422\" method=\"post\" enctype=\"multipart\/form-data\" action=\"\/recerca\/wp-json\/wp\/v2\/pages\/9672\" data-token=\"ee6595049dfc4b3b0dfdb7d773c5073f\" data-token-time=\"1775406223\"><noscript class=\"wpforms-error-noscript\">Activeu el JavaScript al navegador per a poder completar el formulari.<\/noscript><div class=\"wpforms-hidden\" id=\"wpforms-error-noscript\">Activeu el JavaScript al navegador per a poder completar el formulari.<\/div><div class=\"wpforms-field-container\"><div id=\"wpforms-10422-field_4-container\" class=\"wpforms-field wpforms-field-name\" data-field-id=\"4\"><label class=\"wpforms-field-label\" for=\"wpforms-10422-field_4\">Nom del grup de recerca <span class=\"wpforms-required-label\" aria-hidden=\"true\">*<\/span><\/label><input type=\"text\" id=\"wpforms-10422-field_4\" class=\"wpforms-field-medium wpforms-field-required\" name=\"wpforms[fields][4]\" aria-errormessage=\"wpforms-10422-field_4-error\" required><\/div><div id=\"wpforms-10422-field_9-container\" class=\"wpforms-field wpforms-field-text\" data-field-id=\"9\"><label class=\"wpforms-field-label\" for=\"wpforms-10422-field_9\">Enlla\u00e7 al web <span class=\"wpforms-required-label\" aria-hidden=\"true\">*<\/span><\/label><input type=\"text\" id=\"wpforms-10422-field_9\" class=\"wpforms-field-medium wpforms-field-required\" name=\"wpforms[fields][9]\" aria-errormessage=\"wpforms-10422-field_9-error\" required><\/div><div id=\"wpforms-10422-field_7-container\" class=\"wpforms-field wpforms-field-text\" data-field-id=\"7\"><label class=\"wpforms-field-label\" for=\"wpforms-10422-field_7\">Persona de contacte <span class=\"wpforms-required-label\" aria-hidden=\"true\">*<\/span><\/label><input type=\"text\" id=\"wpforms-10422-field_7\" class=\"wpforms-field-medium wpforms-field-required\" name=\"wpforms[fields][7]\" aria-errormessage=\"wpforms-10422-field_7-error\" aria-describedby=\"wpforms-10422-field_7-description\" required><div id=\"wpforms-10422-field_7-description\" class=\"wpforms-field-description\">Escriu nom i cognoms<\/div><\/div><div id=\"wpforms-10422-field_5-container\" class=\"wpforms-field wpforms-field-email\" data-field-id=\"5\"><label class=\"wpforms-field-label\" for=\"wpforms-10422-field_5\">Correu electr\u00f2nic de la persona de contacte <span class=\"wpforms-required-label\" aria-hidden=\"true\">*<\/span><\/label><input type=\"email\" id=\"wpforms-10422-field_5\" class=\"wpforms-field-medium wpforms-field-required\" name=\"wpforms[fields][5]\" spellcheck=\"false\" aria-errormessage=\"wpforms-10422-field_5-error\" required><\/div><div id=\"wpforms-10422-field_12-container\" class=\"wpforms-field wpforms-field-text\" data-field-id=\"12\"><label class=\"wpforms-field-label\" for=\"wpforms-10422-field_12\">T\u00edtol de la not\u00edcia <span class=\"wpforms-required-label\" aria-hidden=\"true\">*<\/span><\/label><input type=\"text\" id=\"wpforms-10422-field_12\" class=\"wpforms-field-medium wpforms-field-required\" name=\"wpforms[fields][12]\" aria-errormessage=\"wpforms-10422-field_12-error\" required><\/div><div id=\"wpforms-10422-field_16-container\" class=\"wpforms-field wpforms-field-textarea\" data-field-id=\"16\"><label class=\"wpforms-field-label\" for=\"wpforms-10422-field_16\">Extracte de la not\u00edcia que es vol difondre (90-100 paraules) <span class=\"wpforms-required-label\" aria-hidden=\"true\">*<\/span><\/label><textarea id=\"wpforms-10422-field_16\" class=\"wpforms-field-medium wpforms-field-required\" name=\"wpforms[fields][16]\" aria-errormessage=\"wpforms-10422-field_16-error\" required><\/textarea><\/div><div id=\"wpforms-10422-field_13-container\" class=\"wpforms-field wpforms-field-text\" data-field-id=\"13\"><label class=\"wpforms-field-label\" for=\"wpforms-10422-field_13\">Enlla\u00e7os actualitzats <span class=\"wpforms-required-label\" aria-hidden=\"true\">*<\/span><\/label><input type=\"text\" id=\"wpforms-10422-field_13\" class=\"wpforms-field-medium wpforms-field-required\" name=\"wpforms[fields][13]\" aria-errormessage=\"wpforms-10422-field_13-error\" required><\/div><div id=\"wpforms-10422-field_14-container\" class=\"wpforms-field wpforms-field-text\" data-field-id=\"14\"><label class=\"wpforms-field-label\" for=\"wpforms-10422-field_14\">Enlla\u00e7 a imatges en format jpg.<\/label><input type=\"text\" id=\"wpforms-10422-field_14\" class=\"wpforms-field-medium\" name=\"wpforms[fields][14]\" aria-errormessage=\"wpforms-10422-field_14-error\" ><\/div><div id=\"wpforms-10422-field_17-container\" class=\"wpforms-field wpforms-field-checkbox\" data-field-id=\"17\"><fieldset><legend class=\"wpforms-field-label\">Informaci\u00f3 b\u00e0sica sobre protecci\u00f3 de dades <span class=\"wpforms-required-label\" aria-hidden=\"true\">*<\/span><\/legend><ul id=\"wpforms-10422-field_17\" class=\"wpforms-field-required\"><li class=\"choice-1 depth-1\"><input type=\"checkbox\" id=\"wpforms-10422-field_17_1\" name=\"wpforms[fields][17][]\" value=\"He llegit aquesta informaci\u00f3\" aria-errormessage=\"wpforms-10422-field_17_1-error\" aria-describedby=\"wpforms-10422-field_17-description\" required ><label class=\"wpforms-field-label-inline\" for=\"wpforms-10422-field_17_1\">He llegit aquesta informaci\u00f3<\/label><\/li><\/ul><div id=\"wpforms-10422-field_17-description\" class=\"wpforms-field-description\">\u2014 Responsable: Secretaria de Millora Educativa del Departament d\u2019Educaci\u00f3 i Formaci\u00f3 Professional.\r\n\u2014 Finalitat: Donar a con\u00e8ixer a la comunitat educativa not\u00edcies sobre grups investigadors.\r\n\u2014 Drets de les persones interessades: Podeu sol\u00b7licitar l\u2019acc\u00e9s, la rectificaci\u00f3, la supressi\u00f3 o la limitaci\u00f3 del tractament de les vostres dades. Podeu trobar tota la informaci\u00f3 relativa als drets de les persones interessades i com exercir-los en el web del Departament d&#8217;Educaci\u00f3 i Formaci\u00f3 Professional:\r\nhttps:\/\/apdcat.gencat.cat\/ca\/autoritat\/normativa\/<\/div><\/fieldset><\/div><\/div><!-- .wpforms-field-container --><div class=\"wpforms-submit-container\" ><input type=\"hidden\" name=\"wpforms[id]\" value=\"10422\"><input type=\"hidden\" name=\"page_title\" value=\"\"><input type=\"hidden\" name=\"page_url\" value=\"https:\/\/projectes.xtec.cat\/recerca\/wp-json\/wp\/v2\/pages\/9672\"><button type=\"submit\" name=\"wpforms[submit]\" id=\"wpforms-submit-10422\" class=\"wpforms-submit\" data-alt-text=\"S&#039;est\u00e0 enviant...\" data-submit-text=\"Envia\" aria-live=\"assertive\" value=\"wpforms-submit\">Envia<\/button><img loading=\"lazy\" decoding=\"async\" src=\"https:\/\/projectes.xtec.cat\/recerca\/wp-content\/plugins\/wpforms-lite\/assets\/images\/submit-spin.svg\" class=\"wpforms-submit-spinner\" style=\"display: none;\" width=\"26\" height=\"26\" alt=\"S&#039;est\u00e0 carregant\"><\/div><\/form><\/div>  <!-- .wpforms-container -->\n\n\n<div class=\"wp-block-columns alignwide are-vertically-aligned-top has-small-font-size is-layout-flex wp-container-core-columns-is-layout-1 wp-block-columns-is-layout-flex\" style=\"margin-top:0;margin-bottom:0\">\n<div class=\"wp-block-column is-vertically-aligned-top box-link has-border-color is-layout-flow wp-block-column-is-layout-flow\" style=\"border-color:#abb8c3;border-width:1px;border-radius:5px;padding-top:var(--wp--preset--spacing--40);padding-right:var(--wp--preset--spacing--40);padding-bottom:var(--wp--preset--spacing--40);padding-left:var(--wp--preset--spacing--40)\">\n<div class=\"wp-block-getwid-icon-box getwid-animation has-text-center\" data-animation=\"zoomBig\"><div class=\"wp-block-getwid-icon-box__icon-container has-layout-stacked is-position-top\"><a href=\"https:\/\/projectes.xtec.cat\/recerca\/grup-investigador\/acces-a-dades-i-a-centres-educatius\/\" class=\"wp-block-getwid-icon-box__icon-wrapper has-text-color has-ast-global-color-0-color\"><i class=\"fas fa-external-link-square-alt\"><\/i><\/a><\/div><div class=\"wp-block-getwid-icon-box__content\">\n<h3 class=\"wp-block-heading has-medium-font-size\">Informa&#8217;t sobre Acc\u00e9s a centres<\/h3>\n<\/div><\/div>\n<\/div>\n\n\n\n<div class=\"wp-block-column is-vertically-aligned-top box-link has-border-color is-layout-flow wp-block-column-is-layout-flow\" style=\"border-color:#abb8c3;border-width:1px;border-radius:5px;padding-top:var(--wp--preset--spacing--40);padding-right:var(--wp--preset--spacing--40);padding-bottom:var(--wp--preset--spacing--40);padding-left:var(--wp--preset--spacing--40)\">\n<div class=\"wp-block-getwid-icon-box getwid-animation has-text-center\" data-animation=\"zoomBig\"><div class=\"wp-block-getwid-icon-box__icon-container has-layout-stacked is-position-top\"><a href=\"https:\/\/projectes.xtec.cat\/recerca\/grup-investigador\/collabora-amb-nosaltres\/\" class=\"wp-block-getwid-icon-box__icon-wrapper has-text-color has-ast-global-color-0-color\"><i class=\"fas fa-users\"><\/i><\/a><\/div><div class=\"wp-block-getwid-icon-box__content\">\n<h3 class=\"wp-block-heading has-medium-font-size\">Col\u00b7labora amb nosaltres<\/h3>\n<\/div><\/div>\n<\/div>\n\n\n\n<div class=\"wp-block-column is-vertically-aligned-top box-link has-border-color is-layout-flow wp-block-column-is-layout-flow\" style=\"border-color:#abb8c3;border-width:1px;border-radius:5px;padding-top:var(--wp--preset--spacing--40);padding-right:var(--wp--preset--spacing--40);padding-bottom:var(--wp--preset--spacing--40);padding-left:var(--wp--preset--spacing--40)\">\n<div class=\"wp-block-getwid-icon-box getwid-animation has-text-center\" data-animation=\"zoomBig\"><div class=\"wp-block-getwid-icon-box__icon-container has-layout-stacked is-position-top\"><a href=\"https:\/\/projectes.xtec.cat\/recerca\/recercaula\/\" class=\"wp-block-getwid-icon-box__icon-wrapper has-text-color has-ast-global-color-0-color\"><i class=\"fas fa-book-reader\"><\/i><\/a><\/div><div class=\"wp-block-getwid-icon-box__content\">\n<h3 class=\"wp-block-heading has-medium-font-size\">RecercAULA: la recerca en acci\u00f3<\/h3>\n<\/div><\/div>\n<\/div>\n<\/div>\n\n\n\n<div class=\"wp-block-group alignwide is-layout-constrained wp-container-core-group-is-layout-1 wp-block-group-is-layout-constrained\" style=\"padding-right:0;padding-left:0\">\n<h2 class=\"wp-block-heading\">\u00daltimes not\u00edcies<\/h2>\n\n\n\n        <div class=\"wp-block-getwid-post-carousel custom-post-type-post alignwide has-slides-gap-small is-carousel has-arrows-inside has-dots-outside\">\n            <div data-slider-option=\"{&quot;sliderSlidesToShowDesktop&quot;:&quot;3&quot;,&quot;getwid_slidesToShowLaptop&quot;:&quot;1&quot;,&quot;getwid_slidesToShowTablet&quot;:&quot;1&quot;,&quot;getwid_slidesToShowMobile&quot;:&quot;1&quot;,&quot;getwid_autoplay_speed&quot;:6000,&quot;getwid_animation_speed&quot;:800,&quot;getwid_slidesToScroll&quot;:&quot;1&quot;,&quot;getwid_autoplay&quot;:false,&quot;getwid_pause_on_hover&quot;:false,&quot;getwid_infinite&quot;:true,&quot;getwid_center_mode&quot;:false,&quot;getwid_arrows&quot;:&quot;inside&quot;,&quot;getwid_dots&quot;:&quot;outside&quot;}\" class=\"wp-block-getwid-post-carousel__wrapper\">\n                \t\t\t\t\t\t\t<div class=\"wp-block-getwid-post-carousel__slide\">\n\t\t\t\t\t\t\t\t\n<div class=\"wp-block-getwid-post-carousel__post\">\n            <div class=\"wp-block-getwid-post-carousel__post-thumbnail\">\n            <a href=\"https:\/\/projectes.xtec.cat\/recerca\/formacio\/jornades\/jornada-intermitja-rea3-23-recercaula\/\"><img loading=\"lazy\" decoding=\"async\" width=\"2560\" height=\"1390\" src=\"https:\/\/projectes.xtec.cat\/recerca\/wp-content\/uploads\/usu2090\/2026\/03\/20260226_190340_2-scaled.jpg\" class=\"attachment-post-thumbnail size-post-thumbnail wp-post-image\" alt=\"\" srcset=\"https:\/\/projectes.xtec.cat\/recerca\/wp-content\/uploads\/usu2090\/2026\/03\/20260226_190340_2-scaled.jpg 2560w, https:\/\/projectes.xtec.cat\/recerca\/wp-content\/uploads\/usu2090\/2026\/03\/20260226_190340_2-300x163.jpg 300w, https:\/\/projectes.xtec.cat\/recerca\/wp-content\/uploads\/usu2090\/2026\/03\/20260226_190340_2-1024x556.jpg 1024w, https:\/\/projectes.xtec.cat\/recerca\/wp-content\/uploads\/usu2090\/2026\/03\/20260226_190340_2-768x417.jpg 768w, https:\/\/projectes.xtec.cat\/recerca\/wp-content\/uploads\/usu2090\/2026\/03\/20260226_190340_2-1536x834.jpg 1536w, https:\/\/projectes.xtec.cat\/recerca\/wp-content\/uploads\/usu2090\/2026\/03\/20260226_190340_2-2048x1112.jpg 2048w\" sizes=\"auto, (max-width: 2560px) 100vw, 2560px\" \/><\/a>\n        <\/div>\n        <div class=\"wp-block-getwid-post-carousel__post-content-wrapper\">\n        <div class=\"wp-block-getwid-post-carousel__post-header\">\n            <h3 class=\"wp-block-getwid-post-carousel__post-title\"><a href=\"https:\/\/projectes.xtec.cat\/recerca\/formacio\/jornades\/jornada-intermitja-rea3-23-recercaula\/\">Jornada intermitja REA3.23 RecercAULA<\/a><\/h3>        <\/div>\n        <div class=\"wp-block-getwid-post-carousel__post-excerpt\"><p>El passat 26 de febrer es va celebrar la jornada interm\u00e8dia de la xarxa REA3.23 RecercAULA, una trobada que va [&hellip;]<\/p>\n<\/div>\n    <\/div>\n<\/div>\n\n\t\t\t\t\t\t\t<\/div>\n\t\t\t\t\t\t\t\t\t\t\t\t\t<div class=\"wp-block-getwid-post-carousel__slide\">\n\t\t\t\t\t\t\t\t\n<div class=\"wp-block-getwid-post-carousel__post\">\n            <div class=\"wp-block-getwid-post-carousel__post-thumbnail\">\n            <a href=\"https:\/\/projectes.xtec.cat\/recerca\/general\/v-jornada-sobre-les-teories-linguistiques-i-lensenyament-de-l2-le-la\/\"><img loading=\"lazy\" decoding=\"async\" width=\"1712\" height=\"992\" src=\"https:\/\/projectes.xtec.cat\/recerca\/wp-content\/uploads\/usu2090\/2026\/01\/cartell-v-jornada-tle-2-1_page-0001-e1768814135461.jpg\" class=\"attachment-post-thumbnail size-post-thumbnail wp-post-image\" alt=\"\" srcset=\"https:\/\/projectes.xtec.cat\/recerca\/wp-content\/uploads\/usu2090\/2026\/01\/cartell-v-jornada-tle-2-1_page-0001-e1768814135461.jpg 1712w, https:\/\/projectes.xtec.cat\/recerca\/wp-content\/uploads\/usu2090\/2026\/01\/cartell-v-jornada-tle-2-1_page-0001-e1768814135461-300x174.jpg 300w, https:\/\/projectes.xtec.cat\/recerca\/wp-content\/uploads\/usu2090\/2026\/01\/cartell-v-jornada-tle-2-1_page-0001-e1768814135461-1024x593.jpg 1024w, https:\/\/projectes.xtec.cat\/recerca\/wp-content\/uploads\/usu2090\/2026\/01\/cartell-v-jornada-tle-2-1_page-0001-e1768814135461-768x445.jpg 768w, https:\/\/projectes.xtec.cat\/recerca\/wp-content\/uploads\/usu2090\/2026\/01\/cartell-v-jornada-tle-2-1_page-0001-e1768814135461-1536x890.jpg 1536w\" sizes=\"auto, (max-width: 1712px) 100vw, 1712px\" \/><\/a>\n        <\/div>\n        <div class=\"wp-block-getwid-post-carousel__post-content-wrapper\">\n        <div class=\"wp-block-getwid-post-carousel__post-header\">\n            <h3 class=\"wp-block-getwid-post-carousel__post-title\"><a href=\"https:\/\/projectes.xtec.cat\/recerca\/general\/v-jornada-sobre-les-teories-linguistiques-i-lensenyament-de-l2-le-la\/\">V Jornada sobre les teories ling\u00fc\u00edstiques i l\u2019ensenyament de L2\/LE\/LA<\/a><\/h3>        <\/div>\n        <div class=\"wp-block-getwid-post-carousel__post-excerpt\"><\/div>\n    <\/div>\n<\/div>\n\n\t\t\t\t\t\t\t<\/div>\n\t\t\t\t\t\t\t\t\t\t\t\t\t<div class=\"wp-block-getwid-post-carousel__slide\">\n\t\t\t\t\t\t\t\t\n<div class=\"wp-block-getwid-post-carousel__post\">\n            <div class=\"wp-block-getwid-post-carousel__post-thumbnail\">\n            <a href=\"https:\/\/projectes.xtec.cat\/recerca\/general\/convocatoria-reconeixement-dinnovacio-educativa\/\"><img loading=\"lazy\" decoding=\"async\" width=\"2560\" height=\"1280\" src=\"https:\/\/projectes.xtec.cat\/recerca\/wp-content\/uploads\/usu2090\/2025\/11\/pexels-pixabay-267586-2-1-1-scaled.jpg\" class=\"attachment-post-thumbnail size-post-thumbnail wp-post-image\" alt=\"\" srcset=\"https:\/\/projectes.xtec.cat\/recerca\/wp-content\/uploads\/usu2090\/2025\/11\/pexels-pixabay-267586-2-1-1-scaled.jpg 2560w, https:\/\/projectes.xtec.cat\/recerca\/wp-content\/uploads\/usu2090\/2025\/11\/pexels-pixabay-267586-2-1-1-300x150.jpg 300w, https:\/\/projectes.xtec.cat\/recerca\/wp-content\/uploads\/usu2090\/2025\/11\/pexels-pixabay-267586-2-1-1-1024x512.jpg 1024w, https:\/\/projectes.xtec.cat\/recerca\/wp-content\/uploads\/usu2090\/2025\/11\/pexels-pixabay-267586-2-1-1-768x384.jpg 768w, https:\/\/projectes.xtec.cat\/recerca\/wp-content\/uploads\/usu2090\/2025\/11\/pexels-pixabay-267586-2-1-1-1536x768.jpg 1536w, https:\/\/projectes.xtec.cat\/recerca\/wp-content\/uploads\/usu2090\/2025\/11\/pexels-pixabay-267586-2-1-1-2048x1024.jpg 2048w\" sizes=\"auto, (max-width: 2560px) 100vw, 2560px\" \/><\/a>\n        <\/div>\n        <div class=\"wp-block-getwid-post-carousel__post-content-wrapper\">\n        <div class=\"wp-block-getwid-post-carousel__post-header\">\n            <h3 class=\"wp-block-getwid-post-carousel__post-title\"><a href=\"https:\/\/projectes.xtec.cat\/recerca\/general\/convocatoria-reconeixement-dinnovacio-educativa\/\">Convocat\u00f2ria\u00a0de reconeixement de la innovaci\u00f3 educativa<\/a><\/h3>        <\/div>\n        <div class=\"wp-block-getwid-post-carousel__post-excerpt\"><p>El passat 27 d&#8217;octubre va sortir publicada la Resoluci\u00f3 EDF\/3819\/2025,&nbsp;de&nbsp;15 d&#8217;octubre, per la qual es fa p\u00fablica la convocat\u00f2ria per [&hellip;]<\/p>\n<\/div>\n    <\/div>\n<\/div>\n\n\t\t\t\t\t\t\t<\/div>\n\t\t\t\t\t\t            <\/div>\n        <\/div>\n        <\/div>\n","protected":false},"excerpt":{"rendered":"<p>Formulari de not\u00edcies Ets un grup investigador i vols difondre una&nbsp;not\u00edcia? Si tens previst un esdeveniment o vols compartir una [&hellip;]<\/p>\n","protected":false},"author":2,"featured_media":10385,"parent":0,"menu_order":0,"comment_status":"closed","ping_status":"close","template":"","meta":{"site-sidebar-layout":"default","site-content-layout":"","ast-site-content-layout":"default","site-content-style":"default","site-sidebar-style":"default","ast-global-header-display":"","ast-banner-title-visibility":"","ast-main-header-display":"","ast-hfb-above-header-display":"","ast-hfb-below-header-display":"","ast-hfb-mobile-header-display":"","site-post-title":"","ast-breadcrumbs-content":"","ast-featured-img":"","footer-sml-layout":"","theme-transparent-header-meta":"","adv-header-id-meta":"","stick-header-meta":"","header-above-stick-meta":"","header-main-stick-meta":"","header-below-stick-meta":"","astra-migrate-meta-layouts":"set","ast-page-background-enabled":"default","ast-page-background-meta":{"desktop":{"background-color":"var(--ast-global-color-4)","background-image":"","background-repeat":"repeat","background-position":"center center","background-size":"auto","background-attachment":"scroll","background-type":"","background-media":"","overlay-type":"","overlay-color":"","overlay-opacity":"","overlay-gradient":""},"tablet":{"background-color":"","background-image":"","background-repeat":"repeat","background-position":"center center","background-size":"auto","background-attachment":"scroll","background-type":"","background-media":"","overlay-type":"","overlay-color":"","overlay-opacity":"","overlay-gradient":""},"mobile":{"background-color":"","background-image":"","background-repeat":"repeat","background-position":"center center","background-size":"auto","background-attachment":"scroll","background-type":"","background-media":"","overlay-type":"","overlay-color":"","overlay-opacity":"","overlay-gradient":""}},"ast-content-background-meta":{"desktop":{"background-color":"var(--ast-global-color-5)","background-image":"","background-repeat":"repeat","background-position":"center center","background-size":"auto","background-attachment":"scroll","background-type":"","background-media":"","overlay-type":"","overlay-color":"","overlay-opacity":"","overlay-gradient":""},"tablet":{"background-color":"var(--ast-global-color-5)","background-image":"","background-repeat":"repeat","background-position":"center center","background-size":"auto","background-attachment":"scroll","background-type":"","background-media":"","overlay-type":"","overlay-color":"","overlay-opacity":"","overlay-gradient":""},"mobile":{"background-color":"var(--ast-global-color-5)","background-image":"","background-repeat":"repeat","background-position":"center center","background-size":"auto","background-attachment":"scroll","background-type":"","background-media":"","overlay-type":"","overlay-color":"","overlay-opacity":"","overlay-gradient":""}},"footnotes":""},"class_list":["post-9672","page","type-page","status-publish","has-post-thumbnail","hentry"],"post_mailing_queue_ids":[],"_links":{"self":[{"href":"https:\/\/projectes.xtec.cat\/recerca\/wp-json\/wp\/v2\/pages\/9672","targetHints":{"allow":["GET"]}}],"collection":[{"href":"https:\/\/projectes.xtec.cat\/recerca\/wp-json\/wp\/v2\/pages"}],"about":[{"href":"https:\/\/projectes.xtec.cat\/recerca\/wp-json\/wp\/v2\/types\/page"}],"author":[{"embeddable":true,"href":"https:\/\/projectes.xtec.cat\/recerca\/wp-json\/wp\/v2\/users\/2"}],"replies":[{"embeddable":true,"href":"https:\/\/projectes.xtec.cat\/recerca\/wp-json\/wp\/v2\/comments?post=9672"}],"version-history":[{"count":6,"href":"https:\/\/projectes.xtec.cat\/recerca\/wp-json\/wp\/v2\/pages\/9672\/revisions"}],"predecessor-version":[{"id":10728,"href":"https:\/\/projectes.xtec.cat\/recerca\/wp-json\/wp\/v2\/pages\/9672\/revisions\/10728"}],"wp:featuredmedia":[{"embeddable":true,"href":"https:\/\/projectes.xtec.cat\/recerca\/wp-json\/wp\/v2\/media\/10385"}],"wp:attachment":[{"href":"https:\/\/projectes.xtec.cat\/recerca\/wp-json\/wp\/v2\/media?parent=9672"}],"curies":[{"name":"wp","href":"https:\/\/api.w.org\/{rel}","templated":true}]}}