{"id":9705,"date":"2025-06-04T10:54:41","date_gmt":"2025-06-04T08:54:41","guid":{"rendered":"https:\/\/projectes.xtec.cat\/recerca\/?page_id=9705"},"modified":"2025-06-27T11:59:39","modified_gmt":"2025-06-27T09:59:39","slug":"questionari","status":"publish","type":"page","link":"https:\/\/projectes.xtec.cat\/recerca\/questionari\/","title":{"rendered":"Q\u00fcestionari de prioritats dels centre educatius"},"content":{"rendered":"\n<p>Ens agradaria con\u00e8ixer la teva opini\u00f3 sobre els \u00e0mbits que m\u00e9s preocupen a la comunitat docent. Per aix\u00f2, et convidem a respondre <a href=\"https:\/\/docs.google.com\/forms\/d\/e\/1FAIpQLSdisFltMmv3EJRxnm4NlbQUYCbFZNX71AoIYEd_yuUIKbZPdQ\/viewform?usp=sharing&amp;ouid=100441913580894377303\" data-type=\"link\" data-id=\"https:\/\/docs.google.com\/forms\/d\/e\/1FAIpQLSdisFltMmv3EJRxnm4NlbQUYCbFZNX71AoIYEd_yuUIKbZPdQ\/viewform?usp=sharing&amp;ouid=100441913580894377303\">aquest breu q\u00fcestionari<\/a><a href=\"https:\/\/docs.google.com\/forms\/d\/e\/1FAIpQLSdisFltMmv3EJRxnm4NlbQUYCbFZNX71AoIYEd_yuUIKbZPdQ\/viewform?usp=dialog\" data-type=\"link\" data-id=\"https:\/\/docs.google.com\/forms\/d\/e\/1FAIpQLSdisFltMmv3EJRxnm4NlbQUYCbFZNX71AoIYEd_yuUIKbZPdQ\/viewform?usp=dialog\"> <\/a>que ens ajudar\u00e0 a identificar quines s\u00f3n les<strong> \u00e0rees d\u2019inter\u00e8s i les necessitats priorit\u00e0ries <\/strong>del teu centre educatiu.\u00a0<\/p>\n\n\n\n<figure class=\"wp-block-image aligncenter size-full is-resized has-custom-border\" style=\"margin-top:var(--wp--preset--spacing--50);margin-bottom:var(--wp--preset--spacing--50)\"><a href=\"https:\/\/projectes.xtec.cat\/recerca\/wp-content\/uploads\/usu2090\/2025\/06\/Infografies-Nodes-SRE-format-estret-23.svg\"><img decoding=\"async\" src=\"https:\/\/projectes.xtec.cat\/recerca\/wp-content\/uploads\/usu2090\/2025\/06\/Infografies-Nodes-SRE-format-estret-23.svg\" alt=\"\" class=\"has-border-color has-ast-global-color-3-border-color wp-image-10624\" style=\"border-width:24px;width:1142px;height:auto\"\/><\/a><\/figure>\n\n\n\n<p>La teva opini\u00f3 \u00e9s important per poder avan\u00e7ar cap a la<strong> connexi\u00f3<\/strong> entre la <strong>recerca educativa i la pr\u00e0ctica a l&#8217;aula. <\/strong><\/p>\n\n\n\n<p><\/p>\n","protected":false},"excerpt":{"rendered":"<p>Ens agradaria con\u00e8ixer la teva opini\u00f3 sobre els \u00e0mbits que m\u00e9s preocupen a la comunitat docent. Per aix\u00f2, et convidem [&hellip;]<\/p>\n","protected":false},"author":2,"featured_media":10354,"parent":0,"menu_order":0,"comment_status":"closed","ping_status":"close","template":"","meta":{"site-sidebar-layout":"default","site-content-layout":"","ast-site-content-layout":"default","site-content-style":"default","site-sidebar-style":"default","ast-global-header-display":"","ast-banner-title-visibility":"","ast-main-header-display":"","ast-hfb-above-header-display":"","ast-hfb-below-header-display":"","ast-hfb-mobile-header-display":"","site-post-title":"","ast-breadcrumbs-content":"","ast-featured-img":"","footer-sml-layout":"","theme-transparent-header-meta":"","adv-header-id-meta":"","stick-header-meta":"","header-above-stick-meta":"","header-main-stick-meta":"","header-below-stick-meta":"","astra-migrate-meta-layouts":"set","ast-page-background-enabled":"default","ast-page-background-meta":{"desktop":{"background-color":"var(--ast-global-color-4)","background-image":"","background-repeat":"repeat","background-position":"center center","background-size":"auto","background-attachment":"scroll","background-type":"","background-media":"","overlay-type":"","overlay-color":"","overlay-opacity":"","overlay-gradient":""},"tablet":{"background-color":"","background-image":"","background-repeat":"repeat","background-position":"center center","background-size":"auto","background-attachment":"scroll","background-type":"","background-media":"","overlay-type":"","overlay-color":"","overlay-opacity":"","overlay-gradient":""},"mobile":{"background-color":"","background-image":"","background-repeat":"repeat","background-position":"center center","background-size":"auto","background-attachment":"scroll","background-type":"","background-media":"","overlay-type":"","overlay-color":"","overlay-opacity":"","overlay-gradient":""}},"ast-content-background-meta":{"desktop":{"background-color":"var(--ast-global-color-5)","background-image":"","background-repeat":"repeat","background-position":"center center","background-size":"auto","background-attachment":"scroll","background-type":"","background-media":"","overlay-type":"","overlay-color":"","overlay-opacity":"","overlay-gradient":""},"tablet":{"background-color":"var(--ast-global-color-5)","background-image":"","background-repeat":"repeat","background-position":"center center","background-size":"auto","background-attachment":"scroll","background-type":"","background-media":"","overlay-type":"","overlay-color":"","overlay-opacity":"","overlay-gradient":""},"mobile":{"background-color":"var(--ast-global-color-5)","background-image":"","background-repeat":"repeat","background-position":"center center","background-size":"auto","background-attachment":"scroll","background-type":"","background-media":"","overlay-type":"","overlay-color":"","overlay-opacity":"","overlay-gradient":""}},"footnotes":""},"class_list":["post-9705","page","type-page","status-publish","has-post-thumbnail","hentry"],"post_mailing_queue_ids":[],"_links":{"self":[{"href":"https:\/\/projectes.xtec.cat\/recerca\/wp-json\/wp\/v2\/pages\/9705","targetHints":{"allow":["GET"]}}],"collection":[{"href":"https:\/\/projectes.xtec.cat\/recerca\/wp-json\/wp\/v2\/pages"}],"about":[{"href":"https:\/\/projectes.xtec.cat\/recerca\/wp-json\/wp\/v2\/types\/page"}],"author":[{"embeddable":true,"href":"https:\/\/projectes.xtec.cat\/recerca\/wp-json\/wp\/v2\/users\/2"}],"replies":[{"embeddable":true,"href":"https:\/\/projectes.xtec.cat\/recerca\/wp-json\/wp\/v2\/comments?post=9705"}],"version-history":[{"count":6,"href":"https:\/\/projectes.xtec.cat\/recerca\/wp-json\/wp\/v2\/pages\/9705\/revisions"}],"predecessor-version":[{"id":11122,"href":"https:\/\/projectes.xtec.cat\/recerca\/wp-json\/wp\/v2\/pages\/9705\/revisions\/11122"}],"wp:featuredmedia":[{"embeddable":true,"href":"https:\/\/projectes.xtec.cat\/recerca\/wp-json\/wp\/v2\/media\/10354"}],"wp:attachment":[{"href":"https:\/\/projectes.xtec.cat\/recerca\/wp-json\/wp\/v2\/media?parent=9705"}],"curies":[{"name":"wp","href":"https:\/\/api.w.org\/{rel}","templated":true}]}}