{"id":8245,"date":"2021-07-23T21:34:05","date_gmt":"2021-07-23T19:34:05","guid":{"rendered":"https:\/\/projectes.xtec.cat\/repo\/?page_id=8245"},"modified":"2021-11-06T20:59:32","modified_gmt":"2021-11-06T19:59:32","slug":"competencia-digital-docent","status":"publish","type":"page","link":"https:\/\/projectes.xtec.cat\/repo\/xarxa-territorial-de-cultura-digital\/competencia-digital-docent\/","title":{"rendered":"Compet\u00e8ncia digital docent"},"content":{"rendered":"<div class=\"seccio gris\">\n<p class=\"text-destacat\">Aquesta subxarxa proporciona un espai de comunicaci\u00f3 on lorem impsum. Cada sessi\u00f3 est\u00e0 formada per: un <strong>seminari web<\/strong>, <strong>seminaris territorials<\/strong> relacionats i converses al <strong>nus<\/strong>, dins del grup de la compet\u00e8ncia digital docent.<\/p>\n<\/div>\n<div class=\"seccio blanc\">\n<div class=\"wp-block-columns\">\n<div class=\"wp-block-column\"><\/div>\n<\/div>\n<div class=\"wp-block-columns\">\n<div class=\"wp-block-column\" style=\"flex-basis: 40%;\">\n<h3>Qu\u00e8 \u00e9s la compet\u00e8ncia digital docent?<\/h3>\n<p>S\u2019ent\u00e9n per <a href=\"https:\/\/repositori.educacio.gencat.cat\/bitstream\/handle\/20.500.12694\/229\/competencia_digital_docent_del_professorat_de_catalunya_2018.pdf?sequence=1\" target=\"_blank\" rel=\"noopener\">compet\u00e8ncia digital docent<\/a> la capacitat que tenen els docents de mobilitzar i transferir tots els seus coneixements, estrat\u00e8gies, habilitats i actituds sobre les tecnologies per a l\u2019E-A en situacions reals i concretes de la seva pr\u00e0ctica professional per tal de facilitar l\u2019aprenentatge de tot l\u2019alumnat i l\u2019adquisici\u00f3 de la seva compet\u00e8ncia digital.<\/p>\n<p>Aquesta capacitat els ha de permetre dur a terme processos de millora i innovaci\u00f3 a l\u2019ensenyament d\u2019acord amb les necessitats de l\u2019era digital, i contribuir al seu desenvolupament professional d\u2019acord amb els processos de canvi que tenen lloc a la societat i als centres educatius.<\/p>\n<\/div>\n<div class=\"wp-block-column\" style=\"flex-basis: 30%;\"><img decoding=\"async\" src=\"https:\/\/projectes.xtec.cat\/repo\/wp-content\/uploads\/usu2637\/2021\/09\/Captura-de-Pantalla-2021-09-01-a-les-21.57.04.png\" \/><\/div>\n<div class=\"wp-block-column\" style=\"flex-basis: 30%;\">\n<h3>Marc compet\u00e8ncial<\/h3>\n<p>L\u2019objecte d\u2019aquest marc \u00e9s determinar quines compet\u00e8ncies ha d\u2019adquirir i desenvolupar qualsevol docent que imparteixi ensenyaments reglats a la Llei Org\u00e0nica d\u2019Educaci\u00f3 en l\u2019exercici de la seva professi\u00f3, independentment de la mat\u00e8ria, de l\u2019etapa o del tipus d\u2019ensenyament.<\/p>\n<p>Les compet\u00e8ncies del marc s\u2019organitzen en 6 \u00e0rees que presenten els diferents aspectes de les activitats professionals dels docents.<\/p>\n<\/div>\n<\/div>\n<\/div>\n<div class=\"seccio gris\">\n<div class=\"wp-block-columns\">\n<div class=\"wp-block-column\">\n<h2>Sessi\u00f3 de presentaci\u00f3<\/h2>\n<p>En aquesta sessi\u00f3 es presentar\u00e0 la subxarxa de compet\u00e8ncia digital docent posant el focus en:<\/p>\n<ul>\n<li>Els objectius de la subxarxa<\/li>\n<li>El marc competencial<\/li>\n<li>L\u2019estructura i organitzaci\u00f3 de l\u2019activitat formativa<\/li>\n<li>El Nus: espai de comunicaci\u00f3<\/li>\n<\/ul>\n<p><strong>Data:<\/strong> 16 de setembre de 2021, de 17:30 a 19:00 h.<\/p>\n<div class=\"wp-block-columns\">\n<div class=\"wp-block-column\">\n<div class=\"button-container\"><button class=\"button\">M\u00e9s informaci\u00f3<\/button><\/div>\n<\/div>\n<div class=\"wp-block-column\">\n<div class=\"button-container\"><button class=\"button\">Converses al Nus<\/button><\/div>\n<\/div>\n<\/div>\n<\/div>\n<div class=\"wp-block-column has-text-align-right\"><img decoding=\"async\" src=\"https:\/\/projectes.xtec.cat\/repo\/wp-content\/uploads\/usu2637\/2021\/07\/videodisponible-1.jpg\" alt=\"reproductor de v\u00eddeo\" \/><\/div>\n<\/div>\n<\/div>\n<div class=\"seccio negre\">\n<div class=\"wp-block-columns\">\n<div class=\"wp-block-column\">\n<h2>Totes les sessions<\/h2>\n<p>Al llarg del curs 21-22 es realitzaran 7 seminaris web on es desenvoluparan les diferents \u00e0rees de la CDD i on es comptar\u00e0 amb la col\u00b7laboraci\u00f3 de persones expertes en cada una de les diferents \u00e0rees.<\/p>\n<p>Fes clic al seg\u00fcent bot\u00f3 per accedir a totes les sessions:<\/p>\n<p><a class=\"button has-text-align-center\" href=\"https:\/\/projectes.xtec.cat\/repo\/xarxa-territorial-de-cultura-digital\/competencia-digital-docent\/sessions-2021-22\">Sessions<\/a><\/p>\n<\/div>\n<div class=\"wp-block-column\">\n<h2>Cerca per tema<\/h2>\n<p>Pots cercar per temes, etapes, ponents o qualsevol paraula clau relacionada amb la xarxa de compet\u00e8ncia digital docent. Per cada pon\u00e8ncia trobar\u00e0s un enlla\u00e7 al v\u00eddeo i un enlla\u00e7 a la conversa associada al Nus. Fes clic al seg\u00fcent bot\u00f3 per accedir al cercador per temes:<\/p>\n<p><a class=\"button has-text-align-center\" href=\"https:\/\/projectes.xtec.cat\/repo\/xarxa-territorial-de-cultura-digital\/cerca-per-temes\/?sub=cdd\">Cercador per temes<\/a><\/p>\n<\/div>\n<\/div>\n<\/div>\n<div class=\"seccio\">\n<div class=\"wp-block-columns\">\n<div class=\"wp-block-column\">\n<h2>Documents claus<\/h2>\n<p><a href=\"https:\/\/educacio.gencat.cat\/ca\/departament\/publicacions\/colleccions\/pla-educacio-digital\/orientacions-avaluacio-cda-primaria\/\" target=\"_blank\" rel=\"noopener\"><img loading=\"lazy\" decoding=\"async\" class=\"vora alignleft\" src=\"https:\/\/projectes.xtec.cat\/repo\/wp-content\/uploads\/usu2637\/2021\/09\/orientacions-avaluacio-cda-primaria-268x378.jpg_2026732490.jpg\" alt=\"\" width=\"165\" height=\"232\" \/><\/a><a href=\"https:\/\/educacio.gencat.cat\/ca\/departament\/publicacions\/colleccions\/pla-educacio-digital\/us-tecnologies-digitals-infantil\/\" target=\"_blank\" rel=\"noopener\"><img loading=\"lazy\" decoding=\"async\" class=\"vora alignnone\" src=\"https:\/\/projectes.xtec.cat\/repo\/wp-content\/uploads\/usu2637\/2021\/09\/us-tecnologies-digitals-infantil.jpg_2091075150.jpg\" alt=\"\" width=\"165\" height=\"230\" \/><\/a><\/p>\n<p>Altres documents de refer\u00e8ncia:<\/p>\n<ul>\n<li><a href=\"https:\/\/educacio.gencat.cat\/ca\/departament\/publicacions\/colleccions\/pla-educacio-digital\/orientacions-avaluacio-cda-eso\/\" target=\"_blank\" rel=\"noopener\">Orientacions per l\u2019avaluaci\u00f3 de la compet\u00e8ncia digital de l\u2019alumnat a l\u2019ESO<\/a><\/li>\n<li><a href=\"https:\/\/educacio.gencat.cat\/web\/.content\/home\/departament\/publicacions\/colleccions\/pla-educacio-digital\/orientacions-entorn-virtual-aprenentatge\/orientacions-entorn-virtual-aprenentatge.pdf\" target=\"_blank\" rel=\"noopener\">Orientacions per a la personalitzaci\u00f3 de l\u2019entorn virtual d\u2019aprenentatge en diferents escenaris educatius<\/a><\/li>\n<li><a href=\"https:\/\/repositori.educacio.gencat.cat\/bitstream\/handle\/20.500.12694\/229\/competencia_digital_docent_del_professorat_de_catalunya_2018.pdf?sequence=1\" target=\"_blank\" rel=\"noopener\">Compet\u00e8ncia digital docent del professorat de Catalunya<\/a><\/li>\n<\/ul>\n<\/div>\n<div class=\"wp-block-column\">\n<h2>Recursos<\/h2>\n<p>Acc\u00e9s a diferents projectes, recursos i propostes did\u00e0ctiques per al desenvolupament de les compet\u00e8ncies de l\u2019alumnat mitjan\u00e7ant l\u2019\u00fas de tecnologies educatives.<\/p>\n<p><a href=\"https:\/\/www.edu365.cat\/\" target=\"_blank\" rel=\"noopener\"><img loading=\"lazy\" decoding=\"async\" class=\"vora alignleft\" src=\"https:\/\/projectes.xtec.cat\/repo\/wp-content\/uploads\/usu2637\/2021\/09\/edu365-copia.jpg\" alt=\"\" width=\"165\" height=\"232\" \/><\/a><a href=\"https:\/\/projectes.xtec.cat\/programacioirobotica\/\" target=\"_blank\" rel=\"noopener\"><img loading=\"lazy\" decoding=\"async\" class=\"vora alignnone\" src=\"https:\/\/projectes.xtec.cat\/repo\/wp-content\/uploads\/usu2637\/2021\/09\/robot.jpg\" alt=\"\" width=\"165\" height=\"99\" \/><\/a><\/p>\n<p>Altres recursos:<\/p>\n<ul>\n<li><a href=\"https:\/\/projectes.xtec.cat\/transformaciodigital\/\" target=\"_blank\" rel=\"noopener\">Projecte de transformaci\u00f3 digital<\/a><\/li>\n<li><a href=\"https:\/\/agora.xtec.cat\/mobilsedu\/\" target=\"_blank\" rel=\"noopener\">Projecte M\u00f2bils.edu<\/a><\/li>\n<li><a href=\"https:\/\/mschools.com\/ca\/\" target=\"_blank\" rel=\"noopener\">mSchools<\/a><\/li>\n<\/ul>\n<\/div>\n<div class=\"wp-block-column\">\n<h2>Grup a Nus<\/h2>\n<p>Espai virtual per compartir idees, inquietuds i recursos entre els docents participants, fomentant el treball i la interacci\u00f3 en xarxa. Aquesta plataforma permet la creaci\u00f3 de fils de conversa de manera senzilla i ordenada, amb inserci\u00f3 d\u2019etiquetes, enquestes, citacions, etc.<\/p>\n<p><img decoding=\"async\" class=\"vora\" src=\"https:\/\/projectes.xtec.cat\/repo\/wp-content\/uploads\/usu2637\/2021\/07\/nus.jpg\" \/><\/p>\n<\/div>\n<\/div>\n<\/div>\n","protected":false},"excerpt":{"rendered":"<p>Aquesta subxarxa proporciona un espai de comunicaci\u00f3 on lorem impsum. Cada sessi\u00f3 est\u00e0 formada per: un seminari web, seminaris territorials relacionats i converses al nus, dins del grup de la compet\u00e8ncia digital docent. Qu\u00e8 \u00e9s la compet\u00e8ncia digital docent? S\u2019ent\u00e9n per compet\u00e8ncia digital docent la capacitat que tenen els docents de mobilitzar i transferir tots [&hellip;]<\/p>\n","protected":false},"author":2,"featured_media":0,"parent":8247,"menu_order":0,"comment_status":"closed","ping_status":"closed","template":"","meta":{"_bbp_topic_count":0,"_bbp_reply_count":0,"_bbp_total_topic_count":0,"_bbp_total_reply_count":0,"_bbp_voice_count":0,"_bbp_anonymous_reply_count":0,"_bbp_topic_count_hidden":0,"_bbp_reply_count_hidden":0,"_bbp_forum_subforum_count":0,"site-sidebar-layout":"no-sidebar","site-content-layout":"page-builder","ast-site-content-layout":"","site-content-style":"default","site-sidebar-style":"default","ast-global-header-display":"","ast-banner-title-visibility":"","ast-main-header-display":"disabled","ast-hfb-above-header-display":"","ast-hfb-below-header-display":"","ast-hfb-mobile-header-display":"","site-post-title":"disabled","ast-breadcrumbs-content":"","ast-featured-img":"","footer-sml-layout":"","theme-transparent-header-meta":"default","adv-header-id-meta":"8253","stick-header-meta":"default","header-above-stick-meta":"","header-main-stick-meta":"","header-below-stick-meta":"","astra-migrate-meta-layouts":"default","ast-page-background-enabled":"default","ast-page-background-meta":{"desktop":{"background-color":"","background-image":"","background-repeat":"repeat","background-position":"center center","background-size":"auto","background-attachment":"scroll","background-type":"","background-media":"","overlay-type":"","overlay-color":"","overlay-opacity":"","overlay-gradient":""},"tablet":{"background-color":"","background-image":"","background-repeat":"repeat","background-position":"center center","background-size":"auto","background-attachment":"scroll","background-type":"","background-media":"","overlay-type":"","overlay-color":"","overlay-opacity":"","overlay-gradient":""},"mobile":{"background-color":"","background-image":"","background-repeat":"repeat","background-position":"center center","background-size":"auto","background-attachment":"scroll","background-type":"","background-media":"","overlay-type":"","overlay-color":"","overlay-opacity":"","overlay-gradient":""}},"ast-content-background-meta":{"desktop":{"background-color":"var(--ast-global-color-5)","background-image":"","background-repeat":"repeat","background-position":"center center","background-size":"auto","background-attachment":"scroll","background-type":"","background-media":"","overlay-type":"","overlay-color":"","overlay-opacity":"","overlay-gradient":""},"tablet":{"background-color":"var(--ast-global-color-5)","background-image":"","background-repeat":"repeat","background-position":"center center","background-size":"auto","background-attachment":"scroll","background-type":"","background-media":"","overlay-type":"","overlay-color":"","overlay-opacity":"","overlay-gradient":""},"mobile":{"background-color":"var(--ast-global-color-5)","background-image":"","background-repeat":"repeat","background-position":"center center","background-size":"auto","background-attachment":"scroll","background-type":"","background-media":"","overlay-type":"","overlay-color":"","overlay-opacity":"","overlay-gradient":""}},"footnotes":""},"class_list":["post-8245","page","type-page","status-publish","hentry"],"post_mailing_queue_ids":[],"_links":{"self":[{"href":"https:\/\/projectes.xtec.cat\/repo\/wp-json\/wp\/v2\/pages\/8245","targetHints":{"allow":["GET"]}}],"collection":[{"href":"https:\/\/projectes.xtec.cat\/repo\/wp-json\/wp\/v2\/pages"}],"about":[{"href":"https:\/\/projectes.xtec.cat\/repo\/wp-json\/wp\/v2\/types\/page"}],"author":[{"embeddable":true,"href":"https:\/\/projectes.xtec.cat\/repo\/wp-json\/wp\/v2\/users\/2"}],"replies":[{"embeddable":true,"href":"https:\/\/projectes.xtec.cat\/repo\/wp-json\/wp\/v2\/comments?post=8245"}],"version-history":[{"count":3,"href":"https:\/\/projectes.xtec.cat\/repo\/wp-json\/wp\/v2\/pages\/8245\/revisions"}],"predecessor-version":[{"id":10131,"href":"https:\/\/projectes.xtec.cat\/repo\/wp-json\/wp\/v2\/pages\/8245\/revisions\/10131"}],"up":[{"embeddable":true,"href":"https:\/\/projectes.xtec.cat\/repo\/wp-json\/wp\/v2\/pages\/8247"}],"wp:attachment":[{"href":"https:\/\/projectes.xtec.cat\/repo\/wp-json\/wp\/v2\/media?parent=8245"}],"curies":[{"name":"wp","href":"https:\/\/api.w.org\/{rel}","templated":true}]}}