{"id":8247,"date":"2021-07-23T21:34:22","date_gmt":"2021-07-23T19:34:22","guid":{"rendered":"https:\/\/projectes.xtec.cat\/repo\/?page_id=8247"},"modified":"2021-11-06T10:19:46","modified_gmt":"2021-11-06T09:19:46","slug":"xarxa-territorial-de-cultura-digital","status":"publish","type":"page","link":"https:\/\/projectes.xtec.cat\/repo\/","title":{"rendered":"Xarxa Territorial de Cultura Digital"},"content":{"rendered":"<div class=\"seccio gris\">\n<p class=\"text-destacat\" style=\"font-size: 1.1em; margin-bottom: 0.3em;\"><strong>La Xarxa territorial de Cultura digital<\/strong> \u00e9s un punt de trobada i acompanyament en el proc\u00e9s de transformaci\u00f3 digital dels centres educatius de Catalunya. L\u2019objectiu principal \u00e9s intercanviar i compartir experi\u00e8ncies d\u2019aula i de centre, sumar i enriquir la feina que ja s\u2019est\u00e0 fent arreu del territori, tot potenciant el treball en xarxa i facilitant espais de coordinaci\u00f3 i documentaci\u00f3. <a href=\"https:\/\/projectes.xtec.cat\/repo\/xarxa-territorial-de-cultura-digital\/sobre-xtcd\/\">M\u00e9s informaci\u00f3<\/a>.<\/p>\n<\/div>\n<div id=\"seccio-principal\" class=\"seccio\">\n<div class=\"wp-block-columns\">\n<div class=\"wp-block-column\">\n<h2>Sessi\u00f3 de presentaci\u00f3<\/h2>\n<p><strong>Dijous 16 de setembre de 2021, a les 17:30h<\/strong><\/p>\n<p>La sessi\u00f3 est\u00e0 formada per dues parts: una <strong>primera part<\/strong> on s&#8217;estableixen els objectius comuns pel curs 2021-22 i una <strong>segona part<\/strong> on cada subxarxa explicar\u00e0 els seus objectius i din\u00e0miques de funcionament. La segona part \u00e9s simult\u00e0nia en les tres subxarxes. Com a participant haur\u00e0s de triar quina subxarxa vols veure en directe, per\u00f2 despr\u00e9s tindr\u00e0s l\u2019opci\u00f3 de veure les altres dues subxarxes en diferit, dins de la secci\u00f3 espec\u00edfica de cada subxarxa (opci\u00f3 &#8220;Subxarxes&#8221; del men\u00fa superior).<\/p>\n<\/div>\n<\/div>\n<div class=\"wp-block-columns\">\n<div class=\"wp-block-column\" style=\"flex-basis: 30%;\">\n<h3><img loading=\"lazy\" decoding=\"async\" class=\"alignleft\" src=\"https:\/\/projectes.xtec.cat\/repo\/wp-content\/uploads\/usu2637\/2021\/09\/n1.png\" alt=\"\" width=\"150\" height=\"150\" \/><\/h3>\n<\/div>\n<div class=\"wp-block-column\" style=\"flex-basis: 70%;\"><iframe loading=\"lazy\" class=\"alignleft\" style=\"border: 5px solid #FF585D; border-radius: 10px;\" title=\"YouTube video player\" src=\"https:\/\/www.youtube.com\/embed\/yzF4IT1AbEA\" width=\"560\" height=\"350\" frameborder=\"0\" allowfullscreen=\"allowfullscreen\"><\/iframe><\/div>\n<\/div>\n<div class=\"wp-block-columns\" style=\"margin-top: 3em; padding-left: 0; padding-right: 0;\">\n<h3><img loading=\"lazy\" decoding=\"async\" class=\"alignleft\" src=\"https:\/\/projectes.xtec.cat\/repo\/wp-content\/uploads\/usu2637\/2021\/09\/n2.png\" alt=\"\" width=\"150\" height=\"150\" \/><\/h3>\n<div class=\"wp-block-column\">\n<h3>Subxarxa de la Compet\u00e8ncia digital docent (CDD)<\/h3>\n<p>Docents de tots els nivells educatius<\/p>\n<p><img decoding=\"async\" src=\"https:\/\/projectes.xtec.cat\/repo\/wp-content\/uploads\/usu2637\/2021\/07\/videodisponible-2.jpg\" \/><br \/>\n<!--<iframe loading=\"lazy\" style=\"border:5px solid #FF585D;border-radius:10px\" width=\"100%\" height=\"215\" src=\"https:\/\/www.youtube.com\/embed\/yzF4IT1AbEA\" title=\"YouTube video player\" frameborder=\"0\" allow=\"accelerometer; autoplay; clipboard-write; encrypted-media; gyroscope; picture-in-picture\" allowfullscreen><\/iframe>--><\/p>\n<\/div>\n<div class=\"wp-block-column\">\n<h3>Subxarxa de l&#8217;Estrat\u00e8gia digital de centre (EDC)<\/h3>\n<p>Membres de la comissi\u00f3 digital de centre<\/p>\n<p><img decoding=\"async\" src=\"https:\/\/projectes.xtec.cat\/repo\/wp-content\/uploads\/usu2637\/2021\/07\/videodisponible-2.jpg\" \/><br \/>\n<!--<iframe loading=\"lazy\" style=\"border:5px solid #FF585D;border-radius:10px\" width=\"100%\" height=\"215\" src=\"https:\/\/www.youtube.com\/embed\/yzF4IT1AbEA\" title=\"YouTube video player\" frameborder=\"0\" allow=\"accelerometer; autoplay; clipboard-write; encrypted-media; gyroscope; picture-in-picture\" allowfullscreen><\/iframe>--><\/p>\n<\/div>\n<div class=\"wp-block-column\">\n<h3>Subxarxa de la Coordinaci\u00f3 digital de centre (CDC)<\/h3>\n<p>Coordinadors i coordinadores digitals de centre<\/p>\n<p><img decoding=\"async\" src=\"https:\/\/projectes.xtec.cat\/repo\/wp-content\/uploads\/usu2637\/2021\/07\/videodisponible-2.jpg\" \/><br \/>\n<!--<iframe loading=\"lazy\" style=\"border:5px solid #FF585D;border-radius:10px\" width=\"560\" height=\"215\" src=\"https:\/\/www.youtube.com\/embed\/yzF4IT1AbEA\" title=\"YouTube video player\" frameborder=\"0\" allow=\"accelerometer; autoplay; clipboard-write; encrypted-media; gyroscope; picture-in-picture\" allowfullscreen><\/iframe>--><\/p>\n<\/div>\n<\/div>\n<\/div>\n<div class=\"seccio negre\">\n<div class=\"seccio-titol\">\n<h2>Subxarxes<\/h2>\n<\/div>\n<div class=\"wp-block-columns\">\n<div class=\"wp-block-column\" data-aos=\"fade-right\" data-aos-duration=\"1500\">\n<div class=\"over\"><img decoding=\"async\" src=\"https:\/\/projectes.xtec.cat\/repo\/wp-content\/uploads\/usu2637\/2021\/08\/cdd_blanc.png\" alt=\"barret graduat\" \/><\/div>\n<h2>Compet\u00e8ncia digital docent<\/h2>\n<p>L\u2019any 2023 els docents de Catalunya han de certificar amb un <span class=\"bg-blanc\">nivell mitj\u00e0<\/span> la seva compet\u00e8ncia digital docent. Donant resposta a aquest objectiu s\u2019oferiran recursos formatius buscant crear entorns d\u2019aprenentatge que afavoreixin el desenvolupament d\u2019\u00e0rees de la CDD.<\/p>\n<div class=\"button-container\" style=\"text-align: center;\"><a class=\"button\" href=\"https:\/\/projectes.xtec.cat\/repo\/xarxa-territorial-de-cultura-digital\/competencia-digital-docent\/\">Anar a la subxarxa<\/a><\/div>\n<\/div>\n<div class=\"wp-block-column\" data-aos=\"fade-up\" data-aos-duration=\"1500\">\n<div class=\"over\"><img decoding=\"async\" src=\"https:\/\/projectes.xtec.cat\/repo\/wp-content\/uploads\/usu2637\/2021\/08\/edc_blanc.png\" alt=\"barret graduat\" \/><\/div>\n<h2>Estrat\u00e8gia digital de centre<\/h2>\n<p>Abans de la finalitzaci\u00f3 del <span class=\"bg-blanc\">curs 2022-23<\/span>, tots els centres educatius de prim\u00e0ria i de secund\u00e0ria de Catalunya hauran de crear el document d&#8217;Estrat\u00e8gia digital i comen\u00e7ar la implementaci\u00f3 de la transformaci\u00f3 digital all\u00e0 definida. La subxarxa inclou <span class=\"bg-blanc\">grups de treball<\/span> mentoritzats.<\/p>\n<div class=\"button-container\"><a class=\"button\" href=\"https:\/\/projectes.xtec.cat\/repo\/xarxa-territorial-de-cultura-digital\/estrategia-digital-de-centre\/\">Anar a la subxarxa<\/a><\/div>\n<\/div>\n<div class=\"wp-block-column\" data-aos=\"fade-left\" data-aos-duration=\"1500\">\n<div class=\"over\"><img decoding=\"async\" src=\"https:\/\/projectes.xtec.cat\/repo\/wp-content\/uploads\/usu2637\/2021\/08\/compass_blanc.png\" alt=\"barret graduat\" \/><\/div>\n<h2>Coordinaci\u00f3 digital de centre<\/h2>\n<p style=\"text-align: left;\">Punt de trobada dels coordinadors i coordinadores digitals dels centres educatius. Un espai per parlar de com dinamitzar la <span class=\"bg-blanc\">transformaci\u00f3 digital<\/span> als centres i la gesti\u00f3 dels <span class=\"bg-blanc\">equips, serveis i infraestructures digitals<\/span> per garantir aquesta transformaci\u00f3.<\/p>\n<div class=\"button-container\"><a class=\"button\" href=\"https:\/\/projectes.xtec.cat\/repo\/xarxa-territorial-de-cultura-digital\/coordinacio-digital-de-centre\/\">Anar a la subxarxa<\/a><\/div>\n<\/div>\n<\/div>\n<\/div>\n<div class=\"seccio coral\">\n<div class=\"seccio-titol\">\n<h2>Sessions<\/h2>\n<\/div>\n<div class=\"wp-block-columns\">\n<div class=\"wp-block-column\" data-aos=\"fade-right\" data-aos-duration=\"1500\">\n<div class=\"over\"><img decoding=\"async\" src=\"https:\/\/projectes.xtec.cat\/repo\/wp-content\/uploads\/usu2637\/2021\/08\/event-accepted-blanc.png\" \/><\/div>\n<h2>Propera sessi\u00f3<\/h2>\n<p>La propera sessi\u00f3 de la XTCD ser\u00e0 el 16 de setembre. Es presentaran les tres subxarxes (Compet\u00e8ncia digital docent, Estrat\u00e8gia digital docent i Coordinaci\u00f3 digital), s&#8217;avan\u00e7ar\u00e0 el full de ruta i s&#8217;explicar\u00e0 el funcionament de cada una de les subxarxes, incloent-hi la plataforma online Nus.<\/p>\n<div class=\"button-container\"><a class=\"button\" href=\"#\">M\u00e9s informaci\u00f3<\/a><\/div>\n<\/div>\n<div class=\"wp-block-column\" data-aos=\"fade-up\" data-aos-duration=\"1500\">\n<div class=\"over\"><img decoding=\"async\" src=\"https:\/\/projectes.xtec.cat\/repo\/wp-content\/uploads\/usu2637\/2021\/08\/calendar-blanc.png\" \/><\/div>\n<h2>Sessions 2020-21<\/h2>\n<p>Durant el curs 2020-21 va neixer la Xarxa Territorial de Cultura Digital, amb vocaci\u00f3 global, dirigida a tots els docents. Es van realitzar 5 sessions on es van tractar temes com <span class=\"\">l\u2019avaluaci\u00f3 de la compet\u00e8ncia digital<\/span> (infantil, prim\u00e0ria, secund\u00e0ria), l\u2019<span class=\"\">Estrat\u00e8gia digital<\/span> de centre (EDC) i <span class=\"\">continguts digitals<\/span> en general.<\/p>\n<div class=\"button-container\"><a class=\"button\" href=\"https:\/\/projectes.xtec.cat\/repo\/xarxa-territorial-de-cultura-digital\/sessions-2020-21\/\">Anar a les sessions 20-21<\/a><\/div>\n<\/div>\n<div class=\"wp-block-column\" data-aos=\"fade-left\" data-aos-duration=\"1500\">\n<div class=\"over\"><img decoding=\"async\" src=\"https:\/\/projectes.xtec.cat\/repo\/wp-content\/uploads\/usu2637\/2021\/08\/search-database-blanc.png\" \/><\/div>\n<h2>Cerca per temes<\/h2>\n<p>Vols trobar tota la informaci\u00f3 d&#8217;un tema concret independentment de la sessi\u00f3 o la data en el que es va fer? Vols trobar les pon\u00e8ncies d&#8217;una determinada etapa o ponent? En aquest apartat podr\u00e0s cercar totes les pon\u00e8ncies dels darrers dos cursos.<\/p>\n<div class=\"button-container\"><a class=\"button\" href=\"https:\/\/projectes.xtec.cat\/repo\/xarxa-territorial-de-cultura-digital\/cerca-per-temes\/\">Cerca per temes<\/a><\/div>\n<\/div>\n<\/div>\n<\/div>\n","protected":false},"excerpt":{"rendered":"<p>La Xarxa territorial de Cultura digital \u00e9s un punt de trobada i acompanyament en el proc\u00e9s de transformaci\u00f3 digital dels centres educatius de Catalunya. L\u2019objectiu principal \u00e9s intercanviar i compartir experi\u00e8ncies d\u2019aula i de centre, sumar i enriquir la feina que ja s\u2019est\u00e0 fent arreu del territori, tot potenciant el treball en xarxa i facilitant [&hellip;]<\/p>\n","protected":false},"author":2,"featured_media":0,"parent":0,"menu_order":0,"comment_status":"closed","ping_status":"closed","template":"","meta":{"_bbp_topic_count":0,"_bbp_reply_count":0,"_bbp_total_topic_count":0,"_bbp_total_reply_count":0,"_bbp_voice_count":0,"_bbp_anonymous_reply_count":0,"_bbp_topic_count_hidden":0,"_bbp_reply_count_hidden":0,"_bbp_forum_subforum_count":0,"site-sidebar-layout":"no-sidebar","site-content-layout":"page-builder","ast-site-content-layout":"","site-content-style":"default","site-sidebar-style":"default","ast-global-header-display":"","ast-banner-title-visibility":"","ast-main-header-display":"","ast-hfb-above-header-display":"","ast-hfb-below-header-display":"","ast-hfb-mobile-header-display":"","site-post-title":"disabled","ast-breadcrumbs-content":"","ast-featured-img":"","footer-sml-layout":"","theme-transparent-header-meta":"default","adv-header-id-meta":"","stick-header-meta":"default","header-above-stick-meta":"","header-main-stick-meta":"","header-below-stick-meta":"","astra-migrate-meta-layouts":"default","ast-page-background-enabled":"default","ast-page-background-meta":{"desktop":{"background-color":"","background-image":"","background-repeat":"repeat","background-position":"center center","background-size":"auto","background-attachment":"scroll","background-type":"","background-media":"","overlay-type":"","overlay-color":"","overlay-opacity":"","overlay-gradient":""},"tablet":{"background-color":"","background-image":"","background-repeat":"repeat","background-position":"center center","background-size":"auto","background-attachment":"scroll","background-type":"","background-media":"","overlay-type":"","overlay-color":"","overlay-opacity":"","overlay-gradient":""},"mobile":{"background-color":"","background-image":"","background-repeat":"repeat","background-position":"center center","background-size":"auto","background-attachment":"scroll","background-type":"","background-media":"","overlay-type":"","overlay-color":"","overlay-opacity":"","overlay-gradient":""}},"ast-content-background-meta":{"desktop":{"background-color":"var(--ast-global-color-5)","background-image":"","background-repeat":"repeat","background-position":"center center","background-size":"auto","background-attachment":"scroll","background-type":"","background-media":"","overlay-type":"","overlay-color":"","overlay-opacity":"","overlay-gradient":""},"tablet":{"background-color":"var(--ast-global-color-5)","background-image":"","background-repeat":"repeat","background-position":"center center","background-size":"auto","background-attachment":"scroll","background-type":"","background-media":"","overlay-type":"","overlay-color":"","overlay-opacity":"","overlay-gradient":""},"mobile":{"background-color":"var(--ast-global-color-5)","background-image":"","background-repeat":"repeat","background-position":"center center","background-size":"auto","background-attachment":"scroll","background-type":"","background-media":"","overlay-type":"","overlay-color":"","overlay-opacity":"","overlay-gradient":""}},"footnotes":""},"class_list":["post-8247","page","type-page","status-publish","hentry"],"post_mailing_queue_ids":[],"_links":{"self":[{"href":"https:\/\/projectes.xtec.cat\/repo\/wp-json\/wp\/v2\/pages\/8247","targetHints":{"allow":["GET"]}}],"collection":[{"href":"https:\/\/projectes.xtec.cat\/repo\/wp-json\/wp\/v2\/pages"}],"about":[{"href":"https:\/\/projectes.xtec.cat\/repo\/wp-json\/wp\/v2\/types\/page"}],"author":[{"embeddable":true,"href":"https:\/\/projectes.xtec.cat\/repo\/wp-json\/wp\/v2\/users\/2"}],"replies":[{"embeddable":true,"href":"https:\/\/projectes.xtec.cat\/repo\/wp-json\/wp\/v2\/comments?post=8247"}],"version-history":[{"count":3,"href":"https:\/\/projectes.xtec.cat\/repo\/wp-json\/wp\/v2\/pages\/8247\/revisions"}],"predecessor-version":[{"id":10093,"href":"https:\/\/projectes.xtec.cat\/repo\/wp-json\/wp\/v2\/pages\/8247\/revisions\/10093"}],"wp:attachment":[{"href":"https:\/\/projectes.xtec.cat\/repo\/wp-json\/wp\/v2\/media?parent=8247"}],"curies":[{"name":"wp","href":"https:\/\/api.w.org\/{rel}","templated":true}]}}