{"id":8371,"date":"2021-07-24T02:07:20","date_gmt":"2021-07-24T00:07:20","guid":{"rendered":"https:\/\/projectes.xtec.cat\/repo\/?page_id=8371"},"modified":"2021-09-11T15:00:07","modified_gmt":"2021-09-11T13:00:07","slug":"coordinacio-digital-de-centre","status":"publish","type":"page","link":"https:\/\/projectes.xtec.cat\/repo\/xarxa-territorial-de-cultura-digital\/coordinacio-digital-de-centre\/","title":{"rendered":"Coordinaci\u00f3 digital de centre"},"content":{"rendered":"<div class=\"seccio gris\">\n<p class=\"text-destacat\">Aquesta subxarxa proporciona un espai de comunicaci\u00f3 on tractar els temes relacionats amb la coordinaci\u00f3 digital de centre. Cada sessi\u00f3 est\u00e0 formada per: un seminari web, seminaris territorials relacionats i converses al grup de coordinaci\u00f3 digital del Nus.<\/p>\n<\/div>\n<div class=\"seccio blanc\">\n<div class=\"wp-block-columns\">\n<div class=\"wp-block-column\">\n<h2>Sessi\u00f3 de presentaci\u00f3<\/h2>\n<p>En aquesta sessi\u00f3 es presentar\u00e0 la subxarxa de Coordinaci\u00f3 digital, s&#8217;explicaran els objectius i la seq\u00fcenciaci\u00f3 de les sessions. Tamb\u00e9 s&#8217;explicar\u00e0 el funcionament de la plataforma Nus, com a mitj\u00e0 de comunicaci\u00f3 entre els participants de la subxarxa.<\/p>\n<p style=\"text-align: left;\"><strong>Data:<\/strong> 16 de setembre de 2021, de 17:30 a 19:00<\/p>\n<div class=\"wp-block-columns \">\n<div class=\"wp-block-column\" style=\"text-align: left;\">\n<div class=\"button-container\" style=\"text-align: left;\"><button class=\"button\">M\u00e9s informaci\u00f3<\/button><\/div>\n<\/div>\n<div class=\"wp-block-column\">\n<div class=\"button-container\" style=\"text-align: left;\"><button class=\"button\">Converses al Nus<\/button><\/div>\n<\/div>\n<\/div>\n<\/div>\n<div class=\"wp-block-column has-text-align-right\"><img decoding=\"async\" src=\"https:\/\/projectes.xtec.cat\/repo\/wp-content\/uploads\/usu2637\/2021\/07\/videodisponible-1.jpg\" alt=\"reproductor de v\u00eddeo\" \/><\/div>\n<\/div>\n<\/div>\n<div class=\"seccio negre\">\n<div class=\"wp-block-columns\">\n<div class=\"wp-block-column\">\n<h2>Totes les sessions<\/h2>\n<p>Durant el curs 2021-22, es crearan 4 sessions relacionades amb la coordinaci\u00f3 digital. Les dates de les sessions s\u00f3n: Set. Sessi\u00f3 0, Oct. Sessi\u00f3 1, Gen. Sessi\u00f3 2 i abril Sessi\u00f3 3.<br \/>\nFes clic al seg\u00fcent bot\u00f3 per accedir a totes les sessions:<\/p>\n<p><a class=\"button has-text-align-center\" href=\"https:\/\/projectes.xtec.cat\/repo\/xarxa-territorial-de-cultura-digital\/coordinacio-digital-de-centre\/sessions-20-21\/\">Sessions<\/a><\/p>\n<\/div>\n<div class=\"wp-block-column\">\n<h2>Cerca per tema<\/h2>\n<p>Pots cercar per temes, etapes, ponents o qualsevol paraula clau relacionada en totes les sessions relacionades amb la coordinaci\u00f3 digital. Per cada pon\u00e8ncia trobar\u00e0s un enlla\u00e7 al v\u00eddeo i un enlla\u00e7 a la conversa associada en el Nus. Fes clic al seg\u00fcent bot\u00f3 per accedir al cercador per temes:<\/p>\n<p><a class=\"button has-text-align-center\" href=\"https:\/\/projectes.xtec.cat\/repo\/xarxa-territorial-de-cultura-digital\/cerca-per-temes\/?sub=coordinacio-digital\">Cercador per temes<\/a><\/p>\n<\/div>\n<\/div>\n<\/div>\n<div class=\"seccio\">\n<div class=\"wp-block-columns\">\n<div class=\"wp-block-column\">\n<h2>Web de refer\u00e8ncia<\/h2>\n<p>Aquesta web concentra tota la informaci\u00f3 que necessita un coordinador\/a digital. Disposa d&#8217;un cercador global que mostra els resultats en diferents \u00e0mbits (glossari, preguntes i respostes, recursos, formaci\u00f3, etc)<\/p>\n<p><a target=\"_blank\" href=\"https:\/\/projectes.xtec.cat\/coordinaciodigital\/\" rel=\"noopener\"><img decoding=\"async\" class=\"vora\" src=\"https:\/\/projectes.xtec.cat\/repo\/wp-content\/uploads\/usu2637\/2021\/07\/nodes.jpg\" \/><\/a><\/p>\n<\/div>\n<div class=\"wp-block-column\">\n<h2>Grup a Nus<\/h2>\n<p>El <strong>Nus<\/strong> \u00e9s una plataforma de comunicaci\u00f3 on els coordinadors i coordinadores, assessors, referents i gestors TIC de territori comparteixen problemes i solucions.<\/p>\n<p><a target=\"_blank\" href=\"https:\/\/comunitat.edigital.cat\/c\/coordinacio-digital\/105\" rel=\"noopener\"><img decoding=\"async\" class=\"vora\" src=\"https:\/\/projectes.xtec.cat\/repo\/wp-content\/uploads\/usu2637\/2021\/07\/nus.jpg\" \/><\/a><\/p>\n<\/div>\n<div class=\"wp-block-column\">\n<h2>Document clau<\/h2>\n<p>Publicat el juliol de 2021, t\u00e9 com objectiu facilitar la gesti\u00f3 del c\u00e0rrec a coordinadors i equips directius.<\/p>\n<p><a target=\"\" href=\"https:\/\/educacio.gencat.cat\/web\/.content\/home\/departament\/publicacions\/colleccions\/pla-educacio-digital\/orientacions-coordinacio-digital-centre\/orientacions-coordinacio-digital-centre.pdf\" rel=\"noopener\"><img decoding=\"async\" class=\"vora\" src=\"https:\/\/projectes.xtec.cat\/repo\/wp-content\/uploads\/usu2637\/2021\/07\/orientacions.jpg\" \/><\/a><\/p>\n<\/div>\n<\/div>\n<\/div>\n","protected":false},"excerpt":{"rendered":"<p>Aquesta subxarxa proporciona un espai de comunicaci\u00f3 on tractar els temes relacionats amb la coordinaci\u00f3 digital de centre. Cada sessi\u00f3 est\u00e0 formada per: un seminari web, seminaris territorials relacionats i converses al grup de coordinaci\u00f3 digital del Nus. Sessi\u00f3 de presentaci\u00f3 En aquesta sessi\u00f3 es presentar\u00e0 la subxarxa de Coordinaci\u00f3 digital, s&#8217;explicaran els objectius i [&hellip;]<\/p>\n","protected":false},"author":2,"featured_media":0,"parent":8247,"menu_order":30,"comment_status":"closed","ping_status":"closed","template":"","meta":{"_bbp_topic_count":0,"_bbp_reply_count":0,"_bbp_total_topic_count":0,"_bbp_total_reply_count":0,"_bbp_voice_count":0,"_bbp_anonymous_reply_count":0,"_bbp_topic_count_hidden":0,"_bbp_reply_count_hidden":0,"_bbp_forum_subforum_count":0,"site-sidebar-layout":"no-sidebar","site-content-layout":"page-builder","ast-site-content-layout":"","site-content-style":"default","site-sidebar-style":"default","ast-global-header-display":"","ast-banner-title-visibility":"","ast-main-header-display":"disabled","ast-hfb-above-header-display":"","ast-hfb-below-header-display":"","ast-hfb-mobile-header-display":"","site-post-title":"disabled","ast-breadcrumbs-content":"","ast-featured-img":"","footer-sml-layout":"","theme-transparent-header-meta":"default","adv-header-id-meta":"8253","stick-header-meta":"default","header-above-stick-meta":"","header-main-stick-meta":"","header-below-stick-meta":"","astra-migrate-meta-layouts":"default","ast-page-background-enabled":"default","ast-page-background-meta":{"desktop":{"background-color":"","background-image":"","background-repeat":"repeat","background-position":"center center","background-size":"auto","background-attachment":"scroll","background-type":"","background-media":"","overlay-type":"","overlay-color":"","overlay-opacity":"","overlay-gradient":""},"tablet":{"background-color":"","background-image":"","background-repeat":"repeat","background-position":"center center","background-size":"auto","background-attachment":"scroll","background-type":"","background-media":"","overlay-type":"","overlay-color":"","overlay-opacity":"","overlay-gradient":""},"mobile":{"background-color":"","background-image":"","background-repeat":"repeat","background-position":"center center","background-size":"auto","background-attachment":"scroll","background-type":"","background-media":"","overlay-type":"","overlay-color":"","overlay-opacity":"","overlay-gradient":""}},"ast-content-background-meta":{"desktop":{"background-color":"var(--ast-global-color-5)","background-image":"","background-repeat":"repeat","background-position":"center center","background-size":"auto","background-attachment":"scroll","background-type":"","background-media":"","overlay-type":"","overlay-color":"","overlay-opacity":"","overlay-gradient":""},"tablet":{"background-color":"var(--ast-global-color-5)","background-image":"","background-repeat":"repeat","background-position":"center center","background-size":"auto","background-attachment":"scroll","background-type":"","background-media":"","overlay-type":"","overlay-color":"","overlay-opacity":"","overlay-gradient":""},"mobile":{"background-color":"var(--ast-global-color-5)","background-image":"","background-repeat":"repeat","background-position":"center center","background-size":"auto","background-attachment":"scroll","background-type":"","background-media":"","overlay-type":"","overlay-color":"","overlay-opacity":"","overlay-gradient":""}},"footnotes":""},"class_list":["post-8371","page","type-page","status-publish","hentry"],"post_mailing_queue_ids":[],"_links":{"self":[{"href":"https:\/\/projectes.xtec.cat\/repo\/wp-json\/wp\/v2\/pages\/8371","targetHints":{"allow":["GET"]}}],"collection":[{"href":"https:\/\/projectes.xtec.cat\/repo\/wp-json\/wp\/v2\/pages"}],"about":[{"href":"https:\/\/projectes.xtec.cat\/repo\/wp-json\/wp\/v2\/types\/page"}],"author":[{"embeddable":true,"href":"https:\/\/projectes.xtec.cat\/repo\/wp-json\/wp\/v2\/users\/2"}],"replies":[{"embeddable":true,"href":"https:\/\/projectes.xtec.cat\/repo\/wp-json\/wp\/v2\/comments?post=8371"}],"version-history":[{"count":4,"href":"https:\/\/projectes.xtec.cat\/repo\/wp-json\/wp\/v2\/pages\/8371\/revisions"}],"predecessor-version":[{"id":10080,"href":"https:\/\/projectes.xtec.cat\/repo\/wp-json\/wp\/v2\/pages\/8371\/revisions\/10080"}],"up":[{"embeddable":true,"href":"https:\/\/projectes.xtec.cat\/repo\/wp-json\/wp\/v2\/pages\/8247"}],"wp:attachment":[{"href":"https:\/\/projectes.xtec.cat\/repo\/wp-json\/wp\/v2\/media?parent=8371"}],"curies":[{"name":"wp","href":"https:\/\/api.w.org\/{rel}","templated":true}]}}