{"id":8374,"date":"2021-07-24T02:17:10","date_gmt":"2021-07-24T00:17:10","guid":{"rendered":"https:\/\/projectes.xtec.cat\/repo\/?page_id=8374"},"modified":"2021-09-10T18:55:50","modified_gmt":"2021-09-10T16:55:50","slug":"estrategia-digital-de-centre","status":"publish","type":"page","link":"https:\/\/projectes.xtec.cat\/repo\/xarxa-territorial-de-cultura-digital\/estrategia-digital-de-centre\/","title":{"rendered":"Estrat\u00e8gia digital de centre"},"content":{"rendered":"<div class=\"seccio gris\">\n<p class=\"text-destacat\">Aquesta subxarxa proporciona un espai de comunicaci\u00f3 entre els diferents grups de treball de les comissions d\u2019estrat\u00e8gia digital de centre. \u00c9s un espai per compartir experi\u00e8ncies, eines i recursos, per\u00f2 tamb\u00e9 dubtes i dificultats.<\/p>\n<\/div>\n<div class=\"seccio blanc\">\n<div class=\"wp-block-columns\">\n<div class=\"wp-block-column\" style=\"flex-basis: 33.33%;\"><a href=\"https:\/\/projectes.xtec.cat\/repo\/wp-content\/uploads\/usu2637\/2021\/09\/Captura-de-Pantalla-2021-09-10-a-les-11.31.06.png\"><img loading=\"lazy\" decoding=\"async\" class=\"alignnone size-full wp-image-9943\" src=\"https:\/\/projectes.xtec.cat\/repo\/wp-content\/uploads\/usu2637\/2021\/09\/Captura-de-Pantalla-2021-09-10-a-les-11.31.06.png\" alt=\"\" width=\"626\" height=\"381\" srcset=\"https:\/\/projectes.xtec.cat\/repo\/wp-content\/uploads\/usu2637\/2021\/09\/Captura-de-Pantalla-2021-09-10-a-les-11.31.06.png 626w, https:\/\/projectes.xtec.cat\/repo\/wp-content\/uploads\/usu2637\/2021\/09\/Captura-de-Pantalla-2021-09-10-a-les-11.31.06-300x183.png 300w\" sizes=\"auto, (max-width: 626px) 100vw, 626px\" \/><\/a><\/div>\n<div class=\"wp-block-column\" style=\"flex-basis: 66.66%;\">\n<p>L\u2019EDC \u00e9s un document que recull totes les accions que es realitzen en un centre, i les que es realitzaran a mitj\u00e0 termini, per aconseguir la m\u00e0xima compet\u00e8ncia digital de l\u2019alumnat, del professorat i del centre educatiu. Ha de tenir com a referent el <a href=\"https:\/\/educacio.gencat.cat\/ca\/departament\/linies-estrategiques\/pla-educacio-digital\/\" target=\"_blank\" rel=\"noopener\">Pla d\u2019educaci\u00f3 digital de Catalunya<\/a>, on s\u2019indica la necessitat d\u2019assolir la fita d\u2019una societat digitalment competent, fent \u00e8mfasi en l\u2019equitat i tenint en compte l\u2019evoluci\u00f3 del context social i tecnol\u00f2gic.<\/p>\n<\/div>\n<\/div>\n<\/div>\n<div class=\"seccio gris\" style=\"padding: 3em 0;\">\n<div class=\"wp-block-columns\">\n<div class=\"wp-block-column\">\n<h2>Presentaci\u00f3<\/h2>\n<p><strong>Data:<\/strong> 16 de setembre de 2021, a les 18:00 h.<\/p>\n<p>En aquesta sessi\u00f3 s\u2019abordaran els recursos que els centres tenen a disposici\u00f3 per comen\u00e7ar l\u2019elaboraci\u00f3 de l\u2019EDC.<br \/>\nA m\u00e9s, es mostraran els primers passos:<\/p>\n<ul>\n<li>L\u2019apartat de cultura digital de l\u2019EDC<\/li>\n<li>La diagnosi: primera fase per dissenyar l\u2019EDC<\/li>\n<\/ul>\n<p><!--\n\n\n<div class=\"wp-block-columns\">\n\n\n<div class=\"wp-block-column\">\n\n\n<div class=\"button-container\" style=\"text-align: left;\"><a class=\"button\">M\u00e9s informaci\u00f3<\/a><\/div>\n\n\n<\/div>\n\n\n\n\n<div class=\"wp-block-column\" style=\"text-align: left;\">\n\n\n<div class=\"button-container\"><a class=\"button\">Converses al Nus<\/a><\/div>\n\n\n<\/div>\n\n\n<\/div>\n\n\n--><\/p>\n<\/div>\n<div class=\"wp-block-column has-text-align-right\"><img decoding=\"async\" src=\"https:\/\/projectes.xtec.cat\/repo\/wp-content\/uploads\/usu2637\/2021\/07\/videodisponible-1.jpg\" alt=\"reproductor de v\u00eddeo\" \/><\/div>\n<\/div>\n<\/div>\n<div class=\"seccio negre\">\n<div class=\"wp-block-columns\">\n<div class=\"wp-block-column\">\n<h2>Totes les sessions<\/h2>\n<p>Al llarg del curs 21-22 es realitzaran 4 seminaris web on es desenvoluparan les diferents fases per l\u2019elaboraci\u00f3 de l\u2019EDC. Des de l\u2019apartat de cultura digital fins a la part estrat\u00e8gica: diagnosi, objectius, planificaci\u00f3 i avaluaci\u00f3.<\/p>\n<p><a class=\"button has-text-align-center\" href=\"https:\/\/projectes.xtec.cat\/repo\/xarxa-territorial-de-cultura-digital\/estrategia-digital-de-centre\/sessions-2020-21\/\">Sessions<\/a><\/p>\n<\/div>\n<div class=\"wp-block-column\">\n<h2>Cerca per tema<\/h2>\n<p>Pots cercar per temes, etapes, ponents o qualsevol paraula clau relacionada en totes les sessions relacionades amb la coordinaci\u00f3 digital. Per cada pon\u00e8ncia trobar\u00e0s un enlla\u00e7 al v\u00eddeo i un enlla\u00e7 a la conversa associada en el Nus. Fes clic al seg\u00fcent bot\u00f3 per accedir al cercador per temes:<\/p>\n<p><a class=\"button has-text-align-center\" href=\"https:\/\/projectes.xtec.cat\/repo\/xarxa-territorial-de-cultura-digital\/cerca-per-temes\/?sub=edc\">Cercador per temes<\/a><\/p>\n<\/div>\n<\/div>\n<\/div>\n<div class=\"seccio\">\n<div class=\"wp-block-columns\">\n<div class=\"wp-block-column\">\n<h2>Web de refer\u00e8ncia<\/h2>\n<p>Per tal d\u2019acompanyar els centres en l\u2019elaboraci\u00f3 de l\u2019estrat\u00e8gia s\u2019ha creat un web amb informaci\u00f3, recursos i eines. Tamb\u00e9 s\u2019hi han enlla\u00e7at alguns exemples de centres.<\/p>\n<p><a target=\"_blank\" href=\"https:\/\/projectes.xtec.cat\/edc-suport\/\" rel=\"noopener\"><img loading=\"lazy\" decoding=\"async\" class=\"vora alignnone wp-image-9751 size-large\" src=\"https:\/\/projectes.xtec.cat\/repo\/wp-content\/uploads\/usu2637\/2021\/09\/edc-suport-1024x571.png\" alt=\"\" width=\"1024\" height=\"571\" srcset=\"https:\/\/projectes.xtec.cat\/repo\/wp-content\/uploads\/usu2637\/2021\/09\/edc-suport-1024x571.png 1024w, https:\/\/projectes.xtec.cat\/repo\/wp-content\/uploads\/usu2637\/2021\/09\/edc-suport-300x167.png 300w, https:\/\/projectes.xtec.cat\/repo\/wp-content\/uploads\/usu2637\/2021\/09\/edc-suport-768x428.png 768w, https:\/\/projectes.xtec.cat\/repo\/wp-content\/uploads\/usu2637\/2021\/09\/edc-suport-1536x856.png 1536w, https:\/\/projectes.xtec.cat\/repo\/wp-content\/uploads\/usu2637\/2021\/09\/edc-suport.png 1559w\" sizes=\"auto, (max-width: 1024px) 100vw, 1024px\" \/><\/a><\/p>\n<\/div>\n<div class=\"wp-block-column\">\n<h2>Grup a Nus<\/h2>\n<p>Espai virtual per compartir idees, inquietuds i recursos entre els docents, fomentant el treball i la interacci\u00f3 en xarxa. Aquesta plataforma permet la creaci\u00f3 de fils de conversa de manera senzilla i ordenada, amb inserci\u00f3 d\u2019etiquetes, enquestes, citacions, etc.<\/p>\n<p><a target=\"_blank\" href=\"https:\/\/comunitat.edigital.cat\/c\/mentors-digitals\/114\" rel=\"noopener\"><img decoding=\"async\" class=\"vora\" src=\"https:\/\/projectes.xtec.cat\/repo\/wp-content\/uploads\/usu2637\/2021\/09\/nus-edc.png\" \/><\/a><\/p>\n<\/div>\n<div class=\"wp-block-column\">\n<h2>Documents claus<\/h2>\n<p>Recull de publicacions i material de consulta per l\u2019elaboraci\u00f3 de l\u2019Estrat\u00e8gia Digital de Centre.<\/p>\n<p><a target=\"_blank\" href=\"http:\/\/educacio.gencat.cat\/web\/.content\/home\/departament\/publicacions\/colleccions\/pla-educacio-digital\/estrategia-digital-centre\/estrategia-digital-centre.pdf\" rel=\"noopener\"><img loading=\"lazy\" decoding=\"async\" class=\"vora alignleft\" src=\"https:\/\/projectes.xtec.cat\/repo\/wp-content\/uploads\/usu2637\/2021\/09\/edc-268x378.jpg_2026732490.jpg\" width=\"167\" height=\"235\" \/><\/a><a target=\"_blank\" href=\"http:\/\/educacio.gencat.cat\/web\/.content\/home\/departament\/publicacions\/colleccions\/pla-educacio-digital\/funcions-comissio-estrategia-digital-centre\/funcions-comissio-estrategia-digital-centre.pdf\" rel=\"noopener\"><img loading=\"lazy\" decoding=\"async\" class=\"vora\" src=\"https:\/\/projectes.xtec.cat\/repo\/wp-content\/uploads\/usu2637\/2021\/09\/funcions-comissio-estrategia-digital-centre-268x378.jpg_2026732490.jpg\" width=\"165\" height=\"232\" \/><\/a>\n<\/div>\n<\/div>\n<\/div>\n","protected":false},"excerpt":{"rendered":"<p>Aquesta subxarxa proporciona un espai de comunicaci\u00f3 entre els diferents grups de treball de les comissions d\u2019estrat\u00e8gia digital de centre. \u00c9s un espai per compartir experi\u00e8ncies, eines i recursos, per\u00f2 tamb\u00e9 dubtes i dificultats. L\u2019EDC \u00e9s un document que recull totes les accions que es realitzen en un centre, i les que es realitzaran a [&hellip;]<\/p>\n","protected":false},"author":2,"featured_media":0,"parent":8247,"menu_order":20,"comment_status":"closed","ping_status":"closed","template":"","meta":{"_bbp_topic_count":0,"_bbp_reply_count":0,"_bbp_total_topic_count":0,"_bbp_total_reply_count":0,"_bbp_voice_count":0,"_bbp_anonymous_reply_count":0,"_bbp_topic_count_hidden":0,"_bbp_reply_count_hidden":0,"_bbp_forum_subforum_count":0,"site-sidebar-layout":"no-sidebar","site-content-layout":"page-builder","ast-site-content-layout":"","site-content-style":"default","site-sidebar-style":"default","ast-global-header-display":"","ast-banner-title-visibility":"","ast-main-header-display":"disabled","ast-hfb-above-header-display":"","ast-hfb-below-header-display":"","ast-hfb-mobile-header-display":"","site-post-title":"disabled","ast-breadcrumbs-content":"","ast-featured-img":"","footer-sml-layout":"","theme-transparent-header-meta":"default","adv-header-id-meta":"8253","stick-header-meta":"default","header-above-stick-meta":"","header-main-stick-meta":"","header-below-stick-meta":"","astra-migrate-meta-layouts":"default","ast-page-background-enabled":"default","ast-page-background-meta":{"desktop":{"background-color":"","background-image":"","background-repeat":"repeat","background-position":"center center","background-size":"auto","background-attachment":"scroll","background-type":"","background-media":"","overlay-type":"","overlay-color":"","overlay-opacity":"","overlay-gradient":""},"tablet":{"background-color":"","background-image":"","background-repeat":"repeat","background-position":"center center","background-size":"auto","background-attachment":"scroll","background-type":"","background-media":"","overlay-type":"","overlay-color":"","overlay-opacity":"","overlay-gradient":""},"mobile":{"background-color":"","background-image":"","background-repeat":"repeat","background-position":"center center","background-size":"auto","background-attachment":"scroll","background-type":"","background-media":"","overlay-type":"","overlay-color":"","overlay-opacity":"","overlay-gradient":""}},"ast-content-background-meta":{"desktop":{"background-color":"var(--ast-global-color-5)","background-image":"","background-repeat":"repeat","background-position":"center center","background-size":"auto","background-attachment":"scroll","background-type":"","background-media":"","overlay-type":"","overlay-color":"","overlay-opacity":"","overlay-gradient":""},"tablet":{"background-color":"var(--ast-global-color-5)","background-image":"","background-repeat":"repeat","background-position":"center center","background-size":"auto","background-attachment":"scroll","background-type":"","background-media":"","overlay-type":"","overlay-color":"","overlay-opacity":"","overlay-gradient":""},"mobile":{"background-color":"var(--ast-global-color-5)","background-image":"","background-repeat":"repeat","background-position":"center center","background-size":"auto","background-attachment":"scroll","background-type":"","background-media":"","overlay-type":"","overlay-color":"","overlay-opacity":"","overlay-gradient":""}},"footnotes":""},"class_list":["post-8374","page","type-page","status-publish","hentry"],"post_mailing_queue_ids":[],"_links":{"self":[{"href":"https:\/\/projectes.xtec.cat\/repo\/wp-json\/wp\/v2\/pages\/8374","targetHints":{"allow":["GET"]}}],"collection":[{"href":"https:\/\/projectes.xtec.cat\/repo\/wp-json\/wp\/v2\/pages"}],"about":[{"href":"https:\/\/projectes.xtec.cat\/repo\/wp-json\/wp\/v2\/types\/page"}],"author":[{"embeddable":true,"href":"https:\/\/projectes.xtec.cat\/repo\/wp-json\/wp\/v2\/users\/2"}],"replies":[{"embeddable":true,"href":"https:\/\/projectes.xtec.cat\/repo\/wp-json\/wp\/v2\/comments?post=8374"}],"version-history":[{"count":3,"href":"https:\/\/projectes.xtec.cat\/repo\/wp-json\/wp\/v2\/pages\/8374\/revisions"}],"predecessor-version":[{"id":9978,"href":"https:\/\/projectes.xtec.cat\/repo\/wp-json\/wp\/v2\/pages\/8374\/revisions\/9978"}],"up":[{"embeddable":true,"href":"https:\/\/projectes.xtec.cat\/repo\/wp-json\/wp\/v2\/pages\/8247"}],"wp:attachment":[{"href":"https:\/\/projectes.xtec.cat\/repo\/wp-json\/wp\/v2\/media?parent=8374"}],"curies":[{"name":"wp","href":"https:\/\/api.w.org\/{rel}","templated":true}]}}