{"id":8484,"date":"2021-07-24T14:23:58","date_gmt":"2021-07-24T12:23:58","guid":{"rendered":"https:\/\/projectes.xtec.cat\/repo\/?page_id=8484"},"modified":"2021-09-01T23:40:37","modified_gmt":"2021-09-01T21:40:37","slug":"cerca-per-temes","status":"publish","type":"page","link":"https:\/\/projectes.xtec.cat\/repo\/xarxa-territorial-de-cultura-digital\/cerca-per-temes\/","title":{"rendered":"Cerca per temes"},"content":{"rendered":"<div id=\"filtres\" class=\"wp-block-columns\" style=\"margin-top:3em\">\n<div id=\"cercador\" class=\"wp-block-column\" style=\"flex-basis:50%\" >\n<input id=\"cercador-temes\" type=\"text\" style=\"width:100%;border: 3px solid black;height:52px\" placeholder=\"Escriu una paraula clau (o tria tema o etapa)\" \/><\/div>\n<div class=\"wp-block-column\" style=\"flex-basis:25%\" >\n<select name=\"tema\" id=\"tema\"><optgroup><option selected=\"selected\" value=\"\">Tots els temes<\/option><\/optgroup><br \/>\n<optgroup><option value=\"compd\">Compet\u00e8ncia digital<\/option><option value=\"edc\">Estrat\u00e8gia digital de centre<\/option><option value=\"orientacions\">Orientacions<\/option><option value=\"contd\">Continguts digitals<\/option><option value=\"avaluacio\">Avaluaci\u00f3<\/option><option value=\"xtcd\">XTCD<\/option><\/optgroup><br \/>\n<optgroup><option value=\"experiencies\">Experi\u00e8ncies de centre<\/option><option value=\"taula-rodona\">Taula rodona<\/option><\/optgroup><br \/>\n<\/select><\/div>\n<div class=\"wp-block-column\">\n<select name=\"etapa\" id=\"etapa\"><optgroup><option selected=\"selected\" value=\"\">Totes les etapes<\/option><\/optgroup><br \/>\n<optgroup><option value=\"infantil\">Infantil<\/option><option value=\"primaria\">Prim\u00e0ria<\/option><option value=\"secundaria\">Secund\u00e0ria<\/option><\/optgroup><br \/>\n<\/select><\/div>\n<\/div>\n<div style=\"margin-top:1em\"><\/div>\n<table id=\"tbl-temes\" class=\"display\" width=\"100%\">\n<thead>\n<tr>\n<th data-priority=\"2\">Imatge<\/th>\n<th data-priority=\"1\">T\u00edtol<\/th>\n<th class=\"desktop\">Descripci\u00f3<\/th>\n<th class=\"desktop\">A c\u00e0rrec de<\/th>\n<th class=\"desktop\">Pertany a<\/th>\n<th class=\"desktop\">Durada<\/th>\n<th data-priority=\"1\">V\u00eddeo<\/th>\n<th>Conversa<\/th>\n<th><\/th>\n<\/tr>\n<\/thead>\n<\/table>\n<\/div>\n","protected":false},"excerpt":{"rendered":"<p>Tots els temes Compet\u00e8ncia digitalEstrat\u00e8gia digital de centreOrientacionsContinguts digitalsAvaluaci\u00f3XTCD Experi\u00e8ncies de centreTaula rodona Totes les etapes InfantilPrim\u00e0riaSecund\u00e0ria Imatge T\u00edtol Descripci\u00f3 A c\u00e0rrec de Pertany a Durada V\u00eddeo Conversa<\/p>\n","protected":false},"author":2,"featured_media":0,"parent":8247,"menu_order":0,"comment_status":"closed","ping_status":"closed","template":"","meta":{"_bbp_topic_count":0,"_bbp_reply_count":0,"_bbp_total_topic_count":0,"_bbp_total_reply_count":0,"_bbp_voice_count":0,"_bbp_anonymous_reply_count":0,"_bbp_topic_count_hidden":0,"_bbp_reply_count_hidden":0,"_bbp_forum_subforum_count":0,"site-sidebar-layout":"no-sidebar","site-content-layout":"plain-container","ast-site-content-layout":"","site-content-style":"default","site-sidebar-style":"default","ast-global-header-display":"","ast-banner-title-visibility":"","ast-main-header-display":"disabled","ast-hfb-above-header-display":"","ast-hfb-below-header-display":"","ast-hfb-mobile-header-display":"","site-post-title":"disabled","ast-breadcrumbs-content":"","ast-featured-img":"","footer-sml-layout":"","theme-transparent-header-meta":"default","adv-header-id-meta":"8394","stick-header-meta":"default","header-above-stick-meta":"","header-main-stick-meta":"","header-below-stick-meta":"","astra-migrate-meta-layouts":"default","ast-page-background-enabled":"default","ast-page-background-meta":{"desktop":{"background-color":"","background-image":"","background-repeat":"repeat","background-position":"center center","background-size":"auto","background-attachment":"scroll","background-type":"","background-media":"","overlay-type":"","overlay-color":"","overlay-opacity":"","overlay-gradient":""},"tablet":{"background-color":"","background-image":"","background-repeat":"repeat","background-position":"center center","background-size":"auto","background-attachment":"scroll","background-type":"","background-media":"","overlay-type":"","overlay-color":"","overlay-opacity":"","overlay-gradient":""},"mobile":{"background-color":"","background-image":"","background-repeat":"repeat","background-position":"center center","background-size":"auto","background-attachment":"scroll","background-type":"","background-media":"","overlay-type":"","overlay-color":"","overlay-opacity":"","overlay-gradient":""}},"ast-content-background-meta":{"desktop":{"background-color":"var(--ast-global-color-5)","background-image":"","background-repeat":"repeat","background-position":"center center","background-size":"auto","background-attachment":"scroll","background-type":"","background-media":"","overlay-type":"","overlay-color":"","overlay-opacity":"","overlay-gradient":""},"tablet":{"background-color":"var(--ast-global-color-5)","background-image":"","background-repeat":"repeat","background-position":"center center","background-size":"auto","background-attachment":"scroll","background-type":"","background-media":"","overlay-type":"","overlay-color":"","overlay-opacity":"","overlay-gradient":""},"mobile":{"background-color":"var(--ast-global-color-5)","background-image":"","background-repeat":"repeat","background-position":"center center","background-size":"auto","background-attachment":"scroll","background-type":"","background-media":"","overlay-type":"","overlay-color":"","overlay-opacity":"","overlay-gradient":""}},"footnotes":""},"class_list":["post-8484","page","type-page","status-publish","hentry"],"post_mailing_queue_ids":[],"_links":{"self":[{"href":"https:\/\/projectes.xtec.cat\/repo\/wp-json\/wp\/v2\/pages\/8484","targetHints":{"allow":["GET"]}}],"collection":[{"href":"https:\/\/projectes.xtec.cat\/repo\/wp-json\/wp\/v2\/pages"}],"about":[{"href":"https:\/\/projectes.xtec.cat\/repo\/wp-json\/wp\/v2\/types\/page"}],"author":[{"embeddable":true,"href":"https:\/\/projectes.xtec.cat\/repo\/wp-json\/wp\/v2\/users\/2"}],"replies":[{"embeddable":true,"href":"https:\/\/projectes.xtec.cat\/repo\/wp-json\/wp\/v2\/comments?post=8484"}],"version-history":[{"count":4,"href":"https:\/\/projectes.xtec.cat\/repo\/wp-json\/wp\/v2\/pages\/8484\/revisions"}],"predecessor-version":[{"id":9799,"href":"https:\/\/projectes.xtec.cat\/repo\/wp-json\/wp\/v2\/pages\/8484\/revisions\/9799"}],"up":[{"embeddable":true,"href":"https:\/\/projectes.xtec.cat\/repo\/wp-json\/wp\/v2\/pages\/8247"}],"wp:attachment":[{"href":"https:\/\/projectes.xtec.cat\/repo\/wp-json\/wp\/v2\/media?parent=8484"}],"curies":[{"name":"wp","href":"https:\/\/api.w.org\/{rel}","templated":true}]}}