{"id":8517,"date":"2021-07-24T20:20:29","date_gmt":"2021-07-24T18:20:29","guid":{"rendered":"https:\/\/projectes.xtec.cat\/repo\/?page_id=8517"},"modified":"2021-09-11T08:46:03","modified_gmt":"2021-09-11T06:46:03","slug":"sessions-2021-22","status":"publish","type":"page","link":"https:\/\/projectes.xtec.cat\/repo\/xarxa-territorial-de-cultura-digital\/sessions-2021-22\/","title":{"rendered":"Sessions 2021-22"},"content":{"rendered":"<div class=\"seccio gris\">\n<p class=\"text-destacat\">La Xarxa Territorial de Cultura digital es divideix en tres subxarxes: Compet\u00e8ncia digital docent, Estrat\u00e8gia digital de centre i Coordinaci\u00f3 digital de centre.<\/p>\n<\/div>\n<div class=\"seccio\">\n<div class=\"wp-block-columns\">\n<div class=\"wp-block-column sessio\">\n<div class=\"over\"><img decoding=\"async\" src=\"https:\/\/projectes.xtec.cat\/repo\/wp-content\/uploads\/usu2637\/2021\/08\/cdd_negre.png\" alt=\"barret graduat\" \/><\/div>\n<h2>Compet\u00e8ncia digital docent<\/h2>\n<p>Vestibulum euismod accumsan neque et maximus. Vivamus mollis risus non consectetur rhoncus. Phasellus consequat sollicitudin augue sit amet suscipit.<\/p>\n<p class=\"coral\">16 de setembre de 2021<\/p>\n<h3>Presentaci\u00f3 <\/h3>\n<p>Vivamus mollis risus non consectetur rhoncus. Phasellus consequat sollicitudin augue sit amet suscipit.<\/p>\n<p class=\"coral\">21 d&#8217;octubre de 2021<\/p>\n<h3> Sessi\u00f3 1. \u00c0rea 6 <\/h3>\n<p>Vivamus mollis risus non consectetur rhoncus. Phasellus consequat sollicitudin augue sit amet suscipit.<\/p>\n<p class=\"coral\">25 de novembre de 2021<\/p>\n<h3> Sessi\u00f3 2. \u00c0rea 1  <\/h3>\n<p>Vivamus mollis risus non consectetur rhoncus. Phasellus consequat sollicitudin augue sit amet suscipit.<\/p>\n<\/div>\n<div class=\"wp-block-column sessio\">\n<div class=\"over\"><img decoding=\"async\" src=\"https:\/\/projectes.xtec.cat\/repo\/wp-content\/uploads\/usu2637\/2021\/08\/edc_negre.png\" alt=\"barret graduat\" \/><\/div>\n<h2>Estrat\u00e8gia digital de centre<\/h2>\n<p>Vestibulum euismod accumsan neque et maximus. Vivamus mollis risus non consectetur rhoncus. Phasellus consequat sollicitudin augue sit amet suscipit.<\/p>\n<p class=\"coral\">16 de setembre de 2021<\/p>\n<h3>Presentaci\u00f3 <\/h3>\n<p>Vivamus mollis risus non consectetur rhoncus. Phasellus consequat sollicitudin augue sit amet suscipit.<\/p>\n<p class=\"coral\">21 d&#8217;octubre de 2021<\/p>\n<h3> Sessi\u00f3 1 <\/h3>\n<p>Vivamus mollis risus non consectetur rhoncus. Phasellus consequat sollicitudin augue sit amet suscipit.<\/p>\n<\/div>\n<div class=\"wp-block-column sessio\">\n<div class=\"over\"><img decoding=\"async\" src=\"https:\/\/projectes.xtec.cat\/repo\/wp-content\/uploads\/usu2637\/2021\/08\/compass_negre.png\" alt=\"barret graduat\" \/><\/div>\n<h2>Coordinaci\u00f3 digital de centre<\/h2>\n<p>Vestibulum euismod accumsan neque et maximus. Vivamus mollis risus non consectetur rhoncus. Phasellus consequat sollicitudin augue sit amet suscipit.<\/p>\n<p class=\"coral\">16 de Setembre de 2021<\/p>\n<h3> Presentaci\u00f3 <\/h3>\n<p>Vivamus mollis risus non consectetur rhoncus. Phasellus consequat sollicitudin augue sit amet suscipit.<\/p>\n<p class=\"coral\">21 d&#8217;octubre de 2021<\/p>\n<h3> Sessi\u00f3 1<\/h3>\n<p>Vivamus mollis risus non consectetur rhoncus. Phasellus consequat sollicitudin augue sit amet suscipit.<\/p>\n<\/div>\n<\/div>\n<div class=\"wp-block-columns\">\n<div class=\"wp-block-column sessio\">\n<p class=\"coral\">20 de gener de 2022<\/p>\n<h3> Sessi\u00f3 3. \u00c0rea 2  <\/h3>\n<p>Vivamus mollis risus non consectetur rhoncus. Phasellus consequat sollicitudin augue sit amet suscipit.<\/p>\n<p class=\"coral\">24 de mar\u00e7 de 2022<\/p>\n<h3> Sessi\u00f3 4. \u00c0rea 3 <\/h3>\n<p>Vivamus mollis risus non consectetur rhoncus. Phasellus consequat sollicitudin augue sit amet suscipit.<\/p>\n<\/div>\n<div class=\"wp-block-column sessio\">\n<p class=\"coral\">20 de gener de 2022<\/p>\n<h3> Sessi\u00f3 2 <\/h3>\n<p>Vivamus mollis risus non consectetur rhoncus. Phasellus consequat sollicitudin augue sit amet suscipit.<\/p>\n<\/div>\n<div class=\"wp-block-column sessio\">\n<p class=\"coral\">20 de gener de 2022<\/p>\n<h3> Sessi\u00f3 2<\/h3>\n<p>Vivamus mollis risus non consectetur rhoncus. Phasellus consequat sollicitudin augue sit amet suscipit.<\/p>\n<\/div>\n<\/div>\n<\/div>\n<div class=\"wp-block-columns\">\n<div class=\"wp-block-column sessio\">\n<p class=\"coral\">21 d&#8217;abril de 2022<\/p>\n<h3> Sessi\u00f3 5. \u00c0rea 4  <\/h3>\n<p>Vivamus mollis risus non consectetur rhoncus. Phasellus consequat sollicitudin augue sit amet suscipit.<\/p>\n<p class=\"coral\">24 de mar\u00e7 de 2022<\/p>\n<h3> Sessi\u00f3 6. \u00c0rea 5 <\/h3>\n<p>Vivamus mollis risus non consectetur rhoncus. Phasellus consequat sollicitudin augue sit amet suscipit.<\/p>\n<\/div>\n<div class=\"wp-block-column sessio\">\n<p class=\"coral\">21 d&#8217;abril de 2022<\/p>\n<h3> Sessi\u00f3 3 <\/h3>\n<p>Vivamus mollis risus non consectetur rhoncus. Phasellus consequat sollicitudin augue sit amet suscipit.<\/p>\n<\/div>\n<div class=\"wp-block-column sessio\">\n<p class=\"coral\">21 d&#8217;abril de 2022<\/p>\n<h3> Sessi\u00f3 3<\/h3>\n<p>Vivamus mollis risus non consectetur rhoncus. Phasellus consequat sollicitudin augue sit amet suscipit.<\/p>\n<\/div>\n<\/div>\n<div class=\"wp-block-columns\">\n<div class=\"wp-block-column sessio\">\n<p class=\"coral\">7 de juliol 2022<\/p>\n<h3>Tancament<\/h3>\n<p>Vivamus mollis risus non consectetur rhoncus. Phasellus consequat sollicitudin augue sit amet suscipit.<\/p>\n<\/div>\n<div class=\"wp-block-column sessio\">\n<p class=\"coral\">7 de juliol 2022<\/p>\n<h3>Tancament<\/h3>\n<p>Vivamus mollis risus non consectetur rhoncus. Phasellus consequat sollicitudin augue sit amet suscipit.<\/p>\n<\/div>\n<div class=\"wp-block-column sessio\">\n<p class=\"coral\">7 de juliol 2022<\/p>\n<h3>Tancament<\/h3>\n<p>Vivamus mollis risus non consectetur rhoncus. Phasellus consequat sollicitudin augue sit amet suscipit.<\/p>\n<\/div>\n<\/div>\n","protected":false},"excerpt":{"rendered":"<p>La Xarxa Territorial de Cultura digital es divideix en tres subxarxes: Compet\u00e8ncia digital docent, Estrat\u00e8gia digital de centre i Coordinaci\u00f3 digital de centre. Compet\u00e8ncia digital docent Vestibulum euismod accumsan neque et maximus. Vivamus mollis risus non consectetur rhoncus. Phasellus consequat sollicitudin augue sit amet suscipit. 16 de setembre de 2021 Presentaci\u00f3 Vivamus mollis risus non [&hellip;]<\/p>\n","protected":false},"author":2,"featured_media":0,"parent":8247,"menu_order":0,"comment_status":"closed","ping_status":"closed","template":"","meta":{"_bbp_topic_count":0,"_bbp_reply_count":0,"_bbp_total_topic_count":0,"_bbp_total_reply_count":0,"_bbp_voice_count":0,"_bbp_anonymous_reply_count":0,"_bbp_topic_count_hidden":0,"_bbp_reply_count_hidden":0,"_bbp_forum_subforum_count":0,"site-sidebar-layout":"no-sidebar","site-content-layout":"page-builder","ast-site-content-layout":"","site-content-style":"default","site-sidebar-style":"default","ast-global-header-display":"","ast-banner-title-visibility":"","ast-main-header-display":"disabled","ast-hfb-above-header-display":"","ast-hfb-below-header-display":"","ast-hfb-mobile-header-display":"","site-post-title":"disabled","ast-breadcrumbs-content":"","ast-featured-img":"","footer-sml-layout":"","theme-transparent-header-meta":"default","adv-header-id-meta":"8253","stick-header-meta":"default","header-above-stick-meta":"","header-main-stick-meta":"","header-below-stick-meta":"","astra-migrate-meta-layouts":"default","ast-page-background-enabled":"default","ast-page-background-meta":{"desktop":{"background-color":"","background-image":"","background-repeat":"repeat","background-position":"center center","background-size":"auto","background-attachment":"scroll","background-type":"","background-media":"","overlay-type":"","overlay-color":"","overlay-opacity":"","overlay-gradient":""},"tablet":{"background-color":"","background-image":"","background-repeat":"repeat","background-position":"center center","background-size":"auto","background-attachment":"scroll","background-type":"","background-media":"","overlay-type":"","overlay-color":"","overlay-opacity":"","overlay-gradient":""},"mobile":{"background-color":"","background-image":"","background-repeat":"repeat","background-position":"center center","background-size":"auto","background-attachment":"scroll","background-type":"","background-media":"","overlay-type":"","overlay-color":"","overlay-opacity":"","overlay-gradient":""}},"ast-content-background-meta":{"desktop":{"background-color":"var(--ast-global-color-5)","background-image":"","background-repeat":"repeat","background-position":"center center","background-size":"auto","background-attachment":"scroll","background-type":"","background-media":"","overlay-type":"","overlay-color":"","overlay-opacity":"","overlay-gradient":""},"tablet":{"background-color":"var(--ast-global-color-5)","background-image":"","background-repeat":"repeat","background-position":"center center","background-size":"auto","background-attachment":"scroll","background-type":"","background-media":"","overlay-type":"","overlay-color":"","overlay-opacity":"","overlay-gradient":""},"mobile":{"background-color":"var(--ast-global-color-5)","background-image":"","background-repeat":"repeat","background-position":"center center","background-size":"auto","background-attachment":"scroll","background-type":"","background-media":"","overlay-type":"","overlay-color":"","overlay-opacity":"","overlay-gradient":""}},"footnotes":""},"class_list":["post-8517","page","type-page","status-publish","hentry"],"post_mailing_queue_ids":[],"_links":{"self":[{"href":"https:\/\/projectes.xtec.cat\/repo\/wp-json\/wp\/v2\/pages\/8517","targetHints":{"allow":["GET"]}}],"collection":[{"href":"https:\/\/projectes.xtec.cat\/repo\/wp-json\/wp\/v2\/pages"}],"about":[{"href":"https:\/\/projectes.xtec.cat\/repo\/wp-json\/wp\/v2\/types\/page"}],"author":[{"embeddable":true,"href":"https:\/\/projectes.xtec.cat\/repo\/wp-json\/wp\/v2\/users\/2"}],"replies":[{"embeddable":true,"href":"https:\/\/projectes.xtec.cat\/repo\/wp-json\/wp\/v2\/comments?post=8517"}],"version-history":[{"count":4,"href":"https:\/\/projectes.xtec.cat\/repo\/wp-json\/wp\/v2\/pages\/8517\/revisions"}],"predecessor-version":[{"id":9663,"href":"https:\/\/projectes.xtec.cat\/repo\/wp-json\/wp\/v2\/pages\/8517\/revisions\/9663"}],"up":[{"embeddable":true,"href":"https:\/\/projectes.xtec.cat\/repo\/wp-json\/wp\/v2\/pages\/8247"}],"wp:attachment":[{"href":"https:\/\/projectes.xtec.cat\/repo\/wp-json\/wp\/v2\/media?parent=8517"}],"curies":[{"name":"wp","href":"https:\/\/api.w.org\/{rel}","templated":true}]}}