{"id":9458,"date":"2021-08-05T21:53:26","date_gmt":"2021-08-05T19:53:26","guid":{"rendered":"https:\/\/projectes.xtec.cat\/repo\/?page_id=9458"},"modified":"2021-09-01T21:06:02","modified_gmt":"2021-09-01T19:06:02","slug":"sessio-3-observacio-i-analisi-metodologica-de-la-competencia-digital","status":"publish","type":"page","link":"https:\/\/projectes.xtec.cat\/repo\/xarxa-territorial-de-cultura-digital\/sessions-2020-21\/sessio-3-observacio-i-analisi-metodologica-de-la-competencia-digital\/","title":{"rendered":"Sessi\u00f3 3. Observaci\u00f3 i an\u00e0lisi metodol\u00f2gica de la compet\u00e8ncia digital"},"content":{"rendered":"<div class=\"seccio\">\n<div class=\"wp-block-columns\">\n<div class=\"wp-block-column\" style=\"flex-basis:33.33%\">\n<h3>Descripci\u00f3<\/h3>\n<p>Quina compet\u00e8ncia digital tenim al nostre centre educatiu? I jo, com a docent, quina \u00e9s la meva compet\u00e8ncia digital? En aquesta tercera sessi\u00f3, es donen orientacions de com fer aquesta avaluaci\u00f3 i es comparteixen les experi\u00e8ncies de diagnosi en els centres\u00a0<strong>Institut Ramon Coll i Rod\u00e8s<\/strong>\u00a0(Lloret de mar),\u00a0<strong>Escola La Vila<\/strong>\u00a0(Palam\u00f3s),\u00a0<strong>Escola Montessori<\/strong>\u00a0(Rub\u00ed).<\/p>\n<\/div>\n<div class=\"wp-block-column\" style=\"flex-basis:66.66%\">\n<div class=\"h5p-iframe-wrapper\"><iframe id=\"h5p-iframe-5\" class=\"h5p-iframe\" data-content-id=\"5\" style=\"height:1px\" src=\"about:blank\" frameBorder=\"0\" scrolling=\"no\" title=\"Curs 20-21.Sessi\u00f3 3\"><\/iframe><\/div>\n<\/div>\n<\/div>\n<\/div>\n","protected":false},"excerpt":{"rendered":"<p>Descripci\u00f3 Quina compet\u00e8ncia digital tenim al nostre centre educatiu? I jo, com a docent, quina \u00e9s la meva compet\u00e8ncia digital? En aquesta tercera sessi\u00f3, es donen orientacions de com fer aquesta avaluaci\u00f3 i es comparteixen les experi\u00e8ncies de diagnosi en els centres\u00a0Institut Ramon Coll i Rod\u00e8s\u00a0(Lloret de mar),\u00a0Escola La Vila\u00a0(Palam\u00f3s),\u00a0Escola Montessori\u00a0(Rub\u00ed).<\/p>\n","protected":false},"author":2,"featured_media":0,"parent":8557,"menu_order":0,"comment_status":"closed","ping_status":"closed","template":"","meta":{"_bbp_topic_count":0,"_bbp_reply_count":0,"_bbp_total_topic_count":0,"_bbp_total_reply_count":0,"_bbp_voice_count":0,"_bbp_anonymous_reply_count":0,"_bbp_topic_count_hidden":0,"_bbp_reply_count_hidden":0,"_bbp_forum_subforum_count":0,"site-sidebar-layout":"no-sidebar","site-content-layout":"plain-container","ast-site-content-layout":"","site-content-style":"default","site-sidebar-style":"default","ast-global-header-display":"","ast-banner-title-visibility":"","ast-main-header-display":"disabled","ast-hfb-above-header-display":"","ast-hfb-below-header-display":"","ast-hfb-mobile-header-display":"","site-post-title":"","ast-breadcrumbs-content":"","ast-featured-img":"","footer-sml-layout":"","theme-transparent-header-meta":"default","adv-header-id-meta":"9572","stick-header-meta":"default","header-above-stick-meta":"","header-main-stick-meta":"","header-below-stick-meta":"","astra-migrate-meta-layouts":"default","ast-page-background-enabled":"default","ast-page-background-meta":{"desktop":{"background-color":"","background-image":"","background-repeat":"repeat","background-position":"center center","background-size":"auto","background-attachment":"scroll","background-type":"","background-media":"","overlay-type":"","overlay-color":"","overlay-opacity":"","overlay-gradient":""},"tablet":{"background-color":"","background-image":"","background-repeat":"repeat","background-position":"center center","background-size":"auto","background-attachment":"scroll","background-type":"","background-media":"","overlay-type":"","overlay-color":"","overlay-opacity":"","overlay-gradient":""},"mobile":{"background-color":"","background-image":"","background-repeat":"repeat","background-position":"center center","background-size":"auto","background-attachment":"scroll","background-type":"","background-media":"","overlay-type":"","overlay-color":"","overlay-opacity":"","overlay-gradient":""}},"ast-content-background-meta":{"desktop":{"background-color":"var(--ast-global-color-5)","background-image":"","background-repeat":"repeat","background-position":"center center","background-size":"auto","background-attachment":"scroll","background-type":"","background-media":"","overlay-type":"","overlay-color":"","overlay-opacity":"","overlay-gradient":""},"tablet":{"background-color":"var(--ast-global-color-5)","background-image":"","background-repeat":"repeat","background-position":"center center","background-size":"auto","background-attachment":"scroll","background-type":"","background-media":"","overlay-type":"","overlay-color":"","overlay-opacity":"","overlay-gradient":""},"mobile":{"background-color":"var(--ast-global-color-5)","background-image":"","background-repeat":"repeat","background-position":"center center","background-size":"auto","background-attachment":"scroll","background-type":"","background-media":"","overlay-type":"","overlay-color":"","overlay-opacity":"","overlay-gradient":""}},"footnotes":""},"class_list":["post-9458","page","type-page","status-publish","hentry"],"post_mailing_queue_ids":[],"_links":{"self":[{"href":"https:\/\/projectes.xtec.cat\/repo\/wp-json\/wp\/v2\/pages\/9458","targetHints":{"allow":["GET"]}}],"collection":[{"href":"https:\/\/projectes.xtec.cat\/repo\/wp-json\/wp\/v2\/pages"}],"about":[{"href":"https:\/\/projectes.xtec.cat\/repo\/wp-json\/wp\/v2\/types\/page"}],"author":[{"embeddable":true,"href":"https:\/\/projectes.xtec.cat\/repo\/wp-json\/wp\/v2\/users\/2"}],"replies":[{"embeddable":true,"href":"https:\/\/projectes.xtec.cat\/repo\/wp-json\/wp\/v2\/comments?post=9458"}],"version-history":[{"count":3,"href":"https:\/\/projectes.xtec.cat\/repo\/wp-json\/wp\/v2\/pages\/9458\/revisions"}],"predecessor-version":[{"id":9744,"href":"https:\/\/projectes.xtec.cat\/repo\/wp-json\/wp\/v2\/pages\/9458\/revisions\/9744"}],"up":[{"embeddable":true,"href":"https:\/\/projectes.xtec.cat\/repo\/wp-json\/wp\/v2\/pages\/8557"}],"wp:attachment":[{"href":"https:\/\/projectes.xtec.cat\/repo\/wp-json\/wp\/v2\/media?parent=9458"}],"curies":[{"name":"wp","href":"https:\/\/api.w.org\/{rel}","templated":true}]}}