{"id":10011,"date":"2021-07-15T12:07:03","date_gmt":"2021-07-15T10:07:03","guid":{"rendered":"https:\/\/projectes.xtec.cat\/secrp\/?page_id=10011"},"modified":"2021-07-22T10:35:59","modified_gmt":"2021-07-22T08:35:59","slug":"gt-issn","status":"publish","type":"page","link":"https:\/\/projectes.xtec.cat\/secrp\/gt-issn\/","title":{"rendered":"GT ISSN"},"content":{"rendered":"<h5><strong><a href=\"https:\/\/projectes.xtec.cat\/secrp\/wp-content\/uploads\/usu2432\/2021\/07\/Checklist_PDFintercatiu1.pdf\" target=\"_blank\" rel=\"noopener noreferrer\"><br \/>\n<img loading=\"lazy\" decoding=\"async\" class=\"wp-image-10032 alignleft\" src=\"https:\/\/projectes.xtec.cat\/secrp\/wp-content\/uploads\/usu2432\/2021\/07\/infografia-ISSN-1.png\" alt=\"\" width=\"295\" height=\"568\" srcset=\"https:\/\/projectes.xtec.cat\/secrp\/wp-content\/uploads\/usu2432\/2021\/07\/infografia-ISSN-1.png 437w, https:\/\/projectes.xtec.cat\/secrp\/wp-content\/uploads\/usu2432\/2021\/07\/infografia-ISSN-1-156x300.png 156w\" sizes=\"auto, (max-width: 295px) 100vw, 295px\" \/><\/a><\/strong><\/h5>\n<h5 style=\"text-align: justify;\"><strong>Qu\u00e8 i per qu\u00e8 del grup de treball?<\/strong><\/h5>\n<p style=\"text-align: justify;\">A continuaci\u00f3 us presentem els <a href=\"https:\/\/projectes.xtec.cat\/secrp\/wp-content\/uploads\/usu2432\/2021\/06\/GRUP-TREBALL-ISSN-9-7-20.pdf\" target=\"_blank\" rel=\"noopener noreferrer\"><strong>continguts clau de treball 2019-20<\/strong><\/a> que en sessi\u00f3 formativa del 9 de juliol de 2020 es presenta a les direccions de CRP.<\/p>\n<p style=\"text-align: justify;\">Com obtenir un ISSN? Com comunicar la publicaci\u00f3 als espais webs dels Serveis Educatius? Quins models o exemples coneixem? Quins protocols i eines de d&#8217;autoregulaci\u00f3 de la publicaci\u00f3 usem? Qu\u00e8 ens proposem per al proper curs?<\/p>\n<h5 style=\"text-align: justify;\"><strong>Com podem acompanyar als centres en la publicaci\u00f3 dels continguts de millora?<\/strong><\/h5>\n<p style=\"text-align: justify;\">Durant el curs 2020-21 el GT ISSN elabora un<a href=\"https:\/\/projectes.xtec.cat\/secrp\/wp-content\/uploads\/usu2432\/2021\/07\/Checklist_PDFintercatiu1.pdf\" target=\"_blank\" rel=\"noopener noreferrer\"><strong> checklist interactiu o llista de comprovaci\u00f3<\/strong><\/a> amb indicadors de proc\u00e9s i resultat per l&#8217;autoregulaci\u00f3 de la publicaci\u00f3 d&#8217;activitats d&#8217;ensenyament \/ aprenentatge i d&#8217;avaluaci\u00f3 docent.<\/p>\n<p style=\"text-align: justify;\"><img loading=\"lazy\" decoding=\"async\" class=\"alignnone wp-image-10089\" src=\"https:\/\/projectes.xtec.cat\/secrp\/wp-content\/uploads\/usu2432\/2021\/07\/punt-blau-1.jpg\" alt=\"\" width=\"19\" height=\"17\" \/> Navegueu a partir de la infografia del checklist i accedireu a m\u00e9s informaci\u00f3 que hi ha hipervinclada dins de la mateixa!<\/p>\n<h5><strong>Composici\u00f3 actual del grup de treball ISSN <\/strong><\/h5>\n<ul>\n<li>Diego Araque Llopis &#8211; CRP Ciutat de Badalona<\/li>\n<li>Israel \u00c0vila Pastor &#8211; CRP Vall\u00e8s Occidental IV<\/li>\n<li>Rosa Ma Bergad\u00e0 Llobet\u00a0 &#8211; CRP de la Segarra<\/li>\n<li>N\u00faria Carrillo Mons\u00f3 &#8211; CESIRE<\/li>\n<li>Jaume Cortada Cortada &#8211; CRP del Segri\u00e0<\/li>\n<li>Joan Pellicer Llacomet &#8211; CRP de la Garrotxa<\/li>\n<\/ul>\n<p>&nbsp;<\/p>\n<p>&nbsp;<\/p>\n<p>&nbsp;<\/p>\n","protected":false},"excerpt":{"rendered":"<p>Qu\u00e8 i per qu\u00e8 del grup de treball? A continuaci\u00f3 us presentem els continguts clau de treball 2019-20 que en [&hellip;]<\/p>\n","protected":false},"author":8,"featured_media":0,"parent":0,"menu_order":0,"comment_status":"closed","ping_status":"closed","template":"","meta":{"_bbp_topic_count":0,"_bbp_reply_count":0,"_bbp_total_topic_count":0,"_bbp_total_reply_count":0,"_bbp_voice_count":0,"_bbp_anonymous_reply_count":0,"_bbp_topic_count_hidden":0,"_bbp_reply_count_hidden":0,"_bbp_forum_subforum_count":0,"site-sidebar-layout":"default","site-content-layout":"","ast-site-content-layout":"","site-content-style":"default","site-sidebar-style":"default","ast-global-header-display":"","ast-banner-title-visibility":"","ast-main-header-display":"","ast-hfb-above-header-display":"","ast-hfb-below-header-display":"","ast-hfb-mobile-header-display":"","site-post-title":"","ast-breadcrumbs-content":"","ast-featured-img":"","footer-sml-layout":"","theme-transparent-header-meta":"","adv-header-id-meta":"","stick-header-meta":"","header-above-stick-meta":"","header-main-stick-meta":"","header-below-stick-meta":"","astra-migrate-meta-layouts":"default","ast-page-background-enabled":"default","ast-page-background-meta":{"desktop":{"background-color":"var(--ast-global-color-4)","background-image":"","background-repeat":"repeat","background-position":"center center","background-size":"auto","background-attachment":"scroll","background-type":"","background-media":"","overlay-type":"","overlay-color":"","overlay-opacity":"","overlay-gradient":""},"tablet":{"background-color":"","background-image":"","background-repeat":"repeat","background-position":"center center","background-size":"auto","background-attachment":"scroll","background-type":"","background-media":"","overlay-type":"","overlay-color":"","overlay-opacity":"","overlay-gradient":""},"mobile":{"background-color":"","background-image":"","background-repeat":"repeat","background-position":"center center","background-size":"auto","background-attachment":"scroll","background-type":"","background-media":"","overlay-type":"","overlay-color":"","overlay-opacity":"","overlay-gradient":""}},"ast-content-background-meta":{"desktop":{"background-color":"var(--ast-global-color-5)","background-image":"","background-repeat":"repeat","background-position":"center center","background-size":"auto","background-attachment":"scroll","background-type":"","background-media":"","overlay-type":"","overlay-color":"","overlay-opacity":"","overlay-gradient":""},"tablet":{"background-color":"var(--ast-global-color-5)","background-image":"","background-repeat":"repeat","background-position":"center center","background-size":"auto","background-attachment":"scroll","background-type":"","background-media":"","overlay-type":"","overlay-color":"","overlay-opacity":"","overlay-gradient":""},"mobile":{"background-color":"var(--ast-global-color-5)","background-image":"","background-repeat":"repeat","background-position":"center center","background-size":"auto","background-attachment":"scroll","background-type":"","background-media":"","overlay-type":"","overlay-color":"","overlay-opacity":"","overlay-gradient":""}},"footnotes":""},"class_list":["post-10011","page","type-page","status-publish","hentry"],"post_mailing_queue_ids":[],"_links":{"self":[{"href":"https:\/\/projectes.xtec.cat\/secrp\/wp-json\/wp\/v2\/pages\/10011","targetHints":{"allow":["GET"]}}],"collection":[{"href":"https:\/\/projectes.xtec.cat\/secrp\/wp-json\/wp\/v2\/pages"}],"about":[{"href":"https:\/\/projectes.xtec.cat\/secrp\/wp-json\/wp\/v2\/types\/page"}],"author":[{"embeddable":true,"href":"https:\/\/projectes.xtec.cat\/secrp\/wp-json\/wp\/v2\/users\/8"}],"replies":[{"embeddable":true,"href":"https:\/\/projectes.xtec.cat\/secrp\/wp-json\/wp\/v2\/comments?post=10011"}],"version-history":[{"count":5,"href":"https:\/\/projectes.xtec.cat\/secrp\/wp-json\/wp\/v2\/pages\/10011\/revisions"}],"predecessor-version":[{"id":10091,"href":"https:\/\/projectes.xtec.cat\/secrp\/wp-json\/wp\/v2\/pages\/10011\/revisions\/10091"}],"wp:attachment":[{"href":"https:\/\/projectes.xtec.cat\/secrp\/wp-json\/wp\/v2\/media?parent=10011"}],"curies":[{"name":"wp","href":"https:\/\/api.w.org\/{rel}","templated":true}]}}