{"id":11623,"date":"2023-04-28T13:54:04","date_gmt":"2023-04-28T11:54:04","guid":{"rendered":"https:\/\/projectes.xtec.cat\/secrp\/?page_id=11623"},"modified":"2023-05-05T08:53:21","modified_gmt":"2023-05-05T06:53:21","slug":"presentacio","status":"publish","type":"page","link":"https:\/\/projectes.xtec.cat\/secrp\/jornades-serveis-educatius\/jornada-crp-2023\/presentacio\/","title":{"rendered":"Presentaci\u00f3"},"content":{"rendered":"<h2>\u00c8xit de participaci\u00f3<\/h2>\n<p>Les Jornades\u00a0 es van dur a terme a Cerdanyola del Vall\u00e8s els dies 13 i 14 d\u2019abril de 2023; un esdeveniment que va aplegar unes 300 persones per proporcionar un espai per a la reflexi\u00f3 i el di\u00e0leg, aix\u00ed com per proveir d\u2019eines als i les professionals de CRP per acompanyar els centres a la transformaci\u00f3 educativa de la millor manera possible, en paraules de l&#8217;<strong>Honorable Conseller d\u2019Educaci\u00f3, Josep G. Cambray,<\/strong> pronunciades a l\u2019acte d\u00b4obertura.<\/p>\n<p><a href=\"https:\/\/projectes.xtec.cat\/secrp\/wp-content\/uploads\/usu2432\/2023\/05\/Conseller-scaled.jpg\"><img loading=\"lazy\" decoding=\"async\" class=\"alignnone size-large wp-image-11657\" src=\"https:\/\/projectes.xtec.cat\/secrp\/wp-content\/uploads\/usu2432\/2023\/05\/Conseller-1024x730.jpg\" alt=\"\" width=\"1024\" height=\"730\" srcset=\"https:\/\/projectes.xtec.cat\/secrp\/wp-content\/uploads\/usu2432\/2023\/05\/Conseller-1024x730.jpg 1024w, https:\/\/projectes.xtec.cat\/secrp\/wp-content\/uploads\/usu2432\/2023\/05\/Conseller-300x214.jpg 300w, https:\/\/projectes.xtec.cat\/secrp\/wp-content\/uploads\/usu2432\/2023\/05\/Conseller-768x547.jpg 768w, https:\/\/projectes.xtec.cat\/secrp\/wp-content\/uploads\/usu2432\/2023\/05\/Conseller-1536x1095.jpg 1536w, https:\/\/projectes.xtec.cat\/secrp\/wp-content\/uploads\/usu2432\/2023\/05\/Conseller-2048x1460.jpg 2048w\" sizes=\"auto, (max-width: 1024px) 100vw, 1024px\" \/><\/a><\/p>\n<p>&nbsp;<\/p>\n<p>El programa va estar format per pon\u00e8ncies, xerrades i f\u00f2rum d\u2019idees \u00a0impartits per experts en diferents \u00e0mbits. El Sr. Fernando Trujillo ens va parlar d\u2019optimisme pedag\u00f2gic, com n\u2019\u00e9s d\u2019important compartir i de \u00a0la confian\u00e7a col\u00b7lectiva per millorar l\u2019aprenentatge. Va tractar sobre estrat\u00e8gies per a l\u2019acompanyament a centres en la millora educativa des del vessant te\u00f2ric el primer dia i pr\u00e0ctic, el segon, amb una din\u00e0mica participativa.<a href=\"https:\/\/projectes.xtec.cat\/secrp\/wp-content\/uploads\/usu2432\/2023\/04\/IMG_4746.heic\"><img loading=\"lazy\" decoding=\"async\" class=\"alignnone size-large wp-image-11606\" src=\"https:\/\/projectes.xtec.cat\/secrp\/wp-content\/uploads\/usu2432\/2023\/04\/IMG_4746.heic\" alt=\"\" width=\"1\" height=\"1\" \/><\/a><\/p>\n<p>Les jornades tamb\u00e9 van incloure espais per a exposicions i networking, permetent als assistents connectar-se i interactuar amb entitats a l\u2019espai F\u00f2rum d\u2019idees i con\u00e8ixer projectes singulars de CRP a l\u2019espai Compartim. Una bona oportunitat per als assistents de fer contactes i establir col\u00b7laboracions per a la seva tasca. Les xarxes educatives tamb\u00e9 hi van tenir un paper rellevant en l\u2019espai de di\u00e0leg.<\/p>\n<p>Les Jornades de CRP van ser una oportunitat per als professionals per establir vincles, compartir i aprendre sobre els temes m\u00e9s rellevants del moment de transformaci\u00f3 que viu el m\u00f3n educatiu. L&#8217;\u00e8xit d&#8217;aquesta edici\u00f3 de les jornades \u00e9s un testimoni de la import\u00e0ncia dels esdeveniments d&#8217;aquest tipus en la millora de la qualitat educativa i el desenvolupament professional de les persones al servei de l\u2019educaci\u00f3.<\/p>\n<p><strong>M\u00e9s a prop per anar m\u00e9s lluny<\/strong><\/p>\n<p>&nbsp;<\/p>\n<h2>Programa<\/h2>\n<p><a href=\"https:\/\/projectes.xtec.cat\/secrp\/wp-content\/uploads\/usu2432\/2023\/04\/programa-1.png\"><img loading=\"lazy\" decoding=\"async\" class=\"alignnone size-full wp-image-11597\" src=\"https:\/\/projectes.xtec.cat\/secrp\/wp-content\/uploads\/usu2432\/2023\/04\/programa-1.png\" alt=\"\" width=\"517\" height=\"735\" srcset=\"https:\/\/projectes.xtec.cat\/secrp\/wp-content\/uploads\/usu2432\/2023\/04\/programa-1.png 517w, https:\/\/projectes.xtec.cat\/secrp\/wp-content\/uploads\/usu2432\/2023\/04\/programa-1-211x300.png 211w\" sizes=\"auto, (max-width: 517px) 100vw, 517px\" \/><\/a><a href=\"https:\/\/projectes.xtec.cat\/secrp\/wp-content\/uploads\/usu2432\/2023\/04\/programa-2.png\"><img loading=\"lazy\" decoding=\"async\" class=\"alignnone size-full wp-image-11596\" src=\"https:\/\/projectes.xtec.cat\/secrp\/wp-content\/uploads\/usu2432\/2023\/04\/programa-2.png\" alt=\"\" width=\"517\" height=\"730\" srcset=\"https:\/\/projectes.xtec.cat\/secrp\/wp-content\/uploads\/usu2432\/2023\/04\/programa-2.png 517w, https:\/\/projectes.xtec.cat\/secrp\/wp-content\/uploads\/usu2432\/2023\/04\/programa-2-212x300.png 212w\" sizes=\"auto, (max-width: 517px) 100vw, 517px\" \/><\/a><\/p>\n<p>&nbsp;<\/p>\n","protected":false},"excerpt":{"rendered":"<p>\u00c8xit de participaci\u00f3 Les Jornades\u00a0 es van dur a terme a Cerdanyola del Vall\u00e8s els dies 13 i 14 d\u2019abril [&hellip;]<\/p>\n","protected":false},"author":2,"featured_media":0,"parent":11621,"menu_order":10,"comment_status":"closed","ping_status":"closed","template":"page-templates\/side-menu.php","meta":{"_bbp_topic_count":0,"_bbp_reply_count":0,"_bbp_total_topic_count":0,"_bbp_total_reply_count":0,"_bbp_voice_count":0,"_bbp_anonymous_reply_count":0,"_bbp_topic_count_hidden":0,"_bbp_reply_count_hidden":0,"_bbp_forum_subforum_count":0,"site-sidebar-layout":"default","site-content-layout":"","ast-site-content-layout":"","site-content-style":"default","site-sidebar-style":"default","ast-global-header-display":"","ast-banner-title-visibility":"","ast-main-header-display":"","ast-hfb-above-header-display":"","ast-hfb-below-header-display":"","ast-hfb-mobile-header-display":"","site-post-title":"","ast-breadcrumbs-content":"","ast-featured-img":"","footer-sml-layout":"","theme-transparent-header-meta":"","adv-header-id-meta":"","stick-header-meta":"","header-above-stick-meta":"","header-main-stick-meta":"","header-below-stick-meta":"","astra-migrate-meta-layouts":"default","ast-page-background-enabled":"default","ast-page-background-meta":{"desktop":{"background-color":"var(--ast-global-color-4)","background-image":"","background-repeat":"repeat","background-position":"center center","background-size":"auto","background-attachment":"scroll","background-type":"","background-media":"","overlay-type":"","overlay-color":"","overlay-opacity":"","overlay-gradient":""},"tablet":{"background-color":"","background-image":"","background-repeat":"repeat","background-position":"center center","background-size":"auto","background-attachment":"scroll","background-type":"","background-media":"","overlay-type":"","overlay-color":"","overlay-opacity":"","overlay-gradient":""},"mobile":{"background-color":"","background-image":"","background-repeat":"repeat","background-position":"center center","background-size":"auto","background-attachment":"scroll","background-type":"","background-media":"","overlay-type":"","overlay-color":"","overlay-opacity":"","overlay-gradient":""}},"ast-content-background-meta":{"desktop":{"background-color":"var(--ast-global-color-5)","background-image":"","background-repeat":"repeat","background-position":"center center","background-size":"auto","background-attachment":"scroll","background-type":"","background-media":"","overlay-type":"","overlay-color":"","overlay-opacity":"","overlay-gradient":""},"tablet":{"background-color":"var(--ast-global-color-5)","background-image":"","background-repeat":"repeat","background-position":"center center","background-size":"auto","background-attachment":"scroll","background-type":"","background-media":"","overlay-type":"","overlay-color":"","overlay-opacity":"","overlay-gradient":""},"mobile":{"background-color":"var(--ast-global-color-5)","background-image":"","background-repeat":"repeat","background-position":"center center","background-size":"auto","background-attachment":"scroll","background-type":"","background-media":"","overlay-type":"","overlay-color":"","overlay-opacity":"","overlay-gradient":""}},"footnotes":""},"class_list":["post-11623","page","type-page","status-publish","hentry"],"post_mailing_queue_ids":[],"_links":{"self":[{"href":"https:\/\/projectes.xtec.cat\/secrp\/wp-json\/wp\/v2\/pages\/11623","targetHints":{"allow":["GET"]}}],"collection":[{"href":"https:\/\/projectes.xtec.cat\/secrp\/wp-json\/wp\/v2\/pages"}],"about":[{"href":"https:\/\/projectes.xtec.cat\/secrp\/wp-json\/wp\/v2\/types\/page"}],"author":[{"embeddable":true,"href":"https:\/\/projectes.xtec.cat\/secrp\/wp-json\/wp\/v2\/users\/2"}],"replies":[{"embeddable":true,"href":"https:\/\/projectes.xtec.cat\/secrp\/wp-json\/wp\/v2\/comments?post=11623"}],"version-history":[{"count":5,"href":"https:\/\/projectes.xtec.cat\/secrp\/wp-json\/wp\/v2\/pages\/11623\/revisions"}],"predecessor-version":[{"id":12061,"href":"https:\/\/projectes.xtec.cat\/secrp\/wp-json\/wp\/v2\/pages\/11623\/revisions\/12061"}],"up":[{"embeddable":true,"href":"https:\/\/projectes.xtec.cat\/secrp\/wp-json\/wp\/v2\/pages\/11621"}],"wp:attachment":[{"href":"https:\/\/projectes.xtec.cat\/secrp\/wp-json\/wp\/v2\/media?parent=11623"}],"curies":[{"name":"wp","href":"https:\/\/api.w.org\/{rel}","templated":true}]}}