{"id":11866,"date":"2023-07-24T12:23:50","date_gmt":"2023-07-24T10:23:50","guid":{"rendered":"https:\/\/projectes.xtec.cat\/secrp\/?page_id=11866"},"modified":"2023-07-24T12:45:53","modified_gmt":"2023-07-24T10:45:53","slug":"xarxes-nova-esborrar","status":"publish","type":"page","link":"https:\/\/projectes.xtec.cat\/secrp\/xarxes-nova-esborrar\/","title":{"rendered":"Xarxes &#8211; bnova"},"content":{"rendered":"<p style=\"text-align: justify;\" align=\"JUSTIFY\">L&#8217;equip del <span style=\"color: #333333;\"><strong>Servei de Xarxes i Serveis Educatius<\/strong> de la Subdirecci\u00f3 General d\u2019Innovaci\u00f3 i Formaci\u00f3 del Departament d&#8217;Educaci\u00f3 posa a disposici\u00f3 dels i les professionals dels CRP de Zona aquest espai virtual per tal de:<br \/>\n<\/span><\/p>\n<ul>\n<li style=\"text-align: justify;\" aria-level=\"1\">Generar un espai virtual de difusi\u00f3, de comunicaci\u00f3, de trobada i formatiu de tots els Serveis Educatius de Catalunya.<\/li>\n<li style=\"text-align: justify;\" aria-level=\"1\">Visibilitzar i actualitzar el repositori de materials i propostes educatives de manera integrada des tots els agents de territori: coordinaci\u00f3 del SEZ i equips professionals de CRPs.<\/li>\n<li style=\"text-align: justify;\" aria-level=\"1\">Visibilitzar i evidenciar els Projectes integrats dels Serveis Educatius que permetran una acci\u00f3 conjunta als territoris i una mirada conjunta per arribar als centres.<\/li>\n<li style=\"text-align: justify;\" aria-level=\"1\">Crear un entorn col\u00b7laboratiu\u00a0 dels equips multiprofessionals dels SEZ.<\/li>\n<li style=\"text-align: justify;\" aria-level=\"1\">Gestionar la difusi\u00f3 i comunicaci\u00f3 de recursos, informacions, actuacions, de i per a centres, professorat, alumnat i xarxes.<\/li>\n<\/ul>\n<p style=\"text-align: justify;\">Els <span style=\"color: #333333;\"><strong>Centres de Recursos Pedag\u00f2gics<\/strong> <\/span>(CRP) s\u00f3n equips docents de dinamitzaci\u00f3, acompanyament i assessorament a professorat, centres i xarxes educatives per a la millora i transformaci\u00f3 dels seus projectes educatius de centres i la seva pr\u00e0ctica educativa. Les seves actuacions s\u00f3n coordinades amb altres professionals dels serveis educatius (EAP i ELIC) i institucions o entitats de la zona.<\/p>\n<h5 style=\"text-align: center;\"><a href=\"https:\/\/projectes.xtec.cat\/secrp\/xarxa-centres-de-recursos-pedagogics\/\" target=\"_blank\" rel=\"noopener noreferrer\"><img loading=\"lazy\" decoding=\"async\" class=\" wp-image-9257 aligncenter\" src=\"https:\/\/projectes.xtec.cat\/secrp\/wp-content\/uploads\/usu2432\/2021\/04\/entorns-aprenentatge-compartit-p\u00e0gina-crp-1.png\" alt=\"\" width=\"226\" height=\"71\" srcset=\"https:\/\/projectes.xtec.cat\/secrp\/wp-content\/uploads\/usu2432\/2021\/04\/entorns-aprenentatge-compartit-p\u00e0gina-crp-1.png 583w, https:\/\/projectes.xtec.cat\/secrp\/wp-content\/uploads\/usu2432\/2021\/04\/entorns-aprenentatge-compartit-p\u00e0gina-crp-1-300x94.png 300w\" sizes=\"auto, (max-width: 226px) 100vw, 226px\" \/><strong>Xarxa Centres de Recursos Pedag\u00f2gics<\/strong><\/a><\/h5>\n","protected":false},"excerpt":{"rendered":"<p>L&#8217;equip del Servei de Xarxes i Serveis Educatius de la Subdirecci\u00f3 General d\u2019Innovaci\u00f3 i Formaci\u00f3 del Departament d&#8217;Educaci\u00f3 posa a [&hellip;]<\/p>\n","protected":false},"author":2,"featured_media":0,"parent":0,"menu_order":0,"comment_status":"closed","ping_status":"closed","template":"","meta":{"_bbp_topic_count":0,"_bbp_reply_count":0,"_bbp_total_topic_count":0,"_bbp_total_reply_count":0,"_bbp_voice_count":0,"_bbp_anonymous_reply_count":0,"_bbp_topic_count_hidden":0,"_bbp_reply_count_hidden":0,"_bbp_forum_subforum_count":0,"site-sidebar-layout":"default","site-content-layout":"","ast-site-content-layout":"","site-content-style":"default","site-sidebar-style":"default","ast-global-header-display":"","ast-banner-title-visibility":"","ast-main-header-display":"","ast-hfb-above-header-display":"","ast-hfb-below-header-display":"","ast-hfb-mobile-header-display":"","site-post-title":"","ast-breadcrumbs-content":"","ast-featured-img":"","footer-sml-layout":"","theme-transparent-header-meta":"","adv-header-id-meta":"","stick-header-meta":"","header-above-stick-meta":"","header-main-stick-meta":"","header-below-stick-meta":"","astra-migrate-meta-layouts":"default","ast-page-background-enabled":"default","ast-page-background-meta":{"desktop":{"background-color":"var(--ast-global-color-4)","background-image":"","background-repeat":"repeat","background-position":"center center","background-size":"auto","background-attachment":"scroll","background-type":"","background-media":"","overlay-type":"","overlay-color":"","overlay-opacity":"","overlay-gradient":""},"tablet":{"background-color":"","background-image":"","background-repeat":"repeat","background-position":"center center","background-size":"auto","background-attachment":"scroll","background-type":"","background-media":"","overlay-type":"","overlay-color":"","overlay-opacity":"","overlay-gradient":""},"mobile":{"background-color":"","background-image":"","background-repeat":"repeat","background-position":"center center","background-size":"auto","background-attachment":"scroll","background-type":"","background-media":"","overlay-type":"","overlay-color":"","overlay-opacity":"","overlay-gradient":""}},"ast-content-background-meta":{"desktop":{"background-color":"var(--ast-global-color-5)","background-image":"","background-repeat":"repeat","background-position":"center center","background-size":"auto","background-attachment":"scroll","background-type":"","background-media":"","overlay-type":"","overlay-color":"","overlay-opacity":"","overlay-gradient":""},"tablet":{"background-color":"var(--ast-global-color-5)","background-image":"","background-repeat":"repeat","background-position":"center center","background-size":"auto","background-attachment":"scroll","background-type":"","background-media":"","overlay-type":"","overlay-color":"","overlay-opacity":"","overlay-gradient":""},"mobile":{"background-color":"var(--ast-global-color-5)","background-image":"","background-repeat":"repeat","background-position":"center center","background-size":"auto","background-attachment":"scroll","background-type":"","background-media":"","overlay-type":"","overlay-color":"","overlay-opacity":"","overlay-gradient":""}},"footnotes":""},"class_list":["post-11866","page","type-page","status-publish","hentry"],"post_mailing_queue_ids":[],"_links":{"self":[{"href":"https:\/\/projectes.xtec.cat\/secrp\/wp-json\/wp\/v2\/pages\/11866","targetHints":{"allow":["GET"]}}],"collection":[{"href":"https:\/\/projectes.xtec.cat\/secrp\/wp-json\/wp\/v2\/pages"}],"about":[{"href":"https:\/\/projectes.xtec.cat\/secrp\/wp-json\/wp\/v2\/types\/page"}],"author":[{"embeddable":true,"href":"https:\/\/projectes.xtec.cat\/secrp\/wp-json\/wp\/v2\/users\/2"}],"replies":[{"embeddable":true,"href":"https:\/\/projectes.xtec.cat\/secrp\/wp-json\/wp\/v2\/comments?post=11866"}],"version-history":[{"count":3,"href":"https:\/\/projectes.xtec.cat\/secrp\/wp-json\/wp\/v2\/pages\/11866\/revisions"}],"predecessor-version":[{"id":11880,"href":"https:\/\/projectes.xtec.cat\/secrp\/wp-json\/wp\/v2\/pages\/11866\/revisions\/11880"}],"wp:attachment":[{"href":"https:\/\/projectes.xtec.cat\/secrp\/wp-json\/wp\/v2\/media?parent=11866"}],"curies":[{"name":"wp","href":"https:\/\/api.w.org\/{rel}","templated":true}]}}