{"id":12023,"date":"2024-04-25T13:48:52","date_gmt":"2024-04-25T11:48:52","guid":{"rendered":"https:\/\/projectes.xtec.cat\/secrp\/?page_id=12023"},"modified":"2024-04-25T15:32:39","modified_gmt":"2024-04-25T13:32:39","slug":"ii-jornada-de-xarxes-educatives-d-catalunya","status":"publish","type":"page","link":"https:\/\/projectes.xtec.cat\/secrp\/jornada-de-xarxes\/ii-jornada-de-xarxes-educatives-d-catalunya\/","title":{"rendered":"Presentaci\u00f3"},"content":{"rendered":"<p><span style=\"font-weight: 400;\">El passat 9 d\u2019abril va tenir lloc la II Jornada de Xarxes Educatives de Catalunya a l\u2019Exe Campus de Cerdanyola del Vall\u00e8s, una jornada formativa en qu\u00e8 van participar m\u00e9s de 300 professionals responsables de la coordinaci\u00f3 i dinamitzaci\u00f3 de xarxes.<\/span><\/p>\n<p><span style=\"font-weight: 400;\">Va ser un espai d\u2019aprenentatge entre iguals on es van compartir experi\u00e8ncies reeixides entre els diferents professionals amb el prop\u00f2sit de donar visibilitat i posar en valor la diversitat de xarxes educatives del pa\u00eds. Tamb\u00e9 va servir per fomentar el vincle i el comprom\u00eds entre els participants.<\/span><\/p>\n<p><a href=\"https:\/\/projectes.xtec.cat\/secrp\/wp-content\/uploads\/usu2432\/2024\/04\/article-Jornada-Ininci.png\"><img loading=\"lazy\" decoding=\"async\" class=\"alignnone wp-image-12039\" src=\"https:\/\/projectes.xtec.cat\/secrp\/wp-content\/uploads\/usu2432\/2024\/04\/article-Jornada-Ininci-1024x603.png\" alt=\"\" width=\"507\" height=\"298\" srcset=\"https:\/\/projectes.xtec.cat\/secrp\/wp-content\/uploads\/usu2432\/2024\/04\/article-Jornada-Ininci-1024x603.png 1024w, https:\/\/projectes.xtec.cat\/secrp\/wp-content\/uploads\/usu2432\/2024\/04\/article-Jornada-Ininci-300x177.png 300w, https:\/\/projectes.xtec.cat\/secrp\/wp-content\/uploads\/usu2432\/2024\/04\/article-Jornada-Ininci-768x452.png 768w, https:\/\/projectes.xtec.cat\/secrp\/wp-content\/uploads\/usu2432\/2024\/04\/article-Jornada-Ininci.png 1061w\" sizes=\"auto, (max-width: 507px) 100vw, 507px\" \/><\/a><a href=\"https:\/\/projectes.xtec.cat\/secrp\/wp-content\/uploads\/usu2432\/2024\/04\/Captura-bossa.png\"><img loading=\"lazy\" decoding=\"async\" class=\"alignnone wp-image-12012\" src=\"https:\/\/projectes.xtec.cat\/secrp\/wp-content\/uploads\/usu2432\/2024\/04\/Captura-bossa.png\" alt=\"\" width=\"452\" height=\"299\" srcset=\"https:\/\/projectes.xtec.cat\/secrp\/wp-content\/uploads\/usu2432\/2024\/04\/Captura-bossa.png 1010w, https:\/\/projectes.xtec.cat\/secrp\/wp-content\/uploads\/usu2432\/2024\/04\/Captura-bossa-300x198.png 300w, https:\/\/projectes.xtec.cat\/secrp\/wp-content\/uploads\/usu2432\/2024\/04\/Captura-bossa-768x508.png 768w\" sizes=\"auto, (max-width: 452px) 100vw, 452px\" \/><\/a><\/p>\n<p>&nbsp;<\/p>\n<p><span style=\"font-weight: 400;\">La II JORNADA DE XARXES EDUCATIVES DE CATALUNYA va transc\u00f3rrer entre les 9:30 i les 16:30 del dia 9 d\u2019abril; un esdeveniment que va aplegar m\u00e9s de 300 persones per proporcionar un espai col\u00b7laboratiu i de construcci\u00f3 de coneixement compartit entre els t\u00e8cnics responsables de coordinar i dinamitzar les diferents xarxes educatives del territori.\u00a0<\/span><\/p>\n<p><a href=\"https:\/\/projectes.xtec.cat\/secrp\/wp-content\/uploads\/usu2432\/2024\/04\/Captura-foto-assitents.png\"><img loading=\"lazy\" decoding=\"async\" class=\"alignnone wp-image-12014\" src=\"https:\/\/projectes.xtec.cat\/secrp\/wp-content\/uploads\/usu2432\/2024\/04\/Captura-foto-assitents.png\" alt=\"\" width=\"490\" height=\"319\" srcset=\"https:\/\/projectes.xtec.cat\/secrp\/wp-content\/uploads\/usu2432\/2024\/04\/Captura-foto-assitents.png 1005w, https:\/\/projectes.xtec.cat\/secrp\/wp-content\/uploads\/usu2432\/2024\/04\/Captura-foto-assitents-300x196.png 300w, https:\/\/projectes.xtec.cat\/secrp\/wp-content\/uploads\/usu2432\/2024\/04\/Captura-foto-assitents-768x501.png 768w\" sizes=\"auto, (max-width: 490px) 100vw, 490px\" \/><\/a><a href=\"https:\/\/projectes.xtec.cat\/secrp\/wp-content\/uploads\/usu2432\/2024\/04\/Captura-photocall.png\"><img loading=\"lazy\" decoding=\"async\" class=\"alignnone wp-image-12020\" src=\"https:\/\/projectes.xtec.cat\/secrp\/wp-content\/uploads\/usu2432\/2024\/04\/Captura-photocall.png\" alt=\"\" width=\"477\" height=\"320\" srcset=\"https:\/\/projectes.xtec.cat\/secrp\/wp-content\/uploads\/usu2432\/2024\/04\/Captura-photocall.png 1004w, https:\/\/projectes.xtec.cat\/secrp\/wp-content\/uploads\/usu2432\/2024\/04\/Captura-photocall-300x201.png 300w, https:\/\/projectes.xtec.cat\/secrp\/wp-content\/uploads\/usu2432\/2024\/04\/Captura-photocall-768x515.png 768w\" sizes=\"auto, (max-width: 477px) 100vw, 477px\" \/><\/a><\/p>\n<p><span style=\"font-weight: 400;\">Les xarxes veuen com cada dia augmenta l\u2019inter\u00e8s del professorat per participar-hi, aix\u00ed com el nombre de centres que sol\u00b7liciten la seva incorporaci\u00f3 a alguna xarxa educativa, segons paraules pronunciades pel Cap del Servei de Xarxes i Serveis Educatius, Marc Pe\u00f1arroya durant la benvinguda institucional. <\/span><\/p>\n<p><span style=\"font-weight: 400;\">Va aprofitar per presentar el nou <\/span><a href=\"https:\/\/innovacio.xtec.gencat.cat\/xarxes\"><span style=\"font-weight: 400;\">Mapa de Xarxes<\/span><\/a><span style=\"font-weight: 400;\"> dins del Mapa de la innovaci\u00f3 pedag\u00f2gica.<\/span><\/p>\n<p><a href=\"https:\/\/projectes.xtec.cat\/secrp\/wp-content\/uploads\/usu2432\/2024\/04\/Captura-Marc-Penarroya.png\"><img loading=\"lazy\" decoding=\"async\" class=\"alignnone wp-image-12019\" src=\"https:\/\/projectes.xtec.cat\/secrp\/wp-content\/uploads\/usu2432\/2024\/04\/Captura-Marc-Penarroya.png\" alt=\"\" width=\"452\" height=\"303\" srcset=\"https:\/\/projectes.xtec.cat\/secrp\/wp-content\/uploads\/usu2432\/2024\/04\/Captura-Marc-Penarroya.png 1002w, https:\/\/projectes.xtec.cat\/secrp\/wp-content\/uploads\/usu2432\/2024\/04\/Captura-Marc-Penarroya-300x201.png 300w, https:\/\/projectes.xtec.cat\/secrp\/wp-content\/uploads\/usu2432\/2024\/04\/Captura-Marc-Penarroya-768x515.png 768w\" sizes=\"auto, (max-width: 452px) 100vw, 452px\" \/><\/a> <a href=\"https:\/\/projectes.xtec.cat\/secrp\/wp-content\/uploads\/usu2432\/2024\/04\/Captura-mapa-de-xarxes.png\"><img loading=\"lazy\" decoding=\"async\" class=\"alignnone wp-image-12018\" src=\"https:\/\/projectes.xtec.cat\/secrp\/wp-content\/uploads\/usu2432\/2024\/04\/Captura-mapa-de-xarxes-1024x531.png\" alt=\"\" width=\"548\" height=\"284\" srcset=\"https:\/\/projectes.xtec.cat\/secrp\/wp-content\/uploads\/usu2432\/2024\/04\/Captura-mapa-de-xarxes-1024x531.png 1024w, https:\/\/projectes.xtec.cat\/secrp\/wp-content\/uploads\/usu2432\/2024\/04\/Captura-mapa-de-xarxes-300x156.png 300w, https:\/\/projectes.xtec.cat\/secrp\/wp-content\/uploads\/usu2432\/2024\/04\/Captura-mapa-de-xarxes-768x398.png 768w, https:\/\/projectes.xtec.cat\/secrp\/wp-content\/uploads\/usu2432\/2024\/04\/Captura-mapa-de-xarxes.png 1269w\" sizes=\"auto, (max-width: 548px) 100vw, 548px\" \/><\/a><\/p>\n<p>&nbsp;<\/p>\n<p>&nbsp;<\/p>\n<p>&nbsp;<\/p>\n<p>&nbsp;<\/p>\n<p>&nbsp;<\/p>\n<p>&nbsp;<\/p>\n<p>&nbsp;<\/p>\n<p>&nbsp;<\/p>\n<p>&nbsp;<\/p>\n<p>&nbsp;<\/p>\n","protected":false},"excerpt":{"rendered":"<p>El passat 9 d\u2019abril va tenir lloc la II Jornada de Xarxes Educatives de Catalunya a l\u2019Exe Campus de Cerdanyola [&hellip;]<\/p>\n","protected":false},"author":1,"featured_media":0,"parent":12113,"menu_order":1,"comment_status":"closed","ping_status":"closed","template":"page-templates\/side-menu.php","meta":{"_bbp_topic_count":0,"_bbp_reply_count":0,"_bbp_total_topic_count":0,"_bbp_total_reply_count":0,"_bbp_voice_count":0,"_bbp_anonymous_reply_count":0,"_bbp_topic_count_hidden":0,"_bbp_reply_count_hidden":0,"_bbp_forum_subforum_count":0,"site-sidebar-layout":"default","site-content-layout":"","ast-site-content-layout":"","site-content-style":"default","site-sidebar-style":"default","ast-global-header-display":"","ast-banner-title-visibility":"","ast-main-header-display":"","ast-hfb-above-header-display":"","ast-hfb-below-header-display":"","ast-hfb-mobile-header-display":"","site-post-title":"","ast-breadcrumbs-content":"","ast-featured-img":"","footer-sml-layout":"","theme-transparent-header-meta":"","adv-header-id-meta":"","stick-header-meta":"","header-above-stick-meta":"","header-main-stick-meta":"","header-below-stick-meta":"","astra-migrate-meta-layouts":"default","ast-page-background-enabled":"default","ast-page-background-meta":{"desktop":{"background-color":"var(--ast-global-color-4)","background-image":"","background-repeat":"repeat","background-position":"center center","background-size":"auto","background-attachment":"scroll","background-type":"","background-media":"","overlay-type":"","overlay-color":"","overlay-opacity":"","overlay-gradient":""},"tablet":{"background-color":"","background-image":"","background-repeat":"repeat","background-position":"center center","background-size":"auto","background-attachment":"scroll","background-type":"","background-media":"","overlay-type":"","overlay-color":"","overlay-opacity":"","overlay-gradient":""},"mobile":{"background-color":"","background-image":"","background-repeat":"repeat","background-position":"center center","background-size":"auto","background-attachment":"scroll","background-type":"","background-media":"","overlay-type":"","overlay-color":"","overlay-opacity":"","overlay-gradient":""}},"ast-content-background-meta":{"desktop":{"background-color":"var(--ast-global-color-5)","background-image":"","background-repeat":"repeat","background-position":"center center","background-size":"auto","background-attachment":"scroll","background-type":"","background-media":"","overlay-type":"","overlay-color":"","overlay-opacity":"","overlay-gradient":""},"tablet":{"background-color":"var(--ast-global-color-5)","background-image":"","background-repeat":"repeat","background-position":"center center","background-size":"auto","background-attachment":"scroll","background-type":"","background-media":"","overlay-type":"","overlay-color":"","overlay-opacity":"","overlay-gradient":""},"mobile":{"background-color":"var(--ast-global-color-5)","background-image":"","background-repeat":"repeat","background-position":"center center","background-size":"auto","background-attachment":"scroll","background-type":"","background-media":"","overlay-type":"","overlay-color":"","overlay-opacity":"","overlay-gradient":""}},"footnotes":""},"class_list":["post-12023","page","type-page","status-publish","hentry"],"post_mailing_queue_ids":[],"_links":{"self":[{"href":"https:\/\/projectes.xtec.cat\/secrp\/wp-json\/wp\/v2\/pages\/12023","targetHints":{"allow":["GET"]}}],"collection":[{"href":"https:\/\/projectes.xtec.cat\/secrp\/wp-json\/wp\/v2\/pages"}],"about":[{"href":"https:\/\/projectes.xtec.cat\/secrp\/wp-json\/wp\/v2\/types\/page"}],"author":[{"embeddable":true,"href":"https:\/\/projectes.xtec.cat\/secrp\/wp-json\/wp\/v2\/users\/1"}],"replies":[{"embeddable":true,"href":"https:\/\/projectes.xtec.cat\/secrp\/wp-json\/wp\/v2\/comments?post=12023"}],"version-history":[{"count":7,"href":"https:\/\/projectes.xtec.cat\/secrp\/wp-json\/wp\/v2\/pages\/12023\/revisions"}],"predecessor-version":[{"id":12092,"href":"https:\/\/projectes.xtec.cat\/secrp\/wp-json\/wp\/v2\/pages\/12023\/revisions\/12092"}],"up":[{"embeddable":true,"href":"https:\/\/projectes.xtec.cat\/secrp\/wp-json\/wp\/v2\/pages\/12113"}],"wp:attachment":[{"href":"https:\/\/projectes.xtec.cat\/secrp\/wp-json\/wp\/v2\/media?parent=12023"}],"curies":[{"name":"wp","href":"https:\/\/api.w.org\/{rel}","templated":true}]}}