{"id":12336,"date":"2024-12-04T10:12:26","date_gmt":"2024-12-04T09:12:26","guid":{"rendered":"https:\/\/projectes.xtec.cat\/secrp\/?page_id=12336"},"modified":"2025-03-03T10:10:20","modified_gmt":"2025-03-03T09:10:20","slug":"formacio-interxarxes","status":"publish","type":"page","link":"https:\/\/projectes.xtec.cat\/secrp\/formacio-interxarxes\/","title":{"rendered":"Formaci\u00f3 Interxarxes"},"content":{"rendered":"\n<p>La <strong>Formaci\u00f3 Interxarxes<\/strong> s&#8217;adre\u00e7a als professionals que dinamitzen o s\u00f3n responsables de xarxes educatives. Amb un enfocament pr\u00e0ctic i aplicat, es treballen estrat\u00e8gies i eines per a l&#8217;acompanyament i l&#8217;avaluaci\u00f3 de les xarxes, fomentant la col\u00b7laboraci\u00f3 i la millora conjunta dels centres educatius.<\/p>\n\n\n\n<h2 class=\"wp-block-heading has-text-align-center\">1r trimestre: Acompanyament i avaluaci\u00f3 de xarxes<\/h2>\n\n\n\n<p>Els passats <strong>8 d\u2019octubre i 19 de novembre<\/strong>, es van dur a terme al CESIRE les primeres sessions formatives, centrades en l&#8217;acompanyament capacitador i l&#8217;avaluaci\u00f3 de xarxes.<\/p>\n\n\n\n<h3 class=\"wp-block-heading\">Continguts treballats<\/h3>\n\n\n\n<ul class=\"wp-block-list\">\n<li><strong>L\u2019acompanyament capacitador en una xarxa educativa<\/strong>\n<ul class=\"wp-block-list\">\n<li>A c\u00e0rrec de <strong>l\u2019Olga Esteve<\/strong>, investigadora en doc\u00e8ncia i formadora.<\/li>\n\n\n\n<li>Reflexi\u00f3 sobre el paper dels equips impulsors, equips directius i professionals en els <strong>itineraris autoformatius<\/strong>.<\/li>\n<\/ul>\n<\/li>\n\n\n\n<li><strong>Avaluaci\u00f3 de les xarxes<\/strong>\n<ul class=\"wp-block-list\">\n<li>Sesssi\u00f3 impartida per <strong>Marcel\u00b7l\u00ed Canal i N\u00faria Vaqu\u00e9s<\/strong>, referents d\u2019Innovaci\u00f3 i dinamitzadors de <strong>XTTE<\/strong>.<\/li>\n\n\n\n<li>Estrat\u00e8gies per a la resignificaci\u00f3 de l\u2019<strong>Eina d\u2019Autoavaluaci\u00f3 Din\u00e0mica de Xarxes (EADX)<\/strong>.<\/li>\n<\/ul>\n<\/li>\n<\/ul>\n\n\n\n<figure class=\"wp-block-gallery has-nested-images columns-default is-cropped wp-block-gallery-1 is-layout-flex wp-block-gallery-is-layout-flex\">\n<figure class=\"wp-block-image size-large\"><a href=\"https:\/\/projectes.xtec.cat\/secrp\/wp-content\/uploads\/usu2432\/2024\/11\/Olga.png\"><img loading=\"lazy\" decoding=\"async\" width=\"853\" height=\"780\" data-id=\"12179\" src=\"https:\/\/projectes.xtec.cat\/secrp\/wp-content\/uploads\/usu2432\/2024\/11\/Olga.png\" alt=\"\" class=\"wp-image-12179\" srcset=\"https:\/\/projectes.xtec.cat\/secrp\/wp-content\/uploads\/usu2432\/2024\/11\/Olga.png 853w, https:\/\/projectes.xtec.cat\/secrp\/wp-content\/uploads\/usu2432\/2024\/11\/Olga-300x274.png 300w, https:\/\/projectes.xtec.cat\/secrp\/wp-content\/uploads\/usu2432\/2024\/11\/Olga-768x702.png 768w\" sizes=\"auto, (max-width: 853px) 100vw, 853px\" \/><\/a><\/figure>\n\n\n\n<figure class=\"wp-block-image size-large\"><a href=\"https:\/\/projectes.xtec.cat\/secrp\/wp-content\/uploads\/usu2432\/2024\/11\/marcel-Nur.png\"><img loading=\"lazy\" decoding=\"async\" width=\"807\" height=\"717\" data-id=\"12181\" src=\"https:\/\/projectes.xtec.cat\/secrp\/wp-content\/uploads\/usu2432\/2024\/11\/marcel-Nur.png\" alt=\"\" class=\"wp-image-12181\" srcset=\"https:\/\/projectes.xtec.cat\/secrp\/wp-content\/uploads\/usu2432\/2024\/11\/marcel-Nur.png 807w, https:\/\/projectes.xtec.cat\/secrp\/wp-content\/uploads\/usu2432\/2024\/11\/marcel-Nur-300x267.png 300w, https:\/\/projectes.xtec.cat\/secrp\/wp-content\/uploads\/usu2432\/2024\/11\/marcel-Nur-768x682.png 768w\" sizes=\"auto, (max-width: 807px) 100vw, 807px\" \/><\/a><\/figure>\n\n\n\n<figure class=\"wp-block-image size-large\"><a href=\"https:\/\/projectes.xtec.cat\/secrp\/wp-content\/uploads\/usu2432\/2024\/11\/Dinamiques.png\"><img loading=\"lazy\" decoding=\"async\" width=\"609\" height=\"714\" data-id=\"12182\" src=\"https:\/\/projectes.xtec.cat\/secrp\/wp-content\/uploads\/usu2432\/2024\/11\/Dinamiques.png\" alt=\"\" class=\"wp-image-12182\" srcset=\"https:\/\/projectes.xtec.cat\/secrp\/wp-content\/uploads\/usu2432\/2024\/11\/Dinamiques.png 609w, https:\/\/projectes.xtec.cat\/secrp\/wp-content\/uploads\/usu2432\/2024\/11\/Dinamiques-256x300.png 256w\" sizes=\"auto, (max-width: 609px) 100vw, 609px\" \/><\/a><\/figure>\n\n\n\n<figure class=\"wp-block-image size-large\"><a href=\"https:\/\/projectes.xtec.cat\/secrp\/wp-content\/uploads\/usu2432\/2024\/11\/Buidat.2.png\"><img loading=\"lazy\" decoding=\"async\" width=\"719\" height=\"704\" data-id=\"12185\" src=\"https:\/\/projectes.xtec.cat\/secrp\/wp-content\/uploads\/usu2432\/2024\/11\/Buidat.2.png\" alt=\"\" class=\"wp-image-12185\" srcset=\"https:\/\/projectes.xtec.cat\/secrp\/wp-content\/uploads\/usu2432\/2024\/11\/Buidat.2.png 719w, https:\/\/projectes.xtec.cat\/secrp\/wp-content\/uploads\/usu2432\/2024\/11\/Buidat.2-300x294.png 300w\" sizes=\"auto, (max-width: 719px) 100vw, 719px\" \/><\/a><\/figure>\n\n\n\n<figure class=\"wp-block-image size-large\"><a href=\"https:\/\/projectes.xtec.cat\/secrp\/wp-content\/uploads\/usu2432\/2024\/11\/Buidat.1.png\"><img loading=\"lazy\" decoding=\"async\" width=\"722\" height=\"714\" data-id=\"12186\" src=\"https:\/\/projectes.xtec.cat\/secrp\/wp-content\/uploads\/usu2432\/2024\/11\/Buidat.1.png\" alt=\"\" class=\"wp-image-12186\" srcset=\"https:\/\/projectes.xtec.cat\/secrp\/wp-content\/uploads\/usu2432\/2024\/11\/Buidat.1.png 722w, https:\/\/projectes.xtec.cat\/secrp\/wp-content\/uploads\/usu2432\/2024\/11\/Buidat.1-300x297.png 300w\" sizes=\"auto, (max-width: 722px) 100vw, 722px\" \/><\/a><\/figure>\n<\/figure>\n\n\n\n<p>Els assistents van treballar en grups per definir estrat\u00e8gies i eines d\u2019avaluaci\u00f3, i es van emportar una eina per a la recollida d\u2019aprenentatges i reflexions per iniciar un <strong>cicle avaluatiu de xarxa<\/strong>.<\/p>\n\n\n\n<p>Durant la pausa-caf\u00e8, es va oferir un esmorzar servit per l\u2019alumnat d\u2019<strong>El Repartidor<\/strong>, Escola-Restaurant de la Fundaci\u00f3 El Llindar.<\/p>\n\n\n\n<figure class=\"wp-block-image aligncenter is-resized\"><img decoding=\"async\" src=\"https:\/\/lh7-rt.googleusercontent.com\/docsz\/AD_4nXdt4BRLlLklJ2XXaZkS42eE27HyoHBAY774wF5sYQyUrsMNOwodSvXBFU_IRslrdPJxMNMxtRxfJ5VtmtoVCYWLDHEuJoeLuJA1NZy7q8XQQP9UfVITjQubAuU4GFenKjn4jvvjhg?key=Qjdqd7Ta0-Et6uaR-qM8GYaQ\" alt=\"\" style=\"width:503px;height:auto\"\/><\/figure>\n\n\n\n<p>\ud83d\udcc2 <strong>Materials de la sessi\u00f3:<\/strong><\/p>\n\n\n\n<ul class=\"wp-block-list\">\n<li><a href=\"https:\/\/projectes.xtec.cat\/secrp\/formacio-interxarxes\/idees-clau-per-a-lacompanyament-a-centres-avaluacio-de-xarxes\/\" data-type=\"link\" data-id=\"https:\/\/projectes.xtec.cat\/secrp\/formacio-interxarxes\/idees-clau-per-a-lacompanyament-a-centres-avaluacio-de-xarxes\/\">Material primer trimestre<\/a><\/li>\n<\/ul>\n\n\n\n<h2 class=\"wp-block-heading has-text-align-center\">2n trimestre: Observaci\u00f3 entre iguals i transfer\u00e8ncia d\u2019aprenentatge<\/h2>\n\n\n\n<p>Les segones sessions formatives, celebrades els <strong>4 i 18 de febrer<\/strong> al CESIRE, van aprofundir en estrat\u00e8gies per a la col\u00b7laboraci\u00f3 entre xarxes i la transfer\u00e8ncia d\u2019aprenentatge als centres.<\/p>\n\n\n\n<h3 class=\"wp-block-heading\">Continguts treballats<\/h3>\n\n\n\n<ul class=\"wp-block-list\">\n<li><strong>Observaci\u00f3 entre iguals en l\u2019aprenentatge en xarxes<\/strong>\n<ul class=\"wp-block-list\">\n<li>A c\u00e0rrec del <strong>Dr. David Duran<\/strong>, catedr\u00e0tic del Departament de Psicologia de l\u2019Educaci\u00f3 de l\u2019UAB.<\/li>\n\n\n\n<li>Presentaci\u00f3 d\u2019un procediment d\u2019observaci\u00f3 entre iguals i estrat\u00e8gies per a la creaci\u00f3 d\u2019una <strong>cultura col\u00b7laborativa<\/strong>.<\/li>\n\n\n\n<li>\ud83d\udd17 <a href=\"https:\/\/www.observacioentreiguals.com\">M\u00e9s informaci\u00f3 sobre observaci\u00f3 entre iguals<\/a><\/li>\n<\/ul>\n<\/li>\n\n\n\n<li><strong>Transfer\u00e8ncia per a l\u2019aprenentatge en els centres en xarxa<\/strong>\n<ul class=\"wp-block-list\">\n<li>Sesssi\u00f3 impartida per <strong>N\u00faria Pallar\u00e9s, Helena Rovira i Joan Caminal<\/strong>, t\u00e8cnics del Servei de Curr\u00edculum d\u2019Infantil i Prim\u00e0ria.<\/li>\n\n\n\n<li>Presentaci\u00f3 d\u2019eines i estrat\u00e8gies per assegurar la transfer\u00e8ncia d\u2019aprenentatge dins les xarxes.<\/li>\n<\/ul>\n<\/li>\n<\/ul>\n\n\n\n<p>Els participants van treballar en grups per definir objectius i estrat\u00e8gies de transfer\u00e8ncia i es van facilitar materials per acompanyar aquest proc\u00e9s.<\/p>\n\n\n\n<figure class=\"wp-block-gallery has-nested-images columns-default is-cropped wp-block-gallery-2 is-layout-flex wp-block-gallery-is-layout-flex\">\n<figure class=\"wp-block-image size-large\"><a href=\"https:\/\/projectes.xtec.cat\/secrp\/wp-content\/uploads\/usu2432\/2025\/02\/David-Duran-1.png\"><img loading=\"lazy\" decoding=\"async\" width=\"678\" height=\"531\" data-id=\"12352\" src=\"https:\/\/projectes.xtec.cat\/secrp\/wp-content\/uploads\/usu2432\/2025\/02\/David-Duran-1.png\" alt=\"\" class=\"wp-image-12352\" srcset=\"https:\/\/projectes.xtec.cat\/secrp\/wp-content\/uploads\/usu2432\/2025\/02\/David-Duran-1.png 678w, https:\/\/projectes.xtec.cat\/secrp\/wp-content\/uploads\/usu2432\/2025\/02\/David-Duran-1-300x235.png 300w\" sizes=\"auto, (max-width: 678px) 100vw, 678px\" \/><\/a><\/figure>\n\n\n\n<figure class=\"wp-block-image size-large\"><a href=\"https:\/\/projectes.xtec.cat\/secrp\/wp-content\/uploads\/usu2432\/2025\/02\/Posada-en-comu-Nuria.png\"><img loading=\"lazy\" decoding=\"async\" width=\"653\" height=\"609\" data-id=\"12358\" src=\"https:\/\/projectes.xtec.cat\/secrp\/wp-content\/uploads\/usu2432\/2025\/02\/Posada-en-comu-Nuria.png\" alt=\"\" class=\"wp-image-12358\" srcset=\"https:\/\/projectes.xtec.cat\/secrp\/wp-content\/uploads\/usu2432\/2025\/02\/Posada-en-comu-Nuria.png 653w, https:\/\/projectes.xtec.cat\/secrp\/wp-content\/uploads\/usu2432\/2025\/02\/Posada-en-comu-Nuria-300x280.png 300w\" sizes=\"auto, (max-width: 653px) 100vw, 653px\" \/><\/a><\/figure>\n\n\n\n<figure class=\"wp-block-image size-large\"><a href=\"https:\/\/projectes.xtec.cat\/secrp\/wp-content\/uploads\/usu2432\/2025\/02\/passaport.png\"><img loading=\"lazy\" decoding=\"async\" width=\"528\" height=\"705\" data-id=\"12359\" src=\"https:\/\/projectes.xtec.cat\/secrp\/wp-content\/uploads\/usu2432\/2025\/02\/passaport.png\" alt=\"\" class=\"wp-image-12359\" srcset=\"https:\/\/projectes.xtec.cat\/secrp\/wp-content\/uploads\/usu2432\/2025\/02\/passaport.png 528w, https:\/\/projectes.xtec.cat\/secrp\/wp-content\/uploads\/usu2432\/2025\/02\/passaport-225x300.png 225w\" sizes=\"auto, (max-width: 528px) 100vw, 528px\" \/><\/a><\/figure>\n\n\n\n<figure class=\"wp-block-image size-large\"><a href=\"https:\/\/projectes.xtec.cat\/secrp\/wp-content\/uploads\/usu2432\/2025\/02\/ordre-del-dia.png\"><img loading=\"lazy\" decoding=\"async\" width=\"515\" height=\"661\" data-id=\"12360\" src=\"https:\/\/projectes.xtec.cat\/secrp\/wp-content\/uploads\/usu2432\/2025\/02\/ordre-del-dia.png\" alt=\"\" class=\"wp-image-12360\" srcset=\"https:\/\/projectes.xtec.cat\/secrp\/wp-content\/uploads\/usu2432\/2025\/02\/ordre-del-dia.png 515w, https:\/\/projectes.xtec.cat\/secrp\/wp-content\/uploads\/usu2432\/2025\/02\/ordre-del-dia-234x300.png 234w\" sizes=\"auto, (max-width: 515px) 100vw, 515px\" \/><\/a><\/figure>\n\n\n\n<figure class=\"wp-block-image size-large\"><a href=\"https:\/\/projectes.xtec.cat\/secrp\/wp-content\/uploads\/usu2432\/2025\/02\/Grups-dinamica-Joan-i-Nuria.png\"><img loading=\"lazy\" decoding=\"async\" width=\"762\" height=\"617\" data-id=\"12363\" src=\"https:\/\/projectes.xtec.cat\/secrp\/wp-content\/uploads\/usu2432\/2025\/02\/Grups-dinamica-Joan-i-Nuria.png\" alt=\"\" class=\"wp-image-12363\" srcset=\"https:\/\/projectes.xtec.cat\/secrp\/wp-content\/uploads\/usu2432\/2025\/02\/Grups-dinamica-Joan-i-Nuria.png 762w, https:\/\/projectes.xtec.cat\/secrp\/wp-content\/uploads\/usu2432\/2025\/02\/Grups-dinamica-Joan-i-Nuria-300x243.png 300w\" sizes=\"auto, (max-width: 762px) 100vw, 762px\" \/><\/a><\/figure>\n\n\n\n<figure class=\"wp-block-image size-large\"><a href=\"https:\/\/projectes.xtec.cat\/secrp\/wp-content\/uploads\/usu2432\/2025\/02\/David-Duran.png\"><img loading=\"lazy\" decoding=\"async\" width=\"678\" height=\"531\" data-id=\"12364\" src=\"https:\/\/projectes.xtec.cat\/secrp\/wp-content\/uploads\/usu2432\/2025\/02\/David-Duran.png\" alt=\"\" class=\"wp-image-12364\" srcset=\"https:\/\/projectes.xtec.cat\/secrp\/wp-content\/uploads\/usu2432\/2025\/02\/David-Duran.png 678w, https:\/\/projectes.xtec.cat\/secrp\/wp-content\/uploads\/usu2432\/2025\/02\/David-Duran-300x235.png 300w\" sizes=\"auto, (max-width: 678px) 100vw, 678px\" \/><\/a><\/figure>\n\n\n\n<figure class=\"wp-block-image size-large\"><a href=\"https:\/\/projectes.xtec.cat\/secrp\/wp-content\/uploads\/usu2432\/2025\/02\/dinamica-viatge.png\"><img loading=\"lazy\" decoding=\"async\" width=\"951\" height=\"714\" data-id=\"12368\" src=\"https:\/\/projectes.xtec.cat\/secrp\/wp-content\/uploads\/usu2432\/2025\/02\/dinamica-viatge.png\" alt=\"\" class=\"wp-image-12368\" srcset=\"https:\/\/projectes.xtec.cat\/secrp\/wp-content\/uploads\/usu2432\/2025\/02\/dinamica-viatge.png 951w, https:\/\/projectes.xtec.cat\/secrp\/wp-content\/uploads\/usu2432\/2025\/02\/dinamica-viatge-300x225.png 300w, https:\/\/projectes.xtec.cat\/secrp\/wp-content\/uploads\/usu2432\/2025\/02\/dinamica-viatge-768x577.png 768w, https:\/\/projectes.xtec.cat\/secrp\/wp-content\/uploads\/usu2432\/2025\/02\/dinamica-viatge-200x150.png 200w\" sizes=\"auto, (max-width: 951px) 100vw, 951px\" \/><\/a><\/figure>\n\n\n\n<figure class=\"wp-block-image size-large\"><a href=\"https:\/\/projectes.xtec.cat\/secrp\/wp-content\/uploads\/usu2432\/2025\/02\/Joan-i-Helena.png\"><img loading=\"lazy\" decoding=\"async\" width=\"560\" height=\"607\" data-id=\"12378\" src=\"https:\/\/projectes.xtec.cat\/secrp\/wp-content\/uploads\/usu2432\/2025\/02\/Joan-i-Helena.png\" alt=\"\" class=\"wp-image-12378\" srcset=\"https:\/\/projectes.xtec.cat\/secrp\/wp-content\/uploads\/usu2432\/2025\/02\/Joan-i-Helena.png 560w, https:\/\/projectes.xtec.cat\/secrp\/wp-content\/uploads\/usu2432\/2025\/02\/Joan-i-Helena-277x300.png 277w\" sizes=\"auto, (max-width: 560px) 100vw, 560px\" \/><\/a><\/figure>\n<\/figure>\n\n\n\n<p>Durant la pausa-caf\u00e8, es va oferir un esmorzar preparat per l\u2019empresa d\u2019Inserci\u00f3 <strong>L\u2019Olivera-Can Calopa<\/strong>, dedicada a la integraci\u00f3 sociolaboral.<\/p>\n\n\n\n<figure class=\"wp-block-gallery has-nested-images columns-default is-cropped wp-block-gallery-3 is-layout-flex wp-block-gallery-is-layout-flex\">\n<figure class=\"wp-block-image size-large\"><a href=\"https:\/\/projectes.xtec.cat\/secrp\/wp-content\/uploads\/usu2432\/2025\/02\/Lolivera-2.png\"><img loading=\"lazy\" decoding=\"async\" width=\"669\" height=\"538\" data-id=\"12376\" src=\"https:\/\/projectes.xtec.cat\/secrp\/wp-content\/uploads\/usu2432\/2025\/02\/Lolivera-2.png\" alt=\"\" class=\"wp-image-12376\" srcset=\"https:\/\/projectes.xtec.cat\/secrp\/wp-content\/uploads\/usu2432\/2025\/02\/Lolivera-2.png 669w, https:\/\/projectes.xtec.cat\/secrp\/wp-content\/uploads\/usu2432\/2025\/02\/Lolivera-2-300x241.png 300w\" sizes=\"auto, (max-width: 669px) 100vw, 669px\" \/><\/a><\/figure>\n\n\n\n<figure class=\"wp-block-image size-large\"><a href=\"https:\/\/projectes.xtec.cat\/secrp\/wp-content\/uploads\/usu2432\/2025\/02\/Lolivera.png\"><img loading=\"lazy\" decoding=\"async\" width=\"545\" height=\"631\" data-id=\"12377\" src=\"https:\/\/projectes.xtec.cat\/secrp\/wp-content\/uploads\/usu2432\/2025\/02\/Lolivera.png\" alt=\"\" class=\"wp-image-12377\" srcset=\"https:\/\/projectes.xtec.cat\/secrp\/wp-content\/uploads\/usu2432\/2025\/02\/Lolivera.png 545w, https:\/\/projectes.xtec.cat\/secrp\/wp-content\/uploads\/usu2432\/2025\/02\/Lolivera-259x300.png 259w\" sizes=\"auto, (max-width: 545px) 100vw, 545px\" \/><\/a><\/figure>\n<\/figure>\n\n\n\n<p>\ud83d\udcc2 <strong>Materials de la sessi\u00f3:<\/strong><\/p>\n\n\n\n<ul class=\"wp-block-list\">\n<li><a href=\"https:\/\/projectes.xtec.cat\/secrp\/formacio-interxarxes\/materials-interxarxes-ii\/\">Material segon trimestre<\/a><\/li>\n<\/ul>\n\n\n\n<p>Aquesta formaci\u00f3 continua sent un espai d\u2019intercanvi i millora per a tots els professionals implicats en xarxes educatives. Seguim construint plegades!<\/p>\n","protected":false},"excerpt":{"rendered":"<p>La Formaci\u00f3 Interxarxes s&#8217;adre\u00e7a als professionals que dinamitzen o s\u00f3n responsables de xarxes educatives. Amb un enfocament pr\u00e0ctic i aplicat, [&hellip;]<\/p>\n","protected":false},"author":72,"featured_media":0,"parent":0,"menu_order":0,"comment_status":"closed","ping_status":"closed","template":"page-templates\/side-menu.php","meta":{"_bbp_topic_count":0,"_bbp_reply_count":0,"_bbp_total_topic_count":0,"_bbp_total_reply_count":0,"_bbp_voice_count":0,"_bbp_anonymous_reply_count":0,"_bbp_topic_count_hidden":0,"_bbp_reply_count_hidden":0,"_bbp_forum_subforum_count":0,"site-sidebar-layout":"default","site-content-layout":"","ast-site-content-layout":"","site-content-style":"default","site-sidebar-style":"default","ast-global-header-display":"","ast-banner-title-visibility":"","ast-main-header-display":"","ast-hfb-above-header-display":"","ast-hfb-below-header-display":"","ast-hfb-mobile-header-display":"","site-post-title":"","ast-breadcrumbs-content":"","ast-featured-img":"","footer-sml-layout":"","theme-transparent-header-meta":"","adv-header-id-meta":"","stick-header-meta":"","header-above-stick-meta":"","header-main-stick-meta":"","header-below-stick-meta":"","astra-migrate-meta-layouts":"default","ast-page-background-enabled":"default","ast-page-background-meta":{"desktop":{"background-color":"var(--ast-global-color-4)","background-image":"","background-repeat":"repeat","background-position":"center center","background-size":"auto","background-attachment":"scroll","background-type":"","background-media":"","overlay-type":"","overlay-color":"","overlay-opacity":"","overlay-gradient":""},"tablet":{"background-color":"","background-image":"","background-repeat":"repeat","background-position":"center center","background-size":"auto","background-attachment":"scroll","background-type":"","background-media":"","overlay-type":"","overlay-color":"","overlay-opacity":"","overlay-gradient":""},"mobile":{"background-color":"","background-image":"","background-repeat":"repeat","background-position":"center center","background-size":"auto","background-attachment":"scroll","background-type":"","background-media":"","overlay-type":"","overlay-color":"","overlay-opacity":"","overlay-gradient":""}},"ast-content-background-meta":{"desktop":{"background-color":"var(--ast-global-color-5)","background-image":"","background-repeat":"repeat","background-position":"center center","background-size":"auto","background-attachment":"scroll","background-type":"","background-media":"","overlay-type":"","overlay-color":"","overlay-opacity":"","overlay-gradient":""},"tablet":{"background-color":"var(--ast-global-color-5)","background-image":"","background-repeat":"repeat","background-position":"center center","background-size":"auto","background-attachment":"scroll","background-type":"","background-media":"","overlay-type":"","overlay-color":"","overlay-opacity":"","overlay-gradient":""},"mobile":{"background-color":"var(--ast-global-color-5)","background-image":"","background-repeat":"repeat","background-position":"center center","background-size":"auto","background-attachment":"scroll","background-type":"","background-media":"","overlay-type":"","overlay-color":"","overlay-opacity":"","overlay-gradient":""}},"footnotes":""},"class_list":["post-12336","page","type-page","status-publish","hentry"],"post_mailing_queue_ids":[],"_links":{"self":[{"href":"https:\/\/projectes.xtec.cat\/secrp\/wp-json\/wp\/v2\/pages\/12336","targetHints":{"allow":["GET"]}}],"collection":[{"href":"https:\/\/projectes.xtec.cat\/secrp\/wp-json\/wp\/v2\/pages"}],"about":[{"href":"https:\/\/projectes.xtec.cat\/secrp\/wp-json\/wp\/v2\/types\/page"}],"author":[{"embeddable":true,"href":"https:\/\/projectes.xtec.cat\/secrp\/wp-json\/wp\/v2\/users\/72"}],"replies":[{"embeddable":true,"href":"https:\/\/projectes.xtec.cat\/secrp\/wp-json\/wp\/v2\/comments?post=12336"}],"version-history":[{"count":2,"href":"https:\/\/projectes.xtec.cat\/secrp\/wp-json\/wp\/v2\/pages\/12336\/revisions"}],"predecessor-version":[{"id":12409,"href":"https:\/\/projectes.xtec.cat\/secrp\/wp-json\/wp\/v2\/pages\/12336\/revisions\/12409"}],"wp:attachment":[{"href":"https:\/\/projectes.xtec.cat\/secrp\/wp-json\/wp\/v2\/media?parent=12336"}],"curies":[{"name":"wp","href":"https:\/\/api.w.org\/{rel}","templated":true}]}}