{"id":12603,"date":"2026-01-12T14:03:26","date_gmt":"2026-01-12T13:03:26","guid":{"rendered":"https:\/\/projectes.xtec.cat\/secrp\/?page_id=12603"},"modified":"2026-01-12T14:03:27","modified_gmt":"2026-01-12T13:03:27","slug":"recollida-devidencies-a-les-xarxes","status":"publish","type":"page","link":"https:\/\/projectes.xtec.cat\/secrp\/recollida-devidencies-a-les-xarxes\/","title":{"rendered":"Recollida d&#8217;evid\u00e8ncies a les xarxes"},"content":{"rendered":"\n<p>Aqu\u00ed trobareu tots els materials que s\u2019han fet servir durant la sessi\u00f3:<\/p>\n\n\n\n<p class=\"has-vivid-cyan-blue-color has-text-color has-link-color has-x-large-font-size wp-elements-44f2f689e07c3e6ce062b106e72e155b\">Recollida d&#8217;evid\u00e8ncies a les xarxes.<br>Eines i estrat\u00e8gies per a la transfer\u00e8ncia al centre.<\/p>\n\n\n\n<figure class=\"wp-block-image size-large\"><a href=\"https:\/\/projectes.xtec.cat\/secrp\/wp-content\/uploads\/usu2432\/2026\/01\/1.png\"><img loading=\"lazy\" decoding=\"async\" width=\"1024\" height=\"570\" src=\"https:\/\/projectes.xtec.cat\/secrp\/wp-content\/uploads\/usu2432\/2026\/01\/1-1024x570.png\" alt=\"\" class=\"wp-image-12604\" srcset=\"https:\/\/projectes.xtec.cat\/secrp\/wp-content\/uploads\/usu2432\/2026\/01\/1-1024x570.png 1024w, https:\/\/projectes.xtec.cat\/secrp\/wp-content\/uploads\/usu2432\/2026\/01\/1-300x167.png 300w, https:\/\/projectes.xtec.cat\/secrp\/wp-content\/uploads\/usu2432\/2026\/01\/1-768x428.png 768w, https:\/\/projectes.xtec.cat\/secrp\/wp-content\/uploads\/usu2432\/2026\/01\/1.png 1499w\" sizes=\"auto, (max-width: 1024px) 100vw, 1024px\" \/><\/a><\/figure>\n\n\n\n<p><a href=\"https:\/\/drive.google.com\/file\/d\/1dngi-RoeVuVWUGovO\u2013U4UuKeo3sREAP\/view?usp=sharing\">https:\/\/drive.google.com\/file\/d\/1dngi-RoeVuVWUGovO\u2013U4UuKeo3sREAP\/view?usp=sharing<\/a><\/p>\n\n\n\n<figure class=\"wp-block-image size-full\"><a href=\"https:\/\/projectes.xtec.cat\/secrp\/wp-content\/uploads\/usu2432\/2026\/01\/2.png\"><img loading=\"lazy\" decoding=\"async\" width=\"904\" height=\"693\" src=\"https:\/\/projectes.xtec.cat\/secrp\/wp-content\/uploads\/usu2432\/2026\/01\/2.png\" alt=\"\" class=\"wp-image-12605\" srcset=\"https:\/\/projectes.xtec.cat\/secrp\/wp-content\/uploads\/usu2432\/2026\/01\/2.png 904w, https:\/\/projectes.xtec.cat\/secrp\/wp-content\/uploads\/usu2432\/2026\/01\/2-300x230.png 300w, https:\/\/projectes.xtec.cat\/secrp\/wp-content\/uploads\/usu2432\/2026\/01\/2-768x589.png 768w\" sizes=\"auto, (max-width: 904px) 100vw, 904px\" \/><\/a><\/figure>\n\n\n\n<p><a href=\"https:\/\/drive.google.com\/file\/d\/1kHb2n5l577SepVKd9wIGtxy3S1ia3a5a\/view?usp=sharing\">https:\/\/drive.google.com\/file\/d\/1kHb2n5l577SepVKd9wIGtxy3S1ia3a5a\/view?usp=sharing<\/a><\/p>\n\n\n\n<figure class=\"wp-block-image size-full\"><a href=\"https:\/\/projectes.xtec.cat\/secrp\/wp-content\/uploads\/usu2432\/2026\/01\/3.png\"><img loading=\"lazy\" decoding=\"async\" width=\"892\" height=\"720\" src=\"https:\/\/projectes.xtec.cat\/secrp\/wp-content\/uploads\/usu2432\/2026\/01\/3.png\" alt=\"\" class=\"wp-image-12606\" srcset=\"https:\/\/projectes.xtec.cat\/secrp\/wp-content\/uploads\/usu2432\/2026\/01\/3.png 892w, https:\/\/projectes.xtec.cat\/secrp\/wp-content\/uploads\/usu2432\/2026\/01\/3-300x242.png 300w, https:\/\/projectes.xtec.cat\/secrp\/wp-content\/uploads\/usu2432\/2026\/01\/3-768x620.png 768w\" sizes=\"auto, (max-width: 892px) 100vw, 892px\" \/><\/a><\/figure>\n\n\n\n<p><a href=\"https:\/\/drive.google.com\/file\/d\/1ISBv_FAhCb0pG-O-oPsTE13ZclZqsnZ_\/view?usp=sharing\">https:\/\/drive.google.com\/file\/d\/1ISBv_FAhCb0pG-O-oPsTE13ZclZqsnZ_\/view?usp=sharing<\/a><\/p>\n\n\n\n<figure class=\"wp-block-image size-full\"><a href=\"https:\/\/projectes.xtec.cat\/secrp\/wp-content\/uploads\/usu2432\/2026\/01\/4.png\"><img loading=\"lazy\" decoding=\"async\" width=\"516\" height=\"738\" src=\"https:\/\/projectes.xtec.cat\/secrp\/wp-content\/uploads\/usu2432\/2026\/01\/4.png\" alt=\"\" class=\"wp-image-12607\" srcset=\"https:\/\/projectes.xtec.cat\/secrp\/wp-content\/uploads\/usu2432\/2026\/01\/4.png 516w, https:\/\/projectes.xtec.cat\/secrp\/wp-content\/uploads\/usu2432\/2026\/01\/4-210x300.png 210w\" sizes=\"auto, (max-width: 516px) 100vw, 516px\" \/><\/a><\/figure>\n\n\n\n<p><a href=\"https:\/\/educacio.gencat.cat\/web\/.content\/home\/departament\/publicacions\/colleccions\/competencies-basiques\/primaria\/formar-transformar.pdf\">https:\/\/educacio.gencat.cat\/web\/.content\/home\/departament\/publicacions\/colleccions\/competencies-basiques\/primaria\/formar-transformar.pdf<\/a><\/p>\n\n\n\n<p><\/p>\n","protected":false},"excerpt":{"rendered":"<p>Aqu\u00ed trobareu tots els materials que s\u2019han fet servir durant la sessi\u00f3: Recollida d&#8217;evid\u00e8ncies a les xarxes.Eines i estrat\u00e8gies per [&hellip;]<\/p>\n","protected":false},"author":1,"featured_media":0,"parent":0,"menu_order":0,"comment_status":"closed","ping_status":"close","template":"","meta":{"_bbp_topic_count":0,"_bbp_reply_count":0,"_bbp_total_topic_count":0,"_bbp_total_reply_count":0,"_bbp_voice_count":0,"_bbp_anonymous_reply_count":0,"_bbp_topic_count_hidden":0,"_bbp_reply_count_hidden":0,"_bbp_forum_subforum_count":0,"site-sidebar-layout":"default","site-content-layout":"","ast-site-content-layout":"default","site-content-style":"default","site-sidebar-style":"default","ast-global-header-display":"","ast-banner-title-visibility":"","ast-main-header-display":"","ast-hfb-above-header-display":"","ast-hfb-below-header-display":"","ast-hfb-mobile-header-display":"","site-post-title":"","ast-breadcrumbs-content":"","ast-featured-img":"","footer-sml-layout":"","theme-transparent-header-meta":"","adv-header-id-meta":"","stick-header-meta":"","header-above-stick-meta":"","header-main-stick-meta":"","header-below-stick-meta":"","astra-migrate-meta-layouts":"set","ast-page-background-enabled":"default","ast-page-background-meta":{"desktop":{"background-color":"var(--ast-global-color-4)","background-image":"","background-repeat":"repeat","background-position":"center center","background-size":"auto","background-attachment":"scroll","background-type":"","background-media":"","overlay-type":"","overlay-color":"","overlay-opacity":"","overlay-gradient":""},"tablet":{"background-color":"","background-image":"","background-repeat":"repeat","background-position":"center center","background-size":"auto","background-attachment":"scroll","background-type":"","background-media":"","overlay-type":"","overlay-color":"","overlay-opacity":"","overlay-gradient":""},"mobile":{"background-color":"","background-image":"","background-repeat":"repeat","background-position":"center center","background-size":"auto","background-attachment":"scroll","background-type":"","background-media":"","overlay-type":"","overlay-color":"","overlay-opacity":"","overlay-gradient":""}},"ast-content-background-meta":{"desktop":{"background-color":"var(--ast-global-color-5)","background-image":"","background-repeat":"repeat","background-position":"center center","background-size":"auto","background-attachment":"scroll","background-type":"","background-media":"","overlay-type":"","overlay-color":"","overlay-opacity":"","overlay-gradient":""},"tablet":{"background-color":"var(--ast-global-color-5)","background-image":"","background-repeat":"repeat","background-position":"center center","background-size":"auto","background-attachment":"scroll","background-type":"","background-media":"","overlay-type":"","overlay-color":"","overlay-opacity":"","overlay-gradient":""},"mobile":{"background-color":"var(--ast-global-color-5)","background-image":"","background-repeat":"repeat","background-position":"center center","background-size":"auto","background-attachment":"scroll","background-type":"","background-media":"","overlay-type":"","overlay-color":"","overlay-opacity":"","overlay-gradient":""}},"footnotes":""},"class_list":["post-12603","page","type-page","status-publish","hentry"],"post_mailing_queue_ids":[],"_links":{"self":[{"href":"https:\/\/projectes.xtec.cat\/secrp\/wp-json\/wp\/v2\/pages\/12603","targetHints":{"allow":["GET"]}}],"collection":[{"href":"https:\/\/projectes.xtec.cat\/secrp\/wp-json\/wp\/v2\/pages"}],"about":[{"href":"https:\/\/projectes.xtec.cat\/secrp\/wp-json\/wp\/v2\/types\/page"}],"author":[{"embeddable":true,"href":"https:\/\/projectes.xtec.cat\/secrp\/wp-json\/wp\/v2\/users\/1"}],"replies":[{"embeddable":true,"href":"https:\/\/projectes.xtec.cat\/secrp\/wp-json\/wp\/v2\/comments?post=12603"}],"version-history":[{"count":1,"href":"https:\/\/projectes.xtec.cat\/secrp\/wp-json\/wp\/v2\/pages\/12603\/revisions"}],"predecessor-version":[{"id":12608,"href":"https:\/\/projectes.xtec.cat\/secrp\/wp-json\/wp\/v2\/pages\/12603\/revisions\/12608"}],"wp:attachment":[{"href":"https:\/\/projectes.xtec.cat\/secrp\/wp-json\/wp\/v2\/media?parent=12603"}],"curies":[{"name":"wp","href":"https:\/\/api.w.org\/{rel}","templated":true}]}}