{"id":318,"date":"2015-11-24T18:18:24","date_gmt":"2015-11-24T17:18:24","guid":{"rendered":"http:\/\/projectes.xtec.cat\/secrp\/?page_id=318"},"modified":"2025-03-05T10:07:32","modified_gmt":"2025-03-05T09:07:32","slug":"on-som","status":"publish","type":"page","link":"https:\/\/projectes.xtec.cat\/secrp\/on-som\/","title":{"rendered":"On som"},"content":{"rendered":"<p><span style=\"color: #808080;\"><strong>Servei de Xarxes i Serveis Educatius<\/strong><\/span><br \/>\nSub-Direcci\u00f3 General d\u2019Innovaci\u00f3 i Formaci\u00f3<br \/>\nDirecci\u00f3 General d&#8217;Innovaci\u00f3, Digitalitzaci\u00f3 i Curr\u00edculum<br \/>\nVia Augusta 202-226, segona planta sector B<br \/>\n08021 Barcelona<br \/>\nTel\u00e8fon: 934 006 900<br \/>\nCorreu electr\u00f2nic: <a href=\"mailto:serveiseducatius@xtec.cat\">serveiseducatius@xtec.cat<\/a> \/ <a href=\"mailto:xarxesiserveisedu.educacio@gencat.cat\">xarxesiserveisedu.educacio@gencat.cat<\/a><\/p>\n<p><iframe loading=\"lazy\" src=\"https:\/\/www.google.com\/maps\/embed?pb=!1m18!1m12!1m3!1d2992.9000614955003!2d2.1374589154261243!3d41.39797667926319!2m3!1f0!2f0!3f0!3m2!1i1024!2i768!4f13.1!3m3!1m2!1s0x12a498738e7e697f%3A0x443691a6ba02ae9a!2sVia%20Augusta%2C%20202%2C%2008021%20Barcelona!5e0!3m2!1sca!2ses!4v1618156224009!5m2!1sca!2ses\" width=\"600\" height=\"450\"><\/iframe><\/p>\n<p class=\"textwidget\">\n","protected":false},"excerpt":{"rendered":"<p>Servei de Xarxes i Serveis Educatius Sub-Direcci\u00f3 General d\u2019Innovaci\u00f3 i Formaci\u00f3 Direcci\u00f3 General d&#8217;Innovaci\u00f3, Digitalitzaci\u00f3 i Curr\u00edculum Via Augusta 202-226, [&hellip;]<\/p>\n","protected":false},"author":1,"featured_media":0,"parent":0,"menu_order":0,"comment_status":"closed","ping_status":"closed","template":"","meta":{"_bbp_topic_count":0,"_bbp_reply_count":0,"_bbp_total_topic_count":0,"_bbp_total_reply_count":0,"_bbp_voice_count":0,"_bbp_anonymous_reply_count":0,"_bbp_topic_count_hidden":0,"_bbp_reply_count_hidden":0,"_bbp_forum_subforum_count":0,"site-sidebar-layout":"default","site-content-layout":"","ast-site-content-layout":"default","site-content-style":"default","site-sidebar-style":"default","ast-global-header-display":"","ast-banner-title-visibility":"","ast-main-header-display":"","ast-hfb-above-header-display":"","ast-hfb-below-header-display":"","ast-hfb-mobile-header-display":"","site-post-title":"","ast-breadcrumbs-content":"","ast-featured-img":"","footer-sml-layout":"","theme-transparent-header-meta":"","adv-header-id-meta":"","stick-header-meta":"","header-above-stick-meta":"","header-main-stick-meta":"","header-below-stick-meta":"","astra-migrate-meta-layouts":"set","ast-page-background-enabled":"default","ast-page-background-meta":{"desktop":{"background-color":"var(--ast-global-color-4)","background-image":"","background-repeat":"repeat","background-position":"center center","background-size":"auto","background-attachment":"scroll","background-type":"","background-media":"","overlay-type":"","overlay-color":"","overlay-opacity":"","overlay-gradient":""},"tablet":{"background-color":"","background-image":"","background-repeat":"repeat","background-position":"center center","background-size":"auto","background-attachment":"scroll","background-type":"","background-media":"","overlay-type":"","overlay-color":"","overlay-opacity":"","overlay-gradient":""},"mobile":{"background-color":"","background-image":"","background-repeat":"repeat","background-position":"center center","background-size":"auto","background-attachment":"scroll","background-type":"","background-media":"","overlay-type":"","overlay-color":"","overlay-opacity":"","overlay-gradient":""}},"ast-content-background-meta":{"desktop":{"background-color":"var(--ast-global-color-5)","background-image":"","background-repeat":"repeat","background-position":"center center","background-size":"auto","background-attachment":"scroll","background-type":"","background-media":"","overlay-type":"","overlay-color":"","overlay-opacity":"","overlay-gradient":""},"tablet":{"background-color":"var(--ast-global-color-5)","background-image":"","background-repeat":"repeat","background-position":"center center","background-size":"auto","background-attachment":"scroll","background-type":"","background-media":"","overlay-type":"","overlay-color":"","overlay-opacity":"","overlay-gradient":""},"mobile":{"background-color":"var(--ast-global-color-5)","background-image":"","background-repeat":"repeat","background-position":"center center","background-size":"auto","background-attachment":"scroll","background-type":"","background-media":"","overlay-type":"","overlay-color":"","overlay-opacity":"","overlay-gradient":""}},"footnotes":""},"class_list":["post-318","page","type-page","status-publish","hentry"],"post_mailing_queue_ids":[],"_links":{"self":[{"href":"https:\/\/projectes.xtec.cat\/secrp\/wp-json\/wp\/v2\/pages\/318","targetHints":{"allow":["GET"]}}],"collection":[{"href":"https:\/\/projectes.xtec.cat\/secrp\/wp-json\/wp\/v2\/pages"}],"about":[{"href":"https:\/\/projectes.xtec.cat\/secrp\/wp-json\/wp\/v2\/types\/page"}],"author":[{"embeddable":true,"href":"https:\/\/projectes.xtec.cat\/secrp\/wp-json\/wp\/v2\/users\/1"}],"replies":[{"embeddable":true,"href":"https:\/\/projectes.xtec.cat\/secrp\/wp-json\/wp\/v2\/comments?post=318"}],"version-history":[{"count":3,"href":"https:\/\/projectes.xtec.cat\/secrp\/wp-json\/wp\/v2\/pages\/318\/revisions"}],"predecessor-version":[{"id":12446,"href":"https:\/\/projectes.xtec.cat\/secrp\/wp-json\/wp\/v2\/pages\/318\/revisions\/12446"}],"wp:attachment":[{"href":"https:\/\/projectes.xtec.cat\/secrp\/wp-json\/wp\/v2\/media?parent=318"}],"curies":[{"name":"wp","href":"https:\/\/api.w.org\/{rel}","templated":true}]}}