{"id":8654,"date":"2021-03-25T22:24:16","date_gmt":"2021-03-25T21:24:16","guid":{"rendered":"https:\/\/projectes.xtec.cat\/secrp\/?page_id=8654"},"modified":"2023-07-24T12:26:58","modified_gmt":"2023-07-24T10:26:58","slug":"acompanyament-a-xarxes","status":"publish","type":"page","link":"https:\/\/projectes.xtec.cat\/secrp\/xarxes-nova-esborrar\/acompanyament-a-xarxes\/","title":{"rendered":"Acompanyament a xarxes"},"content":{"rendered":"<p style=\"text-align: justify;\">Les <strong>xarxes<\/strong> s&#8217;han convertit avui en dia en la forma organitzativa m\u00e9s important del nostre temps, fent un nou gir a l\u2019activitat de la societat en general, i en particular dels centres educatius i del desenvolupament personal i professional del professorat.<\/p>\n<p style=\"text-align: center;\">A continuaci\u00f3 us presentem un v\u00eddeo explicatiu de l\u2019<em>Eina d\u2019autoavaluaci\u00f3 din\u00e0mica de xarxes<\/em>. Aquesta eina est\u00e0 adre\u00e7ada tant a les xarxes que ja estan en funcionament com a aquelles que s\u2019estan teixint, amb la intenci\u00f3 que esdevinguin xarxes de transformaci\u00f3 educativa.<\/p>\n<p style=\"text-align: center;\"><iframe loading=\"lazy\" title=\"YouTube video player\" src=\"https:\/\/www.youtube.com\/embed\/6mgMzKXNabc\" width=\"560\" height=\"315\" frameborder=\"0\" allowfullscreen=\"allowfullscreen\"><\/iframe><\/p>\n<p style=\"text-align: left;\">La Direcci\u00f3 General d\u2019Innovaci\u00f3, Digitalitzaci\u00f3 i Recerca Educativa del Departament d&#8217;Educaci\u00f3 posa a disposici\u00f3 dels centres que estan en xarxa i dels agents que en donen suport, acompanyament i assessorament l&#8217;<span style=\"color: #808080;\"><strong><span style=\"color: #333333;\">Eina d&#8217;Autoavaluaci\u00f3 Din\u00e0mica de Xarxes<\/span><\/strong>.\u00a0<\/span><\/p>\n<h5><strong>El doble objectiu de l&#8217;Eina<\/strong><\/h5>\n<ol>\n<li style=\"text-align: justify;\">Facilitar l&#8217;<span style=\"color: #333333;\"><strong>autodiagnosi<\/strong> <\/span>de la xarxa de centres a partir d&#8217;indicadors d&#8217;habilitats existents per con\u00e8ixer el nivell de desenvolupament de la mateixa.<\/li>\n<li style=\"text-align: justify;\">Aportar una bastida d<span style=\"color: #808080;\"><span style=\"color: #333333;\">&#8216;<strong>autoseguiment i autoregulaci\u00f3<\/strong><\/span><\/span> din\u00e0mica (sostenibilitat) de la xarxa de centres a partir de quatre nivells de qualitat detallats en descriptors fins al nivell m\u00e0xim (l&#8217;identitari). Aquest segon objectiu es desenvolupa en dos moments al llarg del curs per comprovar si el que es volia assolir s\u2019ha aconseguit.<\/li>\n<\/ol>\n<p style=\"text-align: justify;\">Per tant, aquesta eina permet als centres que estan en xarxa exercir la seva <em>autonomia<\/em> per avan\u00e7ar en el seu proc\u00e9s d&#8217;aprenentatge, canvi i transformaci\u00f3; i conseq\u00fcentment permet la millora del sistema educatiu.<\/p>\n<h5><strong>La seva finalitat<\/strong><\/h5>\n<p style=\"text-align: justify;\">Analitzar el grau de <span style=\"color: #333333;\"><b>desenvolupament<\/b> <\/span>d\u2019una xarxa en relaci\u00f3 a <span style=\"color: #333333;\"><b>sis focus<\/b><\/span> que conformen el seu nivell de solidesa.<\/p>\n<h5><strong>Els sis focus de desenvolupament i els quatre nivells de qualitat dels centres en xarxa<\/strong><\/h5>\n<p><a href=\"https:\/\/projectes.xtec.cat\/secrp\/wp-content\/uploads\/usu2432\/2021\/03\/DGIRCD-Eina-d%E2%80%99Autoavaluaci%C3%B3-Din%C3%A0mica-de-Xarxes.pdf\"><img loading=\"lazy\" decoding=\"async\" class=\" wp-image-8726 aligncenter\" src=\"https:\/\/projectes.xtec.cat\/secrp\/wp-content\/uploads\/usu2432\/2021\/03\/6focus-desenvolupament-EinaAutoavaluaci\u00f3Din\u00e0micaXarxes.png\" alt=\"\" width=\"676\" height=\"372\" srcset=\"https:\/\/projectes.xtec.cat\/secrp\/wp-content\/uploads\/usu2432\/2021\/03\/6focus-desenvolupament-EinaAutoavaluaci\u00f3Din\u00e0micaXarxes.png 987w, https:\/\/projectes.xtec.cat\/secrp\/wp-content\/uploads\/usu2432\/2021\/03\/6focus-desenvolupament-EinaAutoavaluaci\u00f3Din\u00e0micaXarxes-300x165.png 300w, https:\/\/projectes.xtec.cat\/secrp\/wp-content\/uploads\/usu2432\/2021\/03\/6focus-desenvolupament-EinaAutoavaluaci\u00f3Din\u00e0micaXarxes-768x423.png 768w\" sizes=\"auto, (max-width: 676px) 100vw, 676px\" \/><\/a><\/p>\n<p style=\"text-align: justify;\">Els sis focus de desenvolupament aporten informaci\u00f3 sobre els elements de domini per arribar a l\u2019excel\u00b7l\u00e8ncia atenent a quatre nivells de qualitat. A m\u00e9s, cada focus t\u00e9 associats uns conceptes clau que el descriuen, uns descriptors i uns indicadors.<\/p>\n<p>L&#8217;Eina proposa instruments d&#8217;avaluaci\u00f3 com un <em>checklist<\/em>, una <em>r\u00fabrica<\/em> o una <em>diana<\/em> (aquesta darrera per evidenciar la millora en els dos moments d&#8217;autoregulaci\u00f3).<\/p>\n<p><a href=\"https:\/\/projectes.xtec.cat\/transformacioenxarxa\/wp-content\/uploads\/usu1468\/2021\/10\/DGIRCD-Eina-dAutoavaluacio-Dinamica-de-Xarxes.pdf\" target=\"_blank\" rel=\"noopener\"><img loading=\"lazy\" decoding=\"async\" class=\"aligncenter wp-image-11139 \" src=\"https:\/\/projectes.xtec.cat\/secrp\/wp-content\/uploads\/usu2432\/2022\/03\/Captura-de-Pantalla-2021-03-22-a-les-11.44.49-e1616410000771.png\" alt=\"\" width=\"719\" height=\"527\" srcset=\"https:\/\/projectes.xtec.cat\/secrp\/wp-content\/uploads\/usu2432\/2022\/03\/Captura-de-Pantalla-2021-03-22-a-les-11.44.49-e1616410000771.png 800w, https:\/\/projectes.xtec.cat\/secrp\/wp-content\/uploads\/usu2432\/2022\/03\/Captura-de-Pantalla-2021-03-22-a-les-11.44.49-e1616410000771-300x220.png 300w, https:\/\/projectes.xtec.cat\/secrp\/wp-content\/uploads\/usu2432\/2022\/03\/Captura-de-Pantalla-2021-03-22-a-les-11.44.49-e1616410000771-768x563.png 768w\" sizes=\"auto, (max-width: 719px) 100vw, 719px\" \/><\/a><\/p>\n<p style=\"text-align: center;\">\n","protected":false},"excerpt":{"rendered":"<p>Les xarxes s&#8217;han convertit avui en dia en la forma organitzativa m\u00e9s important del nostre temps, fent un nou gir [&hellip;]<\/p>\n","protected":false},"author":8,"featured_media":0,"parent":11866,"menu_order":2,"comment_status":"closed","ping_status":"closed","template":"","meta":{"_bbp_topic_count":0,"_bbp_reply_count":0,"_bbp_total_topic_count":0,"_bbp_total_reply_count":0,"_bbp_voice_count":0,"_bbp_anonymous_reply_count":0,"_bbp_topic_count_hidden":0,"_bbp_reply_count_hidden":0,"_bbp_forum_subforum_count":0,"site-sidebar-layout":"default","site-content-layout":"","ast-site-content-layout":"","site-content-style":"default","site-sidebar-style":"default","ast-global-header-display":"","ast-banner-title-visibility":"","ast-main-header-display":"","ast-hfb-above-header-display":"","ast-hfb-below-header-display":"","ast-hfb-mobile-header-display":"","site-post-title":"","ast-breadcrumbs-content":"","ast-featured-img":"","footer-sml-layout":"","theme-transparent-header-meta":"","adv-header-id-meta":"","stick-header-meta":"","header-above-stick-meta":"","header-main-stick-meta":"","header-below-stick-meta":"","astra-migrate-meta-layouts":"default","ast-page-background-enabled":"default","ast-page-background-meta":{"desktop":{"background-color":"var(--ast-global-color-4)","background-image":"","background-repeat":"repeat","background-position":"center center","background-size":"auto","background-attachment":"scroll","background-type":"","background-media":"","overlay-type":"","overlay-color":"","overlay-opacity":"","overlay-gradient":""},"tablet":{"background-color":"","background-image":"","background-repeat":"repeat","background-position":"center center","background-size":"auto","background-attachment":"scroll","background-type":"","background-media":"","overlay-type":"","overlay-color":"","overlay-opacity":"","overlay-gradient":""},"mobile":{"background-color":"","background-image":"","background-repeat":"repeat","background-position":"center center","background-size":"auto","background-attachment":"scroll","background-type":"","background-media":"","overlay-type":"","overlay-color":"","overlay-opacity":"","overlay-gradient":""}},"ast-content-background-meta":{"desktop":{"background-color":"var(--ast-global-color-5)","background-image":"","background-repeat":"repeat","background-position":"center center","background-size":"auto","background-attachment":"scroll","background-type":"","background-media":"","overlay-type":"","overlay-color":"","overlay-opacity":"","overlay-gradient":""},"tablet":{"background-color":"var(--ast-global-color-5)","background-image":"","background-repeat":"repeat","background-position":"center center","background-size":"auto","background-attachment":"scroll","background-type":"","background-media":"","overlay-type":"","overlay-color":"","overlay-opacity":"","overlay-gradient":""},"mobile":{"background-color":"var(--ast-global-color-5)","background-image":"","background-repeat":"repeat","background-position":"center center","background-size":"auto","background-attachment":"scroll","background-type":"","background-media":"","overlay-type":"","overlay-color":"","overlay-opacity":"","overlay-gradient":""}},"footnotes":""},"class_list":["post-8654","page","type-page","status-publish","hentry"],"post_mailing_queue_ids":[],"_links":{"self":[{"href":"https:\/\/projectes.xtec.cat\/secrp\/wp-json\/wp\/v2\/pages\/8654","targetHints":{"allow":["GET"]}}],"collection":[{"href":"https:\/\/projectes.xtec.cat\/secrp\/wp-json\/wp\/v2\/pages"}],"about":[{"href":"https:\/\/projectes.xtec.cat\/secrp\/wp-json\/wp\/v2\/types\/page"}],"author":[{"embeddable":true,"href":"https:\/\/projectes.xtec.cat\/secrp\/wp-json\/wp\/v2\/users\/8"}],"replies":[{"embeddable":true,"href":"https:\/\/projectes.xtec.cat\/secrp\/wp-json\/wp\/v2\/comments?post=8654"}],"version-history":[{"count":4,"href":"https:\/\/projectes.xtec.cat\/secrp\/wp-json\/wp\/v2\/pages\/8654\/revisions"}],"predecessor-version":[{"id":11145,"href":"https:\/\/projectes.xtec.cat\/secrp\/wp-json\/wp\/v2\/pages\/8654\/revisions\/11145"}],"up":[{"embeddable":true,"href":"https:\/\/projectes.xtec.cat\/secrp\/wp-json\/wp\/v2\/pages\/11866"}],"wp:attachment":[{"href":"https:\/\/projectes.xtec.cat\/secrp\/wp-json\/wp\/v2\/media?parent=8654"}],"curies":[{"name":"wp","href":"https:\/\/api.w.org\/{rel}","templated":true}]}}