{"id":9555,"date":"2021-04-27T18:38:00","date_gmt":"2021-04-27T16:38:00","guid":{"rendered":"https:\/\/projectes.xtec.cat\/secrp\/?page_id=9555"},"modified":"2021-07-06T09:44:40","modified_gmt":"2021-07-06T07:44:40","slug":"el-rol-en-lacompanyament","status":"publish","type":"page","link":"https:\/\/projectes.xtec.cat\/secrp\/el-rol-en-lacompanyament\/","title":{"rendered":"Rol en l&#8217;acompanyament"},"content":{"rendered":"<p style=\"text-align: left;\"><img loading=\"lazy\" decoding=\"async\" class=\"wp-image-9853 aligncenter\" src=\"https:\/\/projectes.xtec.cat\/secrp\/wp-content\/uploads\/usu2432\/2021\/06\/esquema-rol4.png\" alt=\"\" width=\"668\" height=\"424\" srcset=\"https:\/\/projectes.xtec.cat\/secrp\/wp-content\/uploads\/usu2432\/2021\/06\/esquema-rol4.png 1545w, https:\/\/projectes.xtec.cat\/secrp\/wp-content\/uploads\/usu2432\/2021\/06\/esquema-rol4-300x190.png 300w, https:\/\/projectes.xtec.cat\/secrp\/wp-content\/uploads\/usu2432\/2021\/06\/esquema-rol4-768x487.png 768w, https:\/\/projectes.xtec.cat\/secrp\/wp-content\/uploads\/usu2432\/2021\/06\/esquema-rol4-1024x650.png 1024w\" sizes=\"auto, (max-width: 668px) 100vw, 668px\" \/><\/p>\n<p style=\"text-align: center;\"><strong><span style=\"font-size: small;\">ESQUEMA INTRODUCTORI<\/span><\/strong><br \/>\n<em><span style=\"font-size: small;\">Acompanyament a centres en processos de canvi<\/span><\/em><br \/>\n<span style=\"font-size: small;\">Grup de treball Equip Transversal 2020<br \/>\n<\/span><\/p>\n<h5 style=\"text-align: center;\"><\/h5>\n<p style=\"text-align: center;\"><span style=\"color: #30719c;\"><strong>Coneixements previs: expectatives al voltant del rol<\/strong><\/span><\/p>\n<h5 style=\"text-align: center;\"><a href=\"https:\/\/projectes.xtec.cat\/secrp\/wp-content\/uploads\/usu2432\/2021\/06\/expectatives1.png\"><img loading=\"lazy\" decoding=\"async\" class=\" wp-image-9892 aligncenter\" src=\"https:\/\/projectes.xtec.cat\/secrp\/wp-content\/uploads\/usu2432\/2021\/06\/expectatives1.png\" alt=\"\" width=\"650\" height=\"345\" srcset=\"https:\/\/projectes.xtec.cat\/secrp\/wp-content\/uploads\/usu2432\/2021\/06\/expectatives1.png 1242w, https:\/\/projectes.xtec.cat\/secrp\/wp-content\/uploads\/usu2432\/2021\/06\/expectatives1-300x159.png 300w, https:\/\/projectes.xtec.cat\/secrp\/wp-content\/uploads\/usu2432\/2021\/06\/expectatives1-768x407.png 768w, https:\/\/projectes.xtec.cat\/secrp\/wp-content\/uploads\/usu2432\/2021\/06\/expectatives1-1024x543.png 1024w\" sizes=\"auto, (max-width: 650px) 100vw, 650px\" \/><\/a><\/h5>\n<h5 style=\"text-align: center;\"><strong>Coneixements previs: l&#8217;acompanyament segons els programes<\/strong><\/h5>\n<p style=\"text-align: center;\"><a href=\"https:\/\/projectes.xtec.cat\/secrp\/wp-content\/uploads\/usu2432\/2021\/06\/com-cada-programa-acompanyya-als-centres2.png\"><img loading=\"lazy\" decoding=\"async\" class=\" wp-image-9850 aligncenter\" src=\"https:\/\/projectes.xtec.cat\/secrp\/wp-content\/uploads\/usu2432\/2021\/06\/com-cada-programa-acompanyya-als-centres2.png\" alt=\"\" width=\"650\" height=\"356\" srcset=\"https:\/\/projectes.xtec.cat\/secrp\/wp-content\/uploads\/usu2432\/2021\/06\/com-cada-programa-acompanyya-als-centres2.png 1197w, https:\/\/projectes.xtec.cat\/secrp\/wp-content\/uploads\/usu2432\/2021\/06\/com-cada-programa-acompanyya-als-centres2-300x164.png 300w, https:\/\/projectes.xtec.cat\/secrp\/wp-content\/uploads\/usu2432\/2021\/06\/com-cada-programa-acompanyya-als-centres2-768x420.png 768w, https:\/\/projectes.xtec.cat\/secrp\/wp-content\/uploads\/usu2432\/2021\/06\/com-cada-programa-acompanyya-als-centres2-1024x560.png 1024w\" sizes=\"auto, (max-width: 650px) 100vw, 650px\" \/><\/a><span style=\"color: #30719c;\"><strong>Punt de vista extern: estudi de cas<\/strong><\/span><\/p>\n<h5 style=\"text-align: center;\"><span style=\"color: #339966;\"><strong><span style=\"font-size: x-large;\"><a href=\"https:\/\/projectes.xtec.cat\/secrp\/wp-content\/uploads\/usu2432\/2021\/06\/estudi-cas-formaci\u00f3-com-a-eina-de-transformaci\u00f3-de-centre3.png\"><img loading=\"lazy\" decoding=\"async\" class=\" wp-image-9851 aligncenter\" src=\"https:\/\/projectes.xtec.cat\/secrp\/wp-content\/uploads\/usu2432\/2021\/06\/estudi-cas-formaci\u00f3-com-a-eina-de-transformaci\u00f3-de-centre3.png\" alt=\"\" width=\"651\" height=\"326\" srcset=\"https:\/\/projectes.xtec.cat\/secrp\/wp-content\/uploads\/usu2432\/2021\/06\/estudi-cas-formaci\u00f3-com-a-eina-de-transformaci\u00f3-de-centre3.png 1209w, https:\/\/projectes.xtec.cat\/secrp\/wp-content\/uploads\/usu2432\/2021\/06\/estudi-cas-formaci\u00f3-com-a-eina-de-transformaci\u00f3-de-centre3-300x150.png 300w, https:\/\/projectes.xtec.cat\/secrp\/wp-content\/uploads\/usu2432\/2021\/06\/estudi-cas-formaci\u00f3-com-a-eina-de-transformaci\u00f3-de-centre3-768x384.png 768w, https:\/\/projectes.xtec.cat\/secrp\/wp-content\/uploads\/usu2432\/2021\/06\/estudi-cas-formaci\u00f3-com-a-eina-de-transformaci\u00f3-de-centre3-1024x512.png 1024w\" sizes=\"auto, (max-width: 651px) 100vw, 651px\" \/><\/a><\/span><\/strong><\/span><\/h5>\n<p>&nbsp;<\/p>\n<p style=\"text-align: center;\"><span style=\"color: #30719c;\"><strong>Punt de vista extern: elements per a la definici\u00f3 \u00abassessor col\u00b7laboratiu\u00bb<\/strong><\/span><\/p>\n<p style=\"text-align: center;\"><a href=\"https:\/\/projectes.xtec.cat\/secrp\/wp-content\/uploads\/usu2432\/2021\/06\/Lassesor-col.laboratiu-JO.pdf\" target=\"_blank\" rel=\"noopener noreferrer\"><img loading=\"lazy\" decoding=\"async\" class=\"wp-image-9879 aligncenter\" src=\"https:\/\/projectes.xtec.cat\/secrp\/wp-content\/uploads\/usu2432\/2021\/06\/onrubia2.png\" alt=\"\" width=\"688\" height=\"149\" srcset=\"https:\/\/projectes.xtec.cat\/secrp\/wp-content\/uploads\/usu2432\/2021\/06\/onrubia2.png 926w, https:\/\/projectes.xtec.cat\/secrp\/wp-content\/uploads\/usu2432\/2021\/06\/onrubia2-300x65.png 300w, https:\/\/projectes.xtec.cat\/secrp\/wp-content\/uploads\/usu2432\/2021\/06\/onrubia2-768x166.png 768w\" sizes=\"auto, (max-width: 688px) 100vw, 688px\" \/><\/a><a href=\"https:\/\/drive.google.com\/file\/d\/1Sl8Ueq01cDE3ae78hyCCo0gSB1YD-grp\/view\" target=\"_blank\" rel=\"noopener noreferrer\"><img loading=\"lazy\" decoding=\"async\" class=\" wp-image-9882 aligncenter\" src=\"https:\/\/projectes.xtec.cat\/secrp\/wp-content\/uploads\/usu2432\/2021\/06\/videoonrubia.png\" alt=\"\" width=\"651\" height=\"376\" srcset=\"https:\/\/projectes.xtec.cat\/secrp\/wp-content\/uploads\/usu2432\/2021\/06\/videoonrubia.png 1341w, https:\/\/projectes.xtec.cat\/secrp\/wp-content\/uploads\/usu2432\/2021\/06\/videoonrubia-300x173.png 300w, https:\/\/projectes.xtec.cat\/secrp\/wp-content\/uploads\/usu2432\/2021\/06\/videoonrubia-768x444.png 768w, https:\/\/projectes.xtec.cat\/secrp\/wp-content\/uploads\/usu2432\/2021\/06\/videoonrubia-1024x592.png 1024w\" sizes=\"auto, (max-width: 651px) 100vw, 651px\" \/><\/a><\/p>\n<p style=\"text-align: center;\"><span style=\"color: #30719c;\"><strong>Punt de vista extern-recerca: <\/strong><\/span><br \/>\n<strong><span style=\"color: #30719c;\">innovaci\u00f3 i avaluaci\u00f3 en el context d&#8217;un canvi de paradigma d&#8217;educaci\u00f3<\/span> <\/strong><\/p>\n<p style=\"text-align: center;\"><a href=\"https:\/\/projectes.xtec.cat\/secrp\/wp-content\/uploads\/usu2432\/2021\/06\/innovaci\u00f3-interdisciplin\u00e0ria.png\"><img loading=\"lazy\" decoding=\"async\" class=\"alignnone wp-image-9886\" src=\"https:\/\/projectes.xtec.cat\/secrp\/wp-content\/uploads\/usu2432\/2021\/06\/innovaci\u00f3-interdisciplin\u00e0ria.png\" alt=\"\" width=\"640\" height=\"318\" srcset=\"https:\/\/projectes.xtec.cat\/secrp\/wp-content\/uploads\/usu2432\/2021\/06\/innovaci\u00f3-interdisciplin\u00e0ria.png 1207w, https:\/\/projectes.xtec.cat\/secrp\/wp-content\/uploads\/usu2432\/2021\/06\/innovaci\u00f3-interdisciplin\u00e0ria-300x149.png 300w, https:\/\/projectes.xtec.cat\/secrp\/wp-content\/uploads\/usu2432\/2021\/06\/innovaci\u00f3-interdisciplin\u00e0ria-768x381.png 768w, https:\/\/projectes.xtec.cat\/secrp\/wp-content\/uploads\/usu2432\/2021\/06\/innovaci\u00f3-interdisciplin\u00e0ria-1024x508.png 1024w\" sizes=\"auto, (max-width: 640px) 100vw, 640px\" \/><\/a><\/p>\n<h5 style=\"text-align: center;\"><strong>Punt de vista intern-models: l&#8217;acompanyament Programa M\u00e0gnet<\/strong><\/h5>\n<p style=\"text-align: center;\"><a href=\"https:\/\/drive.google.com\/file\/d\/1tVlkncb4TAoASQbTkq1LJf-UpYfJeIke\/view?usp=sharing\" target=\"_blank\" rel=\"noopener noreferrer\"><img loading=\"lazy\" decoding=\"async\" class=\"alignnone wp-image-9902\" src=\"https:\/\/projectes.xtec.cat\/secrp\/wp-content\/uploads\/usu2432\/2021\/06\/videom\u00e0gnet1.png\" alt=\"\" width=\"652\" height=\"361\" srcset=\"https:\/\/projectes.xtec.cat\/secrp\/wp-content\/uploads\/usu2432\/2021\/06\/videom\u00e0gnet1.png 1149w, https:\/\/projectes.xtec.cat\/secrp\/wp-content\/uploads\/usu2432\/2021\/06\/videom\u00e0gnet1-300x166.png 300w, https:\/\/projectes.xtec.cat\/secrp\/wp-content\/uploads\/usu2432\/2021\/06\/videom\u00e0gnet1-768x424.png 768w, https:\/\/projectes.xtec.cat\/secrp\/wp-content\/uploads\/usu2432\/2021\/06\/videom\u00e0gnet1-1024x566.png 1024w\" sizes=\"auto, (max-width: 652px) 100vw, 652px\" \/><\/a><\/p>\n<p style=\"text-align: center;\"><span style=\"color: #30719c;\"><strong>Punt de vista intern-models: l&#8217;acompanyament Programa T\u00e0ndem<\/strong><\/span><\/p>\n<h5 style=\"text-align: center;\"><a href=\"https:\/\/drive.google.com\/file\/d\/1PB35ah2gClDM6FkqkJd7AENfPVO0pxaD\/view?usp=sharing\" target=\"_blank\" rel=\"noopener noreferrer\"><img loading=\"lazy\" decoding=\"async\" class=\"wp-image-9901 aligncenter\" src=\"https:\/\/projectes.xtec.cat\/secrp\/wp-content\/uploads\/usu2432\/2021\/06\/videot\u00e0ndem.png\" alt=\"\" width=\"653\" height=\"370\" srcset=\"https:\/\/projectes.xtec.cat\/secrp\/wp-content\/uploads\/usu2432\/2021\/06\/videot\u00e0ndem.png 1159w, https:\/\/projectes.xtec.cat\/secrp\/wp-content\/uploads\/usu2432\/2021\/06\/videot\u00e0ndem-300x170.png 300w, https:\/\/projectes.xtec.cat\/secrp\/wp-content\/uploads\/usu2432\/2021\/06\/videot\u00e0ndem-768x435.png 768w, https:\/\/projectes.xtec.cat\/secrp\/wp-content\/uploads\/usu2432\/2021\/06\/videot\u00e0ndem-1024x580.png 1024w\" sizes=\"auto, (max-width: 653px) 100vw, 653px\" \/><\/a><\/h5>\n<p style=\"text-align: center;\"><span style=\"color: #30719c;\"><strong>Punt de vista intern-models: suport a la transformaci\u00f3 ICE UAB<\/strong><\/span><\/p>\n<p style=\"text-align: center;\"><a href=\"https:\/\/drive.google.com\/file\/d\/1F2YKWXuiB0LsTnCr5ARJNoYioqJa26kI\/view?usp=sharing\" target=\"_blank\" rel=\"noopener noreferrer\"><img loading=\"lazy\" decoding=\"async\" class=\"alignnone wp-image-9904\" src=\"https:\/\/projectes.xtec.cat\/secrp\/wp-content\/uploads\/usu2432\/2021\/06\/videosuport-transformaci\u00f3ICEUAB.png\" alt=\"\" width=\"650\" height=\"365\" srcset=\"https:\/\/projectes.xtec.cat\/secrp\/wp-content\/uploads\/usu2432\/2021\/06\/videosuport-transformaci\u00f3ICEUAB.png 1153w, https:\/\/projectes.xtec.cat\/secrp\/wp-content\/uploads\/usu2432\/2021\/06\/videosuport-transformaci\u00f3ICEUAB-300x168.png 300w, https:\/\/projectes.xtec.cat\/secrp\/wp-content\/uploads\/usu2432\/2021\/06\/videosuport-transformaci\u00f3ICEUAB-768x431.png 768w, https:\/\/projectes.xtec.cat\/secrp\/wp-content\/uploads\/usu2432\/2021\/06\/videosuport-transformaci\u00f3ICEUAB-1024x575.png 1024w\" sizes=\"auto, (max-width: 650px) 100vw, 650px\" \/><\/a><\/p>\n<p style=\"text-align: center;\"><span style=\"color: #30719c;\"><strong>Punt de vista intern-models: centres formadors<\/strong><\/span><\/p>\n<p style=\"text-align: center;\"><a href=\"https:\/\/projectes.xtec.cat\/secrp\/wp-content\/uploads\/usu2432\/2021\/06\/Presentaci\u00f3_Centres-formadors.pdf\"><img loading=\"lazy\" decoding=\"async\" class=\"wp-image-9912 aligncenter\" src=\"https:\/\/projectes.xtec.cat\/secrp\/wp-content\/uploads\/usu2432\/2021\/06\/centres-formadors2.png\" alt=\"\" width=\"650\" height=\"364\" srcset=\"https:\/\/projectes.xtec.cat\/secrp\/wp-content\/uploads\/usu2432\/2021\/06\/centres-formadors2.png 1201w, https:\/\/projectes.xtec.cat\/secrp\/wp-content\/uploads\/usu2432\/2021\/06\/centres-formadors2-300x168.png 300w, https:\/\/projectes.xtec.cat\/secrp\/wp-content\/uploads\/usu2432\/2021\/06\/centres-formadors2-768x430.png 768w, https:\/\/projectes.xtec.cat\/secrp\/wp-content\/uploads\/usu2432\/2021\/06\/centres-formadors2-1024x574.png 1024w\" sizes=\"auto, (max-width: 650px) 100vw, 650px\" \/><\/a><\/p>\n<p style=\"text-align: center;\"><span style=\"color: #30719c;\"><strong>Estructuraci\u00f3: elements caracter\u00edstics del rol <\/strong><\/span><br \/>\n<span style=\"color: #30719c;\"><strong>(indispensables, desitjables; freds i c\u00e0lids)<\/strong><\/span><\/p>\n<p style=\"text-align: center;\"><a href=\"https:\/\/projectes.xtec.cat\/secrp\/wp-content\/uploads\/usu2432\/2021\/06\/imprescindibles-desitjables-freds-c\u00e0lids1.png\"><img loading=\"lazy\" decoding=\"async\" class=\" wp-image-9907 aligncenter\" src=\"https:\/\/projectes.xtec.cat\/secrp\/wp-content\/uploads\/usu2432\/2021\/06\/imprescindibles-desitjables-freds-c\u00e0lids1.png\" alt=\"\" width=\"650\" height=\"374\" srcset=\"https:\/\/projectes.xtec.cat\/secrp\/wp-content\/uploads\/usu2432\/2021\/06\/imprescindibles-desitjables-freds-c\u00e0lids1.png 1181w, https:\/\/projectes.xtec.cat\/secrp\/wp-content\/uploads\/usu2432\/2021\/06\/imprescindibles-desitjables-freds-c\u00e0lids1-300x172.png 300w, https:\/\/projectes.xtec.cat\/secrp\/wp-content\/uploads\/usu2432\/2021\/06\/imprescindibles-desitjables-freds-c\u00e0lids1-768x442.png 768w, https:\/\/projectes.xtec.cat\/secrp\/wp-content\/uploads\/usu2432\/2021\/06\/imprescindibles-desitjables-freds-c\u00e0lids1-1024x589.png 1024w\" sizes=\"auto, (max-width: 650px) 100vw, 650px\" \/><\/a><\/p>\n<p style=\"text-align: center;\"><span style=\"color: #30719c;\"><strong>El rol: dos conceptes clau<\/strong><\/span><\/p>\n<p style=\"text-align: center;\"><a href=\"https:\/\/projectes.xtec.cat\/secrp\/wp-content\/uploads\/usu2432\/2021\/06\/Elrol-dosconcceptesclau.png\"><img loading=\"lazy\" decoding=\"async\" class=\"wp-image-9909 aligncenter\" src=\"https:\/\/projectes.xtec.cat\/secrp\/wp-content\/uploads\/usu2432\/2021\/06\/Elrol-dosconcceptesclau.png\" alt=\"\" width=\"651\" height=\"320\" srcset=\"https:\/\/projectes.xtec.cat\/secrp\/wp-content\/uploads\/usu2432\/2021\/06\/Elrol-dosconcceptesclau.png 1195w, https:\/\/projectes.xtec.cat\/secrp\/wp-content\/uploads\/usu2432\/2021\/06\/Elrol-dosconcceptesclau-300x147.png 300w, https:\/\/projectes.xtec.cat\/secrp\/wp-content\/uploads\/usu2432\/2021\/06\/Elrol-dosconcceptesclau-768x377.png 768w, https:\/\/projectes.xtec.cat\/secrp\/wp-content\/uploads\/usu2432\/2021\/06\/Elrol-dosconcceptesclau-1024x503.png 1024w\" sizes=\"auto, (max-width: 651px) 100vw, 651px\" \/><\/a><\/p>\n","protected":false},"excerpt":{"rendered":"<p>ESQUEMA INTRODUCTORI Acompanyament a centres en processos de canvi Grup de treball Equip Transversal 2020 Coneixements previs: expectatives al voltant [&hellip;]<\/p>\n","protected":false},"author":8,"featured_media":0,"parent":0,"menu_order":1,"comment_status":"closed","ping_status":"closed","template":"","meta":{"_bbp_topic_count":0,"_bbp_reply_count":0,"_bbp_total_topic_count":0,"_bbp_total_reply_count":0,"_bbp_voice_count":0,"_bbp_anonymous_reply_count":0,"_bbp_topic_count_hidden":0,"_bbp_reply_count_hidden":0,"_bbp_forum_subforum_count":0,"site-sidebar-layout":"default","site-content-layout":"","ast-site-content-layout":"","site-content-style":"default","site-sidebar-style":"default","ast-global-header-display":"","ast-banner-title-visibility":"","ast-main-header-display":"","ast-hfb-above-header-display":"","ast-hfb-below-header-display":"","ast-hfb-mobile-header-display":"","site-post-title":"","ast-breadcrumbs-content":"","ast-featured-img":"","footer-sml-layout":"","theme-transparent-header-meta":"","adv-header-id-meta":"","stick-header-meta":"","header-above-stick-meta":"","header-main-stick-meta":"","header-below-stick-meta":"","astra-migrate-meta-layouts":"default","ast-page-background-enabled":"default","ast-page-background-meta":{"desktop":{"background-color":"var(--ast-global-color-4)","background-image":"","background-repeat":"repeat","background-position":"center center","background-size":"auto","background-attachment":"scroll","background-type":"","background-media":"","overlay-type":"","overlay-color":"","overlay-opacity":"","overlay-gradient":""},"tablet":{"background-color":"","background-image":"","background-repeat":"repeat","background-position":"center center","background-size":"auto","background-attachment":"scroll","background-type":"","background-media":"","overlay-type":"","overlay-color":"","overlay-opacity":"","overlay-gradient":""},"mobile":{"background-color":"","background-image":"","background-repeat":"repeat","background-position":"center center","background-size":"auto","background-attachment":"scroll","background-type":"","background-media":"","overlay-type":"","overlay-color":"","overlay-opacity":"","overlay-gradient":""}},"ast-content-background-meta":{"desktop":{"background-color":"var(--ast-global-color-5)","background-image":"","background-repeat":"repeat","background-position":"center center","background-size":"auto","background-attachment":"scroll","background-type":"","background-media":"","overlay-type":"","overlay-color":"","overlay-opacity":"","overlay-gradient":""},"tablet":{"background-color":"var(--ast-global-color-5)","background-image":"","background-repeat":"repeat","background-position":"center center","background-size":"auto","background-attachment":"scroll","background-type":"","background-media":"","overlay-type":"","overlay-color":"","overlay-opacity":"","overlay-gradient":""},"mobile":{"background-color":"var(--ast-global-color-5)","background-image":"","background-repeat":"repeat","background-position":"center center","background-size":"auto","background-attachment":"scroll","background-type":"","background-media":"","overlay-type":"","overlay-color":"","overlay-opacity":"","overlay-gradient":""}},"footnotes":""},"class_list":["post-9555","page","type-page","status-publish","hentry"],"post_mailing_queue_ids":[],"_links":{"self":[{"href":"https:\/\/projectes.xtec.cat\/secrp\/wp-json\/wp\/v2\/pages\/9555","targetHints":{"allow":["GET"]}}],"collection":[{"href":"https:\/\/projectes.xtec.cat\/secrp\/wp-json\/wp\/v2\/pages"}],"about":[{"href":"https:\/\/projectes.xtec.cat\/secrp\/wp-json\/wp\/v2\/types\/page"}],"author":[{"embeddable":true,"href":"https:\/\/projectes.xtec.cat\/secrp\/wp-json\/wp\/v2\/users\/8"}],"replies":[{"embeddable":true,"href":"https:\/\/projectes.xtec.cat\/secrp\/wp-json\/wp\/v2\/comments?post=9555"}],"version-history":[{"count":4,"href":"https:\/\/projectes.xtec.cat\/secrp\/wp-json\/wp\/v2\/pages\/9555\/revisions"}],"predecessor-version":[{"id":9946,"href":"https:\/\/projectes.xtec.cat\/secrp\/wp-json\/wp\/v2\/pages\/9555\/revisions\/9946"}],"wp:attachment":[{"href":"https:\/\/projectes.xtec.cat\/secrp\/wp-json\/wp\/v2\/media?parent=9555"}],"curies":[{"name":"wp","href":"https:\/\/api.w.org\/{rel}","templated":true}]}}