{"id":9558,"date":"2021-04-27T18:40:53","date_gmt":"2021-04-27T16:40:53","guid":{"rendered":"https:\/\/projectes.xtec.cat\/secrp\/?page_id=9558"},"modified":"2021-07-20T08:05:43","modified_gmt":"2021-07-20T06:05:43","slug":"les-fases-de-lacompanyament","status":"publish","type":"page","link":"https:\/\/projectes.xtec.cat\/secrp\/acompanyament\/acompanyament-a-centres\/les-fases-de-lacompanyament\/","title":{"rendered":"Les fases de l&#8217;acompanyament"},"content":{"rendered":"\t\t\t\t\t\t<style>\r\n\t\t\t\t\r\n\t\t\t\t\t#tab_container_10076 {\r\n\toverflow:hidden;\r\n\tdisplay:block;\r\n\twidth:100%;\r\n\tborder:0px solid #ddd;\r\n\tmargin-bottom:30px;\r\n\t}\r\n\r\n#tab_container_10076 .tab-content{\r\n\tpadding:20px;\r\n\tborder: 1px solid #e6e6e6 !important;\r\n\tmargin-top: 0px;\r\n\tbackground-color:#ffffff !important;\r\n\tcolor: #000000 !important;\r\n\tfont-size:16px !important;\r\n\tfont-family: Arial !important;\r\n\t\r\n\t\t\tborder: 0px solid #e6e6e6 !important;\r\n\t\t\r\n\t}\r\n#tab_container_10076 .wpsm_nav-tabs {\r\n    border-bottom: 0px solid #ddd;\r\n}\r\n#tab_container_10076 .wpsm_nav-tabs > li.active > a, #tab_container_10076 .wpsm_nav-tabs > li.active > a:hover, #tab_container_10076 .wpsm_nav-tabs > li.active > a:focus {\r\n\tcolor: #ffffff !important;\r\n\tcursor: default;\r\n\tbackground-color: #25aafc !important;\r\n\tborder: 1px solid #0c91e3 !important;\r\n}\r\n\r\n#tab_container_10076 .wpsm_nav-tabs > li > a {\r\n    margin-right: 0px !important; \r\n    line-height: 1.42857143 !important;\r\n    border: 1px solid #ececec !important;\r\n    border-radius: 0px 0px 0 0 !important; \r\n\tbackground-color: #ffffff !important;\r\n\tcolor: #1e73be !important;\r\n\tpadding: 15px 18px 15px 18px !important;\r\n\ttext-decoration: none !important;\r\n\tfont-size: 18px !important;\r\n\ttext-align:center !important;\r\n\tfont-family: Arial !important;\r\n}\r\n#tab_container_10076 .wpsm_nav-tabs > li > a:focus {\r\noutline: 0px !important;\r\n}\r\n\r\n#tab_container_10076 .wpsm_nav-tabs > li > a:before {\r\n\tdisplay:none !important;\r\n}\r\n#tab_container_10076 .wpsm_nav-tabs > li > a:after {\r\n\tdisplay:none !important ;\r\n}\r\n#tab_container_10076 .wpsm_nav-tabs > li{\r\npadding:0px !important ;\r\nmargin:0px;\r\n}\r\n\r\n#tab_container_10076 .wpsm_nav-tabs > li > a:hover , #tab_container_10076 .wpsm_nav-tabs > li > a:focus {\r\n    color: #1e73be !important;\r\n    background-color: #ffffff !important;\r\n\tborder: 1px solid #ececec !important;\r\n\t\r\n}\r\n#tab_container_10076 .wpsm_nav-tabs > li > a .fa{\r\n\r\nmargin-right:5px !important;\r\n\r\nmargin-left:5px !important;\r\n\r\n\r\n}\r\n\r\n\t\t#tab_container_10076 .wpsm_nav-tabs a{\r\n\t\t\tbackground-image: none;\r\n\t\t\tbackground-position: 0 0;\r\n\t\t\tbackground-repeat: repeat-x;\r\n\t\t}\r\n\t\t\t\r\n\r\n\r\n#tab_container_10076 .wpsm_nav-tabs > li {\r\n    float: left;\r\n    margin-bottom: -1px !important;\r\n\tmargin-right:0px !important; \r\n}\r\n\r\n\r\n#tab_container_10076 .tab-content{\r\noverflow:hidden !important;\r\n}\r\n\r\n\r\n@media (min-width: 769px) {\r\n\r\n\t#tab_container_10076 .wpsm_nav-tabs > li{\r\n\t\tfloat:left !important ;\r\n\t\t\t\tmargin-right:-1px !important;\r\n\t\t\t\t\t}\r\n\t#tab_container_10076 .wpsm_nav-tabs{\r\n\t\tfloat:none !important;\r\n\t\tmargin:0px !important;\r\n\t}\r\n\r\n\t#tab_container_10076 .wpsm_nav-tabs > li {\r\n\t\t\t\t\t\t\t\t\tmargin-right: 8px !important;\r\n\t\t\t\t\r\n\t\t\t\t\r\n\t\t\t\t\r\n\t}\r\n\t#tab_container_10076 .wpsm_nav{\r\n\t\t\t\tmargin-bottom: 8px !important;\r\n\t\t\t}\r\n\r\n}\r\n\r\n\r\n\r\n@media (max-width: 768px) {\r\n\t#tab_container_10076 .wpsm_nav-tabs > li {\r\n\t\t\t\tmargin-bottom: 8px !important;\r\n\t\tmargin-right:0px !important;\r\n\t\tmargin-left:0px !important;\r\n\t\t\t\t\r\n\t}\r\n\t#tab_container_10076 .wpsm_nav{\r\n\t\t\t\tmargin-bottom: 8px !important;\r\n\t\tmargin-right:0px !important;\r\n\t\tmargin-left:0px !important;\r\n\t\t\t}\r\n}\r\n\r\n\r\n\t.wpsm_nav-tabs li:before{\r\n\t\tdisplay:none !important;\r\n\t}\r\n\r\n\t@media (max-width: 768px) {\r\n\t\t\t\t\r\n\t\t\t\t\t\r\n\t\t\t#tab_container_10076 .wpsm_nav-tabs  li  a  i{\r\n\t\t\t\tdisplay: none !important;\r\n\t\t\t}\r\n\t\t\t\r\n\t\t\t\t.wpsm_nav-tabs{\r\n\t\t\tmargin-left:0px !important;\r\n\t\t\tmargin-right:0px !important; \r\n\t\t\t\r\n\t\t}\r\n\t\t\t\t\t\r\n\t\t\t#tab_container_10076 .wpsm_nav-tabs > li {\r\n\t\t\t\t\t\t\t\t\t\t\t\tmargin-right: 8px !important;\r\n\t\t\t\t\t\r\n\t\t\t\t\t\r\n\t\t\t\t\t\t\r\n\t\t\t}\r\n\t\t\t\r\n\t\t\t\t\t\t\r\n\t\t\t\r\n\t}\t\t\t\t<\/style>\r\n\t\t\t\t<div id=\"tab_container_10076\" >\r\n\t \r\n\t\t\t\t\t<ul class=\"wpsm_nav wpsm_nav-tabs\" role=\"tablist\" id=\"myTab_10076\">\r\n\t\t\t\t\t\t\t\r\n\t\t\t\t\t\t\t<li role=\"presentation\"  class=\"active\"  onclick=\"do_resize()\">\r\n\r\n\t\t\t\t\t\t\t\t<!-- XTEC ************ MODIFICAT - Disable scrolling on tab change. Fixes error in option \"Tabs Description Animation\" -->\r\n\t\t\t\t\t\t\t\t<!-- 2021.12.01 @aginard -->\r\n\t\t\t\t\t\t\t\t<a href=\"javascript:void(0);\" aria-controls=\"tabs_desc_10076_1\" role=\"tab\" data-toggle=\"tab\" data-target=\"#tabs_desc_10076_1\">\r\n\t\t\t\t\t\t\t\t<!-- ORIGINAL\r\n\t\t\t\t\t\t\t\t<a href=\"#tabs_desc_10076_1\" aria-controls=\"tabs_desc_10076_1\" role=\"tab\" data-toggle=\"tab\">\r\n\t\t\t\t\t\t\t\t-->\r\n\t\t\t\t\t\t\t\t<!-- ************ FI -->\r\n\t\t\t\t\t\t\t\t\t\r\n\t\t\t\t\t\t\t\t\t\t\t\t\t\t\t\t\t\t\t\t\t\t\t\t\t\t\t\t\t\t\t<i class=\"fa fa-bullseye\"><\/i> \t\t\t\t\t\t\t\t\t\t\t\t\t\t\t\t\t\t\t\r\n\t\t\t\t\t\t\t\t\t\t\t\t\t\t\t\t\t\t\r\n\t\t\t\t\t\t\t\t\t<span>Introducci\u00f3<\/span>\r\n\t\t\t\t\t\t\t\t\t\r\n\t\t\t\t\t\t\t\t\t\t\t\t\t\t\t\t\t\t\r\n\t\t\t\t\t\t\t\t\t\t\t\t\t\t\t\t\t\t\t\t\r\n\t\t\t\t\t\t\t\t\t\r\n\t\t\t\t\t\t\t\t<\/a>\r\n\t\t\t\t\t\t\t<\/li>\r\n\t\t\t\t\t\t\t\r\n\t\t\t\t\t\t\t<li role=\"presentation\"  onclick=\"do_resize()\">\r\n\r\n\t\t\t\t\t\t\t\t<!-- XTEC ************ MODIFICAT - Disable scrolling on tab change. Fixes error in option \"Tabs Description Animation\" -->\r\n\t\t\t\t\t\t\t\t<!-- 2021.12.01 @aginard -->\r\n\t\t\t\t\t\t\t\t<a href=\"javascript:void(0);\" aria-controls=\"tabs_desc_10076_2\" role=\"tab\" data-toggle=\"tab\" data-target=\"#tabs_desc_10076_2\">\r\n\t\t\t\t\t\t\t\t<!-- ORIGINAL\r\n\t\t\t\t\t\t\t\t<a href=\"#tabs_desc_10076_2\" aria-controls=\"tabs_desc_10076_2\" role=\"tab\" data-toggle=\"tab\">\r\n\t\t\t\t\t\t\t\t-->\r\n\t\t\t\t\t\t\t\t<!-- ************ FI -->\r\n\t\t\t\t\t\t\t\t\t\r\n\t\t\t\t\t\t\t\t\t\t\t\t\t\t\t\t\t\t\t\t\t\t\t\t\t\t\t\t\t\t\t<i class=\"fa fa-arrow-circle-right\"><\/i> \t\t\t\t\t\t\t\t\t\t\t\t\t\t\t\t\t\t\t\r\n\t\t\t\t\t\t\t\t\t\t\t\t\t\t\t\t\t\t\r\n\t\t\t\t\t\t\t\t\t<span>Fases<\/span>\r\n\t\t\t\t\t\t\t\t\t\r\n\t\t\t\t\t\t\t\t\t\t\t\t\t\t\t\t\t\t\r\n\t\t\t\t\t\t\t\t\t\t\t\t\t\t\t\t\t\t\t\t\r\n\t\t\t\t\t\t\t\t\t\r\n\t\t\t\t\t\t\t\t<\/a>\r\n\t\t\t\t\t\t\t<\/li>\r\n\t\t\t\t\t\t\t\r\n\t\t\t\t\t\t\t<li role=\"presentation\"  onclick=\"do_resize()\">\r\n\r\n\t\t\t\t\t\t\t\t<!-- XTEC ************ MODIFICAT - Disable scrolling on tab change. Fixes error in option \"Tabs Description Animation\" -->\r\n\t\t\t\t\t\t\t\t<!-- 2021.12.01 @aginard -->\r\n\t\t\t\t\t\t\t\t<a href=\"javascript:void(0);\" aria-controls=\"tabs_desc_10076_3\" role=\"tab\" data-toggle=\"tab\" data-target=\"#tabs_desc_10076_3\">\r\n\t\t\t\t\t\t\t\t<!-- ORIGINAL\r\n\t\t\t\t\t\t\t\t<a href=\"#tabs_desc_10076_3\" aria-controls=\"tabs_desc_10076_3\" role=\"tab\" data-toggle=\"tab\">\r\n\t\t\t\t\t\t\t\t-->\r\n\t\t\t\t\t\t\t\t<!-- ************ FI -->\r\n\t\t\t\t\t\t\t\t\t\r\n\t\t\t\t\t\t\t\t\t\t\t\t\t\t\t\t\t\t\t\t\t\t\t\t\t\t\t\t\t\t\t<i class=\"fa fa-arrow-circle-right\"><\/i> \t\t\t\t\t\t\t\t\t\t\t\t\t\t\t\t\t\t\t\r\n\t\t\t\t\t\t\t\t\t\t\t\t\t\t\t\t\t\t\r\n\t\t\t\t\t\t\t\t\t<span>Avaluaci\u00f3<\/span>\r\n\t\t\t\t\t\t\t\t\t\r\n\t\t\t\t\t\t\t\t\t\t\t\t\t\t\t\t\t\t\r\n\t\t\t\t\t\t\t\t\t\t\t\t\t\t\t\t\t\t\t\t\r\n\t\t\t\t\t\t\t\t\t\r\n\t\t\t\t\t\t\t\t<\/a>\r\n\t\t\t\t\t\t\t<\/li>\r\n\t\t\t\t\t\t\t\t\t\t\t <\/ul>\r\n\r\n\t\t\t\t\t  <!-- Tab panes -->\r\n\t\t\t\t\t  <div class=\"tab-content\" id=\"tab-content_10076\">\r\n\t\t\t\t\t\t\t\t\t\t\t\t <div role=\"tabpanel\" class=\"tab-pane  in active \" id=\"tabs_desc_10076_1\">\r\n\t\t\t\t\t\t\t\t<p>L\u2019enfocament del Dr Onrubia proposa un disseny de l\u2019assessorament a centre en l\u2019acompanyament als centres per a la seva millora de les pr\u00e0ctiques des del treball integrat dels Serveis Educatius.<\/p>\n<p>Els processos d\u2019acompanyament a centre han de ser un proc\u00e9s d\u2019aprenentatge compartit i benefici\u00f3s per tots els agents que hi intervenen, tan pels docents com pels professionals dels Serveis Educatius.<\/p>\n<p>En general, les etapes d\u2019un acompanyament es poden dibuixar en tres moments o fases clau:<\/p>\n<ul>\n<li><span style=\"color: #3683c2;\"><b>Fase de coneixement o sensibilitzaci\u00f3<\/b><\/span><\/li>\n<li><span style=\"color: #3683c2;\"><b>Fase de coordinaci\u00f3 i\/o implementaci\u00f3<\/b><\/span><\/li>\n<li><span style=\"color: #3683c2;\"><b>Fase de cooperaci\u00f3<\/b><\/span><\/li>\n<\/ul>\n\t\t\t\t\t\t <\/div>\r\n\t\t\t\t\t\t\t\t\t\t\t\t <div role=\"tabpanel\" class=\"tab-pane \" id=\"tabs_desc_10076_2\">\r\n\t\t\t\t\t\t\t\t<p>Obriu l'article per veure la infografia completa.<\/p>\n<div style=\"width: 100%;\">\n<div style=\"position: relative; padding-bottom: 200%; padding-top: 0; height: 0;\"><iframe loading=\"lazy\" style=\"position: absolute; top: 0; left: 0; width: 100%; height: 100%;\" title=\"FASES DE L'ACOMPANYAMENT A CENTRES\" src=\"https:\/\/view.genial.ly\/63717186552c5500188edc61\" width=\"800px\" height=\"1600px\" frameborder=\"0\" scrolling=\"yes\" allowfullscreen=\"allowfullscreen\"><\/iframe><\/div>\n<\/div>\n<p>\u00a0<\/p>\n<p>\u00a0<\/p>\n<h2>Formacions anteriors<\/h2>\n<p style=\"text-align: justify;\">Les etapes d\u2019un acompanyament es poden dibuixar en <strong>tres moments <\/strong>o<strong> fases<\/strong> clau:<\/p>\n<h6 style=\"text-align: justify;\"><b>Fase de coneixement o sensibilitzaci\u00f3<\/b><\/h6>\n<p style=\"text-align: justify;\">Aquesta fase marcar\u00e0 tot el proc\u00e9s d\u2019acompanyament, ja que \u00e9s el moment que es comencen a generar els vincles de confian\u00e7a que s\u00f3n a la base de qualsevol relaci\u00f3. Hi cal con\u00e8ixer l\u2019altre per recon\u00e8ixer l\u2019altre.<\/p>\n<p style=\"text-align: justify;\">\u00c9s el moment de visualitzar i valorar el cam\u00ed fet i les potencialitats que han de servir per dibuixar l\u2019horitz\u00f3. Concretar el qu\u00e8, amb qui,quan on i amb quin encaix institucional.<\/p>\n<h6 style=\"text-align: justify;\"><b>Fase de coordinaci\u00f3 i\/o implementaci\u00f3<\/b><\/h6>\n<p style=\"text-align: justify;\">Per poder fer seguiment del proc\u00e9s compartit, cal establir\u00a0 i sostenir l\u00ednies de comunicaci\u00f3 i preservar espais enfocats a l\u2019escolta activa i emp\u00e0tica, per intercanviar informaci\u00f3, experi\u00e8ncies per\u00f2 tamb\u00e9\u00a0 per construir-hi coneixement.<\/p>\n<p style=\"text-align: justify;\">Un coneixement que s\u2019ha d\u2019anar elaborant, tamb\u00e9, a partir de la indagaci\u00f3 amb\u00a0l'an\u00e0lisi de les necessitats i potencialitats inicials i una constant regulaci\u00f3 en contrast amb la recerca actualitzada per poder recollir evid\u00e8ncies\u00a0dels aven\u00e7os.<\/p>\n<h6 style=\"text-align: justify;\"><b>Fase de cooperaci\u00f3<\/b><\/h6>\n<p style=\"text-align: justify;\">Cooperem a mesura que anem construint\u00a0 significats, des del suport mutu, que ajuden a prendre decisions compartides i situades sobre estrat\u00e8gies, estructures, lideratges i des de la corresponsabilitat i la complicitat.<\/p>\n<p style=\"text-align: justify;\"><strong><span style=\"color: #333399;\">\u21d2<\/span><\/strong> A banda d'aquestes tres fases, tamb\u00e9 es contempla una altra fase, la de <b><span style=\"color: #3683c2;\">consolidaci\u00f3 o Institucionalitzaci\u00f3.<\/span> <\/b>En aquesta,les millores que s\u2019han anat desenvolupant passen a ser cultura de centre i s\u2019expliciten tan en les pr\u00e0ctiques del centre com en la documentaci\u00f3 que recull els marcs que orienten la presa de decisions del centre.<\/p>\n<table style=\"width: 100%; border-color: #ffffff; background-color: #ffffff; height: 267px;\">\n<tbody>\n<tr style=\"border-color: #ffffff; background-color: #ffffff;\">\n<td style=\"width: 50%; border-color: #ffffff; background-color: #ffffff; height: 267px;\"><a href=\"https:\/\/drive.google.com\/file\/d\/1F-HUu0McsYK40486KABODEv_UgyWPUfU\/view?usp=sharing\" target=\"_blank\" rel=\"noopener\"><img loading=\"lazy\" decoding=\"async\" class=\"wp-image-9882 aligncenter\" src=\"https:\/\/projectes.xtec.cat\/secrp\/wp-content\/uploads\/usu2432\/2021\/06\/videoonrubia.png\" alt=\"\" width=\"438\" height=\"253\" srcset=\"https:\/\/projectes.xtec.cat\/secrp\/wp-content\/uploads\/usu2432\/2021\/06\/videoonrubia.png 1341w, https:\/\/projectes.xtec.cat\/secrp\/wp-content\/uploads\/usu2432\/2021\/06\/videoonrubia-300x173.png 300w, https:\/\/projectes.xtec.cat\/secrp\/wp-content\/uploads\/usu2432\/2021\/06\/videoonrubia-768x444.png 768w, https:\/\/projectes.xtec.cat\/secrp\/wp-content\/uploads\/usu2432\/2021\/06\/videoonrubia-1024x592.png 1024w\" sizes=\"auto, (max-width: 438px) 100vw, 438px\" \/><\/a><\/p>\n<p style=\"text-align: center;\"><span style=\"color: #3683c2;\"><strong>V\u00eddeo fases J. Onrubia<\/strong><\/span><\/p>\n<p style=\"text-align: center;\"><span style=\"color: #3683c2;\"><strong>Consultar les fases al v\u00eddeo: 49' i 48\u201d<\/strong><\/span><\/p>\n<\/td>\n<td style=\"width: 50%; border-color: #ffffff; background-color: #ffffff; height: 267px;\"><a href=\"https:\/\/drive.google.com\/file\/d\/1orHB0b2KiIR2z7zbH5ZfPY0JIjr5CSlj\/view?usp=sharing\" target=\"_blank\" rel=\"noopener\"><img loading=\"lazy\" decoding=\"async\" class=\"wp-image-10078 alignnone\" src=\"https:\/\/projectes.xtec.cat\/secrp\/wp-content\/uploads\/usu2432\/2021\/07\/presentaci\u00f3-fases-onrubia.png\" alt=\"\" width=\"366\" height=\"248\" srcset=\"https:\/\/projectes.xtec.cat\/secrp\/wp-content\/uploads\/usu2432\/2021\/07\/presentaci\u00f3-fases-onrubia.png 1191w, https:\/\/projectes.xtec.cat\/secrp\/wp-content\/uploads\/usu2432\/2021\/07\/presentaci\u00f3-fases-onrubia-300x203.png 300w, https:\/\/projectes.xtec.cat\/secrp\/wp-content\/uploads\/usu2432\/2021\/07\/presentaci\u00f3-fases-onrubia-768x519.png 768w, https:\/\/projectes.xtec.cat\/secrp\/wp-content\/uploads\/usu2432\/2021\/07\/presentaci\u00f3-fases-onrubia-1024x692.png 1024w\" sizes=\"auto, (max-width: 366px) 100vw, 366px\" \/><\/a><\/p>\n<p style=\"text-align: center;\"><span style=\"color: #3683c2;\"><strong>Presentaci\u00f3 fases J. Onrubia <\/strong><\/span><\/p>\n<p style=\"text-align: center;\"><span style=\"color: #3683c2;\"><strong>Jornada de Nous professionals 20-21<\/strong><\/span><\/p>\n<\/td>\n<\/tr>\n<\/tbody>\n<\/table>\n<p style=\"text-align: center;\">\n\t\t\t\t\t\t <\/div>\r\n\t\t\t\t\t\t\t\t\t\t\t\t <div role=\"tabpanel\" class=\"tab-pane \" id=\"tabs_desc_10076_3\">\r\n\t\t\t\t\t\t\t\t<p style=\"text-align: justify;\">Cal que qualsevol proc\u00e9s d\u2019acompanyament es proposi amb l\u2019objectiu de ser avaluat en el seu disseny, implementaci\u00f3 i generaci\u00f3 de resultats des d\u2019una perspectiva formativa, aix\u00f2 \u00e9s, amb una regulaci\u00f3 cont\u00ednua de les accions i rols implicats a cada fase i en relaci\u00f3 als objectius i criteris que es vagin consensuant fruit de la teoria del canvi que es descrigui.<\/p>\n<p style=\"text-align: justify;\">La finalitat de l\u2019avaluaci\u00f3 formativa-formadora porta de forma inherent l\u2019impuls dels valors de la honestedat i la humiltat, uns valors que han d\u2019impregnar totes les fases de qualsevol proc\u00e9s d\u2019acompanyament a centre.<\/p>\n\t\t\t\t\t\t <\/div>\r\n\t\t\t\t\t\t\t\r\n\t\t\t\t\t <\/div>\r\n\t\t\t\t\t \r\n\t\t\t\t <\/div>\r\n <script>\r\n\t\tjQuery(function () {\r\n\t\t\tjQuery('#myTab_10076 a:first').tab('show')\r\n\t\t});\r\n\t\t\r\n\t\t\t\tjQuery(function(){\r\n\t\t\tvar b=\"fadeIn\";\r\n\t\t\tvar c;\r\n\t\t\tvar a;\r\n\t\t\td(jQuery(\"#myTab_10076 a\"),jQuery(\"#tab-content_10076\"));function d(e,f,g){\r\n\t\t\t\te.click(function(i){\r\n\t\t\t\t\ti.preventDefault();\r\n\t\t\t\t\tjQuery(this).tab(\"show\");\r\n\t\t\t\t\tvar h=jQuery(this).data(\"easein\");\r\n\t\t\t\t\tif(c){c.removeClass(a);}\r\n\t\t\t\t\tif(h){f.find(\"div.active\").addClass(\"animated \"+h);a=h;}\r\n\t\t\t\t\telse{if(g){f.find(\"div.active\").addClass(\"animated \"+g);a=g;}else{f.find(\"div.active\").addClass(\"animated \"+b);a=b;}}c=f.find(\"div.active\");\r\n\t\t\t\t});\r\n\t\t\t}\r\n\t\t});\r\n\t\t\r\n\r\n\t\tfunction do_resize(){\r\n\r\n\t\t\tvar width=jQuery( '.tab-content .tab-pane iframe' ).width();\r\n\t\t\tvar height=jQuery( '.tab-content .tab-pane iframe' ).height();\r\n\r\n\t\t\tvar toggleSize = true;\r\n\t\t\tjQuery('iframe').animate({\r\n\t\t\t    width: toggleSize ? width : 640,\r\n\t\t\t    height: toggleSize ? height : 360\r\n\t\t\t  }, 250);\r\n\r\n\t\t\t  toggleSize = !toggleSize;\r\n\t\t}\r\n\r\n\r\n\t<\/script>\r\n\t\t\t\t\r\n\t\t\t\n","protected":false},"excerpt":{"rendered":"","protected":false},"author":8,"featured_media":0,"parent":9685,"menu_order":2,"comment_status":"closed","ping_status":"closed","template":"page-templates\/side-menu.php","meta":{"_bbp_topic_count":0,"_bbp_reply_count":0,"_bbp_total_topic_count":0,"_bbp_total_reply_count":0,"_bbp_voice_count":0,"_bbp_anonymous_reply_count":0,"_bbp_topic_count_hidden":0,"_bbp_reply_count_hidden":0,"_bbp_forum_subforum_count":0,"site-sidebar-layout":"default","site-content-layout":"","ast-site-content-layout":"","site-content-style":"default","site-sidebar-style":"default","ast-global-header-display":"","ast-banner-title-visibility":"","ast-main-header-display":"","ast-hfb-above-header-display":"","ast-hfb-below-header-display":"","ast-hfb-mobile-header-display":"","site-post-title":"","ast-breadcrumbs-content":"","ast-featured-img":"","footer-sml-layout":"","theme-transparent-header-meta":"","adv-header-id-meta":"","stick-header-meta":"","header-above-stick-meta":"","header-main-stick-meta":"","header-below-stick-meta":"","astra-migrate-meta-layouts":"default","ast-page-background-enabled":"default","ast-page-background-meta":{"desktop":{"background-color":"var(--ast-global-color-4)","background-image":"","background-repeat":"repeat","background-position":"center center","background-size":"auto","background-attachment":"scroll","background-type":"","background-media":"","overlay-type":"","overlay-color":"","overlay-opacity":"","overlay-gradient":""},"tablet":{"background-color":"","background-image":"","background-repeat":"repeat","background-position":"center center","background-size":"auto","background-attachment":"scroll","background-type":"","background-media":"","overlay-type":"","overlay-color":"","overlay-opacity":"","overlay-gradient":""},"mobile":{"background-color":"","background-image":"","background-repeat":"repeat","background-position":"center center","background-size":"auto","background-attachment":"scroll","background-type":"","background-media":"","overlay-type":"","overlay-color":"","overlay-opacity":"","overlay-gradient":""}},"ast-content-background-meta":{"desktop":{"background-color":"var(--ast-global-color-5)","background-image":"","background-repeat":"repeat","background-position":"center center","background-size":"auto","background-attachment":"scroll","background-type":"","background-media":"","overlay-type":"","overlay-color":"","overlay-opacity":"","overlay-gradient":""},"tablet":{"background-color":"var(--ast-global-color-5)","background-image":"","background-repeat":"repeat","background-position":"center center","background-size":"auto","background-attachment":"scroll","background-type":"","background-media":"","overlay-type":"","overlay-color":"","overlay-opacity":"","overlay-gradient":""},"mobile":{"background-color":"var(--ast-global-color-5)","background-image":"","background-repeat":"repeat","background-position":"center center","background-size":"auto","background-attachment":"scroll","background-type":"","background-media":"","overlay-type":"","overlay-color":"","overlay-opacity":"","overlay-gradient":""}},"footnotes":""},"class_list":["post-9558","page","type-page","status-publish","hentry"],"post_mailing_queue_ids":[],"_links":{"self":[{"href":"https:\/\/projectes.xtec.cat\/secrp\/wp-json\/wp\/v2\/pages\/9558","targetHints":{"allow":["GET"]}}],"collection":[{"href":"https:\/\/projectes.xtec.cat\/secrp\/wp-json\/wp\/v2\/pages"}],"about":[{"href":"https:\/\/projectes.xtec.cat\/secrp\/wp-json\/wp\/v2\/types\/page"}],"author":[{"embeddable":true,"href":"https:\/\/projectes.xtec.cat\/secrp\/wp-json\/wp\/v2\/users\/8"}],"replies":[{"embeddable":true,"href":"https:\/\/projectes.xtec.cat\/secrp\/wp-json\/wp\/v2\/comments?post=9558"}],"version-history":[{"count":3,"href":"https:\/\/projectes.xtec.cat\/secrp\/wp-json\/wp\/v2\/pages\/9558\/revisions"}],"predecessor-version":[{"id":10077,"href":"https:\/\/projectes.xtec.cat\/secrp\/wp-json\/wp\/v2\/pages\/9558\/revisions\/10077"}],"up":[{"embeddable":true,"href":"https:\/\/projectes.xtec.cat\/secrp\/wp-json\/wp\/v2\/pages\/9685"}],"wp:attachment":[{"href":"https:\/\/projectes.xtec.cat\/secrp\/wp-json\/wp\/v2\/media?parent=9558"}],"curies":[{"name":"wp","href":"https:\/\/api.w.org\/{rel}","templated":true}]}}