{"id":9633,"date":"2021-05-16T11:07:09","date_gmt":"2021-05-16T09:07:09","guid":{"rendered":"https:\/\/projectes.xtec.cat\/secrp\/?page_id=9633"},"modified":"2022-03-14T17:23:39","modified_gmt":"2022-03-14T16:23:39","slug":"projectes","status":"publish","type":"page","link":"https:\/\/projectes.xtec.cat\/secrp\/projectes\/","title":{"rendered":"Projectes d&#8217;innovaci\u00f3 i pr\u00e0ctiques educatives de refer\u00e8ncia"},"content":{"rendered":"<p style=\"margin-bottom: 10px; color: #666666; font-family: OpenSansRegular, Helvetica, Arial, sans-serif; font-size: 14px;\">Els<a href=\"https:\/\/innovacio.xtec.gencat.cat\/programa\/1001\" target=\"_blank\" rel=\"noopener\"> projectes d\u2019innovaci\u00f3 pedag\u00f2gica<\/a> consisteixen en iniciatives d\u2019un centre educatiu, o d\u2019un grup de centres, que formen part de manera expl\u00edcita del projecte educatiu de centre, que responen a objectius de millora educativa pr\u00e8viament fixats en un pla d\u2019acci\u00f3 i que aporten evid\u00e8ncies del canvi que ha significat per al centre o centres pel que fa a les compet\u00e8ncies dels alumnes o a l\u2019organitzaci\u00f3 i gesti\u00f3. <a href=\"https:\/\/portaldogc.gencat.cat\/utilsEADOP\/PDF\/6966\/1447492.pdf\" target=\"_blank\" rel=\"noopener\">(Article 2 Ordre Ens\/303\/2015)<\/a><\/p>\n<p style=\"margin-bottom: 10px; color: #666666; font-family: OpenSansRegular, Helvetica, Arial, sans-serif; font-size: 14px;\">El Departament d\u2019Educaci\u00f3 vol promoure, recon\u00e8ixer i certificar els projectes d&#8217;innovaci\u00f3 pedag\u00f2gica impulsats des dels centres educatius per millorar la qualitat dels serveis que ofereixen contribuint a la millora del sistema educatiu.<\/p>\n<p style=\"margin-bottom: 10px; color: #666666; font-family: OpenSansRegular, Helvetica, Arial, sans-serif; font-size: 14px;\">Les <a href=\"https:\/\/innovacio.xtec.gencat.cat\/programa\/2001\" target=\"_blank\" rel=\"noopener\">pr\u00e0ctiques educatives de refer\u00e8ncia<\/a>, que consisteixen en iniciatives del professorat vinculades al projecte educatiu del centre que evidencien una millora educativa, aix\u00ed com els materials i recursos educatius elaborats pel professorat, un cop han estat implementats i sempre que aportin millores per a l\u2019aprenentatge. <a href=\"https:\/\/portaldogc.gencat.cat\/utilsEADOP\/PDF\/6966\/1447492.pdf\" target=\"_blank\" rel=\"noopener\">(Article 2 Ordre ENS\/303\/2015)<\/a><\/p>\n<p style=\"margin-bottom: 10px; color: #666666; font-family: OpenSansRegular, Helvetica, Arial, sans-serif; font-size: 14px;\">El Departament d\u2019Educaci\u00f3 vol promoure, recon\u00e8ixer i certificar les pr\u00e0ctiques educatives de refer\u00e8ncia impulsades des del professorat dels centres educatius per millorar la qualitat dels serveis que ofereixen contribuint a la millora del sistema educatiu.<\/p>\n<p><iframe loading=\"lazy\" src=\"https:\/\/edumet.cat\/areatac\/presentacions\/index.php?ID=1_9_mWqT2TmoKHKBFzhKUJ8Yr4mRsfJmk2CKNpVVg7Xk&amp;config=Config_1\" width=\"100%\" height=\"950\" data-mce-fragment=\"1\"><span data-mce-type=\"bookmark\" style=\"display: inline-block; width: 0px; overflow: hidden; line-height: 0;\" class=\"mce_SELRES_start\">\ufeff<\/span><span data-mce-type=\"bookmark\" style=\"display: inline-block; width: 0px; overflow: hidden; line-height: 0;\" class=\"mce_SELRES_start\">\ufeff<\/span><span data-mce-type=\"bookmark\" style=\"display: inline-block; width: 0px; overflow: hidden; line-height: 0;\" class=\"mce_SELRES_start\">\ufeff<\/span><\/iframe><\/p>\n","protected":false},"excerpt":{"rendered":"<p>Els projectes d\u2019innovaci\u00f3 pedag\u00f2gica consisteixen en iniciatives d\u2019un centre educatiu, o d\u2019un grup de centres, que formen part de manera [&hellip;]<\/p>\n","protected":false},"author":1,"featured_media":0,"parent":0,"menu_order":0,"comment_status":"closed","ping_status":"closed","template":"","meta":{"_bbp_topic_count":0,"_bbp_reply_count":0,"_bbp_total_topic_count":0,"_bbp_total_reply_count":0,"_bbp_voice_count":0,"_bbp_anonymous_reply_count":0,"_bbp_topic_count_hidden":0,"_bbp_reply_count_hidden":0,"_bbp_forum_subforum_count":0,"site-sidebar-layout":"default","site-content-layout":"","ast-site-content-layout":"","site-content-style":"default","site-sidebar-style":"default","ast-global-header-display":"","ast-banner-title-visibility":"","ast-main-header-display":"","ast-hfb-above-header-display":"","ast-hfb-below-header-display":"","ast-hfb-mobile-header-display":"","site-post-title":"","ast-breadcrumbs-content":"","ast-featured-img":"","footer-sml-layout":"","theme-transparent-header-meta":"","adv-header-id-meta":"","stick-header-meta":"","header-above-stick-meta":"","header-main-stick-meta":"","header-below-stick-meta":"","astra-migrate-meta-layouts":"default","ast-page-background-enabled":"default","ast-page-background-meta":{"desktop":{"background-color":"var(--ast-global-color-4)","background-image":"","background-repeat":"repeat","background-position":"center center","background-size":"auto","background-attachment":"scroll","background-type":"","background-media":"","overlay-type":"","overlay-color":"","overlay-opacity":"","overlay-gradient":""},"tablet":{"background-color":"","background-image":"","background-repeat":"repeat","background-position":"center center","background-size":"auto","background-attachment":"scroll","background-type":"","background-media":"","overlay-type":"","overlay-color":"","overlay-opacity":"","overlay-gradient":""},"mobile":{"background-color":"","background-image":"","background-repeat":"repeat","background-position":"center center","background-size":"auto","background-attachment":"scroll","background-type":"","background-media":"","overlay-type":"","overlay-color":"","overlay-opacity":"","overlay-gradient":""}},"ast-content-background-meta":{"desktop":{"background-color":"var(--ast-global-color-5)","background-image":"","background-repeat":"repeat","background-position":"center center","background-size":"auto","background-attachment":"scroll","background-type":"","background-media":"","overlay-type":"","overlay-color":"","overlay-opacity":"","overlay-gradient":""},"tablet":{"background-color":"var(--ast-global-color-5)","background-image":"","background-repeat":"repeat","background-position":"center center","background-size":"auto","background-attachment":"scroll","background-type":"","background-media":"","overlay-type":"","overlay-color":"","overlay-opacity":"","overlay-gradient":""},"mobile":{"background-color":"var(--ast-global-color-5)","background-image":"","background-repeat":"repeat","background-position":"center center","background-size":"auto","background-attachment":"scroll","background-type":"","background-media":"","overlay-type":"","overlay-color":"","overlay-opacity":"","overlay-gradient":""}},"footnotes":""},"class_list":["post-9633","page","type-page","status-publish","hentry"],"post_mailing_queue_ids":[],"_links":{"self":[{"href":"https:\/\/projectes.xtec.cat\/secrp\/wp-json\/wp\/v2\/pages\/9633","targetHints":{"allow":["GET"]}}],"collection":[{"href":"https:\/\/projectes.xtec.cat\/secrp\/wp-json\/wp\/v2\/pages"}],"about":[{"href":"https:\/\/projectes.xtec.cat\/secrp\/wp-json\/wp\/v2\/types\/page"}],"author":[{"embeddable":true,"href":"https:\/\/projectes.xtec.cat\/secrp\/wp-json\/wp\/v2\/users\/1"}],"replies":[{"embeddable":true,"href":"https:\/\/projectes.xtec.cat\/secrp\/wp-json\/wp\/v2\/comments?post=9633"}],"version-history":[{"count":4,"href":"https:\/\/projectes.xtec.cat\/secrp\/wp-json\/wp\/v2\/pages\/9633\/revisions"}],"predecessor-version":[{"id":11045,"href":"https:\/\/projectes.xtec.cat\/secrp\/wp-json\/wp\/v2\/pages\/9633\/revisions\/11045"}],"wp:attachment":[{"href":"https:\/\/projectes.xtec.cat\/secrp\/wp-json\/wp\/v2\/media?parent=9633"}],"curies":[{"name":"wp","href":"https:\/\/api.w.org\/{rel}","templated":true}]}}