{"id":797,"date":"2015-11-28T21:06:57","date_gmt":"2015-11-28T20:06:57","guid":{"rendered":"https:\/\/projectes.xtec.cat\/shine\/?page_id=797"},"modified":"2026-01-13T20:07:26","modified_gmt":"2026-01-13T19:07:26","slug":"presentacio","status":"publish","type":"page","link":"https:\/\/projectes.xtec.cat\/shine\/el-projecte\/presentacio\/","title":{"rendered":"Presentaci\u00f3"},"content":{"rendered":"\n<p>Despr\u00e9s de diverses experi\u00e8ncies positives i bons resultats en iniciatives anteriors, el Departament d\u2019Educaci\u00f3 i Formaci\u00f3 Professional aposta per refor\u00e7ar el suport als centres educatius amb un nou programa d\u2019assessorament:&nbsp;<strong>Shine: a bright future for all<\/strong>.<\/p>\n\n\n\n<p>Aquest programa s\u2019adre\u00e7a als centres p\u00fablics d\u2019educaci\u00f3 prim\u00e0ria, secund\u00e0ria obligat\u00f2ria i batxillerat, i t\u00e9 com a objectiu principal millorar la compet\u00e8ncia en llengua anglesa de l\u2019alumnat. Per fer-ho, s\u2019ofereix a cada centre participant un acompanyament personalitzat per dissenyar i posar en marxa un pla de treball adaptat a les seves necessitats.<\/p>\n\n\n\n<p>Amb el programa Shine, els centres podran analitzar les seves fortaleses i \u00e0rees de millora, definir objectius clars, planificar accions formatives i establir estrat\u00e8gies de seguiment i avaluaci\u00f3. Tot aquest proc\u00e9s es desenvolupar\u00e0 al llarg d\u2019un curs escolar i comptar\u00e0 amb la col\u00b7laboraci\u00f3 de diversos agents educatius.<\/p>\n\n\n\n<h3 class=\"wp-block-heading\"><strong>Qu\u00e8 volem aconseguir?<\/strong><\/h3>\n\n\n\n<p>El programa Shine t\u00e9 una doble finalitat:<\/p>\n\n\n\n<ul class=\"wp-block-list\">\n<li><strong>Enfortir les compet\u00e8ncies professionals del professorat<\/strong>, especialment en l\u2019\u00e0mbit de l\u2019ensenyament de l\u2019angl\u00e8s.<\/li>\n\n\n\n<li><strong>Millorar els resultats competencials de l\u2019alumnat<\/strong>\u00a0en llengua anglesa, afavorint una exposici\u00f3 m\u00e9s rica i significativa a l\u2019idioma.<\/li>\n<\/ul>\n\n\n\n<p>A m\u00e9s, es promou la col\u00b7laboraci\u00f3 entre centres i comunitat educativa per organitzar activitats que incrementin l\u2019\u00fas de l\u2019angl\u00e8s dins i fora de l\u2019aula. Tamb\u00e9 es vol incentivar la participaci\u00f3 en programes d\u2019immersi\u00f3 ling\u00fc\u00edstica i projectes d\u2019internacionalitzaci\u00f3 que ofereixin oportunitats reals de comunicaci\u00f3 amb alumnat d\u2019altres pa\u00efsos.<\/p>\n\n\n\n<h3 class=\"wp-block-heading\"><strong>A qui s\u2019adre\u00e7a?<\/strong><\/h3>\n\n\n\n<p>El programa Shine est\u00e0 pensat per a centres p\u00fablics que imparteixen educaci\u00f3 b\u00e0sica o batxillerat. Tot i aix\u00f2, el Departament podr\u00e0 ampliar-ne l\u2019abast a altres tipus de centres si ho considera oport\u00fa.<\/p>\n\n\n\n<p>Pel que fa al professorat, els principals destinataris s\u00f3n els docents especialistes en llengua anglesa. Tamb\u00e9 hi poden participar professors d\u2019altres mat\u00e8ries que imparteixin continguts en angl\u00e8s i que tinguin un nivell acreditat de B2 o superior.<\/p>\n","protected":false},"excerpt":{"rendered":"<p>Despr\u00e9s de diverses experi\u00e8ncies positives i bons resultats en iniciatives anteriors, el Departament d\u2019Educaci\u00f3 i Formaci\u00f3 Professional aposta per refor\u00e7ar el suport als centres educatius amb un nou programa d\u2019assessorament:&nbsp;Shine: a bright future for all. Aquest programa s\u2019adre\u00e7a als centres p\u00fablics d\u2019educaci\u00f3 prim\u00e0ria, secund\u00e0ria obligat\u00f2ria i batxillerat, i t\u00e9 com a objectiu principal millorar la [&hellip;]<\/p>\n","protected":false},"author":1,"featured_media":0,"parent":806,"menu_order":1,"comment_status":"closed","ping_status":"closed","template":"","meta":{"site-sidebar-layout":"default","site-content-layout":"","ast-site-content-layout":"default","site-content-style":"default","site-sidebar-style":"default","ast-global-header-display":"","ast-banner-title-visibility":"","ast-main-header-display":"","ast-hfb-above-header-display":"","ast-hfb-below-header-display":"","ast-hfb-mobile-header-display":"","site-post-title":"","ast-breadcrumbs-content":"","ast-featured-img":"","footer-sml-layout":"","theme-transparent-header-meta":"","adv-header-id-meta":"","stick-header-meta":"","header-above-stick-meta":"","header-main-stick-meta":"","header-below-stick-meta":"","astra-migrate-meta-layouts":"set","ast-page-background-enabled":"default","ast-page-background-meta":{"desktop":{"background-color":"var(--ast-global-color-4)","background-image":"","background-repeat":"repeat","background-position":"center center","background-size":"auto","background-attachment":"scroll","background-type":"","background-media":"","overlay-type":"","overlay-color":"","overlay-opacity":"","overlay-gradient":""},"tablet":{"background-color":"","background-image":"","background-repeat":"repeat","background-position":"center center","background-size":"auto","background-attachment":"scroll","background-type":"","background-media":"","overlay-type":"","overlay-color":"","overlay-opacity":"","overlay-gradient":""},"mobile":{"background-color":"","background-image":"","background-repeat":"repeat","background-position":"center center","background-size":"auto","background-attachment":"scroll","background-type":"","background-media":"","overlay-type":"","overlay-color":"","overlay-opacity":"","overlay-gradient":""}},"ast-content-background-meta":{"desktop":{"background-color":"var(--ast-global-color-5)","background-image":"","background-repeat":"repeat","background-position":"center center","background-size":"auto","background-attachment":"scroll","background-type":"","background-media":"","overlay-type":"","overlay-color":"","overlay-opacity":"","overlay-gradient":""},"tablet":{"background-color":"var(--ast-global-color-5)","background-image":"","background-repeat":"repeat","background-position":"center center","background-size":"auto","background-attachment":"scroll","background-type":"","background-media":"","overlay-type":"","overlay-color":"","overlay-opacity":"","overlay-gradient":""},"mobile":{"background-color":"var(--ast-global-color-5)","background-image":"","background-repeat":"repeat","background-position":"center center","background-size":"auto","background-attachment":"scroll","background-type":"","background-media":"","overlay-type":"","overlay-color":"","overlay-opacity":"","overlay-gradient":""}},"footnotes":""},"class_list":["post-797","page","type-page","status-publish","hentry"],"post_mailing_queue_ids":[],"_links":{"self":[{"href":"https:\/\/projectes.xtec.cat\/shine\/wp-json\/wp\/v2\/pages\/797","targetHints":{"allow":["GET"]}}],"collection":[{"href":"https:\/\/projectes.xtec.cat\/shine\/wp-json\/wp\/v2\/pages"}],"about":[{"href":"https:\/\/projectes.xtec.cat\/shine\/wp-json\/wp\/v2\/types\/page"}],"author":[{"embeddable":true,"href":"https:\/\/projectes.xtec.cat\/shine\/wp-json\/wp\/v2\/users\/1"}],"replies":[{"embeddable":true,"href":"https:\/\/projectes.xtec.cat\/shine\/wp-json\/wp\/v2\/comments?post=797"}],"version-history":[{"count":4,"href":"https:\/\/projectes.xtec.cat\/shine\/wp-json\/wp\/v2\/pages\/797\/revisions"}],"predecessor-version":[{"id":8386,"href":"https:\/\/projectes.xtec.cat\/shine\/wp-json\/wp\/v2\/pages\/797\/revisions\/8386"}],"up":[{"embeddable":true,"href":"https:\/\/projectes.xtec.cat\/shine\/wp-json\/wp\/v2\/pages\/806"}],"wp:attachment":[{"href":"https:\/\/projectes.xtec.cat\/shine\/wp-json\/wp\/v2\/media?parent=797"}],"curies":[{"name":"wp","href":"https:\/\/api.w.org\/{rel}","templated":true}]}}