{"id":8297,"date":"2025-02-10T18:00:21","date_gmt":"2025-02-10T17:00:21","guid":{"rendered":"https:\/\/projectes.xtec.cat\/shine\/?page_id=8297"},"modified":"2026-01-13T20:07:33","modified_gmt":"2026-01-13T19:07:33","slug":"objectius","status":"publish","type":"page","link":"https:\/\/projectes.xtec.cat\/shine\/el-projecte\/objectius\/","title":{"rendered":"Objectius"},"content":{"rendered":"\n<p>Els objectius espec\u00edfics del Programa s\u00f3n els seg\u00fcents:<\/p>\n\n\n\n<p>&#8211; Millorar la compet\u00e8ncia professional dels docents dels centres participants, tant dels especialistes de llengua anglesa com dels especialistes en altres mat\u00e8ries que imparteixen continguts en aquesta llengua.<\/p>\n\n\n\n<p>&#8211; Acompanyar i orientar els centres educatius en el disseny i implementaci\u00f3 d&#8217;un pla de treball per a la millora.<\/p>\n\n\n\n<p>&#8211; Promoure una millora educativa basada en evid\u00e8ncies sorgides de la implementaci\u00f3 de processos de recerca-acci\u00f3 a l&#8217;aula.<\/p>\n\n\n\n<p>&#8211; Oferir formaci\u00f3 al professorat dels centres participants sobre aprenentatge integrat de llengua estrangera i continguts (AICLE), l&#8217;aprenentatge basat en projectes (ABP) o en tasques (ABT); introducci\u00f3 de la llengua anglesa a l&#8217;educaci\u00f3 infantil; i estrat\u00e8gies i recursos per millorar les habilitats comunicatives de l&#8217;alumnat.<\/p>\n\n\n\n<p>&#8211; Facilitar l&#8217;aprenentatge entre iguals mitjan\u00e7ant observacions d&#8217;aula i modelatge d&#8217;estrat\u00e8gies did\u00e0ctiques i de codoc\u00e8ncia per part d&#8217;experts en la mat\u00e8ria.<\/p>\n\n\n\n<p>&#8211; Promoure la col\u00b7laboraci\u00f3 docent per a l&#8217;establiment d&#8217;una l\u00ednia metodol\u00f2gica de centre coherent en relaci\u00f3 amb l&#8217;ensenyament de la llengua anglesa.<\/p>\n\n\n\n<p>&#8211; Orientar els centres en relaci\u00f3 amb recursos complementaris, tant de car\u00e0cter local com internacional, que poden tenir al seu abast per incrementar les oportunitats d&#8217;aprenentatge i \u00fas de la llengua anglesa.<\/p>\n\n\n\n<p>&#8211; Promoure la interacci\u00f3 entre els centres del programa, amb l&#8217;objectiu d&#8217;intercanviar experi\u00e8ncies docents i bones pr\u00e0ctiques educatives per a la promoci\u00f3 de l&#8217;aprenentatge i \u00fas de l&#8217;angl\u00e8s.<\/p>\n\n\n\n<p>&#8211; Afavorir la participaci\u00f3 i implicaci\u00f3 de la comunitat educativa en el projecte de millora del centre.<\/p>\n\n\n\n<p><\/p>\n","protected":false},"excerpt":{"rendered":"<p>Els objectius espec\u00edfics del Programa s\u00f3n els seg\u00fcents: &#8211; Millorar la compet\u00e8ncia professional dels docents dels centres participants, tant dels especialistes de llengua anglesa com dels especialistes en altres mat\u00e8ries que imparteixen continguts en aquesta llengua. &#8211; Acompanyar i orientar els centres educatius en el disseny i implementaci\u00f3 d&#8217;un pla de treball per a la [&hellip;]<\/p>\n","protected":false},"author":1,"featured_media":0,"parent":806,"menu_order":2,"comment_status":"closed","ping_status":"closed","template":"","meta":{"site-sidebar-layout":"default","site-content-layout":"","ast-site-content-layout":"default","site-content-style":"default","site-sidebar-style":"default","ast-global-header-display":"","ast-banner-title-visibility":"","ast-main-header-display":"","ast-hfb-above-header-display":"","ast-hfb-below-header-display":"","ast-hfb-mobile-header-display":"","site-post-title":"","ast-breadcrumbs-content":"","ast-featured-img":"","footer-sml-layout":"","theme-transparent-header-meta":"","adv-header-id-meta":"","stick-header-meta":"","header-above-stick-meta":"","header-main-stick-meta":"","header-below-stick-meta":"","astra-migrate-meta-layouts":"set","ast-page-background-enabled":"default","ast-page-background-meta":{"desktop":{"background-color":"var(--ast-global-color-4)","background-image":"","background-repeat":"repeat","background-position":"center center","background-size":"auto","background-attachment":"scroll","background-type":"","background-media":"","overlay-type":"","overlay-color":"","overlay-opacity":"","overlay-gradient":""},"tablet":{"background-color":"","background-image":"","background-repeat":"repeat","background-position":"center center","background-size":"auto","background-attachment":"scroll","background-type":"","background-media":"","overlay-type":"","overlay-color":"","overlay-opacity":"","overlay-gradient":""},"mobile":{"background-color":"","background-image":"","background-repeat":"repeat","background-position":"center center","background-size":"auto","background-attachment":"scroll","background-type":"","background-media":"","overlay-type":"","overlay-color":"","overlay-opacity":"","overlay-gradient":""}},"ast-content-background-meta":{"desktop":{"background-color":"var(--ast-global-color-5)","background-image":"","background-repeat":"repeat","background-position":"center center","background-size":"auto","background-attachment":"scroll","background-type":"","background-media":"","overlay-type":"","overlay-color":"","overlay-opacity":"","overlay-gradient":""},"tablet":{"background-color":"var(--ast-global-color-5)","background-image":"","background-repeat":"repeat","background-position":"center center","background-size":"auto","background-attachment":"scroll","background-type":"","background-media":"","overlay-type":"","overlay-color":"","overlay-opacity":"","overlay-gradient":""},"mobile":{"background-color":"var(--ast-global-color-5)","background-image":"","background-repeat":"repeat","background-position":"center center","background-size":"auto","background-attachment":"scroll","background-type":"","background-media":"","overlay-type":"","overlay-color":"","overlay-opacity":"","overlay-gradient":""}},"footnotes":""},"class_list":["post-8297","page","type-page","status-publish","hentry"],"post_mailing_queue_ids":[],"_links":{"self":[{"href":"https:\/\/projectes.xtec.cat\/shine\/wp-json\/wp\/v2\/pages\/8297","targetHints":{"allow":["GET"]}}],"collection":[{"href":"https:\/\/projectes.xtec.cat\/shine\/wp-json\/wp\/v2\/pages"}],"about":[{"href":"https:\/\/projectes.xtec.cat\/shine\/wp-json\/wp\/v2\/types\/page"}],"author":[{"embeddable":true,"href":"https:\/\/projectes.xtec.cat\/shine\/wp-json\/wp\/v2\/users\/1"}],"replies":[{"embeddable":true,"href":"https:\/\/projectes.xtec.cat\/shine\/wp-json\/wp\/v2\/comments?post=8297"}],"version-history":[{"count":4,"href":"https:\/\/projectes.xtec.cat\/shine\/wp-json\/wp\/v2\/pages\/8297\/revisions"}],"predecessor-version":[{"id":8333,"href":"https:\/\/projectes.xtec.cat\/shine\/wp-json\/wp\/v2\/pages\/8297\/revisions\/8333"}],"up":[{"embeddable":true,"href":"https:\/\/projectes.xtec.cat\/shine\/wp-json\/wp\/v2\/pages\/806"}],"wp:attachment":[{"href":"https:\/\/projectes.xtec.cat\/shine\/wp-json\/wp\/v2\/media?parent=8297"}],"curies":[{"name":"wp","href":"https:\/\/api.w.org\/{rel}","templated":true}]}}