{"id":8394,"date":"2025-09-08T06:21:08","date_gmt":"2025-09-08T04:21:08","guid":{"rendered":"https:\/\/projectes.xtec.cat\/shine\/?page_id=8394"},"modified":"2026-01-13T20:07:40","modified_gmt":"2026-01-13T19:07:40","slug":"assessorament-en-centre","status":"publish","type":"page","link":"https:\/\/projectes.xtec.cat\/shine\/el-projecte\/assessorament-en-centre\/","title":{"rendered":"Actuacions i recursos"},"content":{"rendered":"\n<p>De la participaci\u00f3 en el programa se&#8217;n deriven les actuacions i recursos seg\u00fcents:<\/p>\n\n\n\n<p>&#8211; Suport als centres participants en l&#8217;an\u00e0lisi de necessitats de millora i en el disseny d&#8217;un pla de treball.<\/p>\n\n\n\n<p>&#8211; Organitzaci\u00f3 d&#8217;activitats formatives d&#8217;acord amb les necessitats detectades.<\/p>\n\n\n\n<p>&#8211; Acompanyament del docent a l&#8217;aula per facilitar la reflexi\u00f3 cr\u00edtica sobre la pr\u00f2pia pr\u00e0ctica educativa, per a la implementaci\u00f3 de pr\u00e0ctiques de codoc\u00e8ncia i per al modelatge d&#8217;estrat\u00e8gies metodol\u00f2giques.<\/p>\n\n\n\n<p>&#8211; Informaci\u00f3 sobre recursos addicionals de suport (programes d&#8217;internacionalitzaci\u00f3, programes d&#8217;immersi\u00f3 en llengua anglesa, activitats complement\u00e0ries per a l&#8217;alumnat, etc.).<\/p>\n\n\n\n<p>&#8211; Suport per a l&#8217;establiment de xarxes de cooperaci\u00f3 educativa, amb altres centres educatius i\/o amb altres agents educatius del territori.<\/p>\n\n\n\n<p>&#8211; Documentaci\u00f3 relacionada amb la gesti\u00f3 del programa (plantilles, guies, documents de suport, etc.).<\/p>\n\n\n\n<p><\/p>\n","protected":false},"excerpt":{"rendered":"<p>De la participaci\u00f3 en el programa se&#8217;n deriven les actuacions i recursos seg\u00fcents: &#8211; Suport als centres participants en l&#8217;an\u00e0lisi de necessitats de millora i en el disseny d&#8217;un pla de treball. &#8211; Organitzaci\u00f3 d&#8217;activitats formatives d&#8217;acord amb les necessitats detectades. &#8211; Acompanyament del docent a l&#8217;aula per facilitar la reflexi\u00f3 cr\u00edtica sobre la pr\u00f2pia [&hellip;]<\/p>\n","protected":false},"author":1,"featured_media":0,"parent":806,"menu_order":3,"comment_status":"closed","ping_status":"closed","template":"","meta":{"site-sidebar-layout":"default","site-content-layout":"","ast-site-content-layout":"default","site-content-style":"default","site-sidebar-style":"default","ast-global-header-display":"","ast-banner-title-visibility":"","ast-main-header-display":"","ast-hfb-above-header-display":"","ast-hfb-below-header-display":"","ast-hfb-mobile-header-display":"","site-post-title":"","ast-breadcrumbs-content":"","ast-featured-img":"","footer-sml-layout":"","theme-transparent-header-meta":"","adv-header-id-meta":"","stick-header-meta":"","header-above-stick-meta":"","header-main-stick-meta":"","header-below-stick-meta":"","astra-migrate-meta-layouts":"set","ast-page-background-enabled":"default","ast-page-background-meta":{"desktop":{"background-color":"var(--ast-global-color-4)","background-image":"","background-repeat":"repeat","background-position":"center center","background-size":"auto","background-attachment":"scroll","background-type":"","background-media":"","overlay-type":"","overlay-color":"","overlay-opacity":"","overlay-gradient":""},"tablet":{"background-color":"","background-image":"","background-repeat":"repeat","background-position":"center center","background-size":"auto","background-attachment":"scroll","background-type":"","background-media":"","overlay-type":"","overlay-color":"","overlay-opacity":"","overlay-gradient":""},"mobile":{"background-color":"","background-image":"","background-repeat":"repeat","background-position":"center center","background-size":"auto","background-attachment":"scroll","background-type":"","background-media":"","overlay-type":"","overlay-color":"","overlay-opacity":"","overlay-gradient":""}},"ast-content-background-meta":{"desktop":{"background-color":"var(--ast-global-color-5)","background-image":"","background-repeat":"repeat","background-position":"center center","background-size":"auto","background-attachment":"scroll","background-type":"","background-media":"","overlay-type":"","overlay-color":"","overlay-opacity":"","overlay-gradient":""},"tablet":{"background-color":"var(--ast-global-color-5)","background-image":"","background-repeat":"repeat","background-position":"center center","background-size":"auto","background-attachment":"scroll","background-type":"","background-media":"","overlay-type":"","overlay-color":"","overlay-opacity":"","overlay-gradient":""},"mobile":{"background-color":"var(--ast-global-color-5)","background-image":"","background-repeat":"repeat","background-position":"center center","background-size":"auto","background-attachment":"scroll","background-type":"","background-media":"","overlay-type":"","overlay-color":"","overlay-opacity":"","overlay-gradient":""}},"footnotes":""},"class_list":["post-8394","page","type-page","status-publish","hentry"],"post_mailing_queue_ids":[],"_links":{"self":[{"href":"https:\/\/projectes.xtec.cat\/shine\/wp-json\/wp\/v2\/pages\/8394","targetHints":{"allow":["GET"]}}],"collection":[{"href":"https:\/\/projectes.xtec.cat\/shine\/wp-json\/wp\/v2\/pages"}],"about":[{"href":"https:\/\/projectes.xtec.cat\/shine\/wp-json\/wp\/v2\/types\/page"}],"author":[{"embeddable":true,"href":"https:\/\/projectes.xtec.cat\/shine\/wp-json\/wp\/v2\/users\/1"}],"replies":[{"embeddable":true,"href":"https:\/\/projectes.xtec.cat\/shine\/wp-json\/wp\/v2\/comments?post=8394"}],"version-history":[{"count":5,"href":"https:\/\/projectes.xtec.cat\/shine\/wp-json\/wp\/v2\/pages\/8394\/revisions"}],"predecessor-version":[{"id":8402,"href":"https:\/\/projectes.xtec.cat\/shine\/wp-json\/wp\/v2\/pages\/8394\/revisions\/8402"}],"up":[{"embeddable":true,"href":"https:\/\/projectes.xtec.cat\/shine\/wp-json\/wp\/v2\/pages\/806"}],"wp:attachment":[{"href":"https:\/\/projectes.xtec.cat\/shine\/wp-json\/wp\/v2\/media?parent=8394"}],"curies":[{"name":"wp","href":"https:\/\/api.w.org\/{rel}","templated":true}]}}