{"id":8476,"date":"2026-01-19T12:52:25","date_gmt":"2026-01-19T11:52:25","guid":{"rendered":"https:\/\/projectes.xtec.cat\/shine\/?page_id=8476"},"modified":"2026-02-06T09:52:50","modified_gmt":"2026-02-06T08:52:50","slug":"recursos-complementaris-per-a-centres-shine","status":"publish","type":"page","link":"https:\/\/projectes.xtec.cat\/shine\/el-projecte\/recursos-complementaris-per-a-centres-shine\/","title":{"rendered":"Recursos complementaris per a centres SHINE"},"content":{"rendered":"\n<p>En aquest espai hi trobareu informaci\u00f3 relacionada amb recursos que complementen el desplegament de l&#8217;assessorament al centre, com per exemple, cursos de formaci\u00f3 espec\u00edfica en LE \/ AICLE en l\u00ednia, programes internacionals, acreditaci\u00f3 en llengua anglesa i altres recursos complementaris.<\/p>\n\n\n\n<div class=\"wp-block-columns alignwide is-layout-flex wp-container-core-columns-is-layout-1 wp-block-columns-is-layout-flex\">\n<div class=\"wp-block-column is-layout-flow wp-block-column-is-layout-flow\">\n<p class=\"has-text-align-center has-ast-global-color-5-color has-pale-pink-background-color has-text-color has-background has-link-color wp-elements-e9349881437b9042da5ddc22d7ba94a4\"><strong>Cursos de formaci\u00f3 en LE \/ AICLE en l\u00ednia<\/strong> (torn actual)<\/p>\n\n\n\n<p><a href=\"https:\/\/aplicacions.gestioeducativa.gencat.cat\/ords\/pls\/soloas\/pk_for_mod_ins.p_for_cons_activitats?p_any=&amp;p_tipus_act=SL48,SL50,SL61,SL59,SL51,SL52,SL53,SL54,SL73,SL55,SL57,SL56,SL58,SL49&amp;p_totes=N&amp;p_paginar=N\">Formaci\u00f3 general: metodologia per a professorat d&#8217;angl\u00e8s<\/a> <\/p>\n\n\n\n<p><a href=\"https:\/\/aplicacions.gestioeducativa.gencat.cat\/ords\/pls\/soloas\/pk_for_mod_ins.p_for_cons_activitats?p_any=&amp;p_tipus_act=SL21,SL24,SL25,SL28,SL34,SL36,SL39&amp;p_totes=N&amp;p_paginar=N\">Formaci\u00f3 AICLE<\/a><\/p>\n\n\n\n<p>Formaci\u00f3 espec\u00edfica en PBL<\/p>\n\n\n\n<p>Formaci\u00f3 espec\u00edfica en TBLT<\/p>\n\n\n\n<p><\/p>\n<\/div>\n\n\n\n<div class=\"wp-block-column is-layout-flow wp-block-column-is-layout-flow\">\n<p class=\"has-text-align-center has-white-color has-vivid-cyan-blue-background-color has-text-color has-background has-link-color wp-elements-8b0bca5b91292cb1038592bedc5c5a2d\"><strong><a href=\"https:\/\/projectes.xtec.cat\/internacional\/\">Programes Internacionals<\/a><\/strong><\/p>\n\n\n\n<p class=\"has-text-align-center\"><a href=\"https:\/\/projectes.xtec.cat\/internacional\/que-es-erasmus\/\">ERASMUS +<\/a><\/p>\n\n\n\n<p class=\"has-text-align-center\"><a href=\"https:\/\/projectes.xtec.cat\/internacional\/etwinning\/\">eTwinning<\/a><\/p>\n\n\n\n<p class=\"has-text-align-center\"><a href=\"https:\/\/projectes.xtec.cat\/internacional\/auxiliars-de-conversa\/\">Auxiliars de conversa<\/a><\/p>\n\n\n\n<p class=\"has-text-align-center\"><a href=\"https:\/\/projectes.xtec.cat\/internacional\/altres-programes\/accions-dentorn\/\">Impuls LE<\/a><\/p>\n\n\n\n<p><\/p>\n<\/div>\n\n\n\n<div class=\"wp-block-column is-layout-flow wp-block-column-is-layout-flow\">\n<p class=\"has-text-align-center has-luminous-vivid-amber-background-color has-background\"><strong>Acreditaci\u00f3 en llengua anglesa <\/strong><\/p>\n\n\n\n<p class=\"has-text-align-center\"><a href=\"https:\/\/xtec.gencat.cat\/ca\/formacio\/formaciogeneralprofessorat\/llengues\/programa-pia\/\">Programa PIA+<\/a><\/p>\n<\/div>\n<\/div>\n\n\n\n<div class=\"wp-block-columns is-layout-flex wp-container-core-columns-is-layout-2 wp-block-columns-is-layout-flex\">\n<div class=\"wp-block-column has-ast-global-color-5-color has-pale-pink-background-color has-text-color has-background has-link-color wp-elements-ea16407e3ef055b80cb9a39a72dad103 is-layout-flow wp-block-column-is-layout-flow\">\n<p class=\"has-text-align-center\"><strong>Recursos, formaci\u00f3 i iniciatives del British Council<\/strong><\/p>\n<\/div>\n\n\n\n<div class=\"wp-block-column is-layout-flow wp-block-column-is-layout-flow\"><\/div>\n\n\n\n<div class=\"wp-block-column is-layout-flow wp-block-column-is-layout-flow\"><\/div>\n<\/div>\n\n\n\n<p><\/p>\n","protected":false},"excerpt":{"rendered":"<p>En aquest espai hi trobareu informaci\u00f3 relacionada amb recursos que complementen el desplegament de l&#8217;assessorament al centre, com per exemple, cursos de formaci\u00f3 espec\u00edfica en LE \/ AICLE en l\u00ednia, programes internacionals, acreditaci\u00f3 en llengua anglesa i altres recursos complementaris. Cursos de formaci\u00f3 en LE \/ AICLE en l\u00ednia (torn actual) Formaci\u00f3 general: metodologia per [&hellip;]<\/p>\n","protected":false},"author":1,"featured_media":0,"parent":806,"menu_order":6,"comment_status":"closed","ping_status":"closed","template":"","meta":{"site-sidebar-layout":"default","site-content-layout":"","ast-site-content-layout":"default","site-content-style":"default","site-sidebar-style":"default","ast-global-header-display":"","ast-banner-title-visibility":"","ast-main-header-display":"","ast-hfb-above-header-display":"","ast-hfb-below-header-display":"","ast-hfb-mobile-header-display":"","site-post-title":"","ast-breadcrumbs-content":"","ast-featured-img":"","footer-sml-layout":"","theme-transparent-header-meta":"","adv-header-id-meta":"","stick-header-meta":"","header-above-stick-meta":"","header-main-stick-meta":"","header-below-stick-meta":"","astra-migrate-meta-layouts":"set","ast-page-background-enabled":"default","ast-page-background-meta":{"desktop":{"background-color":"var(--ast-global-color-4)","background-image":"","background-repeat":"repeat","background-position":"center center","background-size":"auto","background-attachment":"scroll","background-type":"","background-media":"","overlay-type":"","overlay-color":"","overlay-opacity":"","overlay-gradient":""},"tablet":{"background-color":"","background-image":"","background-repeat":"repeat","background-position":"center center","background-size":"auto","background-attachment":"scroll","background-type":"","background-media":"","overlay-type":"","overlay-color":"","overlay-opacity":"","overlay-gradient":""},"mobile":{"background-color":"","background-image":"","background-repeat":"repeat","background-position":"center center","background-size":"auto","background-attachment":"scroll","background-type":"","background-media":"","overlay-type":"","overlay-color":"","overlay-opacity":"","overlay-gradient":""}},"ast-content-background-meta":{"desktop":{"background-color":"var(--ast-global-color-5)","background-image":"","background-repeat":"repeat","background-position":"center center","background-size":"auto","background-attachment":"scroll","background-type":"","background-media":"","overlay-type":"","overlay-color":"","overlay-opacity":"","overlay-gradient":""},"tablet":{"background-color":"var(--ast-global-color-5)","background-image":"","background-repeat":"repeat","background-position":"center center","background-size":"auto","background-attachment":"scroll","background-type":"","background-media":"","overlay-type":"","overlay-color":"","overlay-opacity":"","overlay-gradient":""},"mobile":{"background-color":"var(--ast-global-color-5)","background-image":"","background-repeat":"repeat","background-position":"center center","background-size":"auto","background-attachment":"scroll","background-type":"","background-media":"","overlay-type":"","overlay-color":"","overlay-opacity":"","overlay-gradient":""}},"footnotes":""},"class_list":["post-8476","page","type-page","status-publish","hentry"],"post_mailing_queue_ids":[],"_links":{"self":[{"href":"https:\/\/projectes.xtec.cat\/shine\/wp-json\/wp\/v2\/pages\/8476","targetHints":{"allow":["GET"]}}],"collection":[{"href":"https:\/\/projectes.xtec.cat\/shine\/wp-json\/wp\/v2\/pages"}],"about":[{"href":"https:\/\/projectes.xtec.cat\/shine\/wp-json\/wp\/v2\/types\/page"}],"author":[{"embeddable":true,"href":"https:\/\/projectes.xtec.cat\/shine\/wp-json\/wp\/v2\/users\/1"}],"replies":[{"embeddable":true,"href":"https:\/\/projectes.xtec.cat\/shine\/wp-json\/wp\/v2\/comments?post=8476"}],"version-history":[{"count":6,"href":"https:\/\/projectes.xtec.cat\/shine\/wp-json\/wp\/v2\/pages\/8476\/revisions"}],"predecessor-version":[{"id":8514,"href":"https:\/\/projectes.xtec.cat\/shine\/wp-json\/wp\/v2\/pages\/8476\/revisions\/8514"}],"up":[{"embeddable":true,"href":"https:\/\/projectes.xtec.cat\/shine\/wp-json\/wp\/v2\/pages\/806"}],"wp:attachment":[{"href":"https:\/\/projectes.xtec.cat\/shine\/wp-json\/wp\/v2\/media?parent=8476"}],"curies":[{"name":"wp","href":"https:\/\/api.w.org\/{rel}","templated":true}]}}