{"id":12387,"date":"2022-01-27T19:44:41","date_gmt":"2022-01-27T18:44:41","guid":{"rendered":"https:\/\/projectes.xtec.cat\/steamcat\/?page_id=12387"},"modified":"2022-01-27T19:48:59","modified_gmt":"2022-01-27T18:48:59","slug":"espais","status":"publish","type":"page","link":"https:\/\/projectes.xtec.cat\/steamcat\/aula-del-futur-future-classroom-lab\/espais\/","title":{"rendered":"Espais"},"content":{"rendered":"<h2 dir=\"ltr\" data-placeholder=\"Traducci\u00f3\">Espais d&#8217;aprenentatge flexibles<\/h2>\n<p id=\"tw-target-text\" class=\"tw-data-text tw-text-large tw-ta\" dir=\"ltr\" data-placeholder=\"Traducci\u00f3\"><span lang=\"ca\" tabindex=\"0\"><strong><a href=\"https:\/\/projectes.xtec.cat\/steamcat\/wp-content\/uploads\/usu1760\/2022\/01\/FCLnoms.png\"><img loading=\"lazy\" decoding=\"async\" class=\"wp-image-12315 alignright\" src=\"https:\/\/projectes.xtec.cat\/steamcat\/wp-content\/uploads\/usu1760\/2022\/01\/FCLnoms.png\" alt=\"Dibuix amb les paraules clau per pensar les aules del futur: investiga, desarrolla, interactua, presenta, explora, etc.\" width=\"397\" height=\"299\" srcset=\"https:\/\/projectes.xtec.cat\/steamcat\/wp-content\/uploads\/usu1760\/2022\/01\/FCLnoms.png 461w, https:\/\/projectes.xtec.cat\/steamcat\/wp-content\/uploads\/usu1760\/2022\/01\/FCLnoms-300x226.png 300w, https:\/\/projectes.xtec.cat\/steamcat\/wp-content\/uploads\/usu1760\/2022\/01\/FCLnoms-200x150.png 200w\" sizes=\"auto, (max-width: 397px) 100vw, 397px\" \/><\/a><\/strong>L\u2019entorn d\u2019aprenentatge d\u2019un centre educatiu t\u00e9 un paper crucial en l\u2019ensenyament, l\u2019aprenentatge i el benestar, tant per als estudiants com per al professorat.<\/span><\/p>\n<p class=\"tw-data-text tw-text-large tw-ta\" dir=\"ltr\" data-placeholder=\"Traducci\u00f3\"><span lang=\"ca\" tabindex=\"0\">Els responsables escolars i el professorat estan replantejant els espais escolars com pensen que integrin millor l\u2019aprenentatge col\u00b7laboratiu, l\u2019aprenentatge a l\u2019aire lliure, la tecnologia digital, l\u2019estudi independent i l\u2019aprenentatge informal en el seu centre educatiu.<\/span><\/p>\n<p class=\"tw-data-text tw-text-large tw-ta\" dir=\"ltr\" data-placeholder=\"Traducci\u00f3\"><span lang=\"ca\" tabindex=\"0\">Un entorn d\u2019aprenentatge flexible pot referir-se no nom\u00e9s canviar\u00e0 la disposici\u00f3 de l\u2019aula, sin\u00f3 tamb\u00e9 a diferents ubicacions en general. Un canvi en l\u2019espai podria fomentar la col\u00b7laboraci\u00f3 o permetre un impacte directe amb el tema de l\u2019aprenentatge (p. ex. art, patrimoni, ci\u00e8ncia).<\/span><\/p>\n<p class=\"tw-data-text tw-text-large tw-ta\" dir=\"ltr\" data-placeholder=\"Traducci\u00f3\"><span lang=\"ca\" tabindex=\"0\">Aquests canvis a l\u2019entorn d\u2019aprenentatge no tenen per qu\u00e8 ser costosos, per\u00f2 poden tenir un gran impacte: les investigacions mostren que l\u2019entorn d\u2019aprenentatge pot afectar el progr\u00e9s de l\u2019 estudiant fins a un 16% durant un any escolar.<\/span><\/p>\n<p dir=\"ltr\" data-placeholder=\"Traducci\u00f3\">(extret de\u00a0<em>Encuesta de School Education Gateway sobre <\/em><em>entornos de aprendizaje<\/em>)<\/p>\n<p><strong>LES ZONES D\u2019APRENENTATGE DE L\u2019AULA DEL FUTUR<\/strong><\/p>\n<ul>\n<li>Espai d\u2019ensenyament i aprenentatge totalment equipat<\/li>\n<li>Pret\u00e9n ajudar a visualitzar la manera que les nostres aules actuals poden reorganitzar-se per promoure canvis en els estils d\u2019ensenyament-aprenentatge<\/li>\n<li>Divisi\u00f3 en zones d\u2019activitat<\/li>\n<li>Organitzaci\u00f3 de l\u2019espai segons les habilitats dels alumnes que es volen desenvolupar<\/li>\n<li>Professor com a moderador, mentor, organitzador\u2026<\/li>\n<\/ul>\n<p>DUES AULES DEL FUTUR<strong>: <\/strong><a href=\"http:\/\/fcl.intef.es\/acerca-de-future-classroom-lab\/\" target=\"_blank\" rel=\"noopener noreferrer\">European Schoolnet a Brussel.les, <\/a><a href=\"https:\/\/intef.es\/Noticias\/el-intef-pone-en-marcha-el-aula-del-futuro\/\" target=\"_blank\" rel=\"noopener noreferrer\">INTEF a Madrid<\/a><\/p>\n","protected":false},"excerpt":{"rendered":"<p>Espais d&#8217;aprenentatge flexibles L\u2019entorn d\u2019aprenentatge d\u2019un centre educatiu t\u00e9 un paper crucial en l\u2019ensenyament, l\u2019aprenentatge i el benestar, tant per als estudiants com per al professorat. Els responsables escolars i el professorat estan replantejant els espais escolars com pensen que integrin millor l\u2019aprenentatge col\u00b7laboratiu, l\u2019aprenentatge a l\u2019aire lliure, la tecnologia digital, l\u2019estudi independent i l\u2019aprenentatge [&hellip;]<\/p>\n","protected":false},"author":24,"featured_media":0,"parent":12350,"menu_order":2,"comment_status":"closed","ping_status":"closed","template":"page-templates\/side-menu.php","meta":{"_bbp_topic_count":0,"_bbp_reply_count":0,"_bbp_total_topic_count":0,"_bbp_total_reply_count":0,"_bbp_voice_count":0,"_bbp_anonymous_reply_count":0,"_bbp_topic_count_hidden":0,"_bbp_reply_count_hidden":0,"_bbp_forum_subforum_count":0,"site-sidebar-layout":"default","site-content-layout":"","ast-site-content-layout":"","site-content-style":"default","site-sidebar-style":"default","ast-global-header-display":"","ast-banner-title-visibility":"","ast-main-header-display":"","ast-hfb-above-header-display":"","ast-hfb-below-header-display":"","ast-hfb-mobile-header-display":"","site-post-title":"","ast-breadcrumbs-content":"","ast-featured-img":"","footer-sml-layout":"","theme-transparent-header-meta":"","adv-header-id-meta":"","stick-header-meta":"","header-above-stick-meta":"","header-main-stick-meta":"","header-below-stick-meta":"","astra-migrate-meta-layouts":"default","ast-page-background-enabled":"default","ast-page-background-meta":{"desktop":{"background-color":"var(--ast-global-color-4)","background-image":"","background-repeat":"repeat","background-position":"center center","background-size":"auto","background-attachment":"scroll","background-type":"","background-media":"","overlay-type":"","overlay-color":"","overlay-opacity":"","overlay-gradient":""},"tablet":{"background-color":"","background-image":"","background-repeat":"repeat","background-position":"center center","background-size":"auto","background-attachment":"scroll","background-type":"","background-media":"","overlay-type":"","overlay-color":"","overlay-opacity":"","overlay-gradient":""},"mobile":{"background-color":"","background-image":"","background-repeat":"repeat","background-position":"center center","background-size":"auto","background-attachment":"scroll","background-type":"","background-media":"","overlay-type":"","overlay-color":"","overlay-opacity":"","overlay-gradient":""}},"ast-content-background-meta":{"desktop":{"background-color":"var(--ast-global-color-5)","background-image":"","background-repeat":"repeat","background-position":"center center","background-size":"auto","background-attachment":"scroll","background-type":"","background-media":"","overlay-type":"","overlay-color":"","overlay-opacity":"","overlay-gradient":""},"tablet":{"background-color":"var(--ast-global-color-5)","background-image":"","background-repeat":"repeat","background-position":"center center","background-size":"auto","background-attachment":"scroll","background-type":"","background-media":"","overlay-type":"","overlay-color":"","overlay-opacity":"","overlay-gradient":""},"mobile":{"background-color":"var(--ast-global-color-5)","background-image":"","background-repeat":"repeat","background-position":"center center","background-size":"auto","background-attachment":"scroll","background-type":"","background-media":"","overlay-type":"","overlay-color":"","overlay-opacity":"","overlay-gradient":""}},"footnotes":""},"class_list":["post-12387","page","type-page","status-publish","hentry"],"post_mailing_queue_ids":[],"_links":{"self":[{"href":"https:\/\/projectes.xtec.cat\/steamcat\/wp-json\/wp\/v2\/pages\/12387","targetHints":{"allow":["GET"]}}],"collection":[{"href":"https:\/\/projectes.xtec.cat\/steamcat\/wp-json\/wp\/v2\/pages"}],"about":[{"href":"https:\/\/projectes.xtec.cat\/steamcat\/wp-json\/wp\/v2\/types\/page"}],"author":[{"embeddable":true,"href":"https:\/\/projectes.xtec.cat\/steamcat\/wp-json\/wp\/v2\/users\/24"}],"replies":[{"embeddable":true,"href":"https:\/\/projectes.xtec.cat\/steamcat\/wp-json\/wp\/v2\/comments?post=12387"}],"version-history":[{"count":1,"href":"https:\/\/projectes.xtec.cat\/steamcat\/wp-json\/wp\/v2\/pages\/12387\/revisions"}],"predecessor-version":[{"id":12388,"href":"https:\/\/projectes.xtec.cat\/steamcat\/wp-json\/wp\/v2\/pages\/12387\/revisions\/12388"}],"up":[{"embeddable":true,"href":"https:\/\/projectes.xtec.cat\/steamcat\/wp-json\/wp\/v2\/pages\/12350"}],"wp:attachment":[{"href":"https:\/\/projectes.xtec.cat\/steamcat\/wp-json\/wp\/v2\/media?parent=12387"}],"curies":[{"name":"wp","href":"https:\/\/api.w.org\/{rel}","templated":true}]}}